{"id":10,"date":"2026-03-05T20:24:05","date_gmt":"2026-03-05T19:24:05","guid":{"rendered":"https:\/\/www.amapbrax31.org\/?page_id=10"},"modified":"2026-04-13T08:07:32","modified_gmt":"2026-04-13T06:07:32","slug":"amap-de-brax","status":"publish","type":"page","link":"https:\/\/www.amapbrax31.org\/","title":{"rendered":"AMAP DE BRAX"},"content":{"rendered":"\n<figure class=\"wp-block-image alignfull size-large\"><img loading=\"lazy\" decoding=\"async\" width=\"1024\" height=\"476\" src=\"https:\/\/www.amapbrax31.org\/wp-content\/uploads\/2026\/03\/AMAP-de-BRAX-bandeau-site_2-1024x476.jpg\" alt=\"\" class=\"wp-image-947\" srcset=\"https:\/\/www.amapbrax31.org\/wp-content\/uploads\/2026\/03\/AMAP-de-BRAX-bandeau-site_2-1024x476.jpg 1024w, https:\/\/www.amapbrax31.org\/wp-content\/uploads\/2026\/03\/AMAP-de-BRAX-bandeau-site_2-300x139.jpg 300w, https:\/\/www.amapbrax31.org\/wp-content\/uploads\/2026\/03\/AMAP-de-BRAX-bandeau-site_2-768x357.jpg 768w, https:\/\/www.amapbrax31.org\/wp-content\/uploads\/2026\/03\/AMAP-de-BRAX-bandeau-site_2-1536x713.jpg 1536w, https:\/\/www.amapbrax31.org\/wp-content\/uploads\/2026\/03\/AMAP-de-BRAX-bandeau-site_2-2048x951.jpg 2048w\" sizes=\"auto, (max-width: 1024px) 100vw, 1024px\" \/><\/figure>\n\n\n\n<p><\/p>\n\n\n\n<p><\/p>\n\n\n\n<div class=\"wp-block-group has-background is-layout-constrained wp-block-group-is-layout-constrained\" style=\"border-top-left-radius:20px;border-top-right-radius:20px;border-bottom-left-radius:20px;border-bottom-right-radius:20px;background-color:#e9c46a;margin-top:var(--wp--preset--spacing--70);margin-bottom:var(--wp--preset--spacing--70)\">\n<div class=\"wp-block-group is-vertical is-content-justification-center is-layout-flex wp-container-core-group-is-layout-ce155fab wp-block-group-is-layout-flex\">\n<p class=\"has-text-color has-link-color has-large-font-size wp-elements-6c9a8caa23ca05b3d92250896e4b01aa\" style=\"color:#386641\"><strong>Le nouveau contrat l\u00e9gumes d\u00e9marre le 29 avril 2026 !<\/strong><\/p>\n\n\n\n<p class=\"has-text-color has-link-color has-large-font-size wp-elements-25a7642e329de55ea9047d1fa4253ede\" style=\"color:#386641\"><strong>Inscrivez-vous<\/strong> !<\/p>\n<\/div>\n\n\n\n<div class=\"wp-block-buttons is-content-justification-center is-layout-flex wp-container-core-buttons-is-layout-a89b3969 wp-block-buttons-is-layout-flex\">\n<div class=\"wp-block-button\"><a class=\"wp-block-button__link has-text-color has-background has-link-color has-medium-font-size has-custom-font-size wp-element-button\" href=\"https:\/\/www.amapbrax31.org\/?page_id=841\" style=\"color:#52b788;background-color:#f4f1de\"><strong>AMAPJ<\/strong><\/a><\/div>\n\n\n\n<div class=\"wp-block-button\"><a class=\"wp-block-button__link has-text-color has-background has-link-color has-medium-font-size has-custom-font-size wp-element-button\" href=\"https:\/\/www.amapbrax31.org\/?page_id=136\" style=\"color:#52b788;background-color:#f4f1de\"><strong>Contrat L\u00e9gumes<\/strong><\/a><\/div>\n<\/div>\n<\/div>\n\n\n\n<p><\/p>\n\n\n\n<p><\/p>\n\n\n\n<p><\/p>\n\n\n\n<div class=\"wp-block-group alignfull is-layout-constrained wp-container-core-group-is-layout-affd37d2 wp-block-group-is-layout-constrained\" style=\"margin-top:0;margin-bottom:0;padding-top:var(--wp--preset--spacing--50);padding-bottom:var(--wp--preset--spacing--50)\">\n<div class=\"wp-block-columns alignwide is-layout-flex wp-container-core-columns-is-layout-7503d02c wp-block-columns-is-layout-flex\">\n<div class=\"wp-block-column is-layout-flow wp-block-column-is-layout-flow\" style=\"flex-basis:56%\">\n<figure class=\"wp-block-image size-full has-custom-border\"><img loading=\"lazy\" decoding=\"async\" width=\"600\" height=\"400\" src=\"https:\/\/www.amapbrax31.org\/wp-content\/uploads\/2026\/03\/Cine-Cyclo-2023-3-redimensionne-taille-moyenne.jpeg\" alt=\"\" class=\"wp-image-787\" style=\"border-top-left-radius:20px;border-top-right-radius:20px;border-bottom-left-radius:20px;border-bottom-right-radius:20px;aspect-ratio:1;object-fit:cover\" srcset=\"https:\/\/www.amapbrax31.org\/wp-content\/uploads\/2026\/03\/Cine-Cyclo-2023-3-redimensionne-taille-moyenne.jpeg 600w, https:\/\/www.amapbrax31.org\/wp-content\/uploads\/2026\/03\/Cine-Cyclo-2023-3-redimensionne-taille-moyenne-300x200.jpeg 300w\" sizes=\"auto, (max-width: 600px) 100vw, 600px\" \/><\/figure>\n<\/div>\n\n\n\n<div class=\"wp-block-column is-vertically-aligned-center is-layout-flow wp-container-core-column-is-layout-119bc444 wp-block-column-is-layout-flow\">\n<h2 class=\"wp-block-heading has-text-color has-link-color has-large-font-size wp-elements-b52e3710b0f74eaababc1fd696af41cc\" style=\"color:#52b788\"><strong>C&rsquo;est quoi une AMAP ?<\/strong><\/h2>\n\n\n\n<p class=\"has-medium-font-size\">L&rsquo; <strong>A<\/strong>ssociation pour le <strong>M<\/strong>aintien d&rsquo;une <strong>A<\/strong>griculture <strong>P<\/strong>aysanne et de proximit\u00e9 est un partenariat entre un groupement de consommateurs et des paysans locaux, respectueux de l&rsquo;environnement.<\/p>\n\n\n\n<div class=\"wp-block-buttons is-layout-flex wp-block-buttons-is-layout-flex\">\n<div class=\"wp-block-button\"><a class=\"wp-block-button__link wp-element-button\" href=\"https:\/\/www.amapbrax31.org\/?page_id=37\">En savoir plus<\/a><\/div>\n<\/div>\n<\/div>\n<\/div>\n<\/div>\n\n\n\n<p><\/p>\n\n\n\n<hr class=\"wp-block-separator has-alpha-channel-opacity\"\/>\n\n\n\n<p><\/p>\n\n\n\n<div class=\"wp-block-group alignfull has-white-background-color has-background is-layout-constrained wp-container-core-group-is-layout-9b02621e wp-block-group-is-layout-constrained\" style=\"min-height:0px;margin-top:0;margin-bottom:0;padding-top:var(--wp--preset--spacing--50);padding-bottom:var(--wp--preset--spacing--50)\">\n<div class=\"wp-block-group alignwide is-layout-grid wp-container-core-group-is-layout-840b37f5 wp-block-group-is-layout-grid\">\n<div class=\"wp-block-group is-vertical is-layout-flex wp-container-core-group-is-layout-d6b9ab57 wp-block-group-is-layout-flex\">\n<h2 class=\"wp-block-heading has-text-color has-link-color has-x-large-font-size wp-elements-bdc1800b67e195fff21d165fa9b2e0bf\" style=\"color:#52b788\"><strong>Mais on mange quoi \u00e0 l&rsquo;AMAP de Brax ?<\/strong><\/h2>\n<\/div>\n\n\n\n<div class=\"wp-block-cover is-light has-custom-content-position is-position-top-left\" style=\"border-top-left-radius:20px;border-top-right-radius:20px;border-bottom-left-radius:20px;border-bottom-right-radius:20px;min-height:1006px;aspect-ratio:unset;\"><img loading=\"lazy\" decoding=\"async\" width=\"600\" height=\"900\" class=\"wp-block-cover__image-background wp-image-796 size-full\" alt=\"\" src=\"https:\/\/www.amapbrax31.org\/wp-content\/uploads\/2026\/03\/lucas-george-wendt-9Y-V7qmGfz0-unsplash-redimensionne-taille-moyenne.jpeg\" style=\"object-position:50% 50%\" data-object-fit=\"cover\" data-object-position=\"50% 50%\" srcset=\"https:\/\/www.amapbrax31.org\/wp-content\/uploads\/2026\/03\/lucas-george-wendt-9Y-V7qmGfz0-unsplash-redimensionne-taille-moyenne.jpeg 600w, https:\/\/www.amapbrax31.org\/wp-content\/uploads\/2026\/03\/lucas-george-wendt-9Y-V7qmGfz0-unsplash-redimensionne-taille-moyenne-200x300.jpeg 200w\" sizes=\"auto, (max-width: 600px) 100vw, 600px\" \/><span aria-hidden=\"true\" class=\"wp-block-cover__background has-background-dim-0 has-background-dim\" style=\"background-color:#d6bc98\"><\/span><div class=\"wp-block-cover__inner-container is-layout-constrained wp-block-cover-is-layout-constrained\">\n<p class=\"has-text-color has-link-color has-large-font-size wp-elements-e171b5465b63cf9abaf1707ed13cdc8a\" style=\"color:#52b788\"><strong><a href=\"https:\/\/www.amapbrax31.org\/?page_id=435\" data-type=\"page\" data-id=\"435\">L\u00c9GUMES OU FRUITS<\/a><\/strong><\/p>\n<\/div><\/div>\n\n\n\n<div class=\"wp-block-group is-vertical is-content-justification-stretch is-layout-flex wp-container-core-group-is-layout-353c4f5a wp-block-group-is-layout-flex\">\n<div class=\"wp-block-cover is-light has-custom-content-position is-position-top-left\" style=\"border-top-left-radius:20px;border-top-right-radius:20px;border-bottom-left-radius:20px;border-bottom-right-radius:20px;min-height:331px;aspect-ratio:unset;\"><img loading=\"lazy\" decoding=\"async\" width=\"576\" height=\"1024\" class=\"wp-block-cover__image-background wp-image-803 size-large\" alt=\"\" src=\"https:\/\/www.amapbrax31.org\/wp-content\/uploads\/2026\/03\/samuele-pieretti-738SccVrnD8-unsplash-redimensionne-taille-moyenne-576x1024.jpeg\" data-object-fit=\"cover\" srcset=\"https:\/\/www.amapbrax31.org\/wp-content\/uploads\/2026\/03\/samuele-pieretti-738SccVrnD8-unsplash-redimensionne-taille-moyenne-576x1024.jpeg 576w, https:\/\/www.amapbrax31.org\/wp-content\/uploads\/2026\/03\/samuele-pieretti-738SccVrnD8-unsplash-redimensionne-taille-moyenne-169x300.jpeg 169w, https:\/\/www.amapbrax31.org\/wp-content\/uploads\/2026\/03\/samuele-pieretti-738SccVrnD8-unsplash-redimensionne-taille-moyenne.jpeg 600w\" sizes=\"auto, (max-width: 576px) 100vw, 576px\" \/><span aria-hidden=\"true\" class=\"wp-block-cover__background has-background-dim-0 has-background-dim\" style=\"background-color:#a79977\"><\/span><div class=\"wp-block-cover__inner-container is-layout-constrained wp-block-cover-is-layout-constrained\">\n<p class=\"has-text-color has-link-color has-large-font-size wp-elements-faeb09563d29e79293ec5390352bf0e5\" style=\"color:#52b788\"><strong><a href=\"https:\/\/www.amapbrax31.org\/?page_id=439\" data-type=\"page\" data-id=\"439\">PRODUITS LAITIERS<\/a><\/strong><\/p>\n<\/div><\/div>\n\n\n\n<div class=\"wp-block-cover is-light has-custom-content-position is-position-top-left\" style=\"border-top-left-radius:20px;border-top-right-radius:20px;border-bottom-left-radius:20px;border-bottom-right-radius:20px;min-height:309px;aspect-ratio:unset;\"><img loading=\"lazy\" decoding=\"async\" width=\"600\" height=\"900\" class=\"wp-block-cover__image-background wp-image-804 size-full\" alt=\"\" src=\"https:\/\/www.amapbrax31.org\/wp-content\/uploads\/2026\/03\/angela-khebou-WxKfeLv12VU-unsplash-redimensionne-taille-moyenne.jpeg\" data-object-fit=\"cover\" srcset=\"https:\/\/www.amapbrax31.org\/wp-content\/uploads\/2026\/03\/angela-khebou-WxKfeLv12VU-unsplash-redimensionne-taille-moyenne.jpeg 600w, https:\/\/www.amapbrax31.org\/wp-content\/uploads\/2026\/03\/angela-khebou-WxKfeLv12VU-unsplash-redimensionne-taille-moyenne-200x300.jpeg 200w\" sizes=\"auto, (max-width: 600px) 100vw, 600px\" \/><span aria-hidden=\"true\" class=\"wp-block-cover__background has-background-dim-0 has-background-dim\" style=\"background-color:#ceb7af\"><\/span><div class=\"wp-block-cover__inner-container is-layout-constrained wp-block-cover-is-layout-constrained\">\n<p class=\"has-text-color has-link-color has-large-font-size wp-elements-93e35be7796a27fb30c0ced4f323dbeb\" style=\"color:#52b788\"><strong><a href=\"https:\/\/www.amapbrax31.org\/?page_id=441\" data-type=\"page\" data-id=\"441\">\u00c9PICERIE DIVERSE<\/a><\/strong><\/p>\n<\/div><\/div>\n\n\n\n<div class=\"wp-block-cover has-custom-content-position is-position-top-left\" style=\"border-top-left-radius:20px;border-top-right-radius:20px;border-bottom-left-radius:20px;border-bottom-right-radius:20px;min-height:322px;aspect-ratio:unset;\"><img loading=\"lazy\" decoding=\"async\" width=\"600\" height=\"899\" class=\"wp-block-cover__image-background wp-image-805 size-full\" alt=\"\" src=\"https:\/\/www.amapbrax31.org\/wp-content\/uploads\/2026\/03\/lefteris-kallergis-etWlaoFnTl4-unsplash-redimensionne-taille-moyenne.jpeg\" data-object-fit=\"cover\" srcset=\"https:\/\/www.amapbrax31.org\/wp-content\/uploads\/2026\/03\/lefteris-kallergis-etWlaoFnTl4-unsplash-redimensionne-taille-moyenne.jpeg 600w, https:\/\/www.amapbrax31.org\/wp-content\/uploads\/2026\/03\/lefteris-kallergis-etWlaoFnTl4-unsplash-redimensionne-taille-moyenne-200x300.jpeg 200w\" sizes=\"auto, (max-width: 600px) 100vw, 600px\" \/><span aria-hidden=\"true\" class=\"wp-block-cover__background has-background-dim-0 has-background-dim\" style=\"background-color:#73736f\"><\/span><div class=\"wp-block-cover__inner-container is-layout-constrained wp-block-cover-is-layout-constrained\">\n<p class=\"has-text-color has-link-color has-large-font-size wp-elements-72345dde80abd7517a1aa5a28fc17770\" style=\"color:#52b788\"><strong><a href=\"https:\/\/www.amapbrax31.org\/?page_id=479\" data-type=\"page\" data-id=\"479\">COMMANDES SP\u00c9CIALES<\/a><\/strong><\/p>\n<\/div><\/div>\n<\/div>\n\n\n\n<div class=\"wp-block-cover has-custom-content-position is-position-top-left\" style=\"border-top-left-radius:20px;border-top-right-radius:20px;border-bottom-left-radius:20px;border-bottom-right-radius:20px\"><img loading=\"lazy\" decoding=\"async\" width=\"600\" height=\"899\" class=\"wp-block-cover__image-background wp-image-799 size-full\" alt=\"\" src=\"https:\/\/www.amapbrax31.org\/wp-content\/uploads\/2026\/03\/victoria-shes-UC0HZdUitWY-unsplash-redimensionne-taille-moyenne.jpeg\" data-object-fit=\"cover\" srcset=\"https:\/\/www.amapbrax31.org\/wp-content\/uploads\/2026\/03\/victoria-shes-UC0HZdUitWY-unsplash-redimensionne-taille-moyenne.jpeg 600w, https:\/\/www.amapbrax31.org\/wp-content\/uploads\/2026\/03\/victoria-shes-UC0HZdUitWY-unsplash-redimensionne-taille-moyenne-200x300.jpeg 200w\" sizes=\"auto, (max-width: 600px) 100vw, 600px\" \/><span aria-hidden=\"true\" class=\"wp-block-cover__background has-background-dim-0 has-background-dim\" style=\"background-color:#d6bc98\"><\/span><div class=\"wp-block-cover__inner-container is-layout-constrained wp-block-cover-is-layout-constrained\">\n<p class=\"has-text-color has-link-color has-large-font-size wp-elements-59f93a80511d90e08d8fb2a37c358c1b\" style=\"color:#52b788\"><strong><a href=\"https:\/\/www.amapbrax31.org\/?page_id=437\" data-type=\"page\" data-id=\"437\">VIANDES<\/a><\/strong><\/p>\n<\/div><\/div>\n<\/div>\n<\/div>\n\n\n\n<p><\/p>\n\n\n\n<div class=\"wp-block-columns alignfull are-vertically-aligned-center has-background is-layout-flex wp-container-core-columns-is-layout-28f84493 wp-block-columns-is-layout-flex\" style=\"background-color:#f4f1de\">\n<div class=\"wp-block-column is-vertically-aligned-center is-layout-flow wp-block-column-is-layout-flow\">\n<p class=\"has-text-align-center has-text-color has-link-color wp-elements-dfee0c555d06f3c49347e92c02f05891\" style=\"color:#52b788;font-size:30px\"><strong>Nos paniers sont constitu\u00e9s de produits locaux,&nbsp; biologiques en relation directe avec le producteur pour un commerce \u00e9quitable<\/strong><\/p>\n\n\n\n<hr class=\"wp-block-separator has-alpha-channel-opacity\"\/>\n\n\n\n<p class=\"has-text-align-center has-text-color has-link-color wp-elements-1fd3196043380baa97731cc339d980bc\" style=\"color:#52b788;font-size:30px\"><strong>LES INFORMATIONS CLEF<\/strong><\/p>\n\n\n\n<div class=\"wp-block-columns alignwide are-vertically-aligned-top has-background is-layout-flex wp-container-core-columns-is-layout-28f84493 wp-block-columns-is-layout-flex\" style=\"background-color:#f4f1de\">\n<div class=\"wp-block-column is-vertically-aligned-top is-layout-flow wp-block-column-is-layout-flow\">\n<div class=\"wp-block-group is-vertical is-content-justification-center is-layout-flex wp-container-core-group-is-layout-ce155fab wp-block-group-is-layout-flex\">\n<figure class=\"wp-block-image size-full\"><a href=\"https:\/\/www.google.com\/maps\/place\/Rue+Fran%C3%A7ois+Verdier,+31490+Brax\/@43.616322,1.2418155,3a,75y,346.74h,87.55t\/data=!3m7!1e1!3m5!1sZyKNpexE7cOed2ognH_PHg!2e0!6shttps:%2F%2Fstreetviewpixels-pa.googleapis.com%2Fv1%2Fthumbnail%3Fcb_client%3Dmaps_sv.tactile%26w%3D900%26h%3D600%26pitch%3D2.449918890955331%26panoid%3DZyKNpexE7cOed2ognH_PHg%26yaw%3D346.73874684031085!7i16384!8i8192!4m6!3m5!1s0x12aeb28de20c3027:0x59a8ab44b7198cf1!8m2!3d43.616279!4d1.241941!16s%2Fg%2F1tdsmfm1?entry=tts&amp;g_ep=EgoyMDI2MDIxMC4wIPu8ASoASAFQAw%3D%3D&amp;skid=e3d71a78-a21b-435d-bee5-ef0ba50aec6b\" target=\"_blank\" rel=\" noreferrer noopener\"><img loading=\"lazy\" decoding=\"async\" width=\"64\" height=\"64\" src=\"https:\/\/www.amapbrax31.org\/wp-content\/uploads\/2026\/03\/emplacement-de-la-couche-terrestre1.png\" alt=\"\" class=\"wp-image-379\"\/><\/a><\/figure>\n\n\n\n<p class=\"has-large-font-size\"><strong>O\u00f9 ?<\/strong><\/p>\n<\/div>\n\n\n\n<div class=\"wp-block-group is-layout-constrained wp-block-group-is-layout-constrained\">\n<p class=\"has-text-align-center has-medium-font-size\">Grange Gailhaguet<\/p>\n\n\n\n<p class=\"has-text-align-center has-medium-font-size\">Place Fran\u00e7ois Verdier<\/p>\n\n\n\n<p class=\"has-text-align-center has-medium-font-size\">31490 Brax<\/p>\n<\/div>\n<\/div>\n\n\n\n<div class=\"wp-block-column is-vertically-aligned-top is-layout-flow wp-block-column-is-layout-flow\">\n<figure class=\"wp-block-image aligncenter size-full\"><a href=\"https:\/\/www.amapbrax31.org\/?page_id=759\"><img loading=\"lazy\" decoding=\"async\" width=\"64\" height=\"64\" src=\"https:\/\/www.amapbrax31.org\/wp-content\/uploads\/2026\/03\/calendrier.png\" alt=\"\" class=\"wp-image-646\"\/><\/a><\/figure>\n\n\n\n<p class=\"has-text-align-center has-large-font-size\">Quand ?<\/p>\n\n\n\n<div class=\"wp-block-group is-layout-constrained wp-block-group-is-layout-constrained\">\n<p class=\"has-text-align-center has-medium-font-size\">Tous les vendredis<\/p>\n\n\n\n<p class=\"has-text-align-center has-medium-font-size\">de 18h \u00e0 19h<\/p>\n<\/div>\n<\/div>\n\n\n\n<div class=\"wp-block-column is-vertically-aligned-top is-layout-flow wp-block-column-is-layout-flow\">\n<figure class=\"wp-block-image aligncenter size-full\"><a href=\"https:\/\/www.amapbrax31.org\/?page_id=187\"><img loading=\"lazy\" decoding=\"async\" width=\"64\" height=\"64\" src=\"https:\/\/www.amapbrax31.org\/wp-content\/uploads\/2026\/03\/feuille.png\" alt=\"\" class=\"wp-image-837\"\/><\/a><\/figure>\n\n\n\n<p class=\"has-text-align-center has-large-font-size\"><strong>Quoi ?<\/strong><\/p>\n\n\n\n<p class=\"has-text-align-center has-medium-font-size\">Les l\u00e9gumes et fruits bio vari\u00e9s suivant les r\u00e9coltes et de nombreux autres produits r\u00e9alis\u00e9s dans le respect de la nature et des animaux (fromages, \u0153ufs&#8230;)<\/p>\n<\/div>\n<\/div>\n<\/div>\n<\/div>\n\n\n\n<p><\/p>\n\n\n\n<p><\/p>\n\n\n\n<p><\/p>\n","protected":false},"excerpt":{"rendered":"<p>Le nouveau contrat l\u00e9gumes d\u00e9marre le 29 avril 2026 ! Inscrivez-vous ! C&rsquo;est quoi une AMAP ? L&rsquo; Association pour [&hellip;]<\/p>\n","protected":false},"author":2,"featured_media":0,"parent":0,"menu_order":0,"comment_status":"closed","ping_status":"closed","template":"","meta":{"site-sidebar-layout":"default","site-content-layout":"","ast-site-content-layout":"default","site-content-style":"default","site-sidebar-style":"default","ast-global-header-display":"","ast-banner-title-visibility":"","ast-main-header-display":"","ast-hfb-above-header-display":"","ast-hfb-below-header-display":"","ast-hfb-mobile-header-display":"","site-post-title":"disabled","ast-breadcrumbs-content":"","ast-featured-img":"","footer-sml-layout":"","ast-disable-related-posts":"","theme-transparent-header-meta":"","adv-header-id-meta":"","stick-header-meta":"","header-above-stick-meta":"","header-main-stick-meta":"","header-below-stick-meta":"","astra-migrate-meta-layouts":"default","ast-page-background-enabled":"default","ast-page-background-meta":{"desktop":{"background-color":"var(--ast-global-color-5)","background-image":"","background-repeat":"repeat","background-position":"center center","background-size":"auto","background-attachment":"scroll","background-type":"","background-media":"","overlay-type":"","overlay-color":"","overlay-opacity":"","overlay-gradient":""},"tablet":{"background-color":"","background-image":"","background-repeat":"repeat","background-position":"center center","background-size":"auto","background-attachment":"scroll","background-type":"","background-media":"","overlay-type":"","overlay-color":"","overlay-opacity":"","overlay-gradient":""},"mobile":{"background-color":"","background-image":"","background-repeat":"repeat","background-position":"center center","background-size":"auto","background-attachment":"scroll","background-type":"","background-media":"","overlay-type":"","overlay-color":"","overlay-opacity":"","overlay-gradient":""}},"ast-content-background-meta":{"desktop":{"background-color":"var(--ast-global-color-4)","background-image":"","background-repeat":"repeat","background-position":"center center","background-size":"auto","background-attachment":"scroll","background-type":"","background-media":"","overlay-type":"","overlay-color":"","overlay-opacity":"","overlay-gradient":""},"tablet":{"background-color":"var(--ast-global-color-4)","background-image":"","background-repeat":"repeat","background-position":"center center","background-size":"auto","background-attachment":"scroll","background-type":"","background-media":"","overlay-type":"","overlay-color":"","overlay-opacity":"","overlay-gradient":""},"mobile":{"background-color":"var(--ast-global-color-4)","background-image":"","background-repeat":"repeat","background-position":"center center","background-size":"auto","background-attachment":"scroll","background-type":"","background-media":"","overlay-type":"","overlay-color":"","overlay-opacity":"","overlay-gradient":""}},"footnotes":""},"class_list":["post-10","page","type-page","status-publish","hentry"],"_links":{"self":[{"href":"https:\/\/www.amapbrax31.org\/index.php?rest_route=\/wp\/v2\/pages\/10","targetHints":{"allow":["GET"]}}],"collection":[{"href":"https:\/\/www.amapbrax31.org\/index.php?rest_route=\/wp\/v2\/pages"}],"about":[{"href":"https:\/\/www.amapbrax31.org\/index.php?rest_route=\/wp\/v2\/types\/page"}],"author":[{"embeddable":true,"href":"https:\/\/www.amapbrax31.org\/index.php?rest_route=\/wp\/v2\/users\/2"}],"replies":[{"embeddable":true,"href":"https:\/\/www.amapbrax31.org\/index.php?rest_route=%2Fwp%2Fv2%2Fcomments&post=10"}],"version-history":[{"count":38,"href":"https:\/\/www.amapbrax31.org\/index.php?rest_route=\/wp\/v2\/pages\/10\/revisions"}],"predecessor-version":[{"id":1444,"href":"https:\/\/www.amapbrax31.org\/index.php?rest_route=\/wp\/v2\/pages\/10\/revisions\/1444"}],"wp:attachment":[{"href":"https:\/\/www.amapbrax31.org\/index.php?rest_route=%2Fwp%2Fv2%2Fmedia&parent=10"}],"curies":[{"name":"wp","href":"https:\/\/api.w.org\/{rel}","templated":true}]}}