{"id":1230,"date":"2026-04-09T00:12:53","date_gmt":"2026-04-08T22:12:53","guid":{"rendered":"https:\/\/www.amapbrax31.org\/?page_id=1230"},"modified":"2026-04-11T00:25:41","modified_gmt":"2026-04-10T22:25:41","slug":"recette-de-choux-rave","status":"publish","type":"page","link":"https:\/\/www.amapbrax31.org\/?page_id=1230","title":{"rendered":"Recette de Choux Rave"},"content":{"rendered":"\n<h2 class=\"wp-block-heading alignfull has-text-align-center has-background has-x-large-font-size\" style=\"background-color:#f4f1de\"><strong>RECETTES : CHOUX RAVE<\/strong><\/h2>\n\n\n\n<p><\/p>\n\n\n\n<div class=\"wp-block-media-text is-stacked-on-mobile\"><figure class=\"wp-block-media-text__media\"><img loading=\"lazy\" decoding=\"async\" width=\"707\" height=\"1024\" src=\"https:\/\/www.amapbrax31.org\/wp-content\/uploads\/2026\/04\/VwtQoMtta1dLtCM2nRZwvNa0_eA-707x1024.jpg\" alt=\"\" class=\"wp-image-1229 size-full\" srcset=\"https:\/\/www.amapbrax31.org\/wp-content\/uploads\/2026\/04\/VwtQoMtta1dLtCM2nRZwvNa0_eA-707x1024.jpg 707w, https:\/\/www.amapbrax31.org\/wp-content\/uploads\/2026\/04\/VwtQoMtta1dLtCM2nRZwvNa0_eA-207x300.jpg 207w, https:\/\/www.amapbrax31.org\/wp-content\/uploads\/2026\/04\/VwtQoMtta1dLtCM2nRZwvNa0_eA-768x1112.jpg 768w, https:\/\/www.amapbrax31.org\/wp-content\/uploads\/2026\/04\/VwtQoMtta1dLtCM2nRZwvNa0_eA.jpg 800w\" sizes=\"auto, (max-width: 707px) 100vw, 707px\" \/><\/figure><div class=\"wp-block-media-text__content\">\n<p class=\"has-text-align-center has-text-color has-link-color wp-elements-85a87c10254e8820323187addb6cd619\" style=\"color:#52b788;font-size:30px\"><strong>Choux Rave glac\u00e9 au Miel<\/strong><\/p>\n\n\n\n<p class=\"has-medium-font-size\">Ingr\u00e9dients :&nbsp;<\/p>\n\n\n\n<ul class=\"wp-block-list\">\n<li class=\"has-medium-font-size\">1kg de choux rave<\/li>\n\n\n\n<li class=\"has-medium-font-size\">50g de beurre<\/li>\n\n\n\n<li class=\"has-medium-font-size\">1 cuill\u00e8re \u00e0 soupe de miel<\/li>\n\n\n\n<li class=\"has-medium-font-size\">1 pinc\u00e9e de noix de muscade<\/li>\n\n\n\n<li class=\"has-medium-font-size\">1 litre de bouillon de volaille<\/li>\n<\/ul>\n\n\n\n<p class=\"has-medium-font-size\"><\/p>\n\n\n\n<p class=\"has-medium-font-size\">Pr\u00e9paration : <\/p>\n\n\n\n<ol class=\"wp-block-list\">\n<li class=\"has-medium-font-size\">\u00c9plucher les choux rave puis couper les en tranches fines de 1cm environ<\/li>\n\n\n\n<li class=\"has-medium-font-size\">D\u00e9poser les dans une cocotte et ajouter le reste des ingr\u00e9dients puis faire cuire \u00e0 couvert environ 15 minutes jusqu&rsquo;\u00e0 que les choux soient tendres<\/li>\n\n\n\n<li class=\"has-medium-font-size\">Terminer la cuisson sans couvercle pour faire r\u00e9duire le jus (entre 30 et 40 minutes)&nbsp;<\/li>\n<\/ol>\n<\/div><\/div>\n\n\n\n<p><\/p>\n\n\n\n<hr class=\"wp-block-separator has-alpha-channel-opacity is-style-wide\"\/>\n\n\n\n<p><\/p>\n","protected":false},"excerpt":{"rendered":"<p>RECETTES : CHOUX RAVE<\/p>\n","protected":false},"author":2,"featured_media":0,"parent":0,"menu_order":0,"comment_status":"closed","ping_status":"closed","template":"","meta":{"site-sidebar-layout":"default","site-content-layout":"","ast-site-content-layout":"default","site-content-style":"default","site-sidebar-style":"default","ast-global-header-display":"","ast-banner-title-visibility":"","ast-main-header-display":"","ast-hfb-above-header-display":"","ast-hfb-below-header-display":"","ast-hfb-mobile-header-display":"","site-post-title":"disabled","ast-breadcrumbs-content":"","ast-featured-img":"","footer-sml-layout":"","ast-disable-related-posts":"","theme-transparent-header-meta":"","adv-header-id-meta":"","stick-header-meta":"","header-above-stick-meta":"","header-main-stick-meta":"","header-below-stick-meta":"","astra-migrate-meta-layouts":"default","ast-page-background-enabled":"default","ast-page-background-meta":{"desktop":{"background-color":"var(--ast-global-color-5)","background-image":"","background-repeat":"repeat","background-position":"center center","background-size":"auto","background-attachment":"scroll","background-type":"","background-media":"","overlay-type":"","overlay-color":"","overlay-opacity":"","overlay-gradient":""},"tablet":{"background-color":"","background-image":"","background-repeat":"repeat","background-position":"center center","background-size":"auto","background-attachment":"scroll","background-type":"","background-media":"","overlay-type":"","overlay-color":"","overlay-opacity":"","overlay-gradient":""},"mobile":{"background-color":"","background-image":"","background-repeat":"repeat","background-position":"center center","background-size":"auto","background-attachment":"scroll","background-type":"","background-media":"","overlay-type":"","overlay-color":"","overlay-opacity":"","overlay-gradient":""}},"ast-content-background-meta":{"desktop":{"background-color":"var(--ast-global-color-4)","background-image":"","background-repeat":"repeat","background-position":"center center","background-size":"auto","background-attachment":"scroll","background-type":"","background-media":"","overlay-type":"","overlay-color":"","overlay-opacity":"","overlay-gradient":""},"tablet":{"background-color":"var(--ast-global-color-4)","background-image":"","background-repeat":"repeat","background-position":"center center","background-size":"auto","background-attachment":"scroll","background-type":"","background-media":"","overlay-type":"","overlay-color":"","overlay-opacity":"","overlay-gradient":""},"mobile":{"background-color":"var(--ast-global-color-4)","background-image":"","background-repeat":"repeat","background-position":"center center","background-size":"auto","background-attachment":"scroll","background-type":"","background-media":"","overlay-type":"","overlay-color":"","overlay-opacity":"","overlay-gradient":""}},"footnotes":""},"class_list":["post-1230","page","type-page","status-publish","hentry"],"_links":{"self":[{"href":"https:\/\/www.amapbrax31.org\/index.php?rest_route=\/wp\/v2\/pages\/1230","targetHints":{"allow":["GET"]}}],"collection":[{"href":"https:\/\/www.amapbrax31.org\/index.php?rest_route=\/wp\/v2\/pages"}],"about":[{"href":"https:\/\/www.amapbrax31.org\/index.php?rest_route=\/wp\/v2\/types\/page"}],"author":[{"embeddable":true,"href":"https:\/\/www.amapbrax31.org\/index.php?rest_route=\/wp\/v2\/users\/2"}],"replies":[{"embeddable":true,"href":"https:\/\/www.amapbrax31.org\/index.php?rest_route=%2Fwp%2Fv2%2Fcomments&post=1230"}],"version-history":[{"count":2,"href":"https:\/\/www.amapbrax31.org\/index.php?rest_route=\/wp\/v2\/pages\/1230\/revisions"}],"predecessor-version":[{"id":1387,"href":"https:\/\/www.amapbrax31.org\/index.php?rest_route=\/wp\/v2\/pages\/1230\/revisions\/1387"}],"wp:attachment":[{"href":"https:\/\/www.amapbrax31.org\/index.php?rest_route=%2Fwp%2Fv2%2Fmedia&parent=1230"}],"curies":[{"name":"wp","href":"https:\/\/api.w.org\/{rel}","templated":true}]}}