{"id":1236,"date":"2026-04-09T00:24:50","date_gmt":"2026-04-08T22:24:50","guid":{"rendered":"https:\/\/www.amapbrax31.org\/?page_id=1236"},"modified":"2026-04-11T00:26:09","modified_gmt":"2026-04-10T22:26:09","slug":"recette-de-patate-douce","status":"publish","type":"page","link":"https:\/\/www.amapbrax31.org\/?page_id=1236","title":{"rendered":"Recette de Patate Douce"},"content":{"rendered":"\n<h2 class=\"wp-block-heading alignfull has-text-align-center has-background has-x-large-font-size\" style=\"background-color:#f4f1de\"><strong>RECETTES : PATATE DOUCE<\/strong><\/h2>\n\n\n\n<p><\/p>\n\n\n\n<div class=\"wp-block-media-text is-stacked-on-mobile\"><figure class=\"wp-block-media-text__media\"><img loading=\"lazy\" decoding=\"async\" width=\"600\" height=\"899\" src=\"https:\/\/www.amapbrax31.org\/wp-content\/uploads\/2026\/04\/amin-safaripour-4hlTJRtbX4k-unsplash-redimensionne-taille-moyenne.jpeg\" alt=\"\" class=\"wp-image-1237 size-full\" srcset=\"https:\/\/www.amapbrax31.org\/wp-content\/uploads\/2026\/04\/amin-safaripour-4hlTJRtbX4k-unsplash-redimensionne-taille-moyenne.jpeg 600w, https:\/\/www.amapbrax31.org\/wp-content\/uploads\/2026\/04\/amin-safaripour-4hlTJRtbX4k-unsplash-redimensionne-taille-moyenne-200x300.jpeg 200w\" sizes=\"auto, (max-width: 600px) 100vw, 600px\" \/><\/figure><div class=\"wp-block-media-text__content\">\n<p class=\"has-text-align-center has-text-color has-link-color wp-elements-e9ec5da6df5929f92ced39933fa44748\" style=\"color:#52b788;font-size:30px\"><strong>G\u00e2teau de Patate Douce d&rsquo;Aur\u00e9lie<\/strong><\/p>\n\n\n\n<p class=\"has-medium-font-size\"><strong>Ingr\u00e9dients pour 8 personnes :<\/strong><\/p>\n\n\n\n<ul class=\"wp-block-list\">\n<li class=\"has-medium-font-size\">Patate douce: 1,5kg<\/li>\n\n\n\n<li class=\"has-medium-font-size\">Farine: 100g (ou maximum 10% du poids des patates douces)<\/li>\n\n\n\n<li class=\"has-medium-font-size\">Sucre: 150g \u00e0 300g (cela d\u00e9pend des patates)<\/li>\n\n\n\n<li class=\"has-medium-font-size\">Beurre: 250g<\/li>\n\n\n\n<li class=\"has-medium-font-size\">Oeufs: 5<\/li>\n\n\n\n<li class=\"has-medium-font-size\">Vanille, rhum, raisins (ou sucre complet, ou gingembre confit, ou raisins secs imbib\u00e9s&#8230;.. \u00e0 composer selon ses go\u00fbts)<\/li>\n<\/ul>\n\n\n\n<p class=\"has-medium-font-size\"><strong>Pr\u00e9paration :<\/strong><\/p>\n\n\n\n<ol class=\"wp-block-list\">\n<li class=\"has-medium-font-size\">Peler et cuire la patate douce \u00e0 la vapeur<\/li>\n\n\n\n<li class=\"has-medium-font-size\">R\u00e9duire en pur\u00e9e<\/li>\n\n\n\n<li class=\"has-medium-font-size\">Ajouter le beurre (fondu ou non), les \u0153ufs, le sucre, la farine et les ar\u00f4mes au choix<\/li>\n\n\n\n<li class=\"has-medium-font-size\">Au four \u00e0 170\u00b0c pendant 45minutes \u00e0 1h<\/li>\n<\/ol>\n\n\n\n<p class=\"has-medium-font-size\"><\/p>\n\n\n\n<p class=\"has-text-align-center has-medium-font-size\">Merci \u00e0 Aur\u00e9lie B. pour cette recette !<\/p>\n<\/div><\/div>\n\n\n\n<p><\/p>\n\n\n\n<hr class=\"wp-block-separator has-alpha-channel-opacity is-style-wide\"\/>\n\n\n\n<p><\/p>\n\n\n\n<div class=\"wp-block-media-text has-media-on-the-right is-stacked-on-mobile\"><div class=\"wp-block-media-text__content\">\n<p class=\"has-text-align-center has-text-color has-link-color wp-elements-9461c52f0dcf867e2866d3a05fd9d216\" style=\"color:#52b788;font-size:30px\"><strong>Beignets de patate douce<\/strong><\/p>\n\n\n\n<p class=\"has-medium-font-size\"><strong>Ingr\u00e9dients<\/strong> :<\/p>\n\n\n\n<ul class=\"wp-block-list\">\n<li class=\"has-medium-font-size\">250 g de patate douce<\/li>\n\n\n\n<li class=\"has-medium-font-size\">150 g de farine<\/li>\n\n\n\n<li class=\"has-medium-font-size\">1 sachet de levure chimique<\/li>\n\n\n\n<li class=\"has-medium-font-size\">1\/2 cuill\u00e8re(s) \u00e0 caf\u00e9 de sucre&nbsp;semoule<\/li>\n\n\n\n<li class=\"has-medium-font-size\">1\/2 cuill\u00e8re(s) \u00e0 caf\u00e9 de sel de mer fin<\/li>\n\n\n\n<li class=\"has-medium-font-size\">piment en poudre \u00e0 volont\u00e9<\/li>\n\n\n\n<li class=\"has-medium-font-size\">huile pour friture<\/li>\n<\/ul>\n\n\n\n<p class=\"has-medium-font-size\"><strong>Pr\u00e9paration :<\/strong><\/p>\n\n\n\n<ol class=\"wp-block-list\">\n<li class=\"has-medium-font-size\">Tamisez la farine et la levure au-dessus d&rsquo;une terrine et ajoutez sel et sucre. Versez 15 cl d&rsquo;eau en fouettant, jusqu&rsquo;\u00e0 obtention d&rsquo;une p\u00e2te lisse.<\/li>\n\n\n\n<li class=\"has-medium-font-size\">Pelez la patate douce et r\u00e2pez sa pulpe au-dessus de la terrine. M\u00e9langez en ajoutant le piment.<\/li>\n\n\n\n<li class=\"has-medium-font-size\">Faites chauffer l&rsquo;huile dans une bassine \u00e0 friture ou une casserole, sur 5 cm de hauteur. Lorsqu&rsquo;elle est chaude, plongez-y des cuiller\u00e9es \u00e0 caf\u00e9 de la pr\u00e9paration jusqu&rsquo;\u00e0 utilisation totale de la p\u00e2te. Lorsque les beignets remontent \u00e0 la surface, laissez-les cuire jusqu&rsquo;\u00e0 ce qu&rsquo;ils soient dor\u00e9s. Retirez-les avec une \u00e9cumoire et \u00e9gouttez-les sur du papier absorbant.<\/li>\n\n\n\n<li class=\"has-medium-font-size\">Servez aussit\u00f4t avec une salade verte<\/li>\n<\/ol>\n<\/div><figure class=\"wp-block-media-text__media\"><img loading=\"lazy\" decoding=\"async\" width=\"600\" height=\"899\" src=\"https:\/\/www.amapbrax31.org\/wp-content\/uploads\/2026\/04\/sanna-linjos-0LiRuQlIyRU-unsplash-redimensionne-taille-moyenne.jpeg\" alt=\"\" class=\"wp-image-1243 size-full\" srcset=\"https:\/\/www.amapbrax31.org\/wp-content\/uploads\/2026\/04\/sanna-linjos-0LiRuQlIyRU-unsplash-redimensionne-taille-moyenne.jpeg 600w, https:\/\/www.amapbrax31.org\/wp-content\/uploads\/2026\/04\/sanna-linjos-0LiRuQlIyRU-unsplash-redimensionne-taille-moyenne-200x300.jpeg 200w\" sizes=\"auto, (max-width: 600px) 100vw, 600px\" \/><\/figure><\/div>\n\n\n\n<p><\/p>\n\n\n\n<p><\/p>\n\n\n\n<p><\/p>\n","protected":false},"excerpt":{"rendered":"<p>RECETTES : PATATE DOUCE<\/p>\n","protected":false},"author":2,"featured_media":0,"parent":0,"menu_order":0,"comment_status":"closed","ping_status":"closed","template":"","meta":{"site-sidebar-layout":"default","site-content-layout":"","ast-site-content-layout":"default","site-content-style":"default","site-sidebar-style":"default","ast-global-header-display":"","ast-banner-title-visibility":"","ast-main-header-display":"","ast-hfb-above-header-display":"","ast-hfb-below-header-display":"","ast-hfb-mobile-header-display":"","site-post-title":"disabled","ast-breadcrumbs-content":"","ast-featured-img":"","footer-sml-layout":"","ast-disable-related-posts":"","theme-transparent-header-meta":"","adv-header-id-meta":"","stick-header-meta":"","header-above-stick-meta":"","header-main-stick-meta":"","header-below-stick-meta":"","astra-migrate-meta-layouts":"default","ast-page-background-enabled":"default","ast-page-background-meta":{"desktop":{"background-color":"var(--ast-global-color-5)","background-image":"","background-repeat":"repeat","background-position":"center center","background-size":"auto","background-attachment":"scroll","background-type":"","background-media":"","overlay-type":"","overlay-color":"","overlay-opacity":"","overlay-gradient":""},"tablet":{"background-color":"","background-image":"","background-repeat":"repeat","background-position":"center center","background-size":"auto","background-attachment":"scroll","background-type":"","background-media":"","overlay-type":"","overlay-color":"","overlay-opacity":"","overlay-gradient":""},"mobile":{"background-color":"","background-image":"","background-repeat":"repeat","background-position":"center center","background-size":"auto","background-attachment":"scroll","background-type":"","background-media":"","overlay-type":"","overlay-color":"","overlay-opacity":"","overlay-gradient":""}},"ast-content-background-meta":{"desktop":{"background-color":"var(--ast-global-color-4)","background-image":"","background-repeat":"repeat","background-position":"center center","background-size":"auto","background-attachment":"scroll","background-type":"","background-media":"","overlay-type":"","overlay-color":"","overlay-opacity":"","overlay-gradient":""},"tablet":{"background-color":"var(--ast-global-color-4)","background-image":"","background-repeat":"repeat","background-position":"center center","background-size":"auto","background-attachment":"scroll","background-type":"","background-media":"","overlay-type":"","overlay-color":"","overlay-opacity":"","overlay-gradient":""},"mobile":{"background-color":"var(--ast-global-color-4)","background-image":"","background-repeat":"repeat","background-position":"center center","background-size":"auto","background-attachment":"scroll","background-type":"","background-media":"","overlay-type":"","overlay-color":"","overlay-opacity":"","overlay-gradient":""}},"footnotes":""},"class_list":["post-1236","page","type-page","status-publish","hentry"],"_links":{"self":[{"href":"https:\/\/www.amapbrax31.org\/index.php?rest_route=\/wp\/v2\/pages\/1236","targetHints":{"allow":["GET"]}}],"collection":[{"href":"https:\/\/www.amapbrax31.org\/index.php?rest_route=\/wp\/v2\/pages"}],"about":[{"href":"https:\/\/www.amapbrax31.org\/index.php?rest_route=\/wp\/v2\/types\/page"}],"author":[{"embeddable":true,"href":"https:\/\/www.amapbrax31.org\/index.php?rest_route=\/wp\/v2\/users\/2"}],"replies":[{"embeddable":true,"href":"https:\/\/www.amapbrax31.org\/index.php?rest_route=%2Fwp%2Fv2%2Fcomments&post=1236"}],"version-history":[{"count":5,"href":"https:\/\/www.amapbrax31.org\/index.php?rest_route=\/wp\/v2\/pages\/1236\/revisions"}],"predecessor-version":[{"id":1388,"href":"https:\/\/www.amapbrax31.org\/index.php?rest_route=\/wp\/v2\/pages\/1236\/revisions\/1388"}],"wp:attachment":[{"href":"https:\/\/www.amapbrax31.org\/index.php?rest_route=%2Fwp%2Fv2%2Fmedia&parent=1236"}],"curies":[{"name":"wp","href":"https:\/\/api.w.org\/{rel}","templated":true}]}}