{"id":1298,"date":"2026-04-10T20:13:31","date_gmt":"2026-04-10T18:13:31","guid":{"rendered":"https:\/\/www.amapbrax31.org\/?page_id=1298"},"modified":"2026-04-11T11:12:07","modified_gmt":"2026-04-11T09:12:07","slug":"signal","status":"publish","type":"page","link":"https:\/\/www.amapbrax31.org\/?page_id=1298","title":{"rendered":"Messagerie Signal"},"content":{"rendered":"\n<div class=\"wp-block-columns alignfull are-vertically-aligned-center has-background is-layout-flex wp-container-core-columns-is-layout-28f84493 wp-block-columns-is-layout-flex\" style=\"background-color:#f4f1de\">\n<div class=\"wp-block-column is-vertically-aligned-center is-layout-flow wp-block-column-is-layout-flow\" style=\"flex-basis:66.66%\">\n<h2 class=\"wp-block-heading has-text-align-right has-x-large-font-size\"><strong>MESSAGERIE SIGNAL<\/strong><\/h2>\n<\/div>\n\n\n\n<div class=\"wp-block-column is-vertically-aligned-center is-layout-flow wp-block-column-is-layout-flow\" style=\"flex-basis:33.33%\">\n<figure class=\"wp-block-image size-full is-resized\"><img loading=\"lazy\" decoding=\"async\" width=\"64\" height=\"64\" src=\"https:\/\/www.amapbrax31.org\/wp-content\/uploads\/2026\/04\/Copilot_20260410_2003531.png\" alt=\"\" class=\"wp-image-1325\" style=\"width:88px;height:auto\"\/><\/figure>\n<\/div>\n<\/div>\n\n\n\n<p><\/p>\n\n\n\n<p class=\"has-text-align-center has-text-color has-link-color wp-elements-3682c34699f6259011be43e6632fd8da\" style=\"color:#52b788;font-size:30px\"><strong>A QUOI \u00c7A SERT ?<\/strong><\/p>\n\n\n\n<p class=\"has-medium-font-size\">L&rsquo;AMAP de Brax utilise la messagerie <strong>Signal<\/strong> comme canal de communication avec ses Amapiens.<\/p>\n\n\n\n<p class=\"has-medium-font-size\">Elle y a cr\u00e9\u00e9 un groupe <strong>AMAP BRAX 31<\/strong> o\u00f9 sont transmis un \u00e0 deux messages maximum par semaine, et sans possibilit\u00e9 pour les participants d&rsquo;y r\u00e9pondre. Donc pas d&rsquo;inqui\u00e9tude, vous ne recevrez pas une multitude de messages et de notifications.<\/p>\n\n\n\n<p class=\"has-medium-font-size\">L&rsquo;Amapien qui y est inscrit re\u00e7oit les rappels importants, les changements de lieux d&rsquo;une distribution, les dates des \u00e9v\u00e8nements \u00e0 venir, la mise en ligne sur AMAPJ des nouveaux contrats, etc. L&rsquo;objectif est de mutualiser l&rsquo;ensemble des informations sur un seul et m\u00eame canal d&rsquo;information, et d&rsquo;\u00e9viter ainsi les redondances par SMS (les mails continuent d&rsquo;\u00eatre envoy\u00e9s).<\/p>\n\n\n\n<p><\/p>\n\n\n\n<hr class=\"wp-block-separator has-alpha-channel-opacity\"\/>\n\n\n\n<p><\/p>\n\n\n\n<p class=\"has-text-align-center has-text-color has-link-color wp-elements-35342f20f9c3f7d2d6ee1f1f0feca848\" style=\"color:#52b788;font-size:30px\"><strong>COMMENT \u00c7A MARCHE ?<\/strong><\/p>\n\n\n\n<div class=\"wp-block-columns is-layout-flex wp-container-core-columns-is-layout-28f84493 wp-block-columns-is-layout-flex\">\n<div class=\"wp-block-column has-background is-layout-flow wp-block-column-is-layout-flow\" style=\"border-top-left-radius:20px;border-top-right-radius:20px;border-bottom-left-radius:20px;border-bottom-right-radius:20px;background-color:#f4f1de\">\n<p class=\"has-text-align-center has-text-color has-link-color wp-elements-86d466995ee672983b01369b681b0eca\" style=\"color:#52b788;font-size:30px\"><strong>\u00c9TAPE 1 : T\u00e9l\u00e9charger l&rsquo;application<\/strong><\/p>\n\n\n\n<p class=\"has-text-align-left has-text-color has-link-color has-medium-font-size wp-elements-09be120849839d083ed6c18421f36e30\" style=\"color:#52b788\"><strong>\ud83d\udcf1<\/strong> <strong>Stores mobiles<\/strong><\/p>\n\n\n\n<ul class=\"wp-block-list\">\n<li style=\"font-size:18px\"><strong><a href=\"https:\/\/play.google.com\/store\/search?q=signal&amp;c=apps&amp;utm_source=emea_Med\" target=\"_blank\" rel=\"noreferrer noopener\">Google Play Store<\/a><\/strong> (Android)<\/li>\n\n\n\n<li style=\"font-size:18px\"><strong><a href=\"https:\/\/apps.apple.com\/fr\/app\/signal-messagerie-priv%C3%A9e\/id874139669\" target=\"_blank\" rel=\"noreferrer noopener\">Apple App Store<\/a><\/strong> (iPhone \/ iPad)<\/li>\n<\/ul>\n\n\n\n<p class=\"has-text-color has-link-color has-medium-font-size wp-elements-301d526d2f5478aa78e344a7df4d9ac8\" style=\"color:#52b788\">\ud83d\udda5\ufe0f <strong>Ordinateurs<\/strong><\/p>\n\n\n\n<p style=\"font-size:18px\">Signal propose aussi une application desktop officielle\u202f:<\/p>\n\n\n\n<ul class=\"wp-block-list\">\n<li style=\"font-size:18px\"><strong>Windows<\/strong><\/li>\n\n\n\n<li style=\"font-size:18px\"><strong>macOS<\/strong><\/li>\n\n\n\n<li style=\"font-size:18px\"><strong>Linux (Debian\/Ubuntu\/Mint, etc.)<\/strong><\/li>\n<\/ul>\n\n\n\n<p style=\"font-size:18px\"><a href=\"https:\/\/signal.org\/fr\/download\"><strong>https:\/\/signal.org\/fr\/download<\/strong><\/a><\/p>\n\n\n\n<p class=\"has-text-color has-link-color has-medium-font-size wp-elements-14c83ab0b9a13a2570d7e13865d3e6cd\" style=\"color:#52b788\">\ud83c\udf10 <strong>Site officiel<\/strong><\/p>\n\n\n\n<p style=\"font-size:18px\">On peut \u00e9galement t\u00e9l\u00e9charger toutes les versions directement depuis le site de Signal, ce qui garantit d\u2019obtenir la version la plus s\u00fbre et la plus r\u00e9cente.<\/p>\n\n\n\n<p style=\"font-size:18px\"><a href=\"https:\/\/signal.org\/fr\/download\"><strong>https:\/\/signal.org\/fr\/download<\/strong><\/a><\/p>\n\n\n\n<p><\/p>\n<\/div>\n\n\n\n<div class=\"wp-block-column has-background is-layout-flow wp-block-column-is-layout-flow\" style=\"border-top-left-radius:20px;border-top-right-radius:20px;border-bottom-left-radius:20px;border-bottom-right-radius:20px;background-color:#f4f1de\">\n<p class=\"has-text-align-center has-text-color has-link-color wp-elements-72168b370ac90537824aa18951b33404\" style=\"color:#52b788;font-size:30px\"><strong>\u00c9TAPE 2 : Demander l&rsquo;acc\u00e8s au groupe AMAP BRAX 31<\/strong><\/p>\n\n\n\n<p class=\"has-text-align-center has-text-color has-link-color wp-elements-5a8094824fefcf1754fd5304c70b1ec8\" style=\"color:#333333;font-size:20px\"><strong>R\u00e9serv\u00e9 aux adh\u00e9rents de l&rsquo;association<\/strong><\/p>\n\n\n\n<p class=\"has-text-align-center has-text-color has-link-color wp-elements-ec649b0e1da67e30546fc39cba47f0a9\" style=\"color:#333333;font-size:20px\">Envoyer un mail \u00e0 <strong>lesgourmetsdebrax@gmail.com<\/strong>, on vous transmettra soit un lien URL soit un QR Code pour en demander l&rsquo;acc\u00e8s.<\/p>\n<\/div>\n<\/div>\n\n\n\n<hr class=\"wp-block-separator has-alpha-channel-opacity\"\/>\n\n\n\n<p><\/p>\n\n\n\n<p class=\"has-text-align-center has-text-color has-link-color wp-elements-661c05e178a6955df0a821691e9146f7\" style=\"color:#52b788;font-size:30px\"><strong>ET POURQUOI CETTE MESSAGERIE PLUT\u00d4T QU&rsquo;UNE AUTRE ?<\/strong><\/p>\n\n\n\n<p class=\"has-text-color has-link-color wp-elements-b407788fa5bc21066917cdf98a30a891\" style=\"color:#52b788;font-size:25px\"><strong>\ud83d\udd10 Signal en quelques mots<\/strong><\/p>\n\n\n\n<p class=\"has-medium-font-size\">Signal est une <strong>application de messagerie s\u00e9curis\u00e9e<\/strong>, gratuite et open\u2011source, dont la priorit\u00e9 absolue est la <strong>protection de la vie priv\u00e9e<\/strong>. Elle permet d\u2019envoyer des messages, des photos, des vid\u00e9os, des fichiers, ainsi que de passer des appels vocaux et vid\u00e9o, le tout en <strong>chiffrement de bout en bout<\/strong>.<\/p>\n\n\n\n<p><\/p>\n\n\n\n<p class=\"has-text-color has-link-color wp-elements-899eddc096c2568b47b0d96f233c3024\" style=\"color:#52b788;font-size:25px\"><strong>\u2b50 Ce qui la distingue<\/strong><\/p>\n\n\n\n<ul class=\"wp-block-list\">\n<li class=\"has-medium-font-size\"><strong>Chiffrement de bout en bout syst\u00e9matique<\/strong> : seuls les participants peuvent lire les messages, pas m\u00eame Signal.<\/li>\n\n\n\n<li class=\"has-medium-font-size\"><strong>Aucune collecte de donn\u00e9es<\/strong> : pas de publicit\u00e9, pas de tracking, pas de m\u00e9tadonn\u00e9es conserv\u00e9es.<\/li>\n\n\n\n<li class=\"has-medium-font-size\"><strong>Open source<\/strong> : le code est public, auditable et transparent.<\/li>\n\n\n\n<li class=\"has-medium-font-size\"><strong>Organisation \u00e0 but non lucratif<\/strong> : financ\u00e9e par des dons, ind\u00e9pendante des grandes entreprises tech.<\/li>\n<\/ul>\n\n\n\n<p><\/p>\n\n\n\n<p class=\"has-text-color has-link-color wp-elements-ac84cb6fdaad6bc84c7229f3af947a6c\" style=\"color:#52b788;font-size:25px\"><strong>\ud83d\udcf1 Fonctionnalit\u00e9s principales<\/strong><\/p>\n\n\n\n<ul class=\"wp-block-list\">\n<li class=\"has-medium-font-size\">Messages texte, vocaux, photos, vid\u00e9os, GIF<\/li>\n\n\n\n<li class=\"has-medium-font-size\">Appels vocaux et vid\u00e9o de haute qualit\u00e9<\/li>\n\n\n\n<li class=\"has-medium-font-size\">Groupes jusqu\u2019\u00e0 1000 personnes<\/li>\n\n\n\n<li class=\"has-medium-font-size\">Messages \u00e9ph\u00e9m\u00e8res<\/li>\n\n\n\n<li class=\"has-medium-font-size\">V\u00e9rification de s\u00e9curit\u00e9 entre contacts<\/li>\n<\/ul>\n\n\n\n<p><\/p>\n\n\n\n<p class=\"has-text-color has-link-color wp-elements-a768676ae06de42562dabdd7847d4ba7\" style=\"color:#52b788;font-size:25px\"><strong>\ud83c\udfaf En r\u00e9sum\u00e9<\/strong><\/p>\n\n\n\n<p class=\"has-medium-font-size\">Signal est l\u2019une des messageries les plus s\u00fbres au monde, recommand\u00e9e par des experts en cybers\u00e9curit\u00e9, des journalistes, des ONG et m\u00eame des institutions publiques. Elle offre une exp\u00e9rience simple, moderne et compl\u00e8te, sans jamais compromettre la confidentialit\u00e9.<\/p>\n\n\n\n<p><\/p>\n\n\n\n<p><\/p>\n\n\n\n<p><\/p>\n","protected":false},"excerpt":{"rendered":"<p>MESSAGERIE SIGNAL A QUOI \u00c7A SERT ? L&rsquo;AMAP de Brax utilise la messagerie Signal comme canal de communication avec ses [&hellip;]<\/p>\n","protected":false},"author":2,"featured_media":0,"parent":0,"menu_order":0,"comment_status":"closed","ping_status":"closed","template":"","meta":{"site-sidebar-layout":"default","site-content-layout":"","ast-site-content-layout":"default","site-content-style":"default","site-sidebar-style":"default","ast-global-header-display":"","ast-banner-title-visibility":"","ast-main-header-display":"","ast-hfb-above-header-display":"","ast-hfb-below-header-display":"","ast-hfb-mobile-header-display":"","site-post-title":"disabled","ast-breadcrumbs-content":"","ast-featured-img":"","footer-sml-layout":"","ast-disable-related-posts":"","theme-transparent-header-meta":"","adv-header-id-meta":"","stick-header-meta":"","header-above-stick-meta":"","header-main-stick-meta":"","header-below-stick-meta":"","astra-migrate-meta-layouts":"default","ast-page-background-enabled":"default","ast-page-background-meta":{"desktop":{"background-color":"var(--ast-global-color-5)","background-image":"","background-repeat":"repeat","background-position":"center center","background-size":"auto","background-attachment":"scroll","background-type":"","background-media":"","overlay-type":"","overlay-color":"","overlay-opacity":"","overlay-gradient":""},"tablet":{"background-color":"","background-image":"","background-repeat":"repeat","background-position":"center center","background-size":"auto","background-attachment":"scroll","background-type":"","background-media":"","overlay-type":"","overlay-color":"","overlay-opacity":"","overlay-gradient":""},"mobile":{"background-color":"","background-image":"","background-repeat":"repeat","background-position":"center center","background-size":"auto","background-attachment":"scroll","background-type":"","background-media":"","overlay-type":"","overlay-color":"","overlay-opacity":"","overlay-gradient":""}},"ast-content-background-meta":{"desktop":{"background-color":"var(--ast-global-color-4)","background-image":"","background-repeat":"repeat","background-position":"center center","background-size":"auto","background-attachment":"scroll","background-type":"","background-media":"","overlay-type":"","overlay-color":"","overlay-opacity":"","overlay-gradient":""},"tablet":{"background-color":"var(--ast-global-color-4)","background-image":"","background-repeat":"repeat","background-position":"center center","background-size":"auto","background-attachment":"scroll","background-type":"","background-media":"","overlay-type":"","overlay-color":"","overlay-opacity":"","overlay-gradient":""},"mobile":{"background-color":"var(--ast-global-color-4)","background-image":"","background-repeat":"repeat","background-position":"center center","background-size":"auto","background-attachment":"scroll","background-type":"","background-media":"","overlay-type":"","overlay-color":"","overlay-opacity":"","overlay-gradient":""}},"footnotes":""},"class_list":["post-1298","page","type-page","status-publish","hentry"],"_links":{"self":[{"href":"https:\/\/www.amapbrax31.org\/index.php?rest_route=\/wp\/v2\/pages\/1298","targetHints":{"allow":["GET"]}}],"collection":[{"href":"https:\/\/www.amapbrax31.org\/index.php?rest_route=\/wp\/v2\/pages"}],"about":[{"href":"https:\/\/www.amapbrax31.org\/index.php?rest_route=\/wp\/v2\/types\/page"}],"author":[{"embeddable":true,"href":"https:\/\/www.amapbrax31.org\/index.php?rest_route=\/wp\/v2\/users\/2"}],"replies":[{"embeddable":true,"href":"https:\/\/www.amapbrax31.org\/index.php?rest_route=%2Fwp%2Fv2%2Fcomments&post=1298"}],"version-history":[{"count":28,"href":"https:\/\/www.amapbrax31.org\/index.php?rest_route=\/wp\/v2\/pages\/1298\/revisions"}],"predecessor-version":[{"id":1422,"href":"https:\/\/www.amapbrax31.org\/index.php?rest_route=\/wp\/v2\/pages\/1298\/revisions\/1422"}],"wp:attachment":[{"href":"https:\/\/www.amapbrax31.org\/index.php?rest_route=%2Fwp%2Fv2%2Fmedia&parent=1298"}],"curies":[{"name":"wp","href":"https:\/\/api.w.org\/{rel}","templated":true}]}}