{"id":136,"date":"2026-03-14T22:54:14","date_gmt":"2026-03-14T21:54:14","guid":{"rendered":"https:\/\/www.amapbrax31.org\/?page_id=136"},"modified":"2026-04-13T07:58:02","modified_gmt":"2026-04-13T05:58:02","slug":"le-contrat-legumes","status":"publish","type":"page","link":"https:\/\/www.amapbrax31.org\/?page_id=136","title":{"rendered":"Le contrat L\u00e9gumes"},"content":{"rendered":"\n<div class=\"wp-block-columns alignfull are-vertically-aligned-center has-background is-layout-flex wp-container-core-columns-is-layout-8eb77903 wp-block-columns-is-layout-flex\" style=\"background-color:#f4f1de;margin-top:0;margin-bottom:0\">\n<div class=\"wp-block-column is-vertically-aligned-center is-layout-flow wp-block-column-is-layout-flow\" style=\"flex-basis:25%\">\n<figure class=\"wp-block-image aligncenter size-large is-resized has-custom-border\"><img loading=\"lazy\" decoding=\"async\" width=\"1024\" height=\"1024\" src=\"https:\/\/www.amapbrax31.org\/wp-content\/uploads\/2026\/02\/FB_IMG_1769879878024-1024x1024.jpg\" alt=\"\" class=\"wp-image-138\" style=\"border-top-left-radius:20px;border-top-right-radius:20px;border-bottom-left-radius:20px;border-bottom-right-radius:20px;width:400px\" srcset=\"https:\/\/www.amapbrax31.org\/wp-content\/uploads\/2026\/02\/FB_IMG_1769879878024-1024x1024.jpg 1024w, https:\/\/www.amapbrax31.org\/wp-content\/uploads\/2026\/02\/FB_IMG_1769879878024-300x300.jpg 300w, https:\/\/www.amapbrax31.org\/wp-content\/uploads\/2026\/02\/FB_IMG_1769879878024-150x150.jpg 150w, https:\/\/www.amapbrax31.org\/wp-content\/uploads\/2026\/02\/FB_IMG_1769879878024-768x768.jpg 768w, https:\/\/www.amapbrax31.org\/wp-content\/uploads\/2026\/02\/FB_IMG_1769879878024.jpg 1080w\" sizes=\"auto, (max-width: 1024px) 100vw, 1024px\" \/><\/figure>\n<\/div>\n\n\n\n<div class=\"wp-block-column is-vertically-aligned-center is-layout-flow wp-block-column-is-layout-flow\" style=\"flex-basis:50%\">\n<h2 class=\"wp-block-heading has-text-align-center has-x-large-font-size\"><strong>LE CONTRAT L\u00c9GUMES<\/strong><\/h2>\n<\/div>\n\n\n\n<div class=\"wp-block-column is-vertically-aligned-center has-background is-layout-flow wp-block-column-is-layout-flow\" style=\"border-top-left-radius:20px;border-top-right-radius:20px;border-bottom-left-radius:20px;border-bottom-right-radius:20px;background-color:#e9c46a;flex-basis:25%\">\n<p><\/p>\n\n\n\n<p class=\"has-text-align-center has-text-color has-link-color wp-elements-9a8988269039d558d6fa6083ccd798a8\" style=\"color:#333333;font-size:17px\">Vous souhaitez vous inscrire \u00e0 l\u2019AMAP L\u00e9gumes ?<\/p>\n\n\n\n<p class=\"has-text-align-center has-text-color has-link-color wp-elements-d8784efa409f747d0522559f58421fa3\" style=\"color:#333333;font-size:30px\">Contactez la r\u00e9f\u00e9rente<\/p>\n\n\n\n<p class=\"has-text-align-center has-text-color has-link-color has-large-font-size wp-elements-4276ebdda706300d7518bffb66119adf\" style=\"color:#386641;line-height:0\"><strong>Laurie Volebele<\/strong><\/p>\n\n\n\n<p class=\"has-text-align-center has-text-color has-link-color has-medium-font-size wp-elements-8c2226b375f75d1c4327130cd3876e1c\" style=\"color:#386641;line-height:1.5\"><strong><a href=\"mailto:lesgourmetsdebrax@gmail.com\">lesgourmetsdebrax@gmail.com<\/a><\/strong><\/p>\n\n\n\n<p><\/p>\n<\/div>\n<\/div>\n\n\n\n<p><\/p>\n\n\n\n<p class=\"has-text-align-center has-text-color has-link-color wp-elements-fc5c4ff7aa82950f8096fdf4871a972f\" style=\"color:#52b788;font-size:30px\"><strong>FONCTIONNEMENT<\/strong><\/p>\n\n\n\n<figure class=\"wp-block-table alignwide is-style-regular has-medium-font-size\"><table class=\"has-white-background-color has-text-color has-background has-link-color has-border-color has-fixed-layout\" style=\"color:#333333;border-color:#386641;border-width:3px\"><tbody><tr><td>FR\u00c9QUENCE<\/td><td>Hebdomadaire<\/td><\/tr><tr><td>P\u00c9RIODE \/ SAISON<\/td><td>De Mai \u00e0 Avril<\/td><\/tr><tr><td>CONDITIONS D\u2019INSCRIPTION<\/td><td>Inscription \u00e0 tous les paniers de la saison, mais possibilit\u00e9 de partager un contrat avec un autre Amapien pour alterner les distributions<br><br><em>Possibilit\u00e9 de s\u2019inscrire en cours de saison<\/em><\/td><\/tr><\/tbody><\/table><\/figure>\n\n\n\n<p><\/p>\n\n\n\n<h2 class=\"wp-block-heading has-text-align-center has-text-color has-link-color wp-elements-668f02646fe7c2540cd2fbe4d4164c91\" style=\"color:#52b788;font-size:30px\"><strong>PANIERS et TARIFS<\/strong>*<\/h2>\n\n\n\n<figure class=\"wp-block-table alignwide has-medium-font-size\"><table class=\"has-text-color has-link-color has-border-color has-fixed-layout\" style=\"color:#333333;border-color:#386641;border-width:3px\"><tbody><tr><td>Panier simple (2\/3 personnes)<\/td><td class=\"has-text-align-center\" data-align=\"center\">15,50\u20ac<\/td><\/tr><tr><td>Grand panier (4\/5 personnes)<\/td><td class=\"has-text-align-center\" data-align=\"center\">25\u20ac<\/td><\/tr><\/tbody><\/table><figcaption class=\"wp-element-caption\">* Tarifs applicables pour la saison 2026<\/figcaption><\/figure>\n\n\n\n<p><\/p>\n\n\n\n<h2 class=\"wp-block-heading has-text-align-center has-text-color has-link-color wp-elements-123d08ff16310419763be17b842ce426\" style=\"color:#52b788;font-size:30px\"><strong>CONTRAT<\/strong><\/h2>\n\n\n\n<div data-wp-interactive=\"core\/file\" class=\"wp-block-file\"><object data-wp-bind--hidden=\"!state.hasPdfPreview\" hidden class=\"wp-block-file__embed\" data=\"https:\/\/www.amapbrax31.org\/wp-content\/uploads\/2026\/04\/engagement-vierge-LEGUMES-2026-2025.pdf\" type=\"application\/pdf\" style=\"width:100%;height:600px\" aria-label=\"Contenu embarqu\u00e9 engagement-vierge-LEGUMES 2026-2025.\"><\/object><a id=\"wp-block-file--media-9354e47d-85b8-4d9a-90d3-3a9b01fd3afb\" href=\"https:\/\/www.amapbrax31.org\/wp-content\/uploads\/2026\/04\/engagement-vierge-LEGUMES-2026-2025.pdf\">engagement-vierge-LEGUMES 2026-2025<\/a><a href=\"https:\/\/www.amapbrax31.org\/wp-content\/uploads\/2026\/04\/engagement-vierge-LEGUMES-2026-2025.pdf\" class=\"wp-block-file__button wp-element-button\" download aria-describedby=\"wp-block-file--media-9354e47d-85b8-4d9a-90d3-3a9b01fd3afb\">T\u00e9l\u00e9charger<\/a><\/div>\n\n\n\n<p class=\"has-text-align-center has-medium-font-size\"><\/p>\n\n\n\n<p><\/p>\n\n\n\n<div class=\"wp-block-columns alignwide are-vertically-aligned-center is-layout-flex wp-container-core-columns-is-layout-e0e4babd wp-block-columns-is-layout-flex\" style=\"border-style:none;border-width:0px;border-top-left-radius:0px;border-top-right-radius:0px;border-bottom-left-radius:0px;border-bottom-right-radius:0px;padding-right:0;padding-left:0\">\n<div class=\"wp-block-column is-vertically-aligned-center is-layout-flow wp-block-column-is-layout-flow\" style=\"flex-basis:33.33%\">\n<figure class=\"wp-block-image size-full\"><img loading=\"lazy\" decoding=\"async\" width=\"600\" height=\"400\" src=\"https:\/\/www.amapbrax31.org\/wp-content\/uploads\/2026\/03\/IMG_1543-redimensionne-taille-moyenne.jpeg\" alt=\"\" class=\"wp-image-256\" srcset=\"https:\/\/www.amapbrax31.org\/wp-content\/uploads\/2026\/03\/IMG_1543-redimensionne-taille-moyenne.jpeg 600w, https:\/\/www.amapbrax31.org\/wp-content\/uploads\/2026\/03\/IMG_1543-redimensionne-taille-moyenne-300x200.jpeg 300w\" sizes=\"auto, (max-width: 600px) 100vw, 600px\" \/><\/figure>\n<\/div>\n\n\n\n<div class=\"wp-block-column is-vertically-aligned-center is-layout-flow wp-block-column-is-layout-flow\" style=\"flex-basis:66.66%\">\n<p class=\"has-text-align-center has-text-color has-link-color wp-elements-764aacc8eabdc4efc141e0b2b987a5c8\" style=\"color:#52b788;font-size:30px\"><strong>LE PRODUCTEUR<\/strong><\/p>\n\n\n\n<div class=\"wp-block-group is-layout-constrained wp-block-group-is-layout-constrained\">\n<p class=\"has-text-align-left has-text-color has-link-color wp-elements-69e2451ea2d06b99bba956a4d8ec7865\" style=\"color:#333333;font-size:20px;line-height:0.2\"><strong>Les Serres Dellarossa<\/strong><\/p>\n\n\n\n<p class=\"has-text-color has-link-color has-medium-font-size wp-elements-841f6903c8b8578cf8e07228c9076017\" style=\"color:#333333\">Lo\u00efc a entrepris en 2023 de cr\u00e9er une plus grande partie mara\u00eech\u00e8re aux Serres Dellarossa connues jusque l\u00e0 pour \u00eatre une ressource de plantes depuis de nombreuses ann\u00e9es.<\/p>\n\n\n\n<p class=\"has-text-color has-link-color has-medium-font-size wp-elements-719c7de095c8ef2ce2770ef6b2a885a9\" style=\"color:#333333\">Soutenu par sa famille notamment Maryline, sa m\u00e8re, fervente d\u00e9fenseuse du bien manger, bio et local. Lo\u00efc s\u2019adapte chaque ann\u00e9e aux al\u00e9as du terrain et de la m\u00e9t\u00e9o pour nous proposer des paniers vari\u00e9s et gourmands.<\/p>\n<\/div>\n<\/div>\n<\/div>\n\n\n\n<div class=\"wp-block-group has-text-color has-background has-link-color wp-elements-a463e2604b17d71163138da0c154b51f is-content-justification-center is-nowrap is-layout-flex wp-container-core-group-is-layout-35891901 wp-block-group-is-layout-flex\" style=\"border-top-left-radius:20px;border-top-right-radius:20px;border-bottom-left-radius:20px;border-bottom-right-radius:20px;color:#386641;background-color:#e9c46a\">\n<p class=\"has-text-color has-link-color wp-elements-c1ee4c4ca700513ecc3bf263b2ec6877\" style=\"color:#386641;font-size:30px\">En savoir plus sur les Serres Dellarossa : <\/p>\n\n\n\n<figure class=\"wp-block-image size-full\"><a href=\"https:\/\/www.facebook.com\/Les.Serres.Dellarossa\/?locale=fr_FR\" target=\"_blank\" rel=\" noreferrer noopener\"><img loading=\"lazy\" decoding=\"async\" width=\"64\" height=\"64\" src=\"https:\/\/www.amapbrax31.org\/wp-content\/uploads\/2026\/03\/facebook2.png\" alt=\"\" class=\"wp-image-334\"\/><\/a><\/figure>\n\n\n\n<figure class=\"wp-block-image size-full\"><a href=\"https:\/\/www.instagram.com\/lesserresdellarossa\/\" target=\"_blank\" rel=\" noreferrer noopener\"><img loading=\"lazy\" decoding=\"async\" width=\"64\" height=\"64\" src=\"https:\/\/www.amapbrax31.org\/wp-content\/uploads\/2026\/03\/instagram-circle.png\" alt=\"\" class=\"wp-image-378\"\/><\/a><\/figure>\n\n\n\n<figure class=\"wp-block-image size-full\"><a href=\"https:\/\/www.google.com\/maps\/place\/Les+Serres+Dellarossa\/@43.5944133,1.1893612,17z\/data=!3m1!4b1!4m6!3m5!1s0x12aeb3702883a845:0xcde2e99a032e9bfc!8m2!3d43.5944094!4d1.1919415!16s%2Fg%2F11fdlmlbcq?entry=ttu&amp;g_ep=EgoyMDI2MDMxMS4wIKXMDSoASAFQAw%3D%3D\" target=\"_blank\" rel=\" noreferrer noopener\"><img loading=\"lazy\" decoding=\"async\" width=\"64\" height=\"64\" src=\"https:\/\/www.amapbrax31.org\/wp-content\/uploads\/2026\/03\/emplacement-de-la-couche-terrestre1.png\" alt=\"\" class=\"wp-image-379\"\/><\/a><\/figure>\n<\/div>\n\n\n\n<p class=\"has-text-align-center\"><\/p>\n\n\n\n<p><\/p>\n","protected":false},"excerpt":{"rendered":"<p>LE CONTRAT L\u00c9GUMES Vous souhaitez vous inscrire \u00e0 l\u2019AMAP L\u00e9gumes ? Contactez la r\u00e9f\u00e9rente Laurie Volebele lesgourmetsdebrax@gmail.com FONCTIONNEMENT FR\u00c9QUENCE Hebdomadaire [&hellip;]<\/p>\n","protected":false},"author":2,"featured_media":0,"parent":0,"menu_order":0,"comment_status":"closed","ping_status":"closed","template":"","meta":{"site-sidebar-layout":"default","site-content-layout":"","ast-site-content-layout":"default","site-content-style":"default","site-sidebar-style":"default","ast-global-header-display":"","ast-banner-title-visibility":"","ast-main-header-display":"","ast-hfb-above-header-display":"","ast-hfb-below-header-display":"","ast-hfb-mobile-header-display":"","site-post-title":"disabled","ast-breadcrumbs-content":"","ast-featured-img":"","footer-sml-layout":"","ast-disable-related-posts":"","theme-transparent-header-meta":"","adv-header-id-meta":"","stick-header-meta":"","header-above-stick-meta":"","header-main-stick-meta":"","header-below-stick-meta":"","astra-migrate-meta-layouts":"default","ast-page-background-enabled":"default","ast-page-background-meta":{"desktop":{"background-color":"var(--ast-global-color-5)","background-image":"","background-repeat":"repeat","background-position":"center center","background-size":"auto","background-attachment":"scroll","background-type":"","background-media":"","overlay-type":"","overlay-color":"","overlay-opacity":"","overlay-gradient":""},"tablet":{"background-color":"","background-image":"","background-repeat":"repeat","background-position":"center center","background-size":"auto","background-attachment":"scroll","background-type":"","background-media":"","overlay-type":"","overlay-color":"","overlay-opacity":"","overlay-gradient":""},"mobile":{"background-color":"","background-image":"","background-repeat":"repeat","background-position":"center center","background-size":"auto","background-attachment":"scroll","background-type":"","background-media":"","overlay-type":"","overlay-color":"","overlay-opacity":"","overlay-gradient":""}},"ast-content-background-meta":{"desktop":{"background-color":"var(--ast-global-color-4)","background-image":"","background-repeat":"repeat","background-position":"center center","background-size":"auto","background-attachment":"scroll","background-type":"","background-media":"","overlay-type":"","overlay-color":"","overlay-opacity":"","overlay-gradient":""},"tablet":{"background-color":"var(--ast-global-color-4)","background-image":"","background-repeat":"repeat","background-position":"center center","background-size":"auto","background-attachment":"scroll","background-type":"","background-media":"","overlay-type":"","overlay-color":"","overlay-opacity":"","overlay-gradient":""},"mobile":{"background-color":"var(--ast-global-color-4)","background-image":"","background-repeat":"repeat","background-position":"center center","background-size":"auto","background-attachment":"scroll","background-type":"","background-media":"","overlay-type":"","overlay-color":"","overlay-opacity":"","overlay-gradient":""}},"footnotes":""},"class_list":["post-136","page","type-page","status-publish","hentry"],"_links":{"self":[{"href":"https:\/\/www.amapbrax31.org\/index.php?rest_route=\/wp\/v2\/pages\/136","targetHints":{"allow":["GET"]}}],"collection":[{"href":"https:\/\/www.amapbrax31.org\/index.php?rest_route=\/wp\/v2\/pages"}],"about":[{"href":"https:\/\/www.amapbrax31.org\/index.php?rest_route=\/wp\/v2\/types\/page"}],"author":[{"embeddable":true,"href":"https:\/\/www.amapbrax31.org\/index.php?rest_route=\/wp\/v2\/users\/2"}],"replies":[{"embeddable":true,"href":"https:\/\/www.amapbrax31.org\/index.php?rest_route=%2Fwp%2Fv2%2Fcomments&post=136"}],"version-history":[{"count":62,"href":"https:\/\/www.amapbrax31.org\/index.php?rest_route=\/wp\/v2\/pages\/136\/revisions"}],"predecessor-version":[{"id":1439,"href":"https:\/\/www.amapbrax31.org\/index.php?rest_route=\/wp\/v2\/pages\/136\/revisions\/1439"}],"wp:attachment":[{"href":"https:\/\/www.amapbrax31.org\/index.php?rest_route=%2Fwp%2Fv2%2Fmedia&parent=136"}],"curies":[{"name":"wp","href":"https:\/\/api.w.org\/{rel}","templated":true}]}}