{"id":141,"date":"2026-03-14T22:55:35","date_gmt":"2026-03-14T21:55:35","guid":{"rendered":"https:\/\/www.amapbrax31.org\/?page_id=141"},"modified":"2026-04-10T23:02:53","modified_gmt":"2026-04-10T21:02:53","slug":"le-contrat-fruitspain-et-produits-transformes","status":"publish","type":"page","link":"https:\/\/www.amapbrax31.org\/?page_id=141","title":{"rendered":"Le contrat Fruits, Pain et Produits Transform\u00e9s"},"content":{"rendered":"\n<div class=\"wp-block-columns alignfull are-vertically-aligned-center has-background is-layout-flex wp-container-core-columns-is-layout-28f84493 wp-block-columns-is-layout-flex\" style=\"background-color:#f4f1de\">\n<div class=\"wp-block-column is-vertically-aligned-center is-layout-flow wp-block-column-is-layout-flow\" style=\"flex-basis:25%\">\n<figure class=\"wp-block-image size-large has-custom-border is-style-default\"><img loading=\"lazy\" decoding=\"async\" width=\"1024\" height=\"576\" src=\"https:\/\/www.amapbrax31.org\/wp-content\/uploads\/2026\/02\/WhatsApp-Image-2026-02-08-at-18.26.29-1024x576.jpeg\" alt=\"\" class=\"wp-image-145\" style=\"border-top-left-radius:20px;border-top-right-radius:20px;border-bottom-left-radius:20px;border-bottom-right-radius:20px\" srcset=\"https:\/\/www.amapbrax31.org\/wp-content\/uploads\/2026\/02\/WhatsApp-Image-2026-02-08-at-18.26.29-1024x576.jpeg 1024w, https:\/\/www.amapbrax31.org\/wp-content\/uploads\/2026\/02\/WhatsApp-Image-2026-02-08-at-18.26.29-300x169.jpeg 300w, https:\/\/www.amapbrax31.org\/wp-content\/uploads\/2026\/02\/WhatsApp-Image-2026-02-08-at-18.26.29-768x432.jpeg 768w, https:\/\/www.amapbrax31.org\/wp-content\/uploads\/2026\/02\/WhatsApp-Image-2026-02-08-at-18.26.29-1536x864.jpeg 1536w, https:\/\/www.amapbrax31.org\/wp-content\/uploads\/2026\/02\/WhatsApp-Image-2026-02-08-at-18.26.29.jpeg 1600w\" sizes=\"auto, (max-width: 1024px) 100vw, 1024px\" \/><\/figure>\n<\/div>\n\n\n\n<div class=\"wp-block-column is-vertically-aligned-center is-layout-flow wp-block-column-is-layout-flow\" style=\"flex-basis:50%\">\n<h2 class=\"wp-block-heading has-text-align-center has-x-large-font-size\"><strong>LE CONTRAT FRUITS, PAIN &amp; PRODUITS TRANSFORMES<\/strong><\/h2>\n<\/div>\n\n\n\n<div class=\"wp-block-column is-vertically-aligned-center has-background is-layout-flow wp-block-column-is-layout-flow\" style=\"border-top-left-radius:20px;border-top-right-radius:20px;border-bottom-left-radius:20px;border-bottom-right-radius:20px;background-color:#e9c46a;flex-basis:25%\">\n<p><\/p>\n\n\n\n<p class=\"has-text-align-center has-text-color has-link-color wp-elements-7750861fe674a6918705f143b6f966cf\" style=\"color:#333333;font-size:17px\">Vous souhaitez vous inscrire \u00e0 l\u2019AMAP Fruits ?<\/p>\n\n\n\n<p class=\"has-text-align-center has-text-color has-link-color wp-elements-288f117691ea0aca74870e7d77ef5218\" style=\"color:#333333;font-size:30px\">Contactez le r\u00e9f\u00e9rent<\/p>\n\n\n\n<p class=\"has-text-align-center has-text-color has-link-color has-large-font-size wp-elements-096f80ec9b48b9e994052e7e104d5626\" style=\"color:#386641;line-height:0\"><strong>Vincent Billiard<\/strong><\/p>\n\n\n\n<p class=\"has-text-align-center has-text-color has-link-color has-medium-font-size wp-elements-8c2226b375f75d1c4327130cd3876e1c\" style=\"color:#386641;line-height:1.5\"><strong><a href=\"mailto:lesgourmetsdebrax@gmail.com\">lesgourmetsdebrax@gmail.com<\/a><\/strong><\/p>\n\n\n\n<p><\/p>\n<\/div>\n<\/div>\n\n\n\n<p><\/p>\n\n\n\n<p class=\"has-text-align-center has-text-color has-link-color wp-elements-fc5c4ff7aa82950f8096fdf4871a972f\" style=\"color:#52b788;font-size:30px\"><strong>FONCTIONNEMENT<\/strong><\/p>\n\n\n\n<figure class=\"wp-block-table alignwide has-medium-font-size\"><table class=\"has-text-color has-link-color has-border-color has-fixed-layout\" style=\"color:#333333;border-color:#386641;border-width:3px\"><tbody><tr><td>FR\u00c9QUENCE<\/td><td>Bi-mensuelle<\/td><\/tr><tr><td>P\u00c9RIODE \/ SAISON<\/td><td>Toute l&rsquo;ann\u00e9e, la saison d\u00e9marre en Mai<br><br><strong>ATTENTION : Pas de distribution pendant les petites vacances scolaires<\/strong><\/td><\/tr><tr><td>CONDITION D\u2019INSCRIPTION<\/td><td>Inscription \u00e0 tous les paniers de la saison, mais possibilit\u00e9 de partager un contrat avec un autre Amapien pour alterner les distributions<br><br><em>Possibilit\u00e9 de s\u2019inscrire en cours de saison<\/em><\/td><\/tr><\/tbody><\/table><\/figure>\n\n\n\n<p><\/p>\n\n\n\n<h2 class=\"wp-block-heading has-text-align-center has-text-color has-link-color wp-elements-10dbea312de187e3490f724eafdd1507\" style=\"color:#52b788\"><strong>PANIERS et TARIFS<\/strong>*<\/h2>\n\n\n\n<figure class=\"wp-block-table alignwide has-medium-font-size\"><table class=\"has-text-color has-link-color has-border-color has-fixed-layout\" style=\"color:#333333;border-color:#386641;border-width:3px\"><tbody><tr><td><strong>FRUITS :<\/strong> <br>Fruits frais de saison, fruits secs, compotes, confitures, jus de fruits ou sirops<\/td><td class=\"has-text-align-center\" data-align=\"center\">13\u20ac<\/td><\/tr><tr><td><strong>FRUITS + PAINS :<\/strong> <br>Fruits frais de saison, fruits secs, compotes, confitures, jus de fruits ou sirops comptant pour moiti\u00e9 + pain au bl\u00e9 ancien ou au petit \u00e9peautre, tartelettes sal\u00e9es ou sucr\u00e9es comptant pour l&rsquo;autre moiti\u00e9<\/td><td class=\"has-text-align-center\" data-align=\"center\">13\u20ac<\/td><\/tr><tr><td><strong>PAINS :<\/strong> <br>Pain au bl\u00e9 ancien, au petit \u00e9peautre, aux c\u00e9r\u00e9ales (lin, pavot, s\u00e9same, courge, tournesol)<\/td><td class=\"has-text-align-center\" data-align=\"center\">13\u20ac<\/td><\/tr><tr><td><strong>PAINS + PRODUITS TRANSFORM\u00c9S<\/strong> <strong>:<\/strong> <br>Pain au bl\u00e9 ancien 500gr + pain au petit \u00e9peautre 400 gr + tartelettes sal\u00e9es et sucr\u00e9es ou biscuits<\/td><td class=\"has-text-align-center\" data-align=\"center\">13\u20ac<\/td><\/tr><\/tbody><\/table><figcaption class=\"wp-element-caption\">* Tarifs applicables pour la saison 2026<\/figcaption><\/figure>\n\n\n\n<p><\/p>\n\n\n\n<h2 class=\"wp-block-heading has-text-align-center has-text-color has-link-color wp-elements-df78519c8517c76012989a5278ad8ed0\" style=\"color:#52b788\"><strong>CONTRAT<\/strong><\/h2>\n\n\n\n<div data-wp-interactive=\"core\/file\" class=\"wp-block-file\"><object data-wp-bind--hidden=\"!state.hasPdfPreview\" hidden class=\"wp-block-file__embed\" data=\"https:\/\/www.amapbrax31.org\/wp-content\/uploads\/2026\/02\/engagement-vierge-FRUITS-PAINS-2025_2026.pdf\" type=\"application\/pdf\" style=\"width:100%;height:600px\" aria-label=\"Contenu embarqu\u00e9 engagement-vierge-FRUITS-PAINS 2025_2026.\"><\/object><a id=\"wp-block-file--media-b1fa3e02-6e83-4806-9cfe-aed9f0ea4a35\" href=\"https:\/\/www.amapbrax31.org\/wp-content\/uploads\/2026\/02\/engagement-vierge-FRUITS-PAINS-2025_2026.pdf\">engagement-vierge-FRUITS-PAINS 2025_2026<\/a><a href=\"https:\/\/www.amapbrax31.org\/wp-content\/uploads\/2026\/02\/engagement-vierge-FRUITS-PAINS-2025_2026.pdf\" class=\"wp-block-file__button wp-element-button\" download aria-describedby=\"wp-block-file--media-b1fa3e02-6e83-4806-9cfe-aed9f0ea4a35\">T\u00e9l\u00e9charger<\/a><\/div>\n\n\n\n<p><\/p>\n\n\n\n<div class=\"wp-block-columns alignwide is-layout-flex wp-container-core-columns-is-layout-28f84493 wp-block-columns-is-layout-flex\">\n<div class=\"wp-block-column is-vertically-aligned-center is-layout-flow wp-block-column-is-layout-flow\" style=\"flex-basis:33.33%\">\n<figure class=\"wp-block-image size-full\"><img loading=\"lazy\" decoding=\"async\" width=\"430\" height=\"646\" src=\"https:\/\/www.amapbrax31.org\/wp-content\/uploads\/2026\/02\/Vincent-Potier.png\" alt=\"\" class=\"wp-image-147\" srcset=\"https:\/\/www.amapbrax31.org\/wp-content\/uploads\/2026\/02\/Vincent-Potier.png 430w, https:\/\/www.amapbrax31.org\/wp-content\/uploads\/2026\/02\/Vincent-Potier-200x300.png 200w\" sizes=\"auto, (max-width: 430px) 100vw, 430px\" \/><\/figure>\n<\/div>\n\n\n\n<div class=\"wp-block-column is-layout-flow wp-block-column-is-layout-flow\" style=\"flex-basis:66.66%\">\n<p class=\"has-text-align-center has-text-color has-link-color wp-elements-295b03c8bcbcf888c27c9407791b0df1\" style=\"color:#52b788;font-size:30px\"><strong>LES PRODUCTEURS<\/strong><\/p>\n\n\n\n<div class=\"wp-block-group is-layout-constrained wp-block-group-is-layout-constrained\" style=\"font-size:20px\">\n<p class=\"has-text-color has-link-color wp-elements-0ab0125d4d8db095f5e2f768b97ee048\" style=\"color:#333333;font-size:20px\"><strong>La Ferme de l\u2019\u00c9cureuil<\/strong><\/p>\n\n\n\n<p class=\"has-text-color has-link-color wp-elements-127493d9df057ce4131bdb0ec2852554\" style=\"color:#333333;font-size:20px\">Vincent et Nathalie Potier travaillent sur la ferme familiale (en bio depuis 1969 et Nature &amp; Progr\u00e8s), situ\u00e9e aux portes du Quercy dans le Tarn et Garonne, surplombant la vall\u00e9e de la Garonne.<\/p>\n\n\n\n<p class=\"has-text-color has-link-color wp-elements-540d69ed7b6dd43b35d59c1240f1c6d7\" style=\"color:#333333;font-size:20px\">La ferme s&rsquo;\u00e9tend sur pr\u00e8s de 24 hectares, assol\u00e9s de la fa\u00e7on suivante :<\/p>\n\n\n\n<ul class=\"wp-block-list\">\n<li class=\"has-text-color has-link-color wp-elements-264785ac5902577e4ddbacb95bf7c70e\" style=\"color:#333333;font-size:20px\">10 hectares de c\u00e9r\u00e9ales\/ol\u00e9agineux<\/li>\n\n\n\n<li style=\"font-size:20px\">2 hectares de l\u00e9gumes<\/li>\n\n\n\n<li style=\"font-size:20px\">10 hectares d&rsquo;arbres fruitiers<\/li>\n\n\n\n<li style=\"font-size:20px\">2 hectares de tr\u00e8fles et jach\u00e8re fleurie<br><\/li>\n<\/ul>\n\n\n\n<p class=\"has-text-color has-link-color wp-elements-5f84922cf16730137dd04cf7d6fafac6\" style=\"color:#333333\">Vincent, paysan boulanger, pratique le mara\u00eechage et l\u2019arboriculture et produit une grande vari\u00e9t\u00e9 de fruits et l\u00e9gumes, jus et conserves fermi\u00e8res.<\/p>\n\n\n\n<p class=\"has-text-color has-link-color wp-elements-53ccadf4b0ca634775c52d28479f8b17\" style=\"color:#333333\">Nathalie, osi\u00e9ricultrice et vanni\u00e8re sur la ferme, se pla\u00eet \u00e0 tresser des paniers de toutes formes \u00e0 partir de divers v\u00e9g\u00e9taux suivant ce que la nature offre au fil des saisons, propose des stages de vannerie et transforme fruits et l\u00e9gumes en d\u00e9licieux chaussons et p\u00e2tisseries.<\/p>\n\n\n\n<p>Toutes les ventes se font en circuit court : march\u00e9, foires bio, paniers \u00e0 la ferme, en AMAP, \u00e9piceries bio.<\/p>\n<\/div>\n<\/div>\n<\/div>\n\n\n\n<figure class=\"wp-block-embed aligncenter is-type-video is-provider-youtube wp-block-embed-youtube wp-embed-aspect-16-9 wp-has-aspect-ratio\"><div class=\"wp-block-embed__wrapper\">\n<iframe loading=\"lazy\" title=\"Les semences paysannes\" width=\"500\" height=\"281\" src=\"https:\/\/www.youtube.com\/embed\/uEyyiPSN8dI?feature=oembed\" frameborder=\"0\" allow=\"accelerometer; autoplay; clipboard-write; encrypted-media; gyroscope; picture-in-picture; web-share\" referrerpolicy=\"strict-origin-when-cross-origin\" allowfullscreen><\/iframe>\n<\/div><\/figure>\n\n\n\n<div class=\"wp-block-group has-background is-content-justification-center is-nowrap is-layout-flex wp-container-core-group-is-layout-35891901 wp-block-group-is-layout-flex\" style=\"border-top-left-radius:20px;border-top-right-radius:20px;border-bottom-left-radius:20px;border-bottom-right-radius:20px;background-color:#e9c46a\">\n<p class=\"has-text-color has-link-color wp-elements-3ae417e3639bc612158f11f09de168e6\" style=\"color:#386641;font-size:30px\">En savoir plus sur la Ferme de l\u2019\u00c9cureuil :  <\/p>\n\n\n\n<figure class=\"wp-block-image size-full\"><a href=\"https:\/\/famillepotier.wixsite.com\/fermedelecureuil\" target=\"_blank\" rel=\" noreferrer noopener\"><img loading=\"lazy\" decoding=\"async\" width=\"64\" height=\"64\" src=\"https:\/\/www.amapbrax31.org\/wp-content\/uploads\/2026\/03\/globe.png\" alt=\"\" class=\"wp-image-377\"\/><\/a><\/figure>\n\n\n\n<figure class=\"wp-block-image size-full\"><a href=\"https:\/\/www.google.com\/maps\/place\/La+Ferme+de+L'Ecureuil\/@44.1192264,0.9340908,17z\/data=!3m1!4b1!4m6!3m5!1s0x12ab9510769bdf1d:0x7cbf6067b3075826!8m2!3d44.1192264!4d0.9340908!16s%2Fg%2F11c1lm4j5t?entry=ttu&amp;g_ep=EgoyMDI2MDMxMS4wIKXMDSoASAFQAw%3D%3D\" target=\"_blank\" rel=\" noreferrer noopener\"><img loading=\"lazy\" decoding=\"async\" width=\"64\" height=\"64\" src=\"https:\/\/www.amapbrax31.org\/wp-content\/uploads\/2026\/03\/emplacement-de-la-couche-terrestre1.png\" alt=\"\" class=\"wp-image-379\"\/><\/a><\/figure>\n<\/div>\n\n\n\n<p><\/p>\n\n\n\n<p><\/p>\n","protected":false},"excerpt":{"rendered":"<p>LE CONTRAT FRUITS, PAIN &amp; PRODUITS TRANSFORMES Vous souhaitez vous inscrire \u00e0 l\u2019AMAP Fruits ? Contactez le r\u00e9f\u00e9rent Vincent Billiard [&hellip;]<\/p>\n","protected":false},"author":2,"featured_media":0,"parent":0,"menu_order":0,"comment_status":"closed","ping_status":"closed","template":"","meta":{"site-sidebar-layout":"default","site-content-layout":"","ast-site-content-layout":"default","site-content-style":"default","site-sidebar-style":"default","ast-global-header-display":"","ast-banner-title-visibility":"","ast-main-header-display":"","ast-hfb-above-header-display":"","ast-hfb-below-header-display":"","ast-hfb-mobile-header-display":"","site-post-title":"disabled","ast-breadcrumbs-content":"","ast-featured-img":"","footer-sml-layout":"","ast-disable-related-posts":"","theme-transparent-header-meta":"","adv-header-id-meta":"","stick-header-meta":"","header-above-stick-meta":"","header-main-stick-meta":"","header-below-stick-meta":"","astra-migrate-meta-layouts":"default","ast-page-background-enabled":"default","ast-page-background-meta":{"desktop":{"background-color":"var(--ast-global-color-5)","background-image":"","background-repeat":"repeat","background-position":"center center","background-size":"auto","background-attachment":"scroll","background-type":"","background-media":"","overlay-type":"","overlay-color":"","overlay-opacity":"","overlay-gradient":""},"tablet":{"background-color":"","background-image":"","background-repeat":"repeat","background-position":"center center","background-size":"auto","background-attachment":"scroll","background-type":"","background-media":"","overlay-type":"","overlay-color":"","overlay-opacity":"","overlay-gradient":""},"mobile":{"background-color":"","background-image":"","background-repeat":"repeat","background-position":"center center","background-size":"auto","background-attachment":"scroll","background-type":"","background-media":"","overlay-type":"","overlay-color":"","overlay-opacity":"","overlay-gradient":""}},"ast-content-background-meta":{"desktop":{"background-color":"var(--ast-global-color-4)","background-image":"","background-repeat":"repeat","background-position":"center center","background-size":"auto","background-attachment":"scroll","background-type":"","background-media":"","overlay-type":"","overlay-color":"","overlay-opacity":"","overlay-gradient":""},"tablet":{"background-color":"var(--ast-global-color-4)","background-image":"","background-repeat":"repeat","background-position":"center center","background-size":"auto","background-attachment":"scroll","background-type":"","background-media":"","overlay-type":"","overlay-color":"","overlay-opacity":"","overlay-gradient":""},"mobile":{"background-color":"var(--ast-global-color-4)","background-image":"","background-repeat":"repeat","background-position":"center center","background-size":"auto","background-attachment":"scroll","background-type":"","background-media":"","overlay-type":"","overlay-color":"","overlay-opacity":"","overlay-gradient":""}},"footnotes":""},"class_list":["post-141","page","type-page","status-publish","hentry"],"_links":{"self":[{"href":"https:\/\/www.amapbrax31.org\/index.php?rest_route=\/wp\/v2\/pages\/141","targetHints":{"allow":["GET"]}}],"collection":[{"href":"https:\/\/www.amapbrax31.org\/index.php?rest_route=\/wp\/v2\/pages"}],"about":[{"href":"https:\/\/www.amapbrax31.org\/index.php?rest_route=\/wp\/v2\/types\/page"}],"author":[{"embeddable":true,"href":"https:\/\/www.amapbrax31.org\/index.php?rest_route=\/wp\/v2\/users\/2"}],"replies":[{"embeddable":true,"href":"https:\/\/www.amapbrax31.org\/index.php?rest_route=%2Fwp%2Fv2%2Fcomments&post=141"}],"version-history":[{"count":25,"href":"https:\/\/www.amapbrax31.org\/index.php?rest_route=\/wp\/v2\/pages\/141\/revisions"}],"predecessor-version":[{"id":1358,"href":"https:\/\/www.amapbrax31.org\/index.php?rest_route=\/wp\/v2\/pages\/141\/revisions\/1358"}],"wp:attachment":[{"href":"https:\/\/www.amapbrax31.org\/index.php?rest_route=%2Fwp%2Fv2%2Fmedia&parent=141"}],"curies":[{"name":"wp","href":"https:\/\/api.w.org\/{rel}","templated":true}]}}