{"id":149,"date":"2026-03-14T12:34:57","date_gmt":"2026-03-14T11:34:57","guid":{"rendered":"https:\/\/www.amapbrax31.org\/?page_id=149"},"modified":"2026-04-11T01:52:09","modified_gmt":"2026-04-10T23:52:09","slug":"faq","status":"publish","type":"page","link":"https:\/\/www.amapbrax31.org\/?page_id=149","title":{"rendered":"FAQ"},"content":{"rendered":"\n<div class=\"wp-block-columns alignfull are-vertically-aligned-center has-background is-layout-flex wp-container-core-columns-is-layout-28f84493 wp-block-columns-is-layout-flex\" style=\"background-color:#f4f1de\">\n<div class=\"wp-block-column is-vertically-aligned-center is-layout-flow wp-block-column-is-layout-flow\" style=\"flex-basis:66.66%\">\n<h2 class=\"wp-block-heading has-text-align-right has-x-large-font-size\"><strong>FOIRE AUX QUESTIONS<\/strong><\/h2>\n<\/div>\n\n\n\n<div class=\"wp-block-column is-vertically-aligned-center is-layout-flow wp-block-column-is-layout-flow\" style=\"flex-basis:33.33%\">\n<figure class=\"wp-block-image size-full\"><img loading=\"lazy\" decoding=\"async\" width=\"64\" height=\"64\" src=\"https:\/\/www.amapbrax31.org\/wp-content\/uploads\/2026\/03\/commentaires-question.png\" alt=\"\" class=\"wp-image-705\"\/><\/figure>\n<\/div>\n<\/div>\n\n\n\n<p><\/p>\n\n\n\n<details class=\"wp-block-details alignwide has-medium-font-size is-layout-flow wp-block-details-is-layout-flow\"><summary><strong>1) Doit-on s\u2019abonner pour prendre un panier (quel que soit le produit) ?<\/strong><\/summary>\n<p>Il est n\u00e9cessaire de s\u2019engager avec le pr\u00e9-financement de la production : en effet, contrairement aux syst\u00e8mes \u00e0 interm\u00e9diaire sans engagement (ruche qui dit oui et autres), le principal avantage de l\u2019AMAP pour le paysan est de lui permettre une s\u00e9curit\u00e9 financi\u00e8re tout au long de la saison de production, afin qu\u2019il puisse se projeter, investir, mieux vivre de son m\u00e9tier.<\/p>\n\n\n\n<p>Ainsi, lors de leur adh\u00e9sion, les amapiens pr\u00e9parent des ch\u00e8ques que les producteurs encaisse \u00e0 rythme d\u00e9fini.<\/p>\n\n\n\n<p>N\u00e9anmoins nous savons qu\u2019il n\u2019est pas toujours simple de s\u2019engager pour toute une saison sans \u00eatre s\u00fbr que le contenu des paniers et le rythme des distributions vous conviennent. C\u2019est pourquoi nous pouvons proposer aux nouveaux de tester un ou plusieurs paniers avant de signer un contrat. Cette possibilit\u00e9 d\u00e9pend de l\u2019accord du ou de la paysan\u00b7ne concern\u00e9\u00b7e.<\/p>\n<\/details>\n\n\n\n<p><\/p>\n\n\n\n<p><\/p>\n\n\n\n<details class=\"wp-block-details alignwide has-medium-font-size is-layout-flow wp-block-details-is-layout-flow\"><summary><strong>2) Puis-je choisir le contenu de mes paniers ?<\/strong><\/summary>\n<p>Cela d\u00e9pend du ou des produits auxquels vous souscrivez.<\/p>\n\n\n\n<p>Les paniers l\u00e9gumes ou fruits sont constitu\u00e9s de la r\u00e9colte de la semaine en fonction de la saison. Vous n\u2019aurez pas de tomates au mois de D\u00e9cembre ou de raisins au mois de Mars. Mais cela apporte beaucoup d\u2019avantages : la d\u00e9couverte de nouveaux l\u00e9gumes ou fruits que vous n\u2019auriez jamais achet\u00e9 en grande distribution; l\u2019innovation en imaginant et en \u00e9changeant de nouvelles recettes avec les autres amapiens; et surtout plus besoin de r\u00e9fl\u00e9chir aux courses. Malgr\u00e9 tout, des adaptations dans le contenu des paniers peuvent \u00eatre envisag\u00e9es dans le cas d&rsquo;allergies ou intol\u00e9rances alimentaires.<\/p>\n\n\n\n<p>D\u2019autres colis sont beaucoup plus flexibles comme les fromages, miel, viandes, farines, tisanes, etc. Vous en choisissez la composition en fonction de vos go\u00fbts et des dates de distribution.<\/p>\n\n\n\n<figure class=\"wp-block-image aligncenter size-full\"><img loading=\"lazy\" decoding=\"async\" width=\"400\" height=\"309\" src=\"https:\/\/www.amapbrax31.org\/wp-content\/uploads\/2026\/03\/Giemsimini_calibre.jpg\" alt=\"\" class=\"wp-image-1006\" srcset=\"https:\/\/www.amapbrax31.org\/wp-content\/uploads\/2026\/03\/Giemsimini_calibre.jpg 400w, https:\/\/www.amapbrax31.org\/wp-content\/uploads\/2026\/03\/Giemsimini_calibre-300x232.jpg 300w\" sizes=\"auto, (max-width: 400px) 100vw, 400px\" \/><\/figure>\n<\/details>\n\n\n\n<p><\/p>\n\n\n\n<p><\/p>\n\n\n\n<details class=\"wp-block-details alignwide has-medium-font-size is-layout-flow wp-block-details-is-layout-flow\"><summary><strong>3)<\/strong> <strong>Comment \u00e7a se passe quand je ne suis pas disponible pour venir \u00e0 une ou plusieurs distributions ?<\/strong><\/summary>\n<p>Il y a toujours des solutions ! Et ce quelle que soit la dur\u00e9e de votre absence.<\/p>\n\n\n\n<ul class=\"wp-block-list\">\n<li>D&rsquo;abord essayez de vous organiser avec un autre Amapien ou un proche (famille ou ami) pour qu&rsquo;il vienne chercher votre panier \u00e0 votre place, soit pour vous le conserver quelques jours soit pour que vous lui en fassiez don si vous partez pendant une trop longue dur\u00e9e.<\/li>\n\n\n\n<li>Vous n&rsquo;avez trouv\u00e9 personne ? Envoyez un mail au bureau et aux r\u00e9f\u00e9rents, l&rsquo;un d&rsquo;entre nous sera toujours disponible pour vous garder votre panier.<\/li>\n\n\n\n<li>Et les grandes vacances ? De juin \u00e0 septembre, l&rsquo;association met en place un fichier pour des \u00e9changes de paniers. Par exemple vous partez 2 semaines en juillet, et une autre famille 2 semaines en ao\u00fbt : elle prend vos paniers en juillet, et vous les siens en ao\u00fbt.<\/li>\n\n\n\n<li>Sachez \u00e9galement que, comme on est vraiment tr\u00e8s (tr\u00e8s !) gentil \u00e0 l&rsquo;AMAP de Brax, si vous n&rsquo;\u00eates pas venus \u00e0 19h et que personne n&rsquo;a pris votre panier pour vous : On vous t\u00e9l\u00e9phone juste avant la fin de la distribution ! En effet les oublis, les retards de train ou les bouchons \u00e7a arrive.<\/li>\n<\/ul>\n\n\n\n<figure class=\"wp-block-image aligncenter size-full is-resized\"><img loading=\"lazy\" decoding=\"async\" width=\"520\" height=\"388\" src=\"https:\/\/www.amapbrax31.org\/wp-content\/uploads\/2026\/03\/Giemsi_aller-chercher-son-panier_reduit1.jpg\" alt=\"\" class=\"wp-image-998\" style=\"width:520px;height:auto\" srcset=\"https:\/\/www.amapbrax31.org\/wp-content\/uploads\/2026\/03\/Giemsi_aller-chercher-son-panier_reduit1.jpg 520w, https:\/\/www.amapbrax31.org\/wp-content\/uploads\/2026\/03\/Giemsi_aller-chercher-son-panier_reduit1-300x224.jpg 300w\" sizes=\"auto, (max-width: 520px) 100vw, 520px\" \/><\/figure>\n<\/details>\n\n\n\n<p><\/p>\n\n\n\n<details class=\"wp-block-details alignwide has-medium-font-size is-layout-flow wp-block-details-is-layout-flow\"><summary><strong>4) Quels sont mes engagements si je vous rejoins ?<\/strong><\/summary>\n<p>L&rsquo;association est g\u00e9r\u00e9e uniquement par des b\u00e9n\u00e9voles: les membres du bureau et les r\u00e9f\u00e9rents de chaque AMAP. Mais il est demand\u00e9 \u00e0 tous les adh\u00e9rents de mettre la main \u00e0 la p\u00e2te en :<\/p>\n\n\n\n<ul class=\"wp-block-list\">\n<li>Assurant au moins une fois par an une permanence lors d&rsquo;une distribution. Mais si vous pouvez en faire plus, c&rsquo;est encore mieux \ud83d\ude42<\/li>\n\n\n\n<li>De participer, dans la mesure du possible, aux chantiers participatifs ou aux visites de fermes. En effet, adh\u00e9rer \u00e0 une AMAP c&rsquo;est \u00e9galement comprendre d&rsquo;o\u00f9 vient ce qu&rsquo;il y a dans notre assiette, le quotidien et les difficult\u00e9s des paysans surtout dans le contexte actuel. Quoi de mieux alors qu&rsquo;une immersion dans leur vie et leur travail !<\/li>\n\n\n\n<li>Et si le c\u0153ur vous en dit, l&rsquo;AMAP est toujours \u00e0 la recherche de nouveaux b\u00e9n\u00e9voles. Les r\u00e9unions sont toujours agr\u00e9ment\u00e9es de bons repas cuisin\u00e9s avec les produits de l&rsquo;AMAP (si \u00e7a donne pas l&rsquo;eau \u00e0 la bouche \u00e7a !). Ou tout simplement nous aider dans l&rsquo;organisation d&rsquo;\u00e9v\u00e8nements comme la soir\u00e9e annuelle Cin\u00e9cyclo, toutes les bonnes volont\u00e9s sont les bienvenues.<\/li>\n<\/ul>\n<\/details>\n\n\n\n<p><\/p>\n\n\n\n<p><\/p>\n\n\n\n<details class=\"wp-block-details alignwide has-medium-font-size is-layout-flow wp-block-details-is-layout-flow\"><summary><strong>5) Que dois-je faire pour assurer une permanence ?<\/strong><\/summary>\n<p>Tout d&rsquo;abord l&rsquo;inscription se fait via l&rsquo;application<a href=\"https:\/\/www.amapbrax31.org\/?page_id=841\" data-type=\"page\" data-id=\"841\"> AMAPJ<\/a>, menu \u00ab\u00a0Mes permanence\u00a0\u00bb o\u00f9 vous pouvez vous inscrire \u00e0 une ou plusieurs dates en fonction de vos disponibilit\u00e9s. Les inscriptions se font g\u00e9n\u00e9ralement par trimestre, le bureau envoie un mail aux adh\u00e9rents pour pr\u00e9venir quand une p\u00e9riode de permanence est mise en ligne.<\/p>\n\n\n\n<ul class=\"wp-block-list\">\n<li>Avant la distribution vous devez r\u00e9cup\u00e9rer, aupr\u00e8s de la personne qui a assur\u00e9 la permanence pr\u00e9c\u00e9dente: la table pliable, la trousse avec les stylos et le bip pour la lumi\u00e8re de la grange;<\/li>\n\n\n\n<li>Avoir imprim\u00e9 la feuille d&rsquo;\u00e9margement du jour;<\/li>\n\n\n\n<li>Arriver \u00e0 18h pile pour aider le ou les paysans \u00e0 s&rsquo;installer en d\u00e9chargeant leur mat\u00e9riel et les caisses contenant leurs produits;<\/li>\n\n\n\n<li>Bien v\u00e9rifier que chaque Amapien a bien sign\u00e9 la feuille d&rsquo;\u00e9margement;<\/li>\n\n\n\n<li>Juste avant 19h, appeler les Amapiens qui ne seraient pas venus r\u00e9cup\u00e9rer leur panier;<\/li>\n\n\n\n<li>A la fin de la distribution, aider le ou les paysans \u00e0 ranger leur mat\u00e9riel<\/li>\n<\/ul>\n<\/details>\n\n\n\n<p><\/p>\n\n\n\n<p><\/p>\n\n\n\n<details class=\"wp-block-details alignwide has-medium-font-size is-layout-flow wp-block-details-is-layout-flow\"><summary><strong>6) Je suis convaincu(e), que faut-il faire pour vous rejoindre ?<\/strong><\/summary>\n<ul class=\"wp-block-list\">\n<li>Contacter d&rsquo;abord l&rsquo;association qui vous mettra en relation avec le ou les r\u00e9f\u00e9rents des AMAP auxquelles vous souhaitez souscrire<\/li>\n\n\n\n<li>Adh\u00e9rer \u00e0 l&rsquo;association (5\u20ac minimum par an) ainsi qu&rsquo;au R\u00e9seau des AMAP Midi-Pyr\u00e9n\u00e9es (20\u20ac, ou 10\u20ac selon les revenus).<\/li>\n\n\n\n<li>Compl\u00e9ter et signer le ou les contrats auxquels vous souhaitez souscrire (les r\u00e9f\u00e9rents vous cr\u00e9eront un compte dans AMAPJ)<\/li>\n\n\n\n<li>Pr\u00e9parer les ch\u00e8ques qui seront encaiss\u00e9s selon le rythme choisi<\/li>\n<\/ul>\n\n\n\n<div class=\"wp-block-buttons is-content-justification-center is-layout-flex wp-container-core-buttons-is-layout-a89b3969 wp-block-buttons-is-layout-flex\">\n<div class=\"wp-block-button\"><a class=\"wp-block-button__link has-text-color has-link-color has-text-align-center wp-element-button\" href=\"https:\/\/www.amapbrax31.org\/?page_id=160&amp;preview=true\" style=\"color:#386641\"><strong>NOUS REJOINDRE<\/strong><\/a><\/div>\n<\/div>\n<\/details>\n\n\n\n<p><\/p>\n\n\n\n<p><\/p>\n","protected":false},"excerpt":{"rendered":"<p>FOIRE AUX QUESTIONS<\/p>\n","protected":false},"author":2,"featured_media":0,"parent":0,"menu_order":0,"comment_status":"closed","ping_status":"closed","template":"","meta":{"site-sidebar-layout":"default","site-content-layout":"","ast-site-content-layout":"default","site-content-style":"default","site-sidebar-style":"default","ast-global-header-display":"","ast-banner-title-visibility":"","ast-main-header-display":"","ast-hfb-above-header-display":"","ast-hfb-below-header-display":"","ast-hfb-mobile-header-display":"","site-post-title":"disabled","ast-breadcrumbs-content":"","ast-featured-img":"","footer-sml-layout":"","ast-disable-related-posts":"","theme-transparent-header-meta":"","adv-header-id-meta":"","stick-header-meta":"","header-above-stick-meta":"","header-main-stick-meta":"","header-below-stick-meta":"","astra-migrate-meta-layouts":"default","ast-page-background-enabled":"default","ast-page-background-meta":{"desktop":{"background-color":"var(--ast-global-color-5)","background-image":"","background-repeat":"repeat","background-position":"center center","background-size":"auto","background-attachment":"scroll","background-type":"","background-media":"","overlay-type":"","overlay-color":"","overlay-opacity":"","overlay-gradient":""},"tablet":{"background-color":"","background-image":"","background-repeat":"repeat","background-position":"center center","background-size":"auto","background-attachment":"scroll","background-type":"","background-media":"","overlay-type":"","overlay-color":"","overlay-opacity":"","overlay-gradient":""},"mobile":{"background-color":"","background-image":"","background-repeat":"repeat","background-position":"center center","background-size":"auto","background-attachment":"scroll","background-type":"","background-media":"","overlay-type":"","overlay-color":"","overlay-opacity":"","overlay-gradient":""}},"ast-content-background-meta":{"desktop":{"background-color":"var(--ast-global-color-4)","background-image":"","background-repeat":"repeat","background-position":"center center","background-size":"auto","background-attachment":"scroll","background-type":"","background-media":"","overlay-type":"","overlay-color":"","overlay-opacity":"","overlay-gradient":""},"tablet":{"background-color":"var(--ast-global-color-4)","background-image":"","background-repeat":"repeat","background-position":"center center","background-size":"auto","background-attachment":"scroll","background-type":"","background-media":"","overlay-type":"","overlay-color":"","overlay-opacity":"","overlay-gradient":""},"mobile":{"background-color":"var(--ast-global-color-4)","background-image":"","background-repeat":"repeat","background-position":"center center","background-size":"auto","background-attachment":"scroll","background-type":"","background-media":"","overlay-type":"","overlay-color":"","overlay-opacity":"","overlay-gradient":""}},"footnotes":""},"class_list":["post-149","page","type-page","status-publish","hentry"],"_links":{"self":[{"href":"https:\/\/www.amapbrax31.org\/index.php?rest_route=\/wp\/v2\/pages\/149","targetHints":{"allow":["GET"]}}],"collection":[{"href":"https:\/\/www.amapbrax31.org\/index.php?rest_route=\/wp\/v2\/pages"}],"about":[{"href":"https:\/\/www.amapbrax31.org\/index.php?rest_route=\/wp\/v2\/types\/page"}],"author":[{"embeddable":true,"href":"https:\/\/www.amapbrax31.org\/index.php?rest_route=\/wp\/v2\/users\/2"}],"replies":[{"embeddable":true,"href":"https:\/\/www.amapbrax31.org\/index.php?rest_route=%2Fwp%2Fv2%2Fcomments&post=149"}],"version-history":[{"count":35,"href":"https:\/\/www.amapbrax31.org\/index.php?rest_route=\/wp\/v2\/pages\/149\/revisions"}],"predecessor-version":[{"id":1417,"href":"https:\/\/www.amapbrax31.org\/index.php?rest_route=\/wp\/v2\/pages\/149\/revisions\/1417"}],"wp:attachment":[{"href":"https:\/\/www.amapbrax31.org\/index.php?rest_route=%2Fwp%2Fv2%2Fmedia&parent=149"}],"curies":[{"name":"wp","href":"https:\/\/api.w.org\/{rel}","templated":true}]}}