{"id":160,"date":"2026-03-14T12:36:47","date_gmt":"2026-03-14T11:36:47","guid":{"rendered":"https:\/\/www.amapbrax31.org\/?page_id=160"},"modified":"2026-04-11T11:47:45","modified_gmt":"2026-04-11T09:47:45","slug":"nous-rejoindre","status":"publish","type":"page","link":"https:\/\/www.amapbrax31.org\/?page_id=160","title":{"rendered":"NOUS REJOINDRE"},"content":{"rendered":"\n<div class=\"wp-block-columns alignfull are-vertically-aligned-center has-background is-layout-flex wp-container-core-columns-is-layout-28f84493 wp-block-columns-is-layout-flex\" style=\"background-color:#f4f1de\">\n<div class=\"wp-block-column is-vertically-aligned-center is-layout-flow wp-block-column-is-layout-flow\" style=\"flex-basis:66.66%\">\n<h2 class=\"wp-block-heading has-text-align-right has-x-large-font-size\"><strong>COMMENT NOUS REJOINDRE<\/strong><\/h2>\n<\/div>\n\n\n\n<div class=\"wp-block-column is-vertically-aligned-center is-layout-flow wp-block-column-is-layout-flow\" style=\"flex-basis:33.33%\">\n<figure class=\"wp-block-image size-full\"><img loading=\"lazy\" decoding=\"async\" width=\"64\" height=\"64\" src=\"https:\/\/www.amapbrax31.org\/wp-content\/uploads\/2026\/03\/poignee-de-main.png\" alt=\"\" class=\"wp-image-1020\"\/><\/figure>\n<\/div>\n<\/div>\n\n\n\n<p><\/p>\n\n\n\n<p class=\"has-border-color has-ast-global-color-4-border-color has-medium-font-size\" style=\"border-width:30px;line-height:2.3\">Les inscriptions sont ouvertes tous les vendredis de 18h \u00e0 19h sur le lieu de distribution de l&rsquo;association : <a href=\"https:\/\/maps.app.goo.gl\/o7Sp6iBnyQnxhw9K6\" target=\"_blank\" rel=\"noreferrer noopener\">Grange Gailhaguet &#8211; Place Fran\u00e7ois Verdier &#8211; 31490 Brax<\/a> (en face de l&rsquo;\u00e9cole).<\/p>\n\n\n\n<p><\/p>\n\n\n\n<p class=\"has-text-color has-link-color has-medium-font-size wp-elements-89d5f0ea08c1358bd88bea16d7052892\" style=\"color:#52b788\"><strong>Rappel des points importants du fonctionnement de l\u2019AMAP :<\/strong><\/p>\n\n\n\n<ul class=\"wp-block-list\">\n<li class=\"has-medium-font-size\">Souscrire \u00e0 au moins un des contrats (et vous avez l&#8217;embarras du choix !)<\/li>\n\n\n\n<li class=\"has-medium-font-size\">Adh\u00e9rer \u00e0 l&rsquo;association obligatoire (minimum 5\u20ac\/an) : <em>Cette adh\u00e9sion sert \u00e0 financer les \u00e9v\u00e8nements de notre association tout au long de l&rsquo;ann\u00e9e (ap\u00e9ritif convivial lors du changement des saisons, lors des chantiers chez nos paysans, la soir\u00e9e Cin\u00e9Cyclo, l&rsquo;Assembl\u00e9e G\u00e9n\u00e9rale, l&rsquo;achat de fournitures&#8230;<\/em><\/li>\n\n\n\n<li class=\"has-medium-font-size\">Adh\u00e9rer au R\u00e9seau des AMAP Midi-Pyr\u00e9n\u00e9es fortement recommand\u00e9 (10 \u00e0 20\u20ac selon les revenus):<em>Le but est de soutenir la cr\u00e9ation de nouvelles associations ainsi que les associations existantes comme la n\u00f4tre en Midi Pyr\u00e9n\u00e9es. Elle soutient \u00e9galement les paysans. La cotisation comprend \u00e9galement une assurance qui vous couvre durant les distributions ainsi que lors des diff\u00e9rents \u00e9v\u00e8nements chez nos paysans.<\/em><\/li>\n\n\n\n<li class=\"has-medium-font-size\">S&rsquo;engager \u00e0 participer \u00e0 au moins une permanence dans l\u2019ann\u00e9e, mais si c&rsquo;est plus c&rsquo;est encore mieux !<\/li>\n\n\n\n<li class=\"has-medium-font-size\">Dans la mesure du possible, participer \u00e0 des visites de ferme, des chantiers participatifs ou aider lors des \u00e9v\u00e8nements de l&rsquo;association<\/li>\n\n\n\n<li class=\"has-medium-font-size\">Accepter les al\u00e9as : Les paniers peuvent varier en contenu et en quantit\u00e9. Conditions climatiques, maladies des cultures, probl\u00e8mes techniques\u2026 l&rsquo;agriculture r\u00e9serve des surprises ! En tant qu&rsquo;Amapien, vous partagez les bons moments comme les moins bons avec votre paysan.<\/li>\n<\/ul>\n\n\n\n<p><\/p>\n\n\n\n<p><\/p>\n\n\n\n<p class=\"has-text-align-center has-text-color has-link-color wp-elements-272935dcb1d10ad266e689225f807d4b\" style=\"color:#52b788;font-size:30px\"><strong>Si vous confirmez votre volont\u00e9 de nous rejoindre :<\/strong><\/p>\n\n\n\n<div class=\"wp-block-columns alignfull is-layout-flex wp-container-core-columns-is-layout-28f84493 wp-block-columns-is-layout-flex\" style=\"border-style:none;border-width:0px\">\n<div class=\"wp-block-column is-style-section-4 has-border-color has-ast-global-color-4-border-color has-background is-layout-flow wp-block-column-is-layout-flow\" style=\"border-top-left-radius:30px;border-top-right-radius:30px;border-bottom-left-radius:30px;border-bottom-right-radius:30px;background-color:#f4f1de\">\n<p class=\"has-text-align-center has-text-color has-link-color wp-elements-85805e85677db61b8192962e8e803bf7\" style=\"color:#52b788;font-size:30px\"><strong>\u00c9TAPE 1<\/strong><\/p>\n\n\n\n<ul class=\"wp-block-list\">\n<li class=\"has-medium-font-size\">Obligatoire : <strong>Adh\u00e9rer \u00e0 l&rsquo;association Les Gourmets de Brax<\/strong> via le <a href=\"https:\/\/www.amapbrax31.org\/wp-content\/uploads\/2026\/02\/Bulletin-adhesion-Les-Gourmets-de-Brax-2026.pdf\" target=\"_blank\" rel=\"noreferrer noopener\">bulletin d&rsquo;adh\u00e9sion<\/a>. Pour les renouvellement, l&rsquo;adh\u00e9sion peut se faire directement dans <a href=\"https:\/\/www.amapbrax31.org\/?page_id=841\" data-type=\"page\" data-id=\"841\">AMAPJ<\/a>. Cotisation d&rsquo;au minimum 5\u20ac en liquide, ch\u00e8que \u00e0 l&rsquo;ordre des Gourmets de Brax, ou par virement bancaire en demandant le RIB aupr\u00e8s de notre bureau.<\/li>\n<\/ul>\n\n\n\n<p><\/p>\n\n\n\n<ul class=\"wp-block-list\">\n<li class=\"has-medium-font-size\">Recommand\u00e9 : <strong>Adh\u00e9rer au R\u00e9seau des AMAP Midi-Pyr\u00e9n\u00e9es <\/strong>via le <a href=\"https:\/\/www.amapbrax31.org\/wp-content\/uploads\/2026\/02\/Bulletin-adhesion-reseau-AMAP-Midi-Pyrenees-2026.pdf\" target=\"_blank\" rel=\"noreferrer noopener\">bulletin d&rsquo;adh\u00e9sion<\/a>. 20\u20ac par ch\u00e8que \u00e0 l&rsquo;ordre du R\u00e9seau des AMAP Midi-Pyr\u00e9n\u00e9es<\/li>\n<\/ul>\n\n\n\n<p><\/p>\n<\/div>\n\n\n\n<div class=\"wp-block-column has-border-color has-ast-global-color-4-border-color has-background is-layout-flow wp-block-column-is-layout-flow\" style=\"border-top-left-radius:20px;border-top-right-radius:20px;border-bottom-left-radius:20px;border-bottom-right-radius:20px;background-color:#f4f1de\">\n<p class=\"has-text-align-center has-text-color has-link-color wp-elements-eab6476724673c812b0a7e27420015d1\" style=\"color:#52b788;font-size:30px\"><strong>\u00c9TAPE 2<\/strong><\/p>\n\n\n\n<p class=\"has-text-align-center has-medium-font-size\">Souscrire aux diff\u00e9rents contrats via <a href=\"https:\/\/www.amapbrax31.org\/?page_id=841\" data-type=\"page\" data-id=\"841\">AMAPJ<\/a><\/p>\n\n\n\n<p><\/p>\n\n\n\n<p class=\"has-medium-font-size\"><em><strong>Point d\u2019attention&nbsp;<\/strong> : <\/em><\/p>\n\n\n\n<ul class=\"wp-block-list\">\n<li class=\"has-medium-font-size\"><em>Pour les <strong>nouveaux amapiens<\/strong>,&nbsp; la&nbsp; souscription aux contrats dans AMAPJ se fait&nbsp; apr\u00e8s remise de votre&nbsp; dossier d\u2019inscription (bulletin + cotisation).&nbsp; Vous recevrez un mail avec vos identifiants de connexion pour acc\u00e9der \u00e0 la plateforme.<\/em> <\/li>\n\n\n\n<li class=\"has-medium-font-size\"><em>Si des contrats sont d\u00e9j\u00e0 en cours depuis plusieurs semaines\/mois, compl\u00e9tez les <a href=\"https:\/\/www.amapbrax31.org\/?page_id=187\" data-type=\"page\" data-id=\"187\">versions papier\/pdf<\/a> des contrats, ce sont les r\u00e9f\u00e9rents qui rentreront vos commandes dans l&rsquo;application<\/em>.<\/li>\n<\/ul>\n\n\n\n<p><\/p>\n<\/div>\n\n\n\n<div class=\"wp-block-column has-border-color has-ast-global-color-4-border-color has-background has-large-font-size is-layout-flow wp-block-column-is-layout-flow\" style=\"border-top-left-radius:20px;border-top-right-radius:20px;border-bottom-left-radius:20px;border-bottom-right-radius:20px;background-color:#f4f1de\">\n<p class=\"has-text-align-center has-text-color has-link-color wp-elements-8d542434d4761119f42a80749830f9c4\" style=\"color:#52b788;font-size:30px\"><strong>\u00c9TAPE 3<\/strong><\/p>\n\n\n\n<ul class=\"wp-block-list\">\n<li class=\"has-medium-font-size\">Faire les ch\u00e8ques correspondant aux contrats souscrits en se basant sur le tableau des tarifs et la p\u00e9riodicit\u00e9 des remises de ch\u00e8ques.<\/li>\n\n\n\n<li class=\"has-medium-font-size\">Si vous le souhaitez, t\u00e9l\u00e9charger l&rsquo;application Signal pour recevoir les informations de l&rsquo;association : <a href=\"https:\/\/www.amapbrax31.org\/?page_id=1298\" data-type=\"page\" data-id=\"1298\">SIGNAL<\/a><\/li>\n<\/ul>\n<\/div>\n<\/div>\n\n\n\n<p><a href=\"https:\/\/amap-lescagetteslafayette.com\/nous-rejoindre\/#\"><\/a><\/p>\n\n\n\n<p class=\"has-text-align-center is-style-text-annotation has-background has-medium-font-size\" style=\"border-top-left-radius:20px;border-top-right-radius:20px;border-bottom-left-radius:20px;border-bottom-right-radius:20px;background-color:#e9c46a\">Pour nous remettre l&rsquo;ensemble de notre dossier, vous devez <strong>le d\u00e9poser en main propre lors d\u2019une distribution&nbsp;<\/strong> le vendredi soir entre 18h \u00e0 19h \u00e0 la&nbsp;<a href=\"https:\/\/maps.app.goo.gl\/o7Sp6iBnyQnxhw9K6\">Grange Gailhaguet &#8211; Place Fran\u00e7ois Verdier &#8211; 31490 Brax<\/a> (en face de l&rsquo;\u00e9cole)<\/p>\n\n\n\n<figure class=\"wp-block-image aligncenter size-full\"><img loading=\"lazy\" decoding=\"async\" width=\"500\" height=\"462\" src=\"https:\/\/www.amapbrax31.org\/wp-content\/uploads\/2026\/03\/GIEMSI-SO3D6-conseils.jpg\" alt=\"\" class=\"wp-image-1004\" srcset=\"https:\/\/www.amapbrax31.org\/wp-content\/uploads\/2026\/03\/GIEMSI-SO3D6-conseils.jpg 500w, https:\/\/www.amapbrax31.org\/wp-content\/uploads\/2026\/03\/GIEMSI-SO3D6-conseils-300x277.jpg 300w\" sizes=\"auto, (max-width: 500px) 100vw, 500px\" \/><\/figure>\n\n\n\n<p><\/p>\n\n\n\n<p><\/p>\n","protected":false},"excerpt":{"rendered":"<p>COMMENT NOUS REJOINDRE Les inscriptions sont ouvertes tous les vendredis de 18h \u00e0 19h sur le lieu de distribution de [&hellip;]<\/p>\n","protected":false},"author":2,"featured_media":0,"parent":0,"menu_order":0,"comment_status":"closed","ping_status":"closed","template":"","meta":{"site-sidebar-layout":"default","site-content-layout":"","ast-site-content-layout":"default","site-content-style":"default","site-sidebar-style":"default","ast-global-header-display":"","ast-banner-title-visibility":"","ast-main-header-display":"","ast-hfb-above-header-display":"","ast-hfb-below-header-display":"","ast-hfb-mobile-header-display":"","site-post-title":"disabled","ast-breadcrumbs-content":"","ast-featured-img":"","footer-sml-layout":"","ast-disable-related-posts":"","theme-transparent-header-meta":"","adv-header-id-meta":"","stick-header-meta":"","header-above-stick-meta":"","header-main-stick-meta":"","header-below-stick-meta":"","astra-migrate-meta-layouts":"default","ast-page-background-enabled":"default","ast-page-background-meta":{"desktop":{"background-color":"var(--ast-global-color-5)","background-image":"","background-repeat":"repeat","background-position":"center center","background-size":"auto","background-attachment":"scroll","background-type":"","background-media":"","overlay-type":"","overlay-color":"","overlay-opacity":"","overlay-gradient":""},"tablet":{"background-color":"","background-image":"","background-repeat":"repeat","background-position":"center center","background-size":"auto","background-attachment":"scroll","background-type":"","background-media":"","overlay-type":"","overlay-color":"","overlay-opacity":"","overlay-gradient":""},"mobile":{"background-color":"","background-image":"","background-repeat":"repeat","background-position":"center center","background-size":"auto","background-attachment":"scroll","background-type":"","background-media":"","overlay-type":"","overlay-color":"","overlay-opacity":"","overlay-gradient":""}},"ast-content-background-meta":{"desktop":{"background-color":"var(--ast-global-color-4)","background-image":"","background-repeat":"repeat","background-position":"center center","background-size":"auto","background-attachment":"scroll","background-type":"","background-media":"","overlay-type":"","overlay-color":"","overlay-opacity":"","overlay-gradient":""},"tablet":{"background-color":"var(--ast-global-color-4)","background-image":"","background-repeat":"repeat","background-position":"center center","background-size":"auto","background-attachment":"scroll","background-type":"","background-media":"","overlay-type":"","overlay-color":"","overlay-opacity":"","overlay-gradient":""},"mobile":{"background-color":"var(--ast-global-color-4)","background-image":"","background-repeat":"repeat","background-position":"center center","background-size":"auto","background-attachment":"scroll","background-type":"","background-media":"","overlay-type":"","overlay-color":"","overlay-opacity":"","overlay-gradient":""}},"footnotes":""},"class_list":["post-160","page","type-page","status-publish","hentry"],"_links":{"self":[{"href":"https:\/\/www.amapbrax31.org\/index.php?rest_route=\/wp\/v2\/pages\/160","targetHints":{"allow":["GET"]}}],"collection":[{"href":"https:\/\/www.amapbrax31.org\/index.php?rest_route=\/wp\/v2\/pages"}],"about":[{"href":"https:\/\/www.amapbrax31.org\/index.php?rest_route=\/wp\/v2\/types\/page"}],"author":[{"embeddable":true,"href":"https:\/\/www.amapbrax31.org\/index.php?rest_route=\/wp\/v2\/users\/2"}],"replies":[{"embeddable":true,"href":"https:\/\/www.amapbrax31.org\/index.php?rest_route=%2Fwp%2Fv2%2Fcomments&post=160"}],"version-history":[{"count":37,"href":"https:\/\/www.amapbrax31.org\/index.php?rest_route=\/wp\/v2\/pages\/160\/revisions"}],"predecessor-version":[{"id":1433,"href":"https:\/\/www.amapbrax31.org\/index.php?rest_route=\/wp\/v2\/pages\/160\/revisions\/1433"}],"wp:attachment":[{"href":"https:\/\/www.amapbrax31.org\/index.php?rest_route=%2Fwp%2Fv2%2Fmedia&parent=160"}],"curies":[{"name":"wp","href":"https:\/\/api.w.org\/{rel}","templated":true}]}}