{"id":172,"date":"2026-03-14T12:33:40","date_gmt":"2026-03-14T11:33:40","guid":{"rendered":"https:\/\/www.amapbrax31.org\/?page_id=172"},"modified":"2026-04-11T11:55:48","modified_gmt":"2026-04-11T09:55:48","slug":"fonctionnement","status":"publish","type":"page","link":"https:\/\/www.amapbrax31.org\/?page_id=172","title":{"rendered":"Fonctionnement"},"content":{"rendered":"\n<div class=\"wp-block-columns alignfull are-vertically-aligned-center is-not-stacked-on-mobile has-background is-layout-flex wp-container-core-columns-is-layout-cbe57604 wp-block-columns-is-layout-flex\" style=\"background-color:#f4f1de\">\n<div class=\"wp-block-column is-vertically-aligned-center is-layout-flow wp-block-column-is-layout-flow\" style=\"flex-basis:66.67%\">\n<h2 class=\"wp-block-heading has-text-align-right has-x-large-font-size\"><strong><strong>FONCTIONNEMENT<\/strong><\/strong><\/h2>\n<\/div>\n\n\n\n<div class=\"wp-block-column is-vertically-aligned-center is-layout-flow wp-block-column-is-layout-flow\" style=\"flex-basis:33.33%\">\n<figure class=\"wp-block-image size-full\"><img loading=\"lazy\" decoding=\"async\" width=\"64\" height=\"64\" src=\"https:\/\/www.amapbrax31.org\/wp-content\/uploads\/2026\/03\/engrenages.png\" alt=\"\" class=\"wp-image-897\"\/><\/figure>\n<\/div>\n<\/div>\n\n\n\n<p><\/p>\n\n\n\n<p class=\"has-text-align-center has-text-color has-link-color wp-elements-f0eda57702d05ac9b45815bfa4976a50\" style=\"color:#52b788;font-size:30px\"><strong>Les Grands Principes<\/strong><\/p>\n\n\n\n<div class=\"wp-block-columns alignfull is-layout-flex wp-container-core-columns-is-layout-28f84493 wp-block-columns-is-layout-flex\">\n<div class=\"wp-block-column is-layout-flow wp-block-column-is-layout-flow\">\n<div class=\"wp-block-cover is-light wp-duotone-unset-1\" style=\"border-top-left-radius:20px;border-top-right-radius:20px;border-bottom-left-radius:20px;border-bottom-right-radius:20px;min-height:600px;aspect-ratio:unset;\"><img loading=\"lazy\" decoding=\"async\" width=\"600\" height=\"400\" class=\"wp-block-cover__image-background wp-image-905 size-full\" alt=\"\" src=\"https:\/\/www.amapbrax31.org\/wp-content\/uploads\/2026\/03\/chris-lawton-5IHz5WhosQE-unsplash-redimensionne-taille-moyenne.jpeg\" data-object-fit=\"cover\" srcset=\"https:\/\/www.amapbrax31.org\/wp-content\/uploads\/2026\/03\/chris-lawton-5IHz5WhosQE-unsplash-redimensionne-taille-moyenne.jpeg 600w, https:\/\/www.amapbrax31.org\/wp-content\/uploads\/2026\/03\/chris-lawton-5IHz5WhosQE-unsplash-redimensionne-taille-moyenne-300x200.jpeg 300w\" sizes=\"auto, (max-width: 600px) 100vw, 600px\" \/><span aria-hidden=\"true\" class=\"wp-block-cover__background has-background-dim-80 has-background-dim\" style=\"background-color:#fafafa\"><\/span><div class=\"wp-block-cover__inner-container is-layout-constrained wp-block-cover-is-layout-constrained\">\n<p class=\"has-text-align-center has-text-color has-link-color wp-elements-97cc78f03933b745ebead83aa4a8f1bc\" style=\"color:#52b788;font-size:30px\"><strong>LES SAISONS<\/strong><\/p>\n\n\n\n<p class=\"has-text-align-left has-text-color has-link-color has-medium-font-size wp-elements-075dc38de4271c49d312987c5216176f\" style=\"color:#333333\">L\u2019Amap fonctionne tout au long de l&rsquo;ann\u00e9e. Les amapiens s\u2019engagent \u00e0 pr\u00e9financer la production des paysans partenaires selon leur p\u00e9riode de production, plus ou moins longues en fonction de la saisonnalit\u00e9 des produits.<\/p>\n\n\n\n<p class=\"has-text-align-left has-text-color has-link-color has-medium-font-size wp-elements-0452db341c72d03f4b06e03a3ecccef3\" style=\"color:#333333\">Pour les l\u00e9gumes, le partenariat pr\u00e9voit par exemple 46 distributions sur l\u2019ann\u00e9e, soit une par semaine sauf les deux semaines de No\u00ebl et Nouvel an. Pour les fromages de ch\u00e8vre la saison dure d&rsquo;Avril \u00e0 Octobre avec une distribution par mois. La p\u00e9riodicit\u00e9 et le nombre de paniers d\u00e9pend donc de chaque produit.<\/p>\n\n\n\n<p class=\"has-text-align-left has-text-color has-link-color has-medium-font-size wp-elements-0b41fad4959c49816acb0094bc3d7abe\" style=\"color:#333333\">Les personnes qui rejoignent l\u2019AMAP en cours d\u2019ann\u00e9e ne payent que les livraisons restantes, au prorata.<\/p>\n\n\n\n<div class=\"wp-block-buttons is-content-justification-center is-layout-flex wp-container-core-buttons-is-layout-a89b3969 wp-block-buttons-is-layout-flex\">\n<div class=\"wp-block-button\"><a class=\"wp-block-button__link has-text-color has-link-color wp-element-button\" href=\"https:\/\/www.amapbrax31.org\/?page_id=187\" style=\"color:#386641\"><strong>Nos Paniers et Tarifs<\/strong><\/a><\/div>\n<\/div>\n<\/div><\/div>\n<\/div>\n\n\n\n<div class=\"wp-block-column is-layout-flow wp-block-column-is-layout-flow\">\n<div class=\"wp-block-cover is-light\" style=\"border-top-left-radius:20px;border-top-right-radius:20px;border-bottom-left-radius:20px;border-bottom-right-radius:20px;min-height:600px;aspect-ratio:unset;\"><img loading=\"lazy\" decoding=\"async\" width=\"600\" height=\"400\" class=\"wp-block-cover__image-background wp-image-907 size-full\" alt=\"\" src=\"https:\/\/www.amapbrax31.org\/wp-content\/uploads\/2026\/03\/corinne-kutz-tMI2_-r5Nfo-unsplash-redimensionne-taille-moyenne.jpeg\" data-object-fit=\"cover\" srcset=\"https:\/\/www.amapbrax31.org\/wp-content\/uploads\/2026\/03\/corinne-kutz-tMI2_-r5Nfo-unsplash-redimensionne-taille-moyenne.jpeg 600w, https:\/\/www.amapbrax31.org\/wp-content\/uploads\/2026\/03\/corinne-kutz-tMI2_-r5Nfo-unsplash-redimensionne-taille-moyenne-300x200.jpeg 300w\" sizes=\"auto, (max-width: 600px) 100vw, 600px\" \/><span aria-hidden=\"true\" class=\"wp-block-cover__background has-background-dim-80 has-background-dim\" style=\"background-color:#fffff0\"><\/span><div class=\"wp-block-cover__inner-container is-layout-constrained wp-block-cover-is-layout-constrained\">\n<p class=\"has-text-align-center has-text-color has-link-color wp-elements-52882090761f1ac4ba67490b8f9dfbb8\" style=\"color:#52b788;font-size:30px\"><strong>INSCRIPTIONS<\/strong><\/p>\n\n\n\n<p class=\"has-text-color has-link-color has-medium-font-size wp-elements-4583f6227790ffbeb1c3a33100e714a7\" style=\"color:#333333\">Les inscriptions ont lieu au moment du lancement d&rsquo;un nouveau contrat, mais il est tout \u00e0 fait possible de s\u2019inscrire en cours de saison en fonction des places disponibles. Un contrat avec chaque producteur est sign\u00e9 par les amapiens.<\/p>\n\n\n\n<p class=\"has-text-color has-link-color has-medium-font-size wp-elements-c1c8f2874f304f68165f1826ae7a095a\" style=\"color:#333333\">L&rsquo;amapien s&rsquo;inscrit sur un ou plusieurs contrats,  au choix. Il s\u2019engage ainsi \u00e0 pr\u00e9financer la production : les r\u00e9f\u00e9rents de chaque partenariat r\u00e9cup\u00e8rent lors de l\u2019inscription tous les ch\u00e8ques de l\u2019ann\u00e9e qu\u2019ils transmettent au fur et \u00e0 mesure aux producteurs.<\/p>\n\n\n\n<p class=\"has-text-color has-link-color has-medium-font-size wp-elements-2e2066b950c15492413b6b0218df165d\" style=\"color:#333333\">Le contenu des paniers et les conditions d&rsquo;inscription d\u00e9pendent de chaque paysan et de leurs propres contraintes de production.  <\/p>\n\n\n\n<p><\/p>\n\n\n\n<div class=\"wp-block-buttons is-content-justification-center is-layout-flex wp-container-core-buttons-is-layout-c685d7dc wp-block-buttons-is-layout-flex\">\n<div class=\"wp-block-button\"><a class=\"wp-block-button__link has-text-color has-link-color wp-element-button\" href=\"https:\/\/www.amapbrax31.org\/?page_id=160\" style=\"color:#386641\"><strong>Rejoindre l&rsquo;AMAP<\/strong><\/a><\/div>\n\n\n\n<div class=\"wp-block-button\"><a class=\"wp-block-button__link has-text-color has-link-color wp-element-button\" href=\"https:\/\/www.amapbrax31.org\/?page_id=841\" style=\"color:#386641\"><strong>AMAPJ<\/strong><\/a><\/div>\n<\/div>\n<\/div><\/div>\n<\/div>\n<\/div>\n\n\n\n<div class=\"wp-block-columns alignfull is-layout-flex wp-container-core-columns-is-layout-28f84493 wp-block-columns-is-layout-flex\">\n<div class=\"wp-block-column is-layout-flow wp-block-column-is-layout-flow\">\n<div class=\"wp-block-cover is-light wp-duotone-grayscale\" style=\"border-top-left-radius:20px;border-top-right-radius:20px;border-bottom-left-radius:20px;border-bottom-right-radius:20px;min-height:600px;aspect-ratio:unset;\"><img loading=\"lazy\" decoding=\"async\" width=\"600\" height=\"399\" class=\"wp-block-cover__image-background wp-image-906 size-full\" alt=\"\" src=\"https:\/\/www.amapbrax31.org\/wp-content\/uploads\/2026\/03\/sollange-brenis-oCDvUGPSy94-unsplash-redimensionne-taille-moyenne.jpeg\" data-object-fit=\"cover\" srcset=\"https:\/\/www.amapbrax31.org\/wp-content\/uploads\/2026\/03\/sollange-brenis-oCDvUGPSy94-unsplash-redimensionne-taille-moyenne.jpeg 600w, https:\/\/www.amapbrax31.org\/wp-content\/uploads\/2026\/03\/sollange-brenis-oCDvUGPSy94-unsplash-redimensionne-taille-moyenne-300x200.jpeg 300w\" sizes=\"auto, (max-width: 600px) 100vw, 600px\" \/><span aria-hidden=\"true\" class=\"wp-block-cover__background has-background-dim-80 has-background-dim\" style=\"background-color:#fdf5e6\"><\/span><div class=\"wp-block-cover__inner-container is-layout-constrained wp-block-cover-is-layout-constrained\">\n<p class=\"has-text-align-center has-text-color has-link-color wp-elements-45f40f2908b03453666137cbf5c33fa6\" style=\"color:#52b788;font-size:30px\"><strong>ADH\u00c9SIONS<\/strong><\/p>\n\n\n\n<p class=\"has-text-color has-link-color has-medium-font-size wp-elements-dd4155a2828eac02a6baa11062f77c6f\" style=\"color:#333333\">Association loi 1901, l\u2019AMAP demande une adh\u00e9sion d&rsquo;un minimum de 5\u20ac par an par foyer adh\u00e9rent. Cette cotisation permet de financer ses \u00e9v\u00e8nements et son fonctionnement : frais bancaires, abonnement \u00e0 AMAPJ, h\u00e9bergeur du site internet, achat de mat\u00e9riel. Paiement en liquide, virement bancaire ou par ch\u00e8que \u00e0 l&rsquo;ordre de l&rsquo;AMAP Les Gourmets de Brax.<\/p>\n\n\n\n<p class=\"has-text-color has-link-color has-medium-font-size wp-elements-28a17687ca8d7844f9678a325e245f76\" style=\"color:#333333\">L\u2019AMAP est membre du R\u00e9seau des AMAP Midi-Pyr\u00e9n\u00e9es, qui nous assure et nous accompagne autant que de besoin. En 2026, l\u2019adh\u00e9sion est fix\u00e9e \u00e0 20 euros par foyer adh\u00e9rent. Paiement par ch\u00e8que uniquement \u00e0 l&rsquo;ordre du R\u00e9seau des AMAP Midi-Pyr\u00e9n\u00e9es<\/p>\n\n\n\n<p class=\"has-text-color has-link-color has-medium-font-size wp-elements-f37d520f79c8daddf31339d3dd45afef\" style=\"color:#333333\">Les formulaires d\u2019adh\u00e9sion sont remis lors de l\u2019inscription ou il est possible de les t\u00e9l\u00e9charger (boutons ci-dessous).<\/p>\n\n\n\n<div class=\"wp-block-buttons is-content-justification-center is-layout-flex wp-container-core-buttons-is-layout-a89b3969 wp-block-buttons-is-layout-flex\">\n<div class=\"wp-block-button\"><a class=\"wp-block-button__link has-text-color has-link-color wp-element-button\" href=\"https:\/\/www.amapbrax31.org\/wp-content\/uploads\/2026\/02\/Bulletin-adhesion-Les-Gourmets-de-Brax-2026.pdf\" style=\"color:#386641\" target=\"_blank\" rel=\"noreferrer noopener\"><strong>Bulletin d&rsquo;adh\u00e9sion \u00e0 l&rsquo;association les Gourmets de Brax<\/strong><\/a><\/div>\n\n\n\n<div class=\"wp-block-button\"><a class=\"wp-block-button__link has-text-color has-link-color wp-element-button\" href=\"https:\/\/www.amapbrax31.org\/wp-content\/uploads\/2026\/02\/Bulletin-adhesion-reseau-AMAP-Midi-Pyrenees-2026.pdf\" style=\"color:#386641\" target=\"_blank\" rel=\"noreferrer noopener\"><strong>Bulletin d&rsquo;adh\u00e9sion au R\u00e9seau des AMAP Midi-Pyr\u00e9n\u00e9es<\/strong><\/a><\/div>\n<\/div>\n<\/div><\/div>\n<\/div>\n\n\n\n<div class=\"wp-block-column is-layout-flow wp-block-column-is-layout-flow\">\n<div class=\"wp-block-cover is-light\" style=\"border-top-left-radius:20px;border-top-right-radius:20px;border-bottom-left-radius:20px;border-bottom-right-radius:20px;min-height:600px;aspect-ratio:unset;\"><img loading=\"lazy\" decoding=\"async\" width=\"600\" height=\"337\" class=\"wp-block-cover__image-background wp-image-908 size-full\" alt=\"\" src=\"https:\/\/www.amapbrax31.org\/wp-content\/uploads\/2026\/03\/chantal-garnier-910GanwBoew-unsplash-redimensionne-taille-moyenne.jpeg\" data-object-fit=\"cover\" srcset=\"https:\/\/www.amapbrax31.org\/wp-content\/uploads\/2026\/03\/chantal-garnier-910GanwBoew-unsplash-redimensionne-taille-moyenne.jpeg 600w, https:\/\/www.amapbrax31.org\/wp-content\/uploads\/2026\/03\/chantal-garnier-910GanwBoew-unsplash-redimensionne-taille-moyenne-300x169.jpeg 300w\" sizes=\"auto, (max-width: 600px) 100vw, 600px\" \/><span aria-hidden=\"true\" class=\"wp-block-cover__background has-background-dim-80 has-background-dim\" style=\"background-color:#f8f8ff\"><\/span><div class=\"wp-block-cover__inner-container is-layout-constrained wp-block-cover-is-layout-constrained\">\n<p class=\"has-text-align-center has-text-color has-link-color wp-elements-ab3b402de05d89f5571d1edbb3e0b8f7\" style=\"color:#52b788;font-size:30px\"><strong>DISTRIBUTION<\/strong><\/p>\n\n\n\n<p class=\"has-text-color has-link-color has-medium-font-size wp-elements-d607beeeaaffce3387ecc0a8fd327715\" style=\"color:#333333\">Les distributions ont lieu tous les vendredis de 18h \u00e0 19h \u00e0 la Grange Gailhaguet &#8211; Place Fran\u00e7ois Verdier. Mais les horaires et le lieu peuvent varier ponctuellement. <\/p>\n\n\n\n<p class=\"has-text-color has-link-color has-medium-font-size wp-elements-545328011fcb46316f8472048b2d2203\" style=\"color:#333333\">Un amapien b\u00e9n\u00e9vole g\u00e8re la distribution, en s\u2019inscrivant via la plateforme AMAPJ. Ces inscriptions sont ouvertes par trimestre.<\/p>\n\n\n\n<p class=\"has-text-color has-link-color has-medium-font-size wp-elements-532bbc54657d20c84a3de1a3975b4821\" style=\"color:#333333\">Lors de son adh\u00e9sion, chaque amapien.ne s\u2019engage \u00e0 r\u00e9aliser au moins une permanence au cours de l\u2019ann\u00e9e. Le permanencier aide les paysans \u00e0 d\u00e9charger et recharger leurs v\u00e9hicules, s&rsquo;assure que tous les amapiens soient venus et aient sign\u00e9 la feuille d&rsquo;\u00e9margement, et veille \u00e0 ce que le lieu de distribution soit propre et que la lumi\u00e8re soit \u00e9teinte en fin de distribution.<\/p>\n\n\n\n<div class=\"wp-block-buttons is-content-justification-center is-layout-flex wp-container-core-buttons-is-layout-a89b3969 wp-block-buttons-is-layout-flex\">\n<div class=\"wp-block-button\"><a class=\"wp-block-button__link has-text-color has-link-color has-text-align-center wp-element-button\" href=\"https:\/\/www.amapbrax31.org\/?page_id=841\" style=\"color:#386641\"><strong>AMAPJ<\/strong><\/a><\/div>\n\n\n\n<div class=\"wp-block-button\"><a class=\"wp-block-button__link has-text-color has-link-color wp-element-button\" href=\"https:\/\/www.amapbrax31.org\/?page_id=759\" style=\"color:#386641\"><strong>Agenda des distributions<\/strong><\/a><\/div>\n<\/div>\n\n\n\n<p><\/p>\n<\/div><\/div>\n<\/div>\n<\/div>\n\n\n\n<p><\/p>\n\n\n\n<div class=\"wp-block-buttons is-content-justification-center is-layout-flex wp-container-core-buttons-is-layout-a89b3969 wp-block-buttons-is-layout-flex\">\n<div class=\"wp-block-button\"><a class=\"wp-block-button__link has-text-color has-link-color has-medium-font-size has-text-align-center has-custom-font-size wp-element-button\" href=\"https:\/\/www.amapbrax31.org\/?page_id=149&amp;preview=true\" style=\"color:#386641\"><strong>Consultez notre foire aux questions<\/strong><\/a><\/div>\n<\/div>\n\n\n\n<p><\/p>\n\n\n\n<p><\/p>\n\n\n\n<p><\/p>\n","protected":false},"excerpt":{"rendered":"<p>FONCTIONNEMENT Les Grands Principes<\/p>\n","protected":false},"author":2,"featured_media":0,"parent":0,"menu_order":0,"comment_status":"closed","ping_status":"closed","template":"","meta":{"site-sidebar-layout":"default","site-content-layout":"","ast-site-content-layout":"default","site-content-style":"default","site-sidebar-style":"default","ast-global-header-display":"","ast-banner-title-visibility":"","ast-main-header-display":"","ast-hfb-above-header-display":"","ast-hfb-below-header-display":"","ast-hfb-mobile-header-display":"","site-post-title":"disabled","ast-breadcrumbs-content":"","ast-featured-img":"","footer-sml-layout":"","ast-disable-related-posts":"","theme-transparent-header-meta":"","adv-header-id-meta":"","stick-header-meta":"","header-above-stick-meta":"","header-main-stick-meta":"","header-below-stick-meta":"","astra-migrate-meta-layouts":"default","ast-page-background-enabled":"default","ast-page-background-meta":{"desktop":{"background-color":"var(--ast-global-color-5)","background-image":"","background-repeat":"repeat","background-position":"center center","background-size":"auto","background-attachment":"scroll","background-type":"","background-media":"","overlay-type":"","overlay-color":"","overlay-opacity":"","overlay-gradient":""},"tablet":{"background-color":"","background-image":"","background-repeat":"repeat","background-position":"center center","background-size":"auto","background-attachment":"scroll","background-type":"","background-media":"","overlay-type":"","overlay-color":"","overlay-opacity":"","overlay-gradient":""},"mobile":{"background-color":"","background-image":"","background-repeat":"repeat","background-position":"center center","background-size":"auto","background-attachment":"scroll","background-type":"","background-media":"","overlay-type":"","overlay-color":"","overlay-opacity":"","overlay-gradient":""}},"ast-content-background-meta":{"desktop":{"background-color":"var(--ast-global-color-4)","background-image":"","background-repeat":"repeat","background-position":"center center","background-size":"auto","background-attachment":"scroll","background-type":"","background-media":"","overlay-type":"","overlay-color":"","overlay-opacity":"","overlay-gradient":""},"tablet":{"background-color":"var(--ast-global-color-4)","background-image":"","background-repeat":"repeat","background-position":"center center","background-size":"auto","background-attachment":"scroll","background-type":"","background-media":"","overlay-type":"","overlay-color":"","overlay-opacity":"","overlay-gradient":""},"mobile":{"background-color":"var(--ast-global-color-4)","background-image":"","background-repeat":"repeat","background-position":"center center","background-size":"auto","background-attachment":"scroll","background-type":"","background-media":"","overlay-type":"","overlay-color":"","overlay-opacity":"","overlay-gradient":""}},"footnotes":""},"class_list":["post-172","page","type-page","status-publish","hentry"],"_links":{"self":[{"href":"https:\/\/www.amapbrax31.org\/index.php?rest_route=\/wp\/v2\/pages\/172","targetHints":{"allow":["GET"]}}],"collection":[{"href":"https:\/\/www.amapbrax31.org\/index.php?rest_route=\/wp\/v2\/pages"}],"about":[{"href":"https:\/\/www.amapbrax31.org\/index.php?rest_route=\/wp\/v2\/types\/page"}],"author":[{"embeddable":true,"href":"https:\/\/www.amapbrax31.org\/index.php?rest_route=\/wp\/v2\/users\/2"}],"replies":[{"embeddable":true,"href":"https:\/\/www.amapbrax31.org\/index.php?rest_route=%2Fwp%2Fv2%2Fcomments&post=172"}],"version-history":[{"count":34,"href":"https:\/\/www.amapbrax31.org\/index.php?rest_route=\/wp\/v2\/pages\/172\/revisions"}],"predecessor-version":[{"id":1436,"href":"https:\/\/www.amapbrax31.org\/index.php?rest_route=\/wp\/v2\/pages\/172\/revisions\/1436"}],"wp:attachment":[{"href":"https:\/\/www.amapbrax31.org\/index.php?rest_route=%2Fwp%2Fv2%2Fmedia&parent=172"}],"curies":[{"name":"wp","href":"https:\/\/api.w.org\/{rel}","templated":true}]}}