{"id":187,"date":"2026-03-14T12:34:05","date_gmt":"2026-03-14T11:34:05","guid":{"rendered":"https:\/\/www.amapbrax31.org\/?page_id=187"},"modified":"2026-04-11T11:32:07","modified_gmt":"2026-04-11T09:32:07","slug":"nos-paniers-et-tarifs","status":"publish","type":"page","link":"https:\/\/www.amapbrax31.org\/?page_id=187","title":{"rendered":"Paniers, Tarifs &amp; Producteurs"},"content":{"rendered":"\n<div class=\"wp-block-columns alignfull are-vertically-aligned-center has-background is-layout-flex wp-container-core-columns-is-layout-28f84493 wp-block-columns-is-layout-flex\" style=\"background-color:#f4f1de\">\n<div class=\"wp-block-column is-vertically-aligned-center is-layout-flow wp-block-column-is-layout-flow\" style=\"flex-basis:66.66%\">\n<h2 class=\"wp-block-heading has-text-align-right has-x-large-font-size\"><strong>PANIERS, TARIFS ET PRODUCTEURS<\/strong><\/h2>\n<\/div>\n\n\n\n<div class=\"wp-block-column is-vertically-aligned-center is-layout-flow wp-block-column-is-layout-flow\" style=\"flex-basis:33.33%\">\n<figure class=\"wp-block-image size-full\"><img loading=\"lazy\" decoding=\"async\" width=\"64\" height=\"64\" src=\"https:\/\/www.amapbrax31.org\/wp-content\/uploads\/2026\/03\/utilisateur-mangeant.png\" alt=\"\" class=\"wp-image-848\"\/><\/figure>\n<\/div>\n<\/div>\n\n\n\n<p><\/p>\n\n\n\n<p class=\"has-text-align-center has-medium-font-size\">L&rsquo;Association propose un grand choix de produits, auxquels vous pouvez librement souscrire tout au long de l&rsquo;ann\u00e9e.<\/p>\n\n\n\n<p class=\"has-text-align-center has-text-color has-link-color wp-elements-8a6f22d7bcb75c21626323c501681bd3\" style=\"color:#52b788;font-size:30px\"><strong>13 contrats diff\u00e9rents ! <\/strong><\/p>\n\n\n\n<p class=\"has-text-align-center has-medium-font-size\">Mais \u00e9galement des commandes sp\u00e9ciales (r\u00e9serv\u00e9es aux adh\u00e9rents).<\/p>\n\n\n\n<p class=\"has-text-align-center has-medium-font-size\">D\u00e9couvrez tous les types de paniers, leurs tarifs et les paysans qui vous proposent ces d\u00e9licieux produits, biologiques et locaux.<\/p>\n\n\n\n<p><\/p>\n\n\n\n<figure class=\"wp-block-gallery has-nested-images columns-default is-cropped wp-block-gallery-1 is-layout-flex wp-block-gallery-is-layout-flex\">\n<figure class=\"wp-block-image size-full has-custom-border\"><a href=\"https:\/\/www.amapbrax31.org\/?page_id=136\"><img loading=\"lazy\" decoding=\"async\" width=\"2560\" height=\"1440\" data-id=\"1010\" src=\"https:\/\/www.amapbrax31.org\/wp-content\/uploads\/2026\/03\/20150710_191203-scaled.jpg\" alt=\"\" class=\"wp-image-1010\" style=\"border-top-left-radius:20px;border-top-right-radius:20px;border-bottom-left-radius:20px;border-bottom-right-radius:20px\" srcset=\"https:\/\/www.amapbrax31.org\/wp-content\/uploads\/2026\/03\/20150710_191203-scaled.jpg 2560w, https:\/\/www.amapbrax31.org\/wp-content\/uploads\/2026\/03\/20150710_191203-300x169.jpg 300w, https:\/\/www.amapbrax31.org\/wp-content\/uploads\/2026\/03\/20150710_191203-1024x576.jpg 1024w, https:\/\/www.amapbrax31.org\/wp-content\/uploads\/2026\/03\/20150710_191203-768x432.jpg 768w, https:\/\/www.amapbrax31.org\/wp-content\/uploads\/2026\/03\/20150710_191203-1536x864.jpg 1536w, https:\/\/www.amapbrax31.org\/wp-content\/uploads\/2026\/03\/20150710_191203-2048x1152.jpg 2048w\" sizes=\"auto, (max-width: 2560px) 100vw, 2560px\" \/><\/a><figcaption class=\"wp-element-caption\"><strong>L\u00e9gumes<\/strong><\/figcaption><\/figure>\n\n\n\n<figure class=\"wp-block-image size-large has-custom-border\"><a href=\"https:\/\/www.amapbrax31.org\/?page_id=141\"><img loading=\"lazy\" decoding=\"async\" width=\"600\" height=\"400\" data-id=\"850\" src=\"https:\/\/www.amapbrax31.org\/wp-content\/uploads\/2026\/03\/priscilla-du-preez-CoqJGsFVJtM-unsplash-redimensionne-taille-moyenne.jpeg\" alt=\"\" class=\"wp-image-850\" style=\"border-top-left-radius:20px;border-top-right-radius:20px;border-bottom-left-radius:20px;border-bottom-right-radius:20px\" srcset=\"https:\/\/www.amapbrax31.org\/wp-content\/uploads\/2026\/03\/priscilla-du-preez-CoqJGsFVJtM-unsplash-redimensionne-taille-moyenne.jpeg 600w, https:\/\/www.amapbrax31.org\/wp-content\/uploads\/2026\/03\/priscilla-du-preez-CoqJGsFVJtM-unsplash-redimensionne-taille-moyenne-300x200.jpeg 300w\" sizes=\"auto, (max-width: 600px) 100vw, 600px\" \/><\/a><figcaption class=\"wp-element-caption\"><strong>Fruits<\/strong><\/figcaption><\/figure>\n\n\n\n<figure class=\"wp-block-image size-large has-custom-border\"><a href=\"https:\/\/www.amapbrax31.org\/?page_id=318\"><img loading=\"lazy\" decoding=\"async\" width=\"600\" height=\"400\" data-id=\"851\" src=\"https:\/\/www.amapbrax31.org\/wp-content\/uploads\/2026\/03\/jk-sloan-9zLa37VNL38-unsplash-redimensionne-taille-moyenne.jpeg\" alt=\"\" class=\"wp-image-851\" style=\"border-top-left-radius:20px;border-top-right-radius:20px;border-bottom-left-radius:20px;border-bottom-right-radius:20px\" srcset=\"https:\/\/www.amapbrax31.org\/wp-content\/uploads\/2026\/03\/jk-sloan-9zLa37VNL38-unsplash-redimensionne-taille-moyenne.jpeg 600w, https:\/\/www.amapbrax31.org\/wp-content\/uploads\/2026\/03\/jk-sloan-9zLa37VNL38-unsplash-redimensionne-taille-moyenne-300x200.jpeg 300w\" sizes=\"auto, (max-width: 600px) 100vw, 600px\" \/><\/a><figcaption class=\"wp-element-caption\"><strong>Volailles-Oeufs<\/strong><\/figcaption><\/figure>\n\n\n\n<figure class=\"wp-block-image size-large has-custom-border\"><a href=\"https:\/\/www.amapbrax31.org\/?page_id=225\"><img loading=\"lazy\" decoding=\"async\" width=\"600\" height=\"600\" data-id=\"852\" src=\"https:\/\/www.amapbrax31.org\/wp-content\/uploads\/2026\/03\/neil-marshall-2nJ7fYeuXVI-unsplash-redimensionne-taille-moyenne.jpeg\" alt=\"\" class=\"wp-image-852\" style=\"border-top-left-radius:20px;border-top-right-radius:20px;border-bottom-left-radius:20px;border-bottom-right-radius:20px\" srcset=\"https:\/\/www.amapbrax31.org\/wp-content\/uploads\/2026\/03\/neil-marshall-2nJ7fYeuXVI-unsplash-redimensionne-taille-moyenne.jpeg 600w, https:\/\/www.amapbrax31.org\/wp-content\/uploads\/2026\/03\/neil-marshall-2nJ7fYeuXVI-unsplash-redimensionne-taille-moyenne-300x300.jpeg 300w, https:\/\/www.amapbrax31.org\/wp-content\/uploads\/2026\/03\/neil-marshall-2nJ7fYeuXVI-unsplash-redimensionne-taille-moyenne-150x150.jpeg 150w\" sizes=\"auto, (max-width: 600px) 100vw, 600px\" \/><\/a><figcaption class=\"wp-element-caption\"><strong>Agneau-Mouton<\/strong><\/figcaption><\/figure>\n\n\n\n<figure class=\"wp-block-image size-large has-custom-border\"><a href=\"https:\/\/www.amapbrax31.org\/?page_id=309\"><img loading=\"lazy\" decoding=\"async\" width=\"600\" height=\"400\" data-id=\"854\" src=\"https:\/\/www.amapbrax31.org\/wp-content\/uploads\/2026\/03\/sergey-kotenev-sV8Cl0_3UcY-unsplash-redimensionne-taille-moyenne.jpeg\" alt=\"\" class=\"wp-image-854\" style=\"border-top-left-radius:20px;border-top-right-radius:20px;border-bottom-left-radius:20px;border-bottom-right-radius:20px\" srcset=\"https:\/\/www.amapbrax31.org\/wp-content\/uploads\/2026\/03\/sergey-kotenev-sV8Cl0_3UcY-unsplash-redimensionne-taille-moyenne.jpeg 600w, https:\/\/www.amapbrax31.org\/wp-content\/uploads\/2026\/03\/sergey-kotenev-sV8Cl0_3UcY-unsplash-redimensionne-taille-moyenne-300x200.jpeg 300w\" sizes=\"auto, (max-width: 600px) 100vw, 600px\" \/><\/a><figcaption class=\"wp-element-caption\"><strong>Veau-B\u0153uf<\/strong><\/figcaption><\/figure>\n\n\n\n<figure class=\"wp-block-image size-large has-custom-border\"><a href=\"https:\/\/www.amapbrax31.org\/?page_id=233\"><img loading=\"lazy\" decoding=\"async\" width=\"600\" height=\"400\" data-id=\"855\" src=\"https:\/\/www.amapbrax31.org\/wp-content\/uploads\/2026\/03\/Cine-Cyclo-2023-5-redimensionne-taille-moyenne.jpeg\" alt=\"\" class=\"wp-image-855\" style=\"border-top-left-radius:20px;border-top-right-radius:20px;border-bottom-left-radius:20px;border-bottom-right-radius:20px\" srcset=\"https:\/\/www.amapbrax31.org\/wp-content\/uploads\/2026\/03\/Cine-Cyclo-2023-5-redimensionne-taille-moyenne.jpeg 600w, https:\/\/www.amapbrax31.org\/wp-content\/uploads\/2026\/03\/Cine-Cyclo-2023-5-redimensionne-taille-moyenne-300x200.jpeg 300w\" sizes=\"auto, (max-width: 600px) 100vw, 600px\" \/><\/a><figcaption class=\"wp-element-caption\"><strong>Cochon<\/strong><\/figcaption><\/figure>\n\n\n\n<figure class=\"wp-block-image size-large has-custom-border\"><a href=\"https:\/\/www.amapbrax31.org\/?page_id=269\"><img loading=\"lazy\" decoding=\"async\" width=\"1024\" height=\"679\" data-id=\"856\" src=\"https:\/\/www.amapbrax31.org\/wp-content\/uploads\/2026\/03\/WhatsApp-Image-2026-03-19-at-20.52.02-1-1024x679.jpeg\" alt=\"\" class=\"wp-image-856\" style=\"border-top-left-radius:20px;border-top-right-radius:20px;border-bottom-left-radius:20px;border-bottom-right-radius:20px\" srcset=\"https:\/\/www.amapbrax31.org\/wp-content\/uploads\/2026\/03\/WhatsApp-Image-2026-03-19-at-20.52.02-1-1024x679.jpeg 1024w, https:\/\/www.amapbrax31.org\/wp-content\/uploads\/2026\/03\/WhatsApp-Image-2026-03-19-at-20.52.02-1-300x199.jpeg 300w, https:\/\/www.amapbrax31.org\/wp-content\/uploads\/2026\/03\/WhatsApp-Image-2026-03-19-at-20.52.02-1-768x509.jpeg 768w, https:\/\/www.amapbrax31.org\/wp-content\/uploads\/2026\/03\/WhatsApp-Image-2026-03-19-at-20.52.02-1-1536x1019.jpeg 1536w, https:\/\/www.amapbrax31.org\/wp-content\/uploads\/2026\/03\/WhatsApp-Image-2026-03-19-at-20.52.02-1.jpeg 2048w\" sizes=\"auto, (max-width: 1024px) 100vw, 1024px\" \/><\/a><figcaption class=\"wp-element-caption\"><strong>Fromages de Ch\u00e8vre<\/strong><\/figcaption><\/figure>\n\n\n\n<figure class=\"wp-block-image size-large has-custom-border\"><a href=\"https:\/\/www.amapbrax31.org\/?page_id=350\"><img loading=\"lazy\" decoding=\"async\" width=\"600\" height=\"363\" data-id=\"863\" src=\"https:\/\/www.amapbrax31.org\/wp-content\/uploads\/2026\/03\/lena-kudryavtseva-Zrc_NGb3eAA-unsplash1-redimensionne-taille-moyenne.jpeg\" alt=\"\" class=\"wp-image-863\" style=\"border-top-left-radius:20px;border-top-right-radius:20px;border-bottom-left-radius:20px;border-bottom-right-radius:20px\" srcset=\"https:\/\/www.amapbrax31.org\/wp-content\/uploads\/2026\/03\/lena-kudryavtseva-Zrc_NGb3eAA-unsplash1-redimensionne-taille-moyenne.jpeg 600w, https:\/\/www.amapbrax31.org\/wp-content\/uploads\/2026\/03\/lena-kudryavtseva-Zrc_NGb3eAA-unsplash1-redimensionne-taille-moyenne-300x182.jpeg 300w\" sizes=\"auto, (max-width: 600px) 100vw, 600px\" \/><\/a><figcaption class=\"wp-element-caption\"><strong>Fromages de Brebis<\/strong><\/figcaption><\/figure>\n\n\n\n<figure class=\"wp-block-image size-full has-custom-border\"><a href=\"https:\/\/www.amapbrax31.org\/?page_id=408\"><img loading=\"lazy\" decoding=\"async\" width=\"920\" height=\"920\" data-id=\"1274\" src=\"https:\/\/www.amapbrax31.org\/wp-content\/uploads\/2026\/04\/WhatsApp-Image-2026-04-09-at-20.27.32.jpeg\" alt=\"\" class=\"wp-image-1274\" style=\"border-top-left-radius:20px;border-top-right-radius:20px;border-bottom-left-radius:20px;border-bottom-right-radius:20px\" srcset=\"https:\/\/www.amapbrax31.org\/wp-content\/uploads\/2026\/04\/WhatsApp-Image-2026-04-09-at-20.27.32.jpeg 920w, https:\/\/www.amapbrax31.org\/wp-content\/uploads\/2026\/04\/WhatsApp-Image-2026-04-09-at-20.27.32-300x300.jpeg 300w, https:\/\/www.amapbrax31.org\/wp-content\/uploads\/2026\/04\/WhatsApp-Image-2026-04-09-at-20.27.32-150x150.jpeg 150w, https:\/\/www.amapbrax31.org\/wp-content\/uploads\/2026\/04\/WhatsApp-Image-2026-04-09-at-20.27.32-768x768.jpeg 768w\" sizes=\"auto, (max-width: 920px) 100vw, 920px\" \/><\/a><figcaption class=\"wp-element-caption\"><strong>Farines, L\u00e9gumineuses, P\u00e2tes et Huile<\/strong>s<\/figcaption><\/figure>\n\n\n\n<figure class=\"wp-block-image size-large has-custom-border\"><a href=\"https:\/\/www.amapbrax31.org\/?page_id=282\"><img loading=\"lazy\" decoding=\"async\" width=\"600\" height=\"400\" data-id=\"860\" src=\"https:\/\/www.amapbrax31.org\/wp-content\/uploads\/2026\/03\/benyamin-bohlouli-Rcj302Npzis-unsplash-redimensionne-taille-moyenne.jpeg\" alt=\"\" class=\"wp-image-860\" style=\"border-top-left-radius:20px;border-top-right-radius:20px;border-bottom-left-radius:20px;border-bottom-right-radius:20px\" srcset=\"https:\/\/www.amapbrax31.org\/wp-content\/uploads\/2026\/03\/benyamin-bohlouli-Rcj302Npzis-unsplash-redimensionne-taille-moyenne.jpeg 600w, https:\/\/www.amapbrax31.org\/wp-content\/uploads\/2026\/03\/benyamin-bohlouli-Rcj302Npzis-unsplash-redimensionne-taille-moyenne-300x200.jpeg 300w\" sizes=\"auto, (max-width: 600px) 100vw, 600px\" \/><\/a><figcaption class=\"wp-element-caption\"><strong>Miel<\/strong><\/figcaption><\/figure>\n\n\n\n<figure class=\"wp-block-image size-large has-custom-border\"><a href=\"https:\/\/www.amapbrax31.org\/?page_id=290\"><img loading=\"lazy\" decoding=\"async\" width=\"600\" height=\"429\" data-id=\"859\" src=\"https:\/\/www.amapbrax31.org\/wp-content\/uploads\/2026\/03\/daria-nepriakhina-0gya0UbwPs-unsplash-redimensionne-taille-moyenne.jpeg\" alt=\"\" class=\"wp-image-859\" style=\"border-top-left-radius:20px;border-top-right-radius:20px;border-bottom-left-radius:20px;border-bottom-right-radius:20px\" srcset=\"https:\/\/www.amapbrax31.org\/wp-content\/uploads\/2026\/03\/daria-nepriakhina-0gya0UbwPs-unsplash-redimensionne-taille-moyenne.jpeg 600w, https:\/\/www.amapbrax31.org\/wp-content\/uploads\/2026\/03\/daria-nepriakhina-0gya0UbwPs-unsplash-redimensionne-taille-moyenne-300x215.jpeg 300w\" sizes=\"auto, (max-width: 600px) 100vw, 600px\" \/><\/a><figcaption class=\"wp-element-caption\"><strong>Muesli-Granola<\/strong><\/figcaption><\/figure>\n\n\n\n<figure class=\"wp-block-image size-large has-custom-border\"><a href=\"https:\/\/www.amapbrax31.org\/?page_id=299\"><img loading=\"lazy\" decoding=\"async\" width=\"600\" height=\"386\" data-id=\"861\" src=\"https:\/\/www.amapbrax31.org\/wp-content\/uploads\/2026\/03\/townsend-walton-Cac5P_x4jaI-unsplash-redimensionne-taille-moyenne.jpeg\" alt=\"\" class=\"wp-image-861\" style=\"border-top-left-radius:20px;border-top-right-radius:20px;border-bottom-left-radius:20px;border-bottom-right-radius:20px\" srcset=\"https:\/\/www.amapbrax31.org\/wp-content\/uploads\/2026\/03\/townsend-walton-Cac5P_x4jaI-unsplash-redimensionne-taille-moyenne.jpeg 600w, https:\/\/www.amapbrax31.org\/wp-content\/uploads\/2026\/03\/townsend-walton-Cac5P_x4jaI-unsplash-redimensionne-taille-moyenne-300x193.jpeg 300w\" sizes=\"auto, (max-width: 600px) 100vw, 600px\" \/><\/a><figcaption class=\"wp-element-caption\"><strong>Produits Transform\u00e9s<\/strong><\/figcaption><\/figure>\n\n\n\n<figure class=\"wp-block-image size-large has-custom-border\"><a href=\"https:\/\/www.amapbrax31.org\/?page_id=73\"><img loading=\"lazy\" decoding=\"async\" width=\"600\" height=\"450\" data-id=\"858\" src=\"https:\/\/www.amapbrax31.org\/wp-content\/uploads\/2026\/03\/surabhi-p89tviwThn0-unsplash-redimensionne-taille-moyenne.jpeg\" alt=\"\" class=\"wp-image-858\" style=\"border-top-left-radius:20px;border-top-right-radius:20px;border-bottom-left-radius:20px;border-bottom-right-radius:20px\" srcset=\"https:\/\/www.amapbrax31.org\/wp-content\/uploads\/2026\/03\/surabhi-p89tviwThn0-unsplash-redimensionne-taille-moyenne.jpeg 600w, https:\/\/www.amapbrax31.org\/wp-content\/uploads\/2026\/03\/surabhi-p89tviwThn0-unsplash-redimensionne-taille-moyenne-300x225.jpeg 300w\" sizes=\"auto, (max-width: 600px) 100vw, 600px\" \/><\/a><figcaption class=\"wp-element-caption\"><strong>Tisanes<\/strong><\/figcaption><\/figure>\n\n\n\n<figure class=\"wp-block-image size-large has-custom-border\"><a href=\"https:\/\/www.amapbrax31.org\/?page_id=875\"><img loading=\"lazy\" decoding=\"async\" width=\"1024\" height=\"692\" data-id=\"871\" src=\"https:\/\/www.amapbrax31.org\/wp-content\/uploads\/2026\/03\/WhatsApp-Image-2026-03-19-at-21.45.40-1024x692.jpeg\" alt=\"\" class=\"wp-image-871\" style=\"border-top-left-radius:20px;border-top-right-radius:20px;border-bottom-left-radius:20px;border-bottom-right-radius:20px\" srcset=\"https:\/\/www.amapbrax31.org\/wp-content\/uploads\/2026\/03\/WhatsApp-Image-2026-03-19-at-21.45.40-1024x692.jpeg 1024w, https:\/\/www.amapbrax31.org\/wp-content\/uploads\/2026\/03\/WhatsApp-Image-2026-03-19-at-21.45.40-300x203.jpeg 300w, https:\/\/www.amapbrax31.org\/wp-content\/uploads\/2026\/03\/WhatsApp-Image-2026-03-19-at-21.45.40-768x519.jpeg 768w, https:\/\/www.amapbrax31.org\/wp-content\/uploads\/2026\/03\/WhatsApp-Image-2026-03-19-at-21.45.40.jpeg 1072w\" sizes=\"auto, (max-width: 1024px) 100vw, 1024px\" \/><\/a><figcaption class=\"wp-element-caption\"><strong>Pain<\/strong><\/figcaption><\/figure>\n\n\n\n<figure class=\"wp-block-image size-large has-custom-border\"><a href=\"https:\/\/www.amapbrax31.org\/?page_id=878\"><img loading=\"lazy\" decoding=\"async\" width=\"1024\" height=\"1024\" data-id=\"857\" src=\"https:\/\/www.amapbrax31.org\/wp-content\/uploads\/2026\/03\/79206632_1423586797821156_2973031943462977536_n-1024x1024.jpg\" alt=\"\" class=\"wp-image-857\" style=\"border-top-left-radius:20px;border-top-right-radius:20px;border-bottom-left-radius:20px;border-bottom-right-radius:20px\" srcset=\"https:\/\/www.amapbrax31.org\/wp-content\/uploads\/2026\/03\/79206632_1423586797821156_2973031943462977536_n-1024x1024.jpg 1024w, https:\/\/www.amapbrax31.org\/wp-content\/uploads\/2026\/03\/79206632_1423586797821156_2973031943462977536_n-300x300.jpg 300w, https:\/\/www.amapbrax31.org\/wp-content\/uploads\/2026\/03\/79206632_1423586797821156_2973031943462977536_n-150x150.jpg 150w, https:\/\/www.amapbrax31.org\/wp-content\/uploads\/2026\/03\/79206632_1423586797821156_2973031943462977536_n-768x768.jpg 768w, https:\/\/www.amapbrax31.org\/wp-content\/uploads\/2026\/03\/79206632_1423586797821156_2973031943462977536_n.jpg 1440w\" sizes=\"auto, (max-width: 1024px) 100vw, 1024px\" \/><\/a><figcaption class=\"wp-element-caption\"><strong>Sorbets<\/strong><\/figcaption><\/figure>\n\n\n\n<figure class=\"wp-block-image size-large has-custom-border\"><a href=\"https:\/\/www.amapbrax31.org\/?page_id=882\"><img loading=\"lazy\" decoding=\"async\" width=\"857\" height=\"555\" data-id=\"867\" src=\"https:\/\/www.amapbrax31.org\/wp-content\/uploads\/2026\/03\/Capture-decran-2026-03-19-210829.png\" alt=\"\" class=\"wp-image-867\" style=\"border-top-left-radius:20px;border-top-right-radius:20px;border-bottom-left-radius:20px;border-bottom-right-radius:20px\" srcset=\"https:\/\/www.amapbrax31.org\/wp-content\/uploads\/2026\/03\/Capture-decran-2026-03-19-210829.png 857w, https:\/\/www.amapbrax31.org\/wp-content\/uploads\/2026\/03\/Capture-decran-2026-03-19-210829-300x194.png 300w, https:\/\/www.amapbrax31.org\/wp-content\/uploads\/2026\/03\/Capture-decran-2026-03-19-210829-768x497.png 768w\" sizes=\"auto, (max-width: 857px) 100vw, 857px\" \/><\/a><figcaption class=\"wp-element-caption\"><strong>B\u00fbches Glac\u00e9es<\/strong><\/figcaption><\/figure>\n\n\n\n<figure class=\"wp-block-image size-large has-custom-border\"><a href=\"https:\/\/www.amapbrax31.org\/?page_id=885\"><img loading=\"lazy\" decoding=\"async\" width=\"600\" height=\"431\" data-id=\"865\" src=\"https:\/\/www.amapbrax31.org\/wp-content\/uploads\/2026\/03\/denis-sousa-l47y_u9zCIw-unsplash-redimensionne-taille-moyenne.jpeg\" alt=\"\" class=\"wp-image-865\" style=\"border-top-left-radius:20px;border-top-right-radius:20px;border-bottom-left-radius:20px;border-bottom-right-radius:20px\" srcset=\"https:\/\/www.amapbrax31.org\/wp-content\/uploads\/2026\/03\/denis-sousa-l47y_u9zCIw-unsplash-redimensionne-taille-moyenne.jpeg 600w, https:\/\/www.amapbrax31.org\/wp-content\/uploads\/2026\/03\/denis-sousa-l47y_u9zCIw-unsplash-redimensionne-taille-moyenne-300x216.jpeg 300w\" sizes=\"auto, (max-width: 600px) 100vw, 600px\" \/><\/a><figcaption class=\"wp-element-caption\"><strong>Vin<\/strong><\/figcaption><\/figure>\n<\/figure>\n\n\n\n<p><\/p>\n\n\n\n<p><\/p>\n\n\n\n<p><\/p>\n","protected":false},"excerpt":{"rendered":"<p>PANIERS, TARIFS ET PRODUCTEURS L&rsquo;Association propose un grand choix de produits, auxquels vous pouvez librement souscrire tout au long de [&hellip;]<\/p>\n","protected":false},"author":2,"featured_media":0,"parent":0,"menu_order":0,"comment_status":"closed","ping_status":"closed","template":"","meta":{"site-sidebar-layout":"default","site-content-layout":"","ast-site-content-layout":"default","site-content-style":"default","site-sidebar-style":"default","ast-global-header-display":"","ast-banner-title-visibility":"","ast-main-header-display":"","ast-hfb-above-header-display":"","ast-hfb-below-header-display":"","ast-hfb-mobile-header-display":"","site-post-title":"disabled","ast-breadcrumbs-content":"","ast-featured-img":"","footer-sml-layout":"","ast-disable-related-posts":"","theme-transparent-header-meta":"","adv-header-id-meta":"","stick-header-meta":"","header-above-stick-meta":"","header-main-stick-meta":"","header-below-stick-meta":"","astra-migrate-meta-layouts":"default","ast-page-background-enabled":"default","ast-page-background-meta":{"desktop":{"background-color":"var(--ast-global-color-5)","background-image":"","background-repeat":"repeat","background-position":"center center","background-size":"auto","background-attachment":"scroll","background-type":"","background-media":"","overlay-type":"","overlay-color":"","overlay-opacity":"","overlay-gradient":""},"tablet":{"background-color":"","background-image":"","background-repeat":"repeat","background-position":"center center","background-size":"auto","background-attachment":"scroll","background-type":"","background-media":"","overlay-type":"","overlay-color":"","overlay-opacity":"","overlay-gradient":""},"mobile":{"background-color":"","background-image":"","background-repeat":"repeat","background-position":"center center","background-size":"auto","background-attachment":"scroll","background-type":"","background-media":"","overlay-type":"","overlay-color":"","overlay-opacity":"","overlay-gradient":""}},"ast-content-background-meta":{"desktop":{"background-color":"var(--ast-global-color-4)","background-image":"","background-repeat":"repeat","background-position":"center center","background-size":"auto","background-attachment":"scroll","background-type":"","background-media":"","overlay-type":"","overlay-color":"","overlay-opacity":"","overlay-gradient":""},"tablet":{"background-color":"var(--ast-global-color-4)","background-image":"","background-repeat":"repeat","background-position":"center center","background-size":"auto","background-attachment":"scroll","background-type":"","background-media":"","overlay-type":"","overlay-color":"","overlay-opacity":"","overlay-gradient":""},"mobile":{"background-color":"var(--ast-global-color-4)","background-image":"","background-repeat":"repeat","background-position":"center center","background-size":"auto","background-attachment":"scroll","background-type":"","background-media":"","overlay-type":"","overlay-color":"","overlay-opacity":"","overlay-gradient":""}},"footnotes":""},"class_list":["post-187","page","type-page","status-publish","hentry"],"_links":{"self":[{"href":"https:\/\/www.amapbrax31.org\/index.php?rest_route=\/wp\/v2\/pages\/187","targetHints":{"allow":["GET"]}}],"collection":[{"href":"https:\/\/www.amapbrax31.org\/index.php?rest_route=\/wp\/v2\/pages"}],"about":[{"href":"https:\/\/www.amapbrax31.org\/index.php?rest_route=\/wp\/v2\/types\/page"}],"author":[{"embeddable":true,"href":"https:\/\/www.amapbrax31.org\/index.php?rest_route=\/wp\/v2\/users\/2"}],"replies":[{"embeddable":true,"href":"https:\/\/www.amapbrax31.org\/index.php?rest_route=%2Fwp%2Fv2%2Fcomments&post=187"}],"version-history":[{"count":24,"href":"https:\/\/www.amapbrax31.org\/index.php?rest_route=\/wp\/v2\/pages\/187\/revisions"}],"predecessor-version":[{"id":1424,"href":"https:\/\/www.amapbrax31.org\/index.php?rest_route=\/wp\/v2\/pages\/187\/revisions\/1424"}],"wp:attachment":[{"href":"https:\/\/www.amapbrax31.org\/index.php?rest_route=%2Fwp%2Fv2%2Fmedia&parent=187"}],"curies":[{"name":"wp","href":"https:\/\/api.w.org\/{rel}","templated":true}]}}