{"id":225,"date":"2026-03-15T12:40:36","date_gmt":"2026-03-15T11:40:36","guid":{"rendered":"https:\/\/www.amapbrax31.org\/?page_id=225"},"modified":"2026-04-08T21:56:50","modified_gmt":"2026-04-08T19:56:50","slug":"le-contrat-agneau-mouton","status":"publish","type":"page","link":"https:\/\/www.amapbrax31.org\/?page_id=225","title":{"rendered":"Le contrat Agneau-Mouton"},"content":{"rendered":"\n<div class=\"wp-block-columns alignfull are-vertically-aligned-center has-background is-layout-flex wp-container-core-columns-is-layout-28f84493 wp-block-columns-is-layout-flex\" style=\"background-color:#f4f1de\">\n<div class=\"wp-block-column is-vertically-aligned-center is-layout-flow wp-block-column-is-layout-flow\" style=\"flex-basis:25%\">\n<figure class=\"wp-block-image aligncenter size-large has-custom-border\"><img loading=\"lazy\" decoding=\"async\" width=\"1024\" height=\"768\" src=\"https:\/\/www.amapbrax31.org\/wp-content\/uploads\/2026\/03\/drosera74-sheep-10074422_1920-1024x768.jpg\" alt=\"\" class=\"wp-image-227\" style=\"border-top-left-radius:20px;border-top-right-radius:20px;border-bottom-left-radius:20px;border-bottom-right-radius:20px\" srcset=\"https:\/\/www.amapbrax31.org\/wp-content\/uploads\/2026\/03\/drosera74-sheep-10074422_1920-1024x768.jpg 1024w, https:\/\/www.amapbrax31.org\/wp-content\/uploads\/2026\/03\/drosera74-sheep-10074422_1920-300x225.jpg 300w, https:\/\/www.amapbrax31.org\/wp-content\/uploads\/2026\/03\/drosera74-sheep-10074422_1920-768x576.jpg 768w, https:\/\/www.amapbrax31.org\/wp-content\/uploads\/2026\/03\/drosera74-sheep-10074422_1920-1536x1152.jpg 1536w, https:\/\/www.amapbrax31.org\/wp-content\/uploads\/2026\/03\/drosera74-sheep-10074422_1920.jpg 1920w\" sizes=\"auto, (max-width: 1024px) 100vw, 1024px\" \/><\/figure>\n<\/div>\n\n\n\n<div class=\"wp-block-column is-vertically-aligned-center is-layout-flow wp-block-column-is-layout-flow\" style=\"flex-basis:50%\">\n<h2 class=\"wp-block-heading has-text-align-center has-text-color has-link-color has-x-large-font-size wp-elements-0c1d4c9d04d2969e47dce698dbf68017\" style=\"color:#386641\"><strong>LE CONTRAT<\/strong><\/h2>\n\n\n\n<h2 class=\"wp-block-heading has-text-align-center has-text-color has-link-color has-x-large-font-size wp-elements-133334c9df9c9f0af37c2ca2e8a1c7b8\" style=\"color:#386641\"><strong>AGNEAU ET MOUTON<\/strong><\/h2>\n<\/div>\n\n\n\n<div class=\"wp-block-column is-vertically-aligned-center has-text-color has-background has-link-color wp-elements-c59dbb480745f629d7be6761024f260a is-layout-flow wp-block-column-is-layout-flow\" style=\"border-top-left-radius:20px;border-top-right-radius:20px;border-bottom-left-radius:20px;border-bottom-right-radius:20px;color:#333333;background-color:#e9c46a;flex-basis:25%\">\n<p><\/p>\n\n\n\n<p class=\"has-text-align-center has-black-color has-text-color has-link-color wp-elements-b7c480c19342a6e27ada29b3ad39e367\" style=\"font-size:17px\">Vous souhaitez vous inscrire \u00e0 l\u2019AMAP Agneau ?<\/p>\n\n\n\n<p class=\"has-text-align-center has-black-color has-text-color has-link-color wp-elements-e8b0015a94b684be37578a78d15c1098\" style=\"font-size:30px\">Contactez le r\u00e9f\u00e9rent<\/p>\n\n\n\n<p class=\"has-text-align-center has-text-color has-link-color has-large-font-size wp-elements-f3bc8258c9a6fd30f53b2203cd243212\" style=\"color:#386641;line-height:0\"><strong>Julien Billette<\/strong><\/p>\n\n\n\n<p class=\"has-text-align-center has-text-color has-link-color has-medium-font-size wp-elements-8c2226b375f75d1c4327130cd3876e1c\" style=\"color:#386641;line-height:1.5\"><strong><a href=\"mailto:lesgourmetsdebrax@gmail.com\">lesgourmetsdebrax@gmail.com<\/a><\/strong><\/p>\n\n\n\n<p><\/p>\n<\/div>\n<\/div>\n\n\n\n<p class=\"has-text-align-center has-ast-global-color-4-color has-text-color has-link-color wp-elements-0b2f20b46ced7a07ea72dcfa0d04fd11\">dfsd<\/p>\n\n\n\n<p class=\"has-text-align-center has-text-color has-link-color wp-elements-f54ea183c19d5c8faa60b7557472b397\" style=\"color:#52b788;font-size:30px\"><strong>FONCTIONNEMENT<\/strong><\/p>\n\n\n\n<figure class=\"wp-block-table has-medium-font-size\"><table class=\"has-text-color has-link-color has-border-color has-fixed-layout\" style=\"color:#333333;border-color:#386641;border-width:3px\"><tbody><tr><td>FR\u00c9QUENCE<\/td><td>5 livraisons par an<\/td><\/tr><tr><td>P\u00c9RIODE<\/td><td>de F\u00e9vrier \u00e0 D\u00e9cembre<\/td><\/tr><tr><td>CONDITIONS D&rsquo;INSCRIPTION<\/td><td>Pas de condition particuli\u00e8re : vous pouvez commander un ou plusieurs colis \u00e0 l&rsquo;ann\u00e9e<br><br><em>Possibilit\u00e9 de s&rsquo;inscrire en cours de saison<\/em><\/td><\/tr><\/tbody><\/table><\/figure>\n\n\n\n<p><\/p>\n\n\n\n<p class=\"has-text-align-center has-text-color has-link-color wp-elements-437631c1ff50965ca148ce236edb7439\" style=\"color:#52b788;font-size:30px\"><strong>COLIS ET TARIFS*<\/strong><\/p>\n\n\n\n<figure class=\"wp-block-table has-medium-font-size\"><table class=\"has-text-color has-link-color has-border-color has-fixed-layout\" style=\"color:#333333;border-color:#386641;border-width:3px\"><tbody><tr><td>Quart d\u2019agneau de 4kg<br>Diff\u00e9rents choix de d\u00e9coupes possible : tranch\u00e9, gigot, \u00e9paule, abats&#8230;<\/td><td class=\"has-text-align-center\" data-align=\"center\">64\u20ac (16\u20ac\/kg )<\/td><\/tr><tr><td>Brebis hach\u00e9e de 3kg<br>Diff\u00e9rents choix possible : saucisse, hach\u00e9, merguez<\/td><td class=\"has-text-align-center\" data-align=\"center\">42\u20ac (14\u20ac\/kg)<\/td><\/tr><\/tbody><\/table><figcaption class=\"wp-element-caption\">* Tarifs applicables pour la saison 2026<\/figcaption><\/figure>\n\n\n\n<p><\/p>\n\n\n\n<p class=\"has-text-align-center has-text-color has-link-color wp-elements-2cae6e01617beec6b1c61bb18e5ce670\" style=\"color:#52b788;font-size:30px\"><strong>CONTRAT<\/strong><\/p>\n\n\n\n<div data-wp-interactive=\"core\/file\" class=\"wp-block-file\"><object data-wp-bind--hidden=\"!state.hasPdfPreview\" hidden class=\"wp-block-file__embed\" data=\"https:\/\/www.amapbrax31.org\/wp-content\/uploads\/2026\/03\/engagement-vierge-AGNEAU-Saison-2026.pdf\" type=\"application\/pdf\" style=\"width:100%;height:600px\" aria-label=\"Contenu embarqu\u00e9 engagement-vierge-AGNEAU Saison 2026.\"><\/object><a id=\"wp-block-file--media-f8d54de2-d5ef-41d2-8518-b41fbdc4a312\" href=\"https:\/\/www.amapbrax31.org\/wp-content\/uploads\/2026\/03\/engagement-vierge-AGNEAU-Saison-2026.pdf\">engagement-vierge-AGNEAU Saison 2026<\/a><a href=\"https:\/\/www.amapbrax31.org\/wp-content\/uploads\/2026\/03\/engagement-vierge-AGNEAU-Saison-2026.pdf\" class=\"wp-block-file__button wp-element-button\" download aria-describedby=\"wp-block-file--media-f8d54de2-d5ef-41d2-8518-b41fbdc4a312\">T\u00e9l\u00e9charger<\/a><\/div>\n\n\n\n<p class=\"has-text-align-center\"><\/p>\n\n\n\n<p><\/p>\n\n\n\n<div class=\"wp-block-media-text is-stacked-on-mobile\" style=\"border-top-left-radius:20px;border-top-right-radius:20px;border-bottom-left-radius:20px;border-bottom-right-radius:20px;grid-template-columns:31% auto\"><figure class=\"wp-block-media-text__media\"><img loading=\"lazy\" decoding=\"async\" width=\"500\" height=\"750\" src=\"https:\/\/www.amapbrax31.org\/wp-content\/uploads\/2026\/03\/artfichier_709418_4375976_201412164947131.jpg\" alt=\"\" class=\"wp-image-231 size-full\" srcset=\"https:\/\/www.amapbrax31.org\/wp-content\/uploads\/2026\/03\/artfichier_709418_4375976_201412164947131.jpg 500w, https:\/\/www.amapbrax31.org\/wp-content\/uploads\/2026\/03\/artfichier_709418_4375976_201412164947131-200x300.jpg 200w\" sizes=\"auto, (max-width: 500px) 100vw, 500px\" \/><\/figure><div class=\"wp-block-media-text__content\">\n<p class=\"has-text-align-center has-text-color has-link-color wp-elements-764aacc8eabdc4efc141e0b2b987a5c8\" style=\"color:#52b788;font-size:30px\"><strong>LE PRODUCTEUR<\/strong><\/p>\n\n\n\n<p class=\"has-text-color has-link-color has-medium-font-size wp-elements-69019729ec4641f70eb379c632844787\" style=\"color:#333333\"><strong>La Ferme du Garrousset<\/strong><\/p>\n\n\n\n<p class=\"has-text-color has-link-color has-medium-font-size wp-elements-33310498c11f4e5a83be7c75f5c9a789\" style=\"color:#333333\">Agriculteur agroforestier et administrateur de Solagro, Jonathan Kirchner a grandi \u00e0 la Ferme du Garousset pr\u00e8s de Toulouse, baign\u00e9 d\u00e8s l&rsquo;enfance dans les pratiques agro\u00e9cologiques de son p\u00e8re. <\/p>\n\n\n\n<p class=\"has-text-color has-link-color has-medium-font-size wp-elements-b028283bf589d14a1cded5964bce7c89\" style=\"color:#333333\">Apr\u00e8s des \u00e9tudes d&rsquo;ing\u00e9nieur agronome et une exp\u00e9rience en Norv\u00e8ge, il a travaill\u00e9 sur des projets de recherche agricole avant de partir en volontariat au S\u00e9n\u00e9gal. C&rsquo;est l\u00e0-bas, confront\u00e9 \u00e0 des contraintes extr\u00eames (salinisation, gestion de l&rsquo;eau, manque d&rsquo;intrants), qu&rsquo;il a d\u00e9couvert les vertus de l&rsquo;agroforesterie. <\/p>\n\n\n\n<p class=\"has-text-color has-link-color has-medium-font-size wp-elements-d1671aeb4dbd08e3edf4666e3abd0e42\" style=\"color:#333333\">De retour en France en 2015, il s&rsquo;est associ\u00e9 \u00e0 son p\u00e8re sur l&rsquo;exploitation familiale, qu&rsquo;il a diversifi\u00e9e en trois ateliers. Il vend 100 % de sa production en circuit direct, d\u00e9fend une vision syst\u00e9mique de l&rsquo;agriculture, et d\u00e9veloppe des projets \u00e0 forte dimension sociale et p\u00e9dagogique.<\/p>\n<\/div><\/div>\n\n\n\n<p><\/p>\n\n\n\n<p class=\"has-ast-global-color-4-color has-text-color has-link-color wp-elements-87468abb0de740274d0a17e1f92566aa\">gsgsdg<\/p>\n\n\n\n<div class=\"wp-block-group has-background is-content-justification-center is-nowrap is-layout-flex wp-container-core-group-is-layout-35891901 wp-block-group-is-layout-flex\" style=\"border-top-left-radius:20px;border-top-right-radius:20px;border-bottom-left-radius:20px;border-bottom-right-radius:20px;background-color:#e9c46a\">\n<p class=\"has-text-color has-link-color wp-elements-7c51e8d6b3b4d1f0f2b9ea6fbd49584b\" style=\"color:#386641;font-size:30px\">En savoir plus sur la Ferme du Garrousset :<\/p>\n\n\n\n<figure class=\"wp-block-image size-full\"><a href=\"https:\/\/site.ouvretaferme.org\/garrousset\/\" target=\"_blank\" rel=\" noreferrer noopener\"><img loading=\"lazy\" decoding=\"async\" width=\"64\" height=\"64\" src=\"https:\/\/www.amapbrax31.org\/wp-content\/uploads\/2026\/03\/globe.png\" alt=\"\" class=\"wp-image-377\"\/><\/a><\/figure>\n\n\n\n<figure class=\"wp-block-image size-full\"><a href=\"https:\/\/www.google.com\/maps\/place\/GAEC+de+la+ferme+de+Garrousset\/@43.5512859,1.1617373,17z\/data=!3m1!4b1!4m6!3m5!1s0x12a94be32c20536f:0x262c128641e78e2d!8m2!3d43.551282!4d1.1643122!16s%2Fg%2F11vjnt2qm2?entry=ttu&amp;g_ep=EgoyMDI2MDMwOC4wIKXMDSoASAFQAw%3D%3D\" target=\"_blank\" rel=\" noreferrer noopener\"><img loading=\"lazy\" decoding=\"async\" width=\"64\" height=\"64\" src=\"https:\/\/www.amapbrax31.org\/wp-content\/uploads\/2026\/03\/emplacement-de-la-couche-terrestre1.png\" alt=\"\" class=\"wp-image-379\"\/><\/a><\/figure>\n<\/div>\n\n\n\n<p><\/p>\n\n\n\n<p><\/p>\n\n\n\n<p><\/p>\n","protected":false},"excerpt":{"rendered":"<p>LE CONTRAT AGNEAU ET MOUTON Vous souhaitez vous inscrire \u00e0 l\u2019AMAP Agneau ? Contactez le r\u00e9f\u00e9rent Julien Billette lesgourmetsdebrax@gmail.com dfsd [&hellip;]<\/p>\n","protected":false},"author":2,"featured_media":0,"parent":0,"menu_order":0,"comment_status":"closed","ping_status":"closed","template":"","meta":{"site-sidebar-layout":"default","site-content-layout":"","ast-site-content-layout":"default","site-content-style":"default","site-sidebar-style":"default","ast-global-header-display":"","ast-banner-title-visibility":"","ast-main-header-display":"","ast-hfb-above-header-display":"","ast-hfb-below-header-display":"","ast-hfb-mobile-header-display":"","site-post-title":"disabled","ast-breadcrumbs-content":"","ast-featured-img":"","footer-sml-layout":"","ast-disable-related-posts":"","theme-transparent-header-meta":"","adv-header-id-meta":"","stick-header-meta":"","header-above-stick-meta":"","header-main-stick-meta":"","header-below-stick-meta":"","astra-migrate-meta-layouts":"default","ast-page-background-enabled":"default","ast-page-background-meta":{"desktop":{"background-color":"var(--ast-global-color-5)","background-image":"","background-repeat":"repeat","background-position":"center center","background-size":"auto","background-attachment":"scroll","background-type":"","background-media":"","overlay-type":"","overlay-color":"","overlay-opacity":"","overlay-gradient":""},"tablet":{"background-color":"","background-image":"","background-repeat":"repeat","background-position":"center center","background-size":"auto","background-attachment":"scroll","background-type":"","background-media":"","overlay-type":"","overlay-color":"","overlay-opacity":"","overlay-gradient":""},"mobile":{"background-color":"","background-image":"","background-repeat":"repeat","background-position":"center center","background-size":"auto","background-attachment":"scroll","background-type":"","background-media":"","overlay-type":"","overlay-color":"","overlay-opacity":"","overlay-gradient":""}},"ast-content-background-meta":{"desktop":{"background-color":"var(--ast-global-color-4)","background-image":"","background-repeat":"repeat","background-position":"center center","background-size":"auto","background-attachment":"scroll","background-type":"","background-media":"","overlay-type":"","overlay-color":"","overlay-opacity":"","overlay-gradient":""},"tablet":{"background-color":"var(--ast-global-color-4)","background-image":"","background-repeat":"repeat","background-position":"center center","background-size":"auto","background-attachment":"scroll","background-type":"","background-media":"","overlay-type":"","overlay-color":"","overlay-opacity":"","overlay-gradient":""},"mobile":{"background-color":"var(--ast-global-color-4)","background-image":"","background-repeat":"repeat","background-position":"center center","background-size":"auto","background-attachment":"scroll","background-type":"","background-media":"","overlay-type":"","overlay-color":"","overlay-opacity":"","overlay-gradient":""}},"footnotes":""},"class_list":["post-225","page","type-page","status-publish","hentry"],"_links":{"self":[{"href":"https:\/\/www.amapbrax31.org\/index.php?rest_route=\/wp\/v2\/pages\/225","targetHints":{"allow":["GET"]}}],"collection":[{"href":"https:\/\/www.amapbrax31.org\/index.php?rest_route=\/wp\/v2\/pages"}],"about":[{"href":"https:\/\/www.amapbrax31.org\/index.php?rest_route=\/wp\/v2\/types\/page"}],"author":[{"embeddable":true,"href":"https:\/\/www.amapbrax31.org\/index.php?rest_route=\/wp\/v2\/users\/2"}],"replies":[{"embeddable":true,"href":"https:\/\/www.amapbrax31.org\/index.php?rest_route=%2Fwp%2Fv2%2Fcomments&post=225"}],"version-history":[{"count":29,"href":"https:\/\/www.amapbrax31.org\/index.php?rest_route=\/wp\/v2\/pages\/225\/revisions"}],"predecessor-version":[{"id":1202,"href":"https:\/\/www.amapbrax31.org\/index.php?rest_route=\/wp\/v2\/pages\/225\/revisions\/1202"}],"wp:attachment":[{"href":"https:\/\/www.amapbrax31.org\/index.php?rest_route=%2Fwp%2Fv2%2Fmedia&parent=225"}],"curies":[{"name":"wp","href":"https:\/\/api.w.org\/{rel}","templated":true}]}}