{"id":269,"date":"2026-03-16T23:37:27","date_gmt":"2026-03-16T22:37:27","guid":{"rendered":"https:\/\/www.amapbrax31.org\/?page_id=269"},"modified":"2026-04-10T23:03:49","modified_gmt":"2026-04-10T21:03:49","slug":"le-contrat-chevre","status":"publish","type":"page","link":"https:\/\/www.amapbrax31.org\/?page_id=269","title":{"rendered":"Le contrat Ch\u00e8vre"},"content":{"rendered":"\n<div class=\"wp-block-columns alignfull are-vertically-aligned-center has-background is-layout-flex wp-container-core-columns-is-layout-28f84493 wp-block-columns-is-layout-flex\" style=\"background-color:#f4f1de\">\n<div class=\"wp-block-column is-vertically-aligned-center is-layout-flow wp-block-column-is-layout-flow\" style=\"flex-basis:25%\">\n<figure class=\"wp-block-image aligncenter size-large has-custom-border\"><img loading=\"lazy\" decoding=\"async\" width=\"1024\" height=\"683\" src=\"https:\/\/www.amapbrax31.org\/wp-content\/uploads\/2026\/03\/WhatsApp-Image-2026-03-08-at-17.39.58-1024x683.jpeg\" alt=\"\" class=\"wp-image-270\" style=\"border-top-left-radius:20px;border-top-right-radius:20px;border-bottom-left-radius:20px;border-bottom-right-radius:20px\" srcset=\"https:\/\/www.amapbrax31.org\/wp-content\/uploads\/2026\/03\/WhatsApp-Image-2026-03-08-at-17.39.58-1024x683.jpeg 1024w, https:\/\/www.amapbrax31.org\/wp-content\/uploads\/2026\/03\/WhatsApp-Image-2026-03-08-at-17.39.58-300x200.jpeg 300w, https:\/\/www.amapbrax31.org\/wp-content\/uploads\/2026\/03\/WhatsApp-Image-2026-03-08-at-17.39.58-768x512.jpeg 768w, https:\/\/www.amapbrax31.org\/wp-content\/uploads\/2026\/03\/WhatsApp-Image-2026-03-08-at-17.39.58.jpeg 1080w\" sizes=\"auto, (max-width: 1024px) 100vw, 1024px\" \/><\/figure>\n<\/div>\n\n\n\n<div class=\"wp-block-column is-vertically-aligned-center is-layout-flow wp-block-column-is-layout-flow\" style=\"flex-basis:50%\">\n<h2 class=\"wp-block-heading has-text-align-center has-text-color has-link-color has-x-large-font-size wp-elements-9d9a5b652a3a5036c8f24de4a62ec422\" style=\"color:#386641\"><strong>LE CONTRAT<\/strong><\/h2>\n\n\n\n<h2 class=\"wp-block-heading has-text-align-center has-text-color has-link-color has-x-large-font-size wp-elements-c27d8c821ca4eef8516befe6cc969a28\" style=\"color:#386641\"><strong>FROMAGES DE CH\u00c8VRE<\/strong><\/h2>\n<\/div>\n\n\n\n<div class=\"wp-block-column is-vertically-aligned-center has-background is-layout-flow wp-block-column-is-layout-flow\" style=\"border-top-left-radius:20px;border-top-right-radius:20px;border-bottom-left-radius:20px;border-bottom-right-radius:20px;background-color:#e9c46a;flex-basis:25%\">\n<p><\/p>\n\n\n\n<p class=\"has-text-align-center has-text-color has-link-color wp-elements-fcad267e1d1cff592e240e4b12e9e499\" style=\"color:#333333;font-size:17px\">Vous souhaitez vous inscrire \u00e0 l&rsquo;AMAP Brebis ?<\/p>\n\n\n\n<p class=\"has-text-align-center has-text-color has-link-color wp-elements-d8784efa409f747d0522559f58421fa3\" style=\"color:#333333;font-size:30px\">Contactez la r\u00e9f\u00e9rente<\/p>\n\n\n\n<p class=\"has-text-align-center has-text-color has-link-color has-large-font-size wp-elements-704480aa64a556c656d7b28541e45bb3\" style=\"color:#386641;line-height:0\"><strong>Sylvie Ducos<\/strong><\/p>\n\n\n\n<p class=\"has-text-align-center has-text-color has-link-color has-medium-font-size wp-elements-8c2226b375f75d1c4327130cd3876e1c\" style=\"color:#386641;line-height:1.5\"><strong><a href=\"mailto:lesgourmetsdebrax@gmail.com\">lesgourmetsdebrax@gmail.com<\/a><\/strong><\/p>\n\n\n\n<p><\/p>\n<\/div>\n<\/div>\n\n\n\n<p class=\"has-ast-global-color-4-color has-text-color has-link-color wp-elements-59f0f347c1dc0d3d1fae11a455a7c669\">rerzr<\/p>\n\n\n\n<p class=\"has-text-align-center has-text-color has-link-color wp-elements-fc5c4ff7aa82950f8096fdf4871a972f\" style=\"color:#52b788;font-size:30px\"><strong>FONCTIONNEMENT<\/strong><\/p>\n\n\n\n<figure class=\"wp-block-table has-medium-font-size\"><table class=\"has-text-color has-link-color has-border-color has-fixed-layout\" style=\"color:#333333;border-color:#386641;border-width:3px\"><tbody><tr><td>FR\u00c9QUENCE<\/td><td>Mensuelle<\/td><\/tr><tr><td>P\u00c9RIODE<\/td><td>D&rsquo;Avril \u00e0 Octobre<\/td><\/tr><tr><td>CONDITIONS D\u2019INSCRIPTION<\/td><td>Inscription \u00e0 toutes les distributions, mais contenu du panier au choix \u00e0 chacune d&rsquo;elle.<br><br><em>Possibilit\u00e9 de s&rsquo;inscrire en cours de saison<\/em><\/td><\/tr><\/tbody><\/table><\/figure>\n\n\n\n<p><\/p>\n\n\n\n<p class=\"has-text-align-center has-text-color has-link-color wp-elements-7a42ae0381af849639a80413ec740b5f\" style=\"color:#52b788;font-size:30px\"><strong>PRODUITS ET TARIFS*<\/strong><\/p>\n\n\n\n<figure class=\"wp-block-table has-medium-font-size\"><table class=\"has-text-color has-link-color has-border-color has-fixed-layout\" style=\"color:#333333;border-color:#386641;border-width:3px\"><tbody><tr><td>Palets frais, cr\u00e9meux, mi-secs et secs<\/td><td class=\"has-text-align-center\" data-align=\"center\">3,40\u20ac<\/td><\/tr><tr><td>Palet Cendr\u00e9<\/td><td class=\"has-text-align-center\" data-align=\"center\">3,60\u20ac<\/td><\/tr><tr><td>Double palet<\/td><td class=\"has-text-align-center\" data-align=\"center\">6,30\u20ac<\/td><\/tr><tr><td>Bouchons (x10)<\/td><td class=\"has-text-align-center\" data-align=\"center\">3,00\u20ac<\/td><\/tr><tr><td>Brique<\/td><td class=\"has-text-align-center\" data-align=\"center\">4,00\u20ac<\/td><\/tr><tr><td>Pyramide Ail &amp; Poivre<\/td><td class=\"has-text-align-center\" data-align=\"center\">5,80\u20ac<\/td><\/tr><tr><td>Moelloux<\/td><td class=\"has-text-align-center\" data-align=\"center\">4,40\u20ac<\/td><\/tr><tr><td>Bruschetta<\/td><td class=\"has-text-align-center\" data-align=\"center\">3,80\u20ac<\/td><\/tr><tr><td>Faisselle<\/td><td class=\"has-text-align-center\" data-align=\"center\">4,50\u20ac<\/td><\/tr><tr><td>Yaourt (140 ml)<\/td><td class=\"has-text-align-center\" data-align=\"center\">1,40\u20ac<\/td><\/tr><\/tbody><\/table><\/figure>\n\n\n\n<p class=\"has-text-color has-link-color has-medium-font-size wp-elements-eebf67749fbde4b580597b3bd07f296b\" style=\"color:#333333\"><em>Commandes exceptionnelles en fonction de la production<\/em><\/p>\n\n\n\n<figure class=\"wp-block-table has-medium-font-size\"><table class=\"has-text-color has-link-color has-border-color has-fixed-layout\" style=\"color:#333333;border-color:#386641;border-width:3px\"><tbody><tr><td><em>Tomme de ch\u00e8vre<\/em><\/td><td class=\"has-text-align-center\" data-align=\"center\"><em>33\u20ac\/kg<\/em><\/td><\/tr><tr><td><em>Bleu de ch\u00e8vre (pour la saison 2026)<\/em><\/td><td class=\"has-text-align-center\" data-align=\"center\"><em>prix \u00e0 confirmer<\/em><\/td><\/tr><\/tbody><\/table><figcaption class=\"wp-element-caption\">* Tarifs applicables pour la saison 2026<\/figcaption><\/figure>\n\n\n\n<p class=\"has-text-align-center has-text-color has-link-color wp-elements-2cae6e01617beec6b1c61bb18e5ce670\" style=\"color:#52b788;font-size:30px\"><strong>CONTRAT<\/strong><\/p>\n\n\n\n<div data-wp-interactive=\"core\/file\" class=\"wp-block-file\"><object data-wp-bind--hidden=\"!state.hasPdfPreview\" hidden class=\"wp-block-file__embed\" data=\"https:\/\/www.amapbrax31.org\/wp-content\/uploads\/2026\/03\/FROMAGES-CHEVRE-2025.pdf\" type=\"application\/pdf\" style=\"width:100%;height:600px\" aria-label=\"Contenu embarqu\u00e9 FROMAGES CH\u00c8VRE 2025.\"><\/object><a id=\"wp-block-file--media-78d46f5e-1802-4f8d-89dc-2ebf7c85f729\" href=\"https:\/\/www.amapbrax31.org\/wp-content\/uploads\/2026\/03\/FROMAGES-CHEVRE-2025.pdf\">FROMAGES CH\u00c8VRE 2025<\/a><a href=\"https:\/\/www.amapbrax31.org\/wp-content\/uploads\/2026\/03\/FROMAGES-CHEVRE-2025.pdf\" class=\"wp-block-file__button wp-element-button\" download aria-describedby=\"wp-block-file--media-78d46f5e-1802-4f8d-89dc-2ebf7c85f729\">T\u00e9l\u00e9charger<\/a><\/div>\n\n\n\n<div class=\"wp-block-media-text is-stacked-on-mobile\" style=\"border-style:none;border-width:0px;border-top-left-radius:75px;border-top-right-radius:75px;border-bottom-left-radius:75px;border-bottom-right-radius:75px;font-size:16px\"><figure class=\"wp-block-media-text__media\"><img loading=\"lazy\" decoding=\"async\" width=\"1024\" height=\"727\" src=\"https:\/\/www.amapbrax31.org\/wp-content\/uploads\/2026\/03\/WhatsApp-Image-2026-03-08-at-17.38.08-1024x727.jpeg\" alt=\"\" class=\"wp-image-271 size-full\" srcset=\"https:\/\/www.amapbrax31.org\/wp-content\/uploads\/2026\/03\/WhatsApp-Image-2026-03-08-at-17.38.08-1024x727.jpeg 1024w, https:\/\/www.amapbrax31.org\/wp-content\/uploads\/2026\/03\/WhatsApp-Image-2026-03-08-at-17.38.08-300x213.jpeg 300w, https:\/\/www.amapbrax31.org\/wp-content\/uploads\/2026\/03\/WhatsApp-Image-2026-03-08-at-17.38.08-768x545.jpeg 768w, https:\/\/www.amapbrax31.org\/wp-content\/uploads\/2026\/03\/WhatsApp-Image-2026-03-08-at-17.38.08.jpeg 1080w\" sizes=\"auto, (max-width: 1024px) 100vw, 1024px\" \/><\/figure><div class=\"wp-block-media-text__content\">\n<p class=\"has-text-align-center has-text-color has-link-color wp-elements-295b03c8bcbcf888c27c9407791b0df1\" style=\"color:#52b788;font-size:30px\"><strong>LES PRODUCTEURS<\/strong><\/p>\n\n\n\n<p class=\"has-text-align-left has-text-color has-link-color has-medium-font-size wp-elements-c884396fbbb64e80c01066605794d8bb\" style=\"color:#333333\"><strong>La Ferme des Brus<\/strong><\/p>\n\n\n\n<p class=\"has-text-color has-link-color wp-elements-e96c80a05fb542167b0bb06572b2813e\" style=\"color:#333333\">Christel et Fabrice sont install\u00e9s depuis octobre 2012 \u00e0 la ferme des Brus, situ\u00e9e \u00e0 plus de 800 m\u00e8tres d\u2019altitude, \u00e0 Soulan dans l&rsquo;Ari\u00e8ge.&nbsp;<\/p>\n\n\n\n<p class=\"has-text-color has-link-color wp-elements-dc99c4097fde1865dd0a602b343cacb3\" style=\"color:#333333\">Leur troupeau compte une soixantaine de ch\u00e8vres et chevrettes et 2 boucs. Depuis leur installation, ils ont fait \u00e9voluer leur troupeau, en introduisant des ch\u00e8vres de race anglo-nubienne puis plus r\u00e9cemment des ch\u00e8vres Cabra Florida, une race espagnole plus adapt\u00e9e aux conditions rudes de l\u2019Ari\u00e8ge.<\/p>\n\n\n\n<p class=\"has-text-color has-link-color wp-elements-e01cc994a821ce5a7640a736727c45e3\" style=\"color:#333333\">La saison de production laiti\u00e8re d\u00e9bute en mars, apr\u00e8s les premi\u00e8res mises-bas et dure jusqu\u2019en novembre.<\/p>\n\n\n\n<p class=\"has-text-color has-link-color wp-elements-a7e7592f509e42cb2b955d28524852f8\" style=\"color:#333333\">Christel et Fabrice assurent la transformation du lait en fromages au lait cru et yaourts, labellis\u00e9s AB.&nbsp;<\/p>\n\n\n\n<p class=\"has-text-color has-link-color wp-elements-9c3289d5df97de1ed93f14238a5e01a3\" style=\"color:#333333\">Les fromages sont commercialis\u00e9s essentiellement en vente directe, avec 3 march\u00e9s et 3 AMAPs, ainsi qu\u2019aupr\u00e8s de quelques cr\u00e8meries.<\/p>\n\n\n\n<p class=\"has-text-color has-link-color wp-elements-d8fa312b49eb917d6a4559ef23949766\" style=\"color:#333333\">Les sp\u00e9cialit\u00e9s de la Ferme des Brus : le moelloux, un fromage cr\u00e9meux et fondant, les bouchons, de petits fromages \u00e0 grignoter sans mod\u00e9ration pour l\u2019ap\u00e9ritif et la bruschetta, un fromage frais enrob\u00e9 d\u2019un m\u00e9lange parfum\u00e9 d\u2019herbes aromatiques et l\u00e9gumes s\u00e9ch\u00e9s<\/p>\n<\/div><\/div>\n\n\n\n<p><\/p>\n\n\n\n<div class=\"wp-block-group has-background is-content-justification-center is-nowrap is-layout-flex wp-container-core-group-is-layout-35891901 wp-block-group-is-layout-flex\" style=\"border-top-left-radius:20px;border-top-right-radius:20px;border-bottom-left-radius:20px;border-bottom-right-radius:20px;background-color:#e9c46a\">\n<p class=\"has-text-color has-link-color has-large-font-size wp-elements-bdea95e92972e4f2482c1580c67ad9c9\" style=\"color:#386641\">En savoir plus sur la Ferme des Brus : <\/p>\n\n\n\n<figure class=\"wp-block-image size-full\"><a href=\"https:\/\/www.facebook.com\/FermeBrus\/\" target=\"_blank\" rel=\" noreferrer noopener\"><img loading=\"lazy\" decoding=\"async\" width=\"64\" height=\"64\" src=\"https:\/\/www.amapbrax31.org\/wp-content\/uploads\/2026\/03\/facebook2.png\" alt=\"\" class=\"wp-image-334\"\/><\/a><\/figure>\n\n\n\n<figure class=\"wp-block-image size-full\"><a href=\"https:\/\/www.google.com\/maps\/place\/Brus,+09320+Soulan\/@42.9222192,1.1329721,9z\/data=!4m6!3m5!1s0x12af3422b9c85b2b:0x8e9aeacb15c61a84!8m2!3d42.9142279!4d1.2801145!16s%2Fg%2F1td82832?entry=ttu&amp;g_ep=EgoyMDI2MDMxMS4wIKXMDSoASAFQAw%3D%3D\" target=\"_blank\" rel=\" noreferrer noopener\"><img loading=\"lazy\" decoding=\"async\" width=\"64\" height=\"64\" src=\"https:\/\/www.amapbrax31.org\/wp-content\/uploads\/2026\/03\/emplacement-de-la-couche-terrestre1.png\" alt=\"\" class=\"wp-image-379\"\/><\/a><\/figure>\n<\/div>\n\n\n\n<p><\/p>\n\n\n\n<p><\/p>\n\n\n\n<p><\/p>\n","protected":false},"excerpt":{"rendered":"<p>LE CONTRAT FROMAGES DE CH\u00c8VRE Vous souhaitez vous inscrire \u00e0 l&rsquo;AMAP Brebis ? Contactez la r\u00e9f\u00e9rente Sylvie Ducos lesgourmetsdebrax@gmail.com rerzr [&hellip;]<\/p>\n","protected":false},"author":2,"featured_media":0,"parent":0,"menu_order":0,"comment_status":"closed","ping_status":"closed","template":"","meta":{"site-sidebar-layout":"default","site-content-layout":"","ast-site-content-layout":"default","site-content-style":"default","site-sidebar-style":"default","ast-global-header-display":"","ast-banner-title-visibility":"","ast-main-header-display":"","ast-hfb-above-header-display":"","ast-hfb-below-header-display":"","ast-hfb-mobile-header-display":"","site-post-title":"disabled","ast-breadcrumbs-content":"","ast-featured-img":"","footer-sml-layout":"","ast-disable-related-posts":"","theme-transparent-header-meta":"","adv-header-id-meta":"","stick-header-meta":"","header-above-stick-meta":"","header-main-stick-meta":"","header-below-stick-meta":"","astra-migrate-meta-layouts":"default","ast-page-background-enabled":"default","ast-page-background-meta":{"desktop":{"background-color":"var(--ast-global-color-5)","background-image":"","background-repeat":"repeat","background-position":"center center","background-size":"auto","background-attachment":"scroll","background-type":"","background-media":"","overlay-type":"","overlay-color":"","overlay-opacity":"","overlay-gradient":""},"tablet":{"background-color":"","background-image":"","background-repeat":"repeat","background-position":"center center","background-size":"auto","background-attachment":"scroll","background-type":"","background-media":"","overlay-type":"","overlay-color":"","overlay-opacity":"","overlay-gradient":""},"mobile":{"background-color":"","background-image":"","background-repeat":"repeat","background-position":"center center","background-size":"auto","background-attachment":"scroll","background-type":"","background-media":"","overlay-type":"","overlay-color":"","overlay-opacity":"","overlay-gradient":""}},"ast-content-background-meta":{"desktop":{"background-color":"var(--ast-global-color-4)","background-image":"","background-repeat":"repeat","background-position":"center center","background-size":"auto","background-attachment":"scroll","background-type":"","background-media":"","overlay-type":"","overlay-color":"","overlay-opacity":"","overlay-gradient":""},"tablet":{"background-color":"var(--ast-global-color-4)","background-image":"","background-repeat":"repeat","background-position":"center center","background-size":"auto","background-attachment":"scroll","background-type":"","background-media":"","overlay-type":"","overlay-color":"","overlay-opacity":"","overlay-gradient":""},"mobile":{"background-color":"var(--ast-global-color-4)","background-image":"","background-repeat":"repeat","background-position":"center center","background-size":"auto","background-attachment":"scroll","background-type":"","background-media":"","overlay-type":"","overlay-color":"","overlay-opacity":"","overlay-gradient":""}},"footnotes":""},"class_list":["post-269","page","type-page","status-publish","hentry"],"_links":{"self":[{"href":"https:\/\/www.amapbrax31.org\/index.php?rest_route=\/wp\/v2\/pages\/269","targetHints":{"allow":["GET"]}}],"collection":[{"href":"https:\/\/www.amapbrax31.org\/index.php?rest_route=\/wp\/v2\/pages"}],"about":[{"href":"https:\/\/www.amapbrax31.org\/index.php?rest_route=\/wp\/v2\/types\/page"}],"author":[{"embeddable":true,"href":"https:\/\/www.amapbrax31.org\/index.php?rest_route=\/wp\/v2\/users\/2"}],"replies":[{"embeddable":true,"href":"https:\/\/www.amapbrax31.org\/index.php?rest_route=%2Fwp%2Fv2%2Fcomments&post=269"}],"version-history":[{"count":15,"href":"https:\/\/www.amapbrax31.org\/index.php?rest_route=\/wp\/v2\/pages\/269\/revisions"}],"predecessor-version":[{"id":1359,"href":"https:\/\/www.amapbrax31.org\/index.php?rest_route=\/wp\/v2\/pages\/269\/revisions\/1359"}],"wp:attachment":[{"href":"https:\/\/www.amapbrax31.org\/index.php?rest_route=%2Fwp%2Fv2%2Fmedia&parent=269"}],"curies":[{"name":"wp","href":"https:\/\/api.w.org\/{rel}","templated":true}]}}