{"id":299,"date":"2026-03-15T12:41:53","date_gmt":"2026-03-15T11:41:53","guid":{"rendered":"https:\/\/www.amapbrax31.org\/?page_id=299"},"modified":"2026-03-29T18:13:26","modified_gmt":"2026-03-29T16:13:26","slug":"le-contrat-produits-transformes","status":"publish","type":"page","link":"https:\/\/www.amapbrax31.org\/?page_id=299","title":{"rendered":"Le contrat Produits Transform\u00e9s"},"content":{"rendered":"\n<div class=\"wp-block-columns alignfull are-vertically-aligned-center has-background is-layout-flex wp-container-core-columns-is-layout-28f84493 wp-block-columns-is-layout-flex\" style=\"background-color:#f4f1de\">\n<div class=\"wp-block-column is-vertically-aligned-center is-layout-flow wp-block-column-is-layout-flow\" style=\"flex-basis:25%\">\n<figure class=\"wp-block-image size-large\"><img loading=\"lazy\" decoding=\"async\" width=\"1024\" height=\"768\" src=\"https:\/\/www.amapbrax31.org\/wp-content\/uploads\/2026\/03\/Ketchup-rouge-et-vert-1024x768.jpg\" alt=\"\" class=\"wp-image-300\" srcset=\"https:\/\/www.amapbrax31.org\/wp-content\/uploads\/2026\/03\/Ketchup-rouge-et-vert-1024x768.jpg 1024w, https:\/\/www.amapbrax31.org\/wp-content\/uploads\/2026\/03\/Ketchup-rouge-et-vert-300x225.jpg 300w, https:\/\/www.amapbrax31.org\/wp-content\/uploads\/2026\/03\/Ketchup-rouge-et-vert-768x576.jpg 768w, https:\/\/www.amapbrax31.org\/wp-content\/uploads\/2026\/03\/Ketchup-rouge-et-vert.jpg 1080w\" sizes=\"auto, (max-width: 1024px) 100vw, 1024px\" \/><\/figure>\n<\/div>\n\n\n\n<div class=\"wp-block-column is-vertically-aligned-center is-layout-flow wp-block-column-is-layout-flow\" style=\"flex-basis:50%\">\n<h2 class=\"wp-block-heading has-text-align-center has-x-large-font-size\"><strong>LE CONTRAT PRODUITS TRANSFORM\u00c9S<\/strong> <\/h2>\n<\/div>\n\n\n\n<div class=\"wp-block-column is-vertically-aligned-center has-background is-layout-flow wp-block-column-is-layout-flow\" style=\"border-top-left-radius:20px;border-top-right-radius:20px;border-bottom-left-radius:20px;border-bottom-right-radius:20px;background-color:#e9c46a;flex-basis:25%\">\n<p><\/p>\n\n\n\n<p class=\"has-text-align-center has-text-color has-link-color wp-elements-22c2386c8791dab8ca491ff81464a615\" style=\"color:#333333;font-size:17px\">Vous souhaitez vous inscrire \u00e0 l\u2019AMAP Produits Transform\u00e9s ?<\/p>\n\n\n\n<p class=\"has-text-align-center has-text-color has-link-color wp-elements-d8784efa409f747d0522559f58421fa3\" style=\"color:#333333;font-size:30px\">Contactez la r\u00e9f\u00e9rente<\/p>\n\n\n\n<p class=\"has-text-align-center has-text-color has-link-color has-large-font-size wp-elements-25d891da598597598382a6c1d1855d28\" style=\"color:#386641;line-height:0\"><strong>Aur\u00e9lie Belveze<\/strong><\/p>\n\n\n\n<p class=\"has-text-align-center has-text-color has-link-color has-medium-font-size wp-elements-8c2226b375f75d1c4327130cd3876e1c\" style=\"color:#386641;line-height:1.5\"><strong><a href=\"mailto:lesgourmetsdebrax@gmail.com\">lesgourmetsdebrax@gmail.com<\/a><\/strong><\/p>\n\n\n\n<p><\/p>\n<\/div>\n<\/div>\n\n\n\n<p><\/p>\n\n\n\n<p class=\"has-text-align-center has-text-color has-link-color wp-elements-fc5c4ff7aa82950f8096fdf4871a972f\" style=\"color:#52b788;font-size:30px\"><strong>FONCTIONNEMENT<\/strong><\/p>\n\n\n\n<figure class=\"wp-block-table has-medium-font-size\"><table class=\"has-border-color has-fixed-layout\" style=\"border-color:#386641;border-width:3px\"><tbody><tr><td>FR\u00c9QUENCE<\/td><td>5 distributions<\/td><\/tr><tr><td>P\u00c9RIODE \/ SAISON<\/td><td>De F\u00e9vrier \u00e0 D\u00e9cembre<\/td><\/tr><tr><td>CONDITIONS D\u2019INSCRIPTION<\/td><td>Pas de condition particuli\u00e8re : inscription aux livraisons souhait\u00e9es et contenu des colis au choix<br><br><em>Possibilit\u00e9 de s&rsquo;inscrire en cours de saison<\/em><\/td><\/tr><\/tbody><\/table><\/figure>\n\n\n\n<p><\/p>\n\n\n\n<p class=\"has-text-align-center has-text-color has-link-color wp-elements-a739ab89b56b9d9027cf96483ceee042\" style=\"color:#52b788;font-size:30px\"><strong>PRODUITS ET TARIFS*<\/strong><\/p>\n\n\n\n<figure class=\"wp-block-table has-medium-font-size\"><table class=\"has-border-color has-fixed-layout\" style=\"border-color:#386641;border-width:3px\"><tbody><tr><td>Sirop &#8211; Bouteille de 250ml<\/td><td class=\"has-text-align-center\" data-align=\"center\">5\u20ac<\/td><\/tr><tr><td>Gel\u00e9e &#8211; Pot de 125g<\/td><td class=\"has-text-align-center\" data-align=\"center\">3\u20ac<\/td><\/tr><tr><td>Confiture &#8211; Pot de 250g<\/td><td class=\"has-text-align-center\" data-align=\"center\">5\u20ac<\/td><\/tr><tr><td>Chutney &#8211; Pot de 230g<\/td><td class=\"has-text-align-center\" data-align=\"center\">6\u20ac<\/td><\/tr><tr><td>Ketchup &#8211; Pot de 220g<\/td><td class=\"has-text-align-center\" data-align=\"center\">6\u20ac<\/td><\/tr><tr><td>Pickles &#8211; Pot de 200g<\/td><td class=\"has-text-align-center\" data-align=\"center\">5\u20ac<\/td><\/tr><\/tbody><\/table><figcaption class=\"wp-element-caption\">* Tarifs applicables pour la saison 2026<\/figcaption><\/figure>\n\n\n\n<p><\/p>\n\n\n\n<p class=\"has-text-align-center has-text-color has-link-color wp-elements-2cae6e01617beec6b1c61bb18e5ce670\" style=\"color:#52b788;font-size:30px\"><strong>CONTRAT<\/strong><\/p>\n\n\n\n<div data-wp-interactive=\"core\/file\" class=\"wp-block-file\"><object data-wp-bind--hidden=\"!state.hasPdfPreview\" hidden class=\"wp-block-file__embed\" data=\"https:\/\/www.amapbrax31.org\/wp-content\/uploads\/2026\/03\/engagement-vierge-ProduitstransformesFermeduGarrousset2026.pdf\" type=\"application\/pdf\" style=\"width:100%;height:600px\" aria-label=\"Contenu embarqu\u00e9 engagement-vierge-ProduitstransformesFermeduGarrousset2026.\"><\/object><a id=\"wp-block-file--media-a57b25eb-de01-41d4-871e-eeaf636cbac0\" href=\"https:\/\/www.amapbrax31.org\/wp-content\/uploads\/2026\/03\/engagement-vierge-ProduitstransformesFermeduGarrousset2026.pdf\">engagement-vierge-ProduitstransformesFermeduGarrousset2026<\/a><a href=\"https:\/\/www.amapbrax31.org\/wp-content\/uploads\/2026\/03\/engagement-vierge-ProduitstransformesFermeduGarrousset2026.pdf\" class=\"wp-block-file__button wp-element-button\" download aria-describedby=\"wp-block-file--media-a57b25eb-de01-41d4-871e-eeaf636cbac0\">T\u00e9l\u00e9charger<\/a><\/div>\n\n\n\n<p><\/p>\n\n\n\n<div class=\"wp-block-media-text is-stacked-on-mobile\" style=\"grid-template-columns:31% auto\"><figure class=\"wp-block-media-text__media\"><img loading=\"lazy\" decoding=\"async\" width=\"768\" height=\"1024\" src=\"https:\/\/www.amapbrax31.org\/wp-content\/uploads\/2026\/03\/25_11-Cynorhodons-768x1024.jpg\" alt=\"\" class=\"wp-image-303 size-full\" srcset=\"https:\/\/www.amapbrax31.org\/wp-content\/uploads\/2026\/03\/25_11-Cynorhodons-768x1024.jpg 768w, https:\/\/www.amapbrax31.org\/wp-content\/uploads\/2026\/03\/25_11-Cynorhodons-225x300.jpg 225w, https:\/\/www.amapbrax31.org\/wp-content\/uploads\/2026\/03\/25_11-Cynorhodons.jpg 1080w\" sizes=\"auto, (max-width: 768px) 100vw, 768px\" \/><\/figure><div class=\"wp-block-media-text__content\">\n<p class=\"has-text-align-center has-text-color has-link-color wp-elements-648dcead92bcd24cbe85fe31d6b3e305\" style=\"color:#52b788;font-size:30px\"><strong>LA PRODUCTRICE<\/strong><\/p>\n\n\n\n<p class=\"has-text-align-left has-medium-font-size\"><strong>La Ferme du Garousset<\/strong><\/p>\n\n\n\n<p class=\"has-medium-font-size\">Isabelle Wintersdorff est install\u00e9e depuis 2022 \u00e0 la ferme du Garrousset \u00e0 Fontenille. <\/p>\n\n\n\n<p class=\"has-medium-font-size\">Confitures, gel\u00e9es, chutneys, ketchups et pickles issus des produits de la ferme : cueillette dans les haies, culture de plantes aromatiques ou de l\u00e9gumes, fruits du verger &#8230; <\/p>\n\n\n\n<p class=\"has-medium-font-size\">Tout est transform\u00e9 sur place et certifi\u00e9 AB.<\/p>\n<\/div><\/div>\n\n\n\n<p><\/p>\n\n\n\n<div class=\"wp-block-group has-background is-content-justification-center is-nowrap is-layout-flex wp-container-core-group-is-layout-cc6d00ce wp-block-group-is-layout-flex\" style=\"border-top-left-radius:20px;border-top-right-radius:20px;border-bottom-left-radius:20px;border-bottom-right-radius:20px;background-color:#e9c46a;margin-top:0;margin-bottom:0\">\n<p class=\"has-text-color has-link-color has-large-font-size wp-elements-88d9bcd6697cbc914dec5992a34d304a\" style=\"color:#386641\">En savoir plus sur la Ferme du Garrousset :<\/p>\n\n\n\n<figure class=\"wp-block-image size-full\"><a href=\"https:\/\/site.ouvretaferme.org\/garrousset\/\" target=\"_blank\" rel=\" noreferrer noopener\"><img loading=\"lazy\" decoding=\"async\" width=\"64\" height=\"64\" src=\"https:\/\/www.amapbrax31.org\/wp-content\/uploads\/2026\/03\/globe.png\" alt=\"\" class=\"wp-image-377\"\/><\/a><\/figure>\n\n\n\n<figure class=\"wp-block-image size-full\"><a href=\"https:\/\/www.google.com\/maps\/place\/GAEC+de+la+ferme+de+Garrousset\/@43.551282,1.1643122,17z\/data=!3m1!4b1!4m6!3m5!1s0x12a94be32c20536f:0x262c128641e78e2d!8m2!3d43.551282!4d1.1643122!16s%2Fg%2F11vjnt2qm2?entry=ttu&amp;g_ep=EgoyMDI2MDMxNS4wIKXMDSoASAFQAw%3D%3D\" target=\"_blank\" rel=\" noreferrer noopener\"><img loading=\"lazy\" decoding=\"async\" width=\"64\" height=\"64\" src=\"https:\/\/www.amapbrax31.org\/wp-content\/uploads\/2026\/03\/emplacement-de-la-couche-terrestre1.png\" alt=\"\" class=\"wp-image-379\"\/><\/a><\/figure>\n<\/div>\n\n\n\n<p><\/p>\n\n\n\n<p><\/p>\n\n\n\n<p><\/p>\n","protected":false},"excerpt":{"rendered":"<p>LE CONTRAT PRODUITS TRANSFORM\u00c9S Vous souhaitez vous inscrire \u00e0 l\u2019AMAP Produits Transform\u00e9s ? Contactez la r\u00e9f\u00e9rente Aur\u00e9lie Belveze lesgourmetsdebrax@gmail.com FONCTIONNEMENT [&hellip;]<\/p>\n","protected":false},"author":2,"featured_media":0,"parent":0,"menu_order":0,"comment_status":"closed","ping_status":"closed","template":"","meta":{"site-sidebar-layout":"default","site-content-layout":"","ast-site-content-layout":"default","site-content-style":"default","site-sidebar-style":"default","ast-global-header-display":"","ast-banner-title-visibility":"","ast-main-header-display":"","ast-hfb-above-header-display":"","ast-hfb-below-header-display":"","ast-hfb-mobile-header-display":"","site-post-title":"disabled","ast-breadcrumbs-content":"","ast-featured-img":"","footer-sml-layout":"","ast-disable-related-posts":"","theme-transparent-header-meta":"","adv-header-id-meta":"","stick-header-meta":"","header-above-stick-meta":"","header-main-stick-meta":"","header-below-stick-meta":"","astra-migrate-meta-layouts":"default","ast-page-background-enabled":"default","ast-page-background-meta":{"desktop":{"background-color":"var(--ast-global-color-5)","background-image":"","background-repeat":"repeat","background-position":"center center","background-size":"auto","background-attachment":"scroll","background-type":"","background-media":"","overlay-type":"","overlay-color":"","overlay-opacity":"","overlay-gradient":""},"tablet":{"background-color":"","background-image":"","background-repeat":"repeat","background-position":"center center","background-size":"auto","background-attachment":"scroll","background-type":"","background-media":"","overlay-type":"","overlay-color":"","overlay-opacity":"","overlay-gradient":""},"mobile":{"background-color":"","background-image":"","background-repeat":"repeat","background-position":"center center","background-size":"auto","background-attachment":"scroll","background-type":"","background-media":"","overlay-type":"","overlay-color":"","overlay-opacity":"","overlay-gradient":""}},"ast-content-background-meta":{"desktop":{"background-color":"var(--ast-global-color-4)","background-image":"","background-repeat":"repeat","background-position":"center center","background-size":"auto","background-attachment":"scroll","background-type":"","background-media":"","overlay-type":"","overlay-color":"","overlay-opacity":"","overlay-gradient":""},"tablet":{"background-color":"var(--ast-global-color-4)","background-image":"","background-repeat":"repeat","background-position":"center center","background-size":"auto","background-attachment":"scroll","background-type":"","background-media":"","overlay-type":"","overlay-color":"","overlay-opacity":"","overlay-gradient":""},"mobile":{"background-color":"var(--ast-global-color-4)","background-image":"","background-repeat":"repeat","background-position":"center center","background-size":"auto","background-attachment":"scroll","background-type":"","background-media":"","overlay-type":"","overlay-color":"","overlay-opacity":"","overlay-gradient":""}},"footnotes":""},"class_list":["post-299","page","type-page","status-publish","hentry"],"_links":{"self":[{"href":"https:\/\/www.amapbrax31.org\/index.php?rest_route=\/wp\/v2\/pages\/299","targetHints":{"allow":["GET"]}}],"collection":[{"href":"https:\/\/www.amapbrax31.org\/index.php?rest_route=\/wp\/v2\/pages"}],"about":[{"href":"https:\/\/www.amapbrax31.org\/index.php?rest_route=\/wp\/v2\/types\/page"}],"author":[{"embeddable":true,"href":"https:\/\/www.amapbrax31.org\/index.php?rest_route=\/wp\/v2\/users\/2"}],"replies":[{"embeddable":true,"href":"https:\/\/www.amapbrax31.org\/index.php?rest_route=%2Fwp%2Fv2%2Fcomments&post=299"}],"version-history":[{"count":8,"href":"https:\/\/www.amapbrax31.org\/index.php?rest_route=\/wp\/v2\/pages\/299\/revisions"}],"predecessor-version":[{"id":1069,"href":"https:\/\/www.amapbrax31.org\/index.php?rest_route=\/wp\/v2\/pages\/299\/revisions\/1069"}],"wp:attachment":[{"href":"https:\/\/www.amapbrax31.org\/index.php?rest_route=%2Fwp%2Fv2%2Fmedia&parent=299"}],"curies":[{"name":"wp","href":"https:\/\/api.w.org\/{rel}","templated":true}]}}