{"id":309,"date":"2026-03-15T12:41:20","date_gmt":"2026-03-15T11:41:20","guid":{"rendered":"https:\/\/www.amapbrax31.org\/?page_id=309"},"modified":"2026-04-01T00:07:00","modified_gmt":"2026-03-31T22:07:00","slug":"le-contrat-veau-boeuf","status":"publish","type":"page","link":"https:\/\/www.amapbrax31.org\/?page_id=309","title":{"rendered":"Le contrat Veau-Boeuf"},"content":{"rendered":"\n<div class=\"wp-block-columns alignfull are-vertically-aligned-center has-background is-layout-flex wp-container-core-columns-is-layout-28f84493 wp-block-columns-is-layout-flex\" style=\"background-color:#f4f1de\">\n<div class=\"wp-block-column is-vertically-aligned-center is-layout-flow wp-block-column-is-layout-flow\" style=\"flex-basis:25%\">\n<figure class=\"wp-block-image aligncenter size-full has-custom-border\"><img loading=\"lazy\" decoding=\"async\" width=\"960\" height=\"720\" src=\"https:\/\/www.amapbrax31.org\/wp-content\/uploads\/2026\/03\/505321483_3071178293045704_4678755115912179701_n.jpg\" alt=\"\" class=\"wp-image-310\" style=\"border-top-left-radius:20px;border-top-right-radius:20px;border-bottom-left-radius:20px;border-bottom-right-radius:20px\" srcset=\"https:\/\/www.amapbrax31.org\/wp-content\/uploads\/2026\/03\/505321483_3071178293045704_4678755115912179701_n.jpg 960w, https:\/\/www.amapbrax31.org\/wp-content\/uploads\/2026\/03\/505321483_3071178293045704_4678755115912179701_n-300x225.jpg 300w, https:\/\/www.amapbrax31.org\/wp-content\/uploads\/2026\/03\/505321483_3071178293045704_4678755115912179701_n-768x576.jpg 768w\" sizes=\"auto, (max-width: 960px) 100vw, 960px\" \/><\/figure>\n<\/div>\n\n\n\n<div class=\"wp-block-column is-vertically-aligned-center is-layout-flow wp-block-column-is-layout-flow\" style=\"flex-basis:50%\">\n<h2 class=\"wp-block-heading has-text-align-center has-text-color has-link-color has-x-large-font-size wp-elements-6157731f9f874bc1b19399fdaa3d191f\" style=\"color:#386641\"><strong>LE CONTRAT VEAU ET B\u0152UF<\/strong><\/h2>\n<\/div>\n\n\n\n<div class=\"wp-block-column is-vertically-aligned-center has-background is-layout-flow wp-block-column-is-layout-flow\" style=\"border-top-left-radius:20px;border-top-right-radius:20px;border-bottom-left-radius:20px;border-bottom-right-radius:20px;background-color:#e9c46a;flex-basis:25%\">\n<p><\/p>\n\n\n\n<p class=\"has-text-align-center has-text-color has-link-color wp-elements-b3cf2bf617f880d5b09b0530cf1a37bf\" style=\"color:#333333;font-size:17px\">Vous souhaitez vous inscrire \u00e0 l\u2019AMAP Veau-B\u0153uf ?<\/p>\n\n\n\n<p class=\"has-text-align-center has-text-color has-link-color wp-elements-d8784efa409f747d0522559f58421fa3\" style=\"color:#333333;font-size:30px\">Contactez la r\u00e9f\u00e9rente<\/p>\n\n\n\n<p class=\"has-text-align-center has-text-color has-link-color has-large-font-size wp-elements-7bebc830c9b8077da2d00f60ff14893a\" style=\"color:#386641;line-height:0\"><strong>Sophie<\/strong> <strong>Sa\u00fcc<\/strong><\/p>\n\n\n\n<p class=\"has-text-align-center has-text-color has-link-color has-medium-font-size wp-elements-8c2226b375f75d1c4327130cd3876e1c\" style=\"color:#386641;line-height:1.5\"><strong><a href=\"mailto:lesgourmetsdebrax@gmail.com\">lesgourmetsdebrax@gmail.com<\/a><\/strong><\/p>\n\n\n\n<p><\/p>\n<\/div>\n<\/div>\n\n\n\n<p><\/p>\n\n\n\n<p class=\"has-text-align-center has-text-color has-link-color wp-elements-fc5c4ff7aa82950f8096fdf4871a972f\" style=\"color:#52b788;font-size:30px\"><strong>FONCTIONNEMENT<\/strong><\/p>\n\n\n\n<figure class=\"wp-block-table has-medium-font-size\"><table class=\"has-text-color has-link-color has-border-color has-fixed-layout\" style=\"color:#333333;border-color:#386641;border-width:3px\"><tbody><tr><td>FR\u00c9QUENCE<\/td><td>6 livraisons dans l\u2019ann\u00e9e pour le B\u0153uf<br>4 livraisons dans l\u2019ann\u00e9e pour le Veau<\/td><\/tr><tr><td>P\u00c9RIODE \/ SAISON<\/td><td>De F\u00e9vrier \u00e0 Novembre<\/td><\/tr><tr><td>CONDITIONS D\u2019INSCRIPTION<\/td><td>Pas de condition particuli\u00e8re : vous pouvez commander un ou plusieurs colis \u00e0 l&rsquo;ann\u00e9e<br><br><em>Possibilit\u00e9 de s&rsquo;inscrire en cours de saison<\/em><\/td><\/tr><\/tbody><\/table><\/figure>\n\n\n\n<p><\/p>\n\n\n\n<p class=\"has-text-align-center has-text-color has-link-color wp-elements-84f75ed18df28e798199242bbb7b0451\" style=\"color:#52b788;font-size:30px\"><strong>COLIS et TARIFS*<\/strong><\/p>\n\n\n\n<figure class=\"wp-block-table has-medium-font-size\"><table class=\"has-text-color has-link-color has-border-color has-fixed-layout\" style=\"color:#333333;border-color:#386641;border-width:3px\"><tbody><tr><td>COLIS B\u0152UF MODERNE : <br>3kg \u00e0 griller (r\u00f4ti, entrec\u00f4te, faux-filet, rumsteck, bavette &#8230;) + 2kg de steak hach\u00e9 et\/ou saucisses<\/td><td class=\"has-text-align-center\" data-align=\"center\">95\u20ac<\/td><\/tr><tr><td>B\u0152UF MODERNE SANS R\u00d4TI : <br>3kg \u00e0 griller (tranche, entrec\u00f4te, faux-filet, rumsteck, bavette &#8230;) + 2kg de steak hach\u00e9 et\/ou saucisses<\/td><td class=\"has-text-align-center\" data-align=\"center\">95\u20ac<\/td><\/tr><tr><td>B\u0152UF CLASSIQUE : <br>3kg \u00e0 griller (r\u00f4ti, entrec\u00f4te, faux-filet, rumsteck, bavette &#8230;) + 2kg \u00e0 cuisiner (bourguignon, jarret &#8230;)<\/td><td class=\"has-text-align-center\" data-align=\"center\">95\u20ac<\/td><\/tr><tr><td>B\u0152UF CLASSIQUE SANS R\u00d4TI : <br>3kg \u00e0 griller (entrec\u00f4te, faux-filet, rumsteck, bavette &#8230;) + 2kg \u00e0 cuisiner (bourguignon, jarret &#8230;)<\/td><td class=\"has-text-align-center\" data-align=\"center\">95\u20ac<\/td><\/tr><tr><td>VEAU MODERNE : <br>3kg \u00e0 griller (r\u00f4ti, escalopes, c\u00f4tes) + 2kg de steak hach\u00e9 et\/ou saucisses<\/td><td class=\"has-text-align-center\" data-align=\"center\">98\u20ac<\/td><\/tr><tr><td>VEAU MODERNE SANS R\u00d4TI : <br>3kg \u00e0 griller (escalopes, c\u00f4tes) + 2kg de steak hach\u00e9 et\/ou saucisses<\/td><td class=\"has-text-align-center\" data-align=\"center\"><br>98\u20ac<\/td><\/tr><tr><td>VEAU CLASSIQUE :&nbsp; <br>3kg \u00e0 griller (r\u00f4ti, escalopes, c\u00f4tes) + 2kg \u00e0 cuisiner (blanquette, osso-buco)<\/td><td class=\"has-text-align-center\" data-align=\"center\"><br>98\u20ac<\/td><\/tr><tr><td>VEAU CLASSIQUE SANS R\u00d4TI : <br>3kg \u00e0 griller (escalopes, c\u00f4tes) + 2kg \u00e0 cuisiner (blanquette, osso-buco)<\/td><td class=\"has-text-align-center\" data-align=\"center\"><br>98\u20ac<\/td><\/tr><tr><td>STEAK HACHE &#8211; 2kg<\/td><td class=\"has-text-align-center\" data-align=\"center\">40\u20ac<\/td><\/tr><\/tbody><\/table><figcaption class=\"wp-element-caption\">* Tarifs applicables pour la saison 2026<\/figcaption><\/figure>\n\n\n\n<p><\/p>\n\n\n\n<p class=\"has-text-align-center has-text-color has-link-color wp-elements-2cae6e01617beec6b1c61bb18e5ce670\" style=\"color:#52b788;font-size:30px\"><strong>CONTRAT<\/strong><\/p>\n\n\n\n<div data-wp-interactive=\"core\/file\" class=\"wp-block-file\"><object data-wp-bind--hidden=\"!state.hasPdfPreview\" hidden class=\"wp-block-file__embed\" data=\"https:\/\/www.amapbrax31.org\/wp-content\/uploads\/2026\/03\/engagement-vierge-Veau-boeuf-2026.pdf\" type=\"application\/pdf\" style=\"width:100%;height:600px\" aria-label=\"Contenu embarqu\u00e9 engagement-vierge-Veau-boeuf 2026.\"><\/object><a id=\"wp-block-file--media-c93e54dc-86ca-4cf7-a655-40b00549932c\" href=\"https:\/\/www.amapbrax31.org\/wp-content\/uploads\/2026\/03\/engagement-vierge-Veau-boeuf-2026.pdf\">engagement-vierge-Veau-boeuf 2026<\/a><a href=\"https:\/\/www.amapbrax31.org\/wp-content\/uploads\/2026\/03\/engagement-vierge-Veau-boeuf-2026.pdf\" class=\"wp-block-file__button wp-element-button\" download aria-describedby=\"wp-block-file--media-c93e54dc-86ca-4cf7-a655-40b00549932c\">T\u00e9l\u00e9charger<\/a><\/div>\n\n\n\n<p><\/p>\n\n\n\n<div class=\"wp-block-media-text is-stacked-on-mobile has-medium-font-size\"><figure class=\"wp-block-media-text__media\"><img loading=\"lazy\" decoding=\"async\" width=\"1024\" height=\"768\" src=\"https:\/\/www.amapbrax31.org\/wp-content\/uploads\/2026\/03\/169423676_1808736572623222_6096534123640753228_n-1024x768.jpg\" alt=\"\" class=\"wp-image-312 size-full\" srcset=\"https:\/\/www.amapbrax31.org\/wp-content\/uploads\/2026\/03\/169423676_1808736572623222_6096534123640753228_n-1024x768.jpg 1024w, https:\/\/www.amapbrax31.org\/wp-content\/uploads\/2026\/03\/169423676_1808736572623222_6096534123640753228_n-300x225.jpg 300w, https:\/\/www.amapbrax31.org\/wp-content\/uploads\/2026\/03\/169423676_1808736572623222_6096534123640753228_n-768x576.jpg 768w, https:\/\/www.amapbrax31.org\/wp-content\/uploads\/2026\/03\/169423676_1808736572623222_6096534123640753228_n-1536x1152.jpg 1536w, https:\/\/www.amapbrax31.org\/wp-content\/uploads\/2026\/03\/169423676_1808736572623222_6096534123640753228_n.jpg 2048w\" sizes=\"auto, (max-width: 1024px) 100vw, 1024px\" \/><\/figure><div class=\"wp-block-media-text__content\">\n<p class=\"has-text-align-center has-text-color has-link-color wp-elements-764aacc8eabdc4efc141e0b2b987a5c8\" style=\"color:#52b788;font-size:30px\"><strong>LE PRODUCTEUR<\/strong><\/p>\n\n\n\n<p class=\"has-text-align-left has-text-color has-link-color has-medium-font-size wp-elements-06150f4c3f9573c3ed49f314e3cf5967\" style=\"color:#333333\"><strong>La Ferme de Thoulouse<\/strong><\/p>\n\n\n\n<p class=\"has-text-color has-link-color wp-elements-c7c4de24242e6c0cee08a08f98681eff\" style=\"color:#333333\">\u00c0 la ferme de Daniel Thoulouse, les vaches sont nourries exclusivement \u00e0 l\u2019herbe toute l\u2019ann\u00e9e, gr\u00e2ce \u00e0 des pratiques de p\u00e2turage tournant dynamique et r\u00e9g\u00e9n\u00e9ratif. <\/p>\n\n\n\n<p class=\"has-text-color has-link-color wp-elements-c4cd3eaeafd675f9c2c9f55e3280f718\" style=\"color:#333333\">Lors des p\u00e9riodes o\u00f9 l\u2019herbe se fait rare, en \u00e9t\u00e9 et en hiver, elles sont compl\u00e9ment\u00e9es avec du foin biologique produit sur l\u2019exploitation : foin de regain issu des prairies (gramin\u00e9es et l\u00e9gumineuses) et foin de rotation \u00e0 base de luzerne et de tr\u00e8fle. Un apport en calcium et phosphore compl\u00e8te la ration, et un peu d\u2019orge bio est ajout\u00e9 en phase de finition.<\/p>\n\n\n\n<p class=\"has-text-color has-link-color wp-elements-fe798093913d4b6701d9b59540c8bf51\" style=\"color:#333333\">Herbivores par nature, ces vaches valorisent l\u2019herbe pour produire une viande riche en om\u00e9ga-3. La ferme est conduite en agriculture biologique, avec un travail du sol tr\u00e8s limit\u00e9, favorisant la biodiversit\u00e9 et le stockage du carbone dans les prairies.<\/p>\n<\/div><\/div>\n\n\n\n<p><\/p>\n\n\n\n<div class=\"wp-block-group has-background is-content-justification-center is-nowrap is-layout-flex wp-container-core-group-is-layout-35891901 wp-block-group-is-layout-flex\" style=\"border-top-left-radius:20px;border-top-right-radius:20px;border-bottom-left-radius:20px;border-bottom-right-radius:20px;background-color:#e9c46a\">\n<p class=\"has-text-color has-link-color wp-elements-bc996725a5cd2cb97d2cc5208861317d\" style=\"color:#386641;font-size:30px\">En savoir plus sur la Ferme de Thoulouse : <\/p>\n\n\n\n<figure class=\"wp-block-image size-full\"><a href=\"https:\/\/fermethoulouse.wixsite.com\/home\" target=\"_blank\" rel=\" noreferrer noopener\"><img loading=\"lazy\" decoding=\"async\" width=\"64\" height=\"64\" src=\"https:\/\/www.amapbrax31.org\/wp-content\/uploads\/2026\/03\/globe.png\" alt=\"\" class=\"wp-image-377\"\/><\/a><\/figure>\n\n\n\n<figure class=\"wp-block-image size-full\"><a href=\"https:\/\/www.facebook.com\/fermethoulouse\/\" target=\"_blank\" rel=\" noreferrer noopener\"><img loading=\"lazy\" decoding=\"async\" width=\"64\" height=\"64\" src=\"https:\/\/www.amapbrax31.org\/wp-content\/uploads\/2026\/03\/facebook2.png\" alt=\"\" class=\"wp-image-334\"\/><\/a><\/figure>\n\n\n\n<figure class=\"wp-block-image size-full\"><a href=\"https:\/\/www.google.com\/maps\/place\/Guilharet,+31470+Fontenilles\/@43.547027,1.1767405,17z\/data=!3m1!4b1!4m6!3m5!1s0x12a94b79ba3e247d:0x3be0ed3ce5be418c!8m2!3d43.547027!4d1.1767405!16s%2Fg%2F1thbgrmb?entry=ttu&amp;g_ep=EgoyMDI2MDMxMS4wIKXMDSoASAFQAw%3D%3D\" target=\"_blank\" rel=\" noreferrer noopener\"><img loading=\"lazy\" decoding=\"async\" width=\"64\" height=\"64\" src=\"https:\/\/www.amapbrax31.org\/wp-content\/uploads\/2026\/03\/emplacement-de-la-couche-terrestre1.png\" alt=\"\" class=\"wp-image-379\"\/><\/a><\/figure>\n<\/div>\n\n\n\n<p><\/p>\n\n\n\n<p><\/p>\n\n\n\n<p><\/p>\n","protected":false},"excerpt":{"rendered":"<p>LE CONTRAT VEAU ET B\u0152UF Vous souhaitez vous inscrire \u00e0 l\u2019AMAP Veau-B\u0153uf ? Contactez la r\u00e9f\u00e9rente Sophie Sa\u00fcc lesgourmetsdebrax@gmail.com FONCTIONNEMENT [&hellip;]<\/p>\n","protected":false},"author":2,"featured_media":0,"parent":0,"menu_order":0,"comment_status":"closed","ping_status":"closed","template":"","meta":{"site-sidebar-layout":"default","site-content-layout":"","ast-site-content-layout":"default","site-content-style":"default","site-sidebar-style":"default","ast-global-header-display":"","ast-banner-title-visibility":"","ast-main-header-display":"","ast-hfb-above-header-display":"","ast-hfb-below-header-display":"","ast-hfb-mobile-header-display":"","site-post-title":"disabled","ast-breadcrumbs-content":"","ast-featured-img":"","footer-sml-layout":"","ast-disable-related-posts":"","theme-transparent-header-meta":"","adv-header-id-meta":"","stick-header-meta":"","header-above-stick-meta":"","header-main-stick-meta":"","header-below-stick-meta":"","astra-migrate-meta-layouts":"default","ast-page-background-enabled":"default","ast-page-background-meta":{"desktop":{"background-color":"var(--ast-global-color-5)","background-image":"","background-repeat":"repeat","background-position":"center center","background-size":"auto","background-attachment":"scroll","background-type":"","background-media":"","overlay-type":"","overlay-color":"","overlay-opacity":"","overlay-gradient":""},"tablet":{"background-color":"","background-image":"","background-repeat":"repeat","background-position":"center center","background-size":"auto","background-attachment":"scroll","background-type":"","background-media":"","overlay-type":"","overlay-color":"","overlay-opacity":"","overlay-gradient":""},"mobile":{"background-color":"","background-image":"","background-repeat":"repeat","background-position":"center center","background-size":"auto","background-attachment":"scroll","background-type":"","background-media":"","overlay-type":"","overlay-color":"","overlay-opacity":"","overlay-gradient":""}},"ast-content-background-meta":{"desktop":{"background-color":"var(--ast-global-color-4)","background-image":"","background-repeat":"repeat","background-position":"center center","background-size":"auto","background-attachment":"scroll","background-type":"","background-media":"","overlay-type":"","overlay-color":"","overlay-opacity":"","overlay-gradient":""},"tablet":{"background-color":"var(--ast-global-color-4)","background-image":"","background-repeat":"repeat","background-position":"center center","background-size":"auto","background-attachment":"scroll","background-type":"","background-media":"","overlay-type":"","overlay-color":"","overlay-opacity":"","overlay-gradient":""},"mobile":{"background-color":"var(--ast-global-color-4)","background-image":"","background-repeat":"repeat","background-position":"center center","background-size":"auto","background-attachment":"scroll","background-type":"","background-media":"","overlay-type":"","overlay-color":"","overlay-opacity":"","overlay-gradient":""}},"footnotes":""},"class_list":["post-309","page","type-page","status-publish","hentry"],"_links":{"self":[{"href":"https:\/\/www.amapbrax31.org\/index.php?rest_route=\/wp\/v2\/pages\/309","targetHints":{"allow":["GET"]}}],"collection":[{"href":"https:\/\/www.amapbrax31.org\/index.php?rest_route=\/wp\/v2\/pages"}],"about":[{"href":"https:\/\/www.amapbrax31.org\/index.php?rest_route=\/wp\/v2\/types\/page"}],"author":[{"embeddable":true,"href":"https:\/\/www.amapbrax31.org\/index.php?rest_route=\/wp\/v2\/users\/2"}],"replies":[{"embeddable":true,"href":"https:\/\/www.amapbrax31.org\/index.php?rest_route=%2Fwp%2Fv2%2Fcomments&post=309"}],"version-history":[{"count":12,"href":"https:\/\/www.amapbrax31.org\/index.php?rest_route=\/wp\/v2\/pages\/309\/revisions"}],"predecessor-version":[{"id":1160,"href":"https:\/\/www.amapbrax31.org\/index.php?rest_route=\/wp\/v2\/pages\/309\/revisions\/1160"}],"wp:attachment":[{"href":"https:\/\/www.amapbrax31.org\/index.php?rest_route=%2Fwp%2Fv2%2Fmedia&parent=309"}],"curies":[{"name":"wp","href":"https:\/\/api.w.org\/{rel}","templated":true}]}}