{"id":318,"date":"2026-03-15T12:41:14","date_gmt":"2026-03-15T11:41:14","guid":{"rendered":"https:\/\/www.amapbrax31.org\/?page_id=318"},"modified":"2026-03-29T18:14:39","modified_gmt":"2026-03-29T16:14:39","slug":"le-contrat-volailles-et-oeufs","status":"publish","type":"page","link":"https:\/\/www.amapbrax31.org\/?page_id=318","title":{"rendered":"Le contrat Volailles et \u0152ufs"},"content":{"rendered":"\n<div class=\"wp-block-columns alignfull are-vertically-aligned-center has-background is-layout-flex wp-container-core-columns-is-layout-28f84493 wp-block-columns-is-layout-flex\" style=\"background-color:#f4f1de\">\n<div class=\"wp-block-column is-vertically-aligned-center is-layout-flow wp-block-column-is-layout-flow\" style=\"flex-basis:25%\">\n<figure class=\"wp-block-image size-full has-custom-border\"><img loading=\"lazy\" decoding=\"async\" width=\"600\" height=\"450\" src=\"https:\/\/www.amapbrax31.org\/wp-content\/uploads\/2026\/03\/P1-redimensionne-taille-moyenne.jpeg\" alt=\"\" class=\"wp-image-322\" style=\"border-top-left-radius:20px;border-top-right-radius:20px;border-bottom-left-radius:20px;border-bottom-right-radius:20px\" srcset=\"https:\/\/www.amapbrax31.org\/wp-content\/uploads\/2026\/03\/P1-redimensionne-taille-moyenne.jpeg 600w, https:\/\/www.amapbrax31.org\/wp-content\/uploads\/2026\/03\/P1-redimensionne-taille-moyenne-300x225.jpeg 300w\" sizes=\"auto, (max-width: 600px) 100vw, 600px\" \/><\/figure>\n<\/div>\n\n\n\n<div class=\"wp-block-column is-vertically-aligned-center is-layout-flow wp-block-column-is-layout-flow\" style=\"flex-basis:50%\">\n<h2 class=\"wp-block-heading has-text-align-center has-x-large-font-size\"><strong>LE CONTRAT VOLAILLES ET \u0152UFS<\/strong><\/h2>\n<\/div>\n\n\n\n<div class=\"wp-block-column is-vertically-aligned-center has-background is-layout-flow wp-block-column-is-layout-flow\" style=\"border-top-left-radius:20px;border-top-right-radius:20px;border-bottom-left-radius:20px;border-bottom-right-radius:20px;background-color:#e9c46a;flex-basis:25%\">\n<p><\/p>\n\n\n\n<p class=\"has-text-align-center has-text-color has-link-color wp-elements-6146e29863fb2d77f090dae7eee94023\" style=\"color:#333333;font-size:17px\">Vous souhaitez vous inscrire \u00e0 l\u2019AMAP Volailles ?<\/p>\n\n\n\n<p class=\"has-text-align-center has-text-color has-link-color wp-elements-d8784efa409f747d0522559f58421fa3\" style=\"color:#333333;font-size:30px\">Contactez la r\u00e9f\u00e9rente<\/p>\n\n\n\n<p class=\"has-text-align-center has-text-color has-link-color has-large-font-size wp-elements-17ea465528f3aeaca117ebdac97f248e\" style=\"color:#386641;line-height:0\"><strong>Aur\u00e9lie Nakache<\/strong><\/p>\n\n\n\n<p class=\"has-text-align-center has-text-color has-link-color has-medium-font-size wp-elements-8c2226b375f75d1c4327130cd3876e1c\" style=\"color:#386641;line-height:1.5\"><strong><a href=\"mailto:lesgourmetsdebrax@gmail.com\">lesgourmetsdebrax@gmail.com<\/a><\/strong><\/p>\n\n\n\n<p><\/p>\n<\/div>\n<\/div>\n\n\n\n<p><\/p>\n\n\n\n<p class=\"has-text-align-center has-text-color has-link-color wp-elements-fc5c4ff7aa82950f8096fdf4871a972f\" style=\"color:#52b788;font-size:30px\"><strong>FONCTIONNEMENT<\/strong><\/p>\n\n\n\n<figure class=\"wp-block-table has-medium-font-size\"><table class=\"has-text-color has-link-color has-border-color has-fixed-layout\" style=\"color:#333333;border-color:#386641;border-width:2px\"><tbody><tr><td>FR\u00c9QUENCE<\/td><td>Mensuel (sauf le mois d\u2019Aout)<\/td><\/tr><tr><td>P\u00c9RIODE \/ SAISON<\/td><td>D&rsquo;Avril \u00e0 Mars<\/td><\/tr><tr><td>CONDITIONS D\u2019INSCRIPTION<\/td><td>Pas de condition particuli\u00e8re : inscription aux livraisons souhait\u00e9es et contenu des colis au choix<br><br><em>Possibilit\u00e9 de s\u2019inscrire en cours de saison<\/em><\/td><\/tr><\/tbody><\/table><\/figure>\n\n\n\n<p><\/p>\n\n\n\n<p class=\"has-text-align-center has-text-color has-link-color wp-elements-14b6cefb21eaa1d89351070266f16a0c\" style=\"color:#52b788;font-size:30px;line-height:0.5\"><strong>PRODUITS et TARIFS*<\/strong><\/p>\n\n\n\n<figure class=\"wp-block-table has-medium-font-size\"><table class=\"has-text-color has-link-color has-border-color has-fixed-layout\" style=\"color:#333333;border-color:#386641;border-width:2px\"><tbody><tr><td>Poulet moyen (1,6 kg \u00e0 1,9 kg)<\/td><td class=\"has-text-align-center\" data-align=\"center\">22\u20ac<\/td><\/tr><tr><td>Gros poulet (2 kg \u00e0 2,5 kg)<\/td><td class=\"has-text-align-center\" data-align=\"center\">25\u20ac<\/td><\/tr><tr><td>Douzaine d\u2019\u0153ufs<\/td><td class=\"has-text-align-center\" data-align=\"center\">4,80\u20ac<\/td><\/tr><tr><td>Plaque de 30 \u0153ufs<\/td><td class=\"has-text-align-center\" data-align=\"center\">11,50\u20ac<\/td><\/tr><\/tbody><\/table><figcaption class=\"wp-element-caption\">* Tarifs applicables pour la saison 2026<\/figcaption><\/figure>\n\n\n\n<p><\/p>\n\n\n\n<p class=\"has-text-align-center has-text-color has-link-color wp-elements-64bd09595a02b39f09dc2f332cb76763\" style=\"color:#52b788;font-size:30px;line-height:0.5\"><strong>CONTRAT<\/strong><\/p>\n\n\n\n<div data-wp-interactive=\"core\/file\" class=\"wp-block-file\"><object data-wp-bind--hidden=\"!state.hasPdfPreview\" hidden class=\"wp-block-file__embed\" data=\"https:\/\/www.amapbrax31.org\/wp-content\/uploads\/2026\/03\/engagement-vierge-VOLAILLES_OEUFS-2026.pdf\" type=\"application\/pdf\" style=\"width:100%;height:600px\" aria-label=\"Contenu embarqu\u00e9 engagement-vierge-VOLAILLES_OEUFS 2026.\"><\/object><a id=\"wp-block-file--media-f677cf8a-283a-4b50-9825-242fc2a1081a\" href=\"https:\/\/www.amapbrax31.org\/wp-content\/uploads\/2026\/03\/engagement-vierge-VOLAILLES_OEUFS-2026.pdf\">engagement-vierge-VOLAILLES_OEUFS 2026<\/a><a href=\"https:\/\/www.amapbrax31.org\/wp-content\/uploads\/2026\/03\/engagement-vierge-VOLAILLES_OEUFS-2026.pdf\" class=\"wp-block-file__button wp-element-button\" download aria-describedby=\"wp-block-file--media-f677cf8a-283a-4b50-9825-242fc2a1081a\">T\u00e9l\u00e9charger<\/a><\/div>\n\n\n\n<p><\/p>\n\n\n\n<div class=\"wp-block-media-text is-stacked-on-mobile\" style=\"border-style:none;border-width:0px\"><figure class=\"wp-block-media-text__media\"><img loading=\"lazy\" decoding=\"async\" width=\"394\" height=\"394\" src=\"https:\/\/www.amapbrax31.org\/wp-content\/uploads\/2026\/03\/304786215_382790680733598_6758712640359223814_n.jpg\" alt=\"\" class=\"wp-image-319 size-full\" srcset=\"https:\/\/www.amapbrax31.org\/wp-content\/uploads\/2026\/03\/304786215_382790680733598_6758712640359223814_n.jpg 394w, https:\/\/www.amapbrax31.org\/wp-content\/uploads\/2026\/03\/304786215_382790680733598_6758712640359223814_n-300x300.jpg 300w, https:\/\/www.amapbrax31.org\/wp-content\/uploads\/2026\/03\/304786215_382790680733598_6758712640359223814_n-150x150.jpg 150w\" sizes=\"auto, (max-width: 394px) 100vw, 394px\" \/><\/figure><div class=\"wp-block-media-text__content\">\n<p class=\"has-text-align-center has-text-color has-link-color wp-elements-d3554ad8d3f7cd09022822bba6beb63a\" style=\"color:#52b788;font-size:30px;line-height:0.5\"><strong>LES PRODUCTEURS<\/strong><\/p>\n\n\n\n<p class=\"has-text-align-left has-text-color has-link-color has-medium-font-size wp-elements-e53e489edd64b1dadfc458232d12a99b\" style=\"color:#333333\"><strong>GAEC de Perrot<\/strong><\/p>\n\n\n\n<p class=\"has-text-color has-link-color has-medium-font-size wp-elements-cc6618c216fe821ea12e3a0485dde703\" style=\"color:#333333\">Laurent et Val\u00e9rie JANSSEN g\u00e8rent leur ferme \u00e0 Cazes Mondenard. Fr\u00e8re et s\u0153ur ont cr\u00e9\u00e9 le GAEC de Perrot. <\/p>\n\n\n\n<p class=\"has-text-color has-link-color has-medium-font-size wp-elements-4c005e20f06624ed90dcc2d627db8023\" style=\"color:#333333\">Ils \u00e9l\u00e8vent les volailles en plein air, selon le cahier des charges de l\u2019organisme ECOCERT. <\/p>\n\n\n\n<p class=\"has-text-color has-link-color has-medium-font-size wp-elements-38d866e745b32fc4a99ecc4491829fbf\" style=\"color:#333333\">Elles sont nourries avec une alimentation biologique compl\u00e8te : ma\u00efs, orge, pois, f\u00e8verole, farine de luzerne, et ne re\u00e7oivent aucun traitement antibiotique. La viande est de qualit\u00e9, particuli\u00e8rement savoureuse et fondante.&nbsp;<\/p>\n\n\n\n<p class=\"has-text-color has-link-color has-medium-font-size wp-elements-6b614ee6f3723a3b0985faa5f643ed34\" style=\"color:#333333\">A la distribution, les \u0153ufs, r\u00e9colt\u00e9s \u00e0 la main, ont maximum 3 jours.<\/p>\n<\/div><\/div>\n\n\n\n<p><\/p>\n\n\n\n<div class=\"wp-block-group has-background is-content-justification-center is-nowrap is-layout-flex wp-container-core-group-is-layout-e6793513 wp-block-group-is-layout-flex\" style=\"border-top-left-radius:40px;border-top-right-radius:40px;border-bottom-left-radius:40px;border-bottom-right-radius:40px;background-color:#e9c46a;margin-top:0;margin-bottom:0\">\n<p class=\"has-text-color has-link-color wp-elements-7ebaf018b824043c9df9b1b8e9b10a35\" style=\"color:#386641;font-size:30px\">En savoir plus sur le GAEC de Perrot : <\/p>\n\n\n\n<figure class=\"wp-block-image size-full\"><a href=\"https:\/\/www.facebook.com\/p\/GAEC-de-Perrot-100070080079446\/\" target=\"_blank\" rel=\" noreferrer noopener\"><img loading=\"lazy\" decoding=\"async\" width=\"64\" height=\"64\" src=\"https:\/\/www.amapbrax31.org\/wp-content\/uploads\/2026\/03\/facebook2.png\" alt=\"\" class=\"wp-image-334\"\/><\/a><\/figure>\n\n\n\n<figure class=\"wp-block-image size-full\"><a href=\"https:\/\/www.google.com\/maps\/place\/Bruy%C3%A8res,+82110+Cazes-Mondenard\/@44.20299,1.1856558,15z\/data=!3m1!4b1!4m6!3m5!1s0x12ab89cb3b20e491:0x9db27298d1090792!8m2!3d44.202991!4d1.195977!16s%2Fg%2F1th45yzm?entry=ttu&amp;g_ep=EgoyMDI2MDMyNC4wIKXMDSoASAFQAw%3D%3D\" target=\"_blank\" rel=\" noreferrer noopener\"><img loading=\"lazy\" decoding=\"async\" width=\"64\" height=\"64\" src=\"https:\/\/www.amapbrax31.org\/wp-content\/uploads\/2026\/03\/emplacement-de-la-couche-terrestre1.png\" alt=\"\" class=\"wp-image-379\"\/><\/a><\/figure>\n<\/div>\n\n\n\n<p><\/p>\n\n\n\n<p><\/p>\n\n\n\n<p><\/p>\n","protected":false},"excerpt":{"rendered":"<p>LE CONTRAT VOLAILLES ET \u0152UFS Vous souhaitez vous inscrire \u00e0 l\u2019AMAP Volailles ? Contactez la r\u00e9f\u00e9rente Aur\u00e9lie Nakache lesgourmetsdebrax@gmail.com FONCTIONNEMENT [&hellip;]<\/p>\n","protected":false},"author":2,"featured_media":0,"parent":0,"menu_order":0,"comment_status":"closed","ping_status":"closed","template":"","meta":{"site-sidebar-layout":"default","site-content-layout":"","ast-site-content-layout":"default","site-content-style":"default","site-sidebar-style":"default","ast-global-header-display":"","ast-banner-title-visibility":"","ast-main-header-display":"","ast-hfb-above-header-display":"","ast-hfb-below-header-display":"","ast-hfb-mobile-header-display":"","site-post-title":"disabled","ast-breadcrumbs-content":"","ast-featured-img":"","footer-sml-layout":"","ast-disable-related-posts":"","theme-transparent-header-meta":"","adv-header-id-meta":"","stick-header-meta":"","header-above-stick-meta":"","header-main-stick-meta":"","header-below-stick-meta":"","astra-migrate-meta-layouts":"default","ast-page-background-enabled":"default","ast-page-background-meta":{"desktop":{"background-color":"var(--ast-global-color-5)","background-image":"","background-repeat":"repeat","background-position":"center center","background-size":"auto","background-attachment":"scroll","background-type":"","background-media":"","overlay-type":"","overlay-color":"","overlay-opacity":"","overlay-gradient":""},"tablet":{"background-color":"","background-image":"","background-repeat":"repeat","background-position":"center center","background-size":"auto","background-attachment":"scroll","background-type":"","background-media":"","overlay-type":"","overlay-color":"","overlay-opacity":"","overlay-gradient":""},"mobile":{"background-color":"","background-image":"","background-repeat":"repeat","background-position":"center center","background-size":"auto","background-attachment":"scroll","background-type":"","background-media":"","overlay-type":"","overlay-color":"","overlay-opacity":"","overlay-gradient":""}},"ast-content-background-meta":{"desktop":{"background-color":"var(--ast-global-color-4)","background-image":"","background-repeat":"repeat","background-position":"center center","background-size":"auto","background-attachment":"scroll","background-type":"","background-media":"","overlay-type":"","overlay-color":"","overlay-opacity":"","overlay-gradient":""},"tablet":{"background-color":"var(--ast-global-color-4)","background-image":"","background-repeat":"repeat","background-position":"center center","background-size":"auto","background-attachment":"scroll","background-type":"","background-media":"","overlay-type":"","overlay-color":"","overlay-opacity":"","overlay-gradient":""},"mobile":{"background-color":"var(--ast-global-color-4)","background-image":"","background-repeat":"repeat","background-position":"center center","background-size":"auto","background-attachment":"scroll","background-type":"","background-media":"","overlay-type":"","overlay-color":"","overlay-opacity":"","overlay-gradient":""}},"footnotes":""},"class_list":["post-318","page","type-page","status-publish","hentry"],"_links":{"self":[{"href":"https:\/\/www.amapbrax31.org\/index.php?rest_route=\/wp\/v2\/pages\/318","targetHints":{"allow":["GET"]}}],"collection":[{"href":"https:\/\/www.amapbrax31.org\/index.php?rest_route=\/wp\/v2\/pages"}],"about":[{"href":"https:\/\/www.amapbrax31.org\/index.php?rest_route=\/wp\/v2\/types\/page"}],"author":[{"embeddable":true,"href":"https:\/\/www.amapbrax31.org\/index.php?rest_route=\/wp\/v2\/users\/2"}],"replies":[{"embeddable":true,"href":"https:\/\/www.amapbrax31.org\/index.php?rest_route=%2Fwp%2Fv2%2Fcomments&post=318"}],"version-history":[{"count":42,"href":"https:\/\/www.amapbrax31.org\/index.php?rest_route=\/wp\/v2\/pages\/318\/revisions"}],"predecessor-version":[{"id":1072,"href":"https:\/\/www.amapbrax31.org\/index.php?rest_route=\/wp\/v2\/pages\/318\/revisions\/1072"}],"wp:attachment":[{"href":"https:\/\/www.amapbrax31.org\/index.php?rest_route=%2Fwp%2Fv2%2Fmedia&parent=318"}],"curies":[{"name":"wp","href":"https:\/\/api.w.org\/{rel}","templated":true}]}}