{"id":350,"date":"2026-03-15T12:41:46","date_gmt":"2026-03-15T11:41:46","guid":{"rendered":"https:\/\/www.amapbrax31.org\/?page_id=350"},"modified":"2026-04-10T23:04:08","modified_gmt":"2026-04-10T21:04:08","slug":"le-contrat-produits-laitiers-de-brebis","status":"publish","type":"page","link":"https:\/\/www.amapbrax31.org\/?page_id=350","title":{"rendered":"Le contrat Produits Laitiers de Brebis"},"content":{"rendered":"\n<div class=\"wp-block-columns alignfull are-vertically-aligned-center has-background is-layout-flex wp-container-core-columns-is-layout-28f84493 wp-block-columns-is-layout-flex\" style=\"background-color:#f4f1de\">\n<div class=\"wp-block-column is-vertically-aligned-center is-layout-flow wp-block-column-is-layout-flow\" style=\"flex-basis:25%\">\n<figure class=\"wp-block-image aligncenter size-full has-custom-border\"><img loading=\"lazy\" decoding=\"async\" width=\"737\" height=\"492\" src=\"https:\/\/www.amapbrax31.org\/wp-content\/uploads\/2026\/02\/brebis-1.png\" alt=\"\" class=\"wp-image-102\" style=\"border-style:none;border-width:0px;border-top-left-radius:20px;border-top-right-radius:20px;border-bottom-left-radius:20px;border-bottom-right-radius:20px\" srcset=\"https:\/\/www.amapbrax31.org\/wp-content\/uploads\/2026\/02\/brebis-1.png 737w, https:\/\/www.amapbrax31.org\/wp-content\/uploads\/2026\/02\/brebis-1-300x200.png 300w\" sizes=\"auto, (max-width: 737px) 100vw, 737px\" \/><\/figure>\n<\/div>\n\n\n\n<div class=\"wp-block-column is-vertically-aligned-center is-layout-flow wp-block-column-is-layout-flow\" style=\"flex-basis:50%\">\n<h2 class=\"wp-block-heading has-text-align-center has-text-color has-link-color has-x-large-font-size wp-elements-9d9a5b652a3a5036c8f24de4a62ec422\" style=\"color:#386641\"><strong>LE CONTRAT<\/strong><\/h2>\n\n\n\n<h2 class=\"wp-block-heading has-text-align-center has-text-color has-link-color has-x-large-font-size wp-elements-bd21d8be00c10bf47bc4795ebfceb935\" style=\"color:#386641\"><strong>PRODUITS LAITIERS DE BREBIS<\/strong><\/h2>\n<\/div>\n\n\n\n<div class=\"wp-block-column is-vertically-aligned-center has-background is-layout-constrained wp-block-column-is-layout-constrained\" style=\"border-top-left-radius:20px;border-top-right-radius:20px;border-bottom-left-radius:20px;border-bottom-right-radius:20px;background-color:#e9c46a;flex-basis:25%\">\n<p><\/p>\n\n\n\n<p class=\"has-text-align-center has-text-color has-link-color wp-elements-fcad267e1d1cff592e240e4b12e9e499\" style=\"color:#333333;font-size:17px\">Vous souhaitez vous inscrire \u00e0 l&rsquo;AMAP Brebis ?<\/p>\n\n\n\n<p class=\"has-text-align-center has-text-color has-link-color wp-elements-d8784efa409f747d0522559f58421fa3\" style=\"color:#333333;font-size:30px\">Contactez la r\u00e9f\u00e9rente<\/p>\n\n\n\n<p class=\"has-text-align-center has-text-color has-link-color has-large-font-size wp-elements-d7fc17de6ccd252ee6716b0564075441\" style=\"color:#386641;line-height:0\"><strong>Elodie Bertin<\/strong><\/p>\n\n\n\n<p class=\"has-text-align-center has-text-color has-link-color has-medium-font-size wp-elements-8c2226b375f75d1c4327130cd3876e1c\" style=\"color:#386641;line-height:1.5\"><strong><a href=\"mailto:lesgourmetsdebrax@gmail.com\">lesgourmetsdebrax@gmail.com<\/a><\/strong><\/p>\n\n\n\n<p><\/p>\n<\/div>\n<\/div>\n\n\n\n<p class=\"has-base-color has-text-color has-link-color wp-elements-93bce5c405dbd3827ae0a662cc721a35\"><\/p>\n\n\n\n<p class=\"has-text-align-center has-text-color has-link-color wp-elements-532a7a0df7f0a66b7a62186e4516a34d\" style=\"color:#52b788;font-size:30px;line-height:1.5\"><strong>FONCTIONNEMENT<\/strong><\/p>\n\n\n\n<figure class=\"wp-block-table has-medium-font-size\"><table class=\"has-text-color has-link-color has-border-color has-fixed-layout\" style=\"color:#333333;border-color:#386641;border-width:3px\"><tbody><tr><td>FR\u00c9QUENCE<\/td><td>Bi-mensuelle<\/td><\/tr><tr><td>P\u00c9RIODE \/ SAISON<\/td><td>De Novembre \u00e0 Juin<\/td><\/tr><tr><td>CONDITIONS D\u2019INSCRIPTION<\/td><td>Inscription \u00e0 toutes les distributions, mais contenu du panier au choix \u00e0 chacune d&rsquo;elle (minimum 1 produit).<br><br><em>Possibilit\u00e9 de s&rsquo;inscrire en cours de saison<\/em><\/td><\/tr><\/tbody><\/table><\/figure>\n\n\n\n<p><\/p>\n\n\n\n<p class=\"has-text-align-center has-text-color has-link-color wp-elements-7a42ae0381af849639a80413ec740b5f\" style=\"color:#52b788;font-size:30px\"><strong>PRODUITS ET TARIFS*<\/strong><\/p>\n\n\n\n<figure class=\"wp-block-table has-medium-font-size\"><table class=\"has-text-color has-link-color has-border-color has-fixed-layout\" style=\"color:#333333;border-color:#386641;border-width:3px\"><tbody><tr><td>Yaourt &#8211; Pot de 400g<\/td><td class=\"has-text-align-center\" data-align=\"center\">4\u20ac<\/td><\/tr><tr><td>Tomme \u00ab\u00a0La M\u00f4me des Bois\u00a0\u00bb &#8211; Pi\u00e8ce de 250g<\/td><td class=\"has-text-align-center\" data-align=\"center\">7,50\u20ac<\/td><\/tr><tr><td>Camembert \u00ab\u00a0Le Coquin\u00a0\u00bb &#8211; Pi\u00e8ce de 250g<\/td><td class=\"has-text-align-center\" data-align=\"center\">6,50\u20ac<\/td><\/tr><tr><td>Feta \u00ab\u00a0La F\u00eatarde\u00a0\u00bb &#8211; Pi\u00e8ce de 250g<\/td><td class=\"has-text-align-center\" data-align=\"center\">6,50\u20ac<\/td><\/tr><tr><td>\u00c9poisses \u00ab\u00a0L\u2019Aussonnelle\u00a0\u00bb &#8211; Pi\u00e8ce de 250g<\/td><td class=\"has-text-align-center\" data-align=\"center\">7\u20ac<\/td><\/tr><tr><td>Palet Cr\u00e9meux \u00ab\u00a0Lo Pitchoun\u00a0\u00bb &#8211; Pi\u00e8ce de 35g<\/td><td class=\"has-text-align-center\" data-align=\"center\">1\u20ac<\/td><\/tr><\/tbody><\/table><\/figure>\n\n\n\n<p class=\"has-text-color has-link-color has-medium-font-size wp-elements-8daefe5942a088554ed72276dff82083\" style=\"color:#333333\"><em>Commandes exceptionnelles en fonction de la production<\/em> :<\/p>\n\n\n\n<figure class=\"wp-block-table has-medium-font-size\"><table class=\"has-text-color has-link-color has-border-color has-fixed-layout\" style=\"color:#333333;border-color:#386641;border-width:3px\"><tbody><tr><td><em>Caill\u00e9 Doux Nature &#8211; Pot de 400g<\/em><\/td><td class=\"has-text-align-center\" data-align=\"center\"><em>3,50\u20ac<\/em><\/td><\/tr><tr><td><em>Brousse &#8211; pot de 400g<\/em><\/td><td class=\"has-text-align-center\" data-align=\"center\">5\u20ac<\/td><\/tr><\/tbody><\/table><figcaption class=\"wp-element-caption\">* Tarifs applicables pour la saison 2026<\/figcaption><\/figure>\n\n\n\n<p class=\"has-text-align-center has-ast-global-color-4-background-color has-text-color has-background has-link-color wp-elements-1f215f6a8901b6dfefec22198b930976\" style=\"color:#52b788;font-size:30px\"><strong>CONTRAT<\/strong><\/p>\n\n\n\n<div data-wp-interactive=\"core\/file\" class=\"wp-block-file\"><object data-wp-bind--hidden=\"!state.hasPdfPreview\" hidden class=\"wp-block-file__embed\" data=\"https:\/\/www.amapbrax31.org\/wp-content\/uploads\/2026\/02\/Contrat-fromages-de-brebis-2025-2026-1.pdf\" type=\"application\/pdf\" style=\"width:100%;height:600px\" aria-label=\"Contenu embarqu\u00e9 Contrat fromages de brebis - 2025-2026 (1).\"><\/object><a id=\"wp-block-file--media-04395d36-eb1e-484c-b07d-528ad1d20598\" href=\"https:\/\/www.amapbrax31.org\/wp-content\/uploads\/2026\/02\/Contrat-fromages-de-brebis-2025-2026-1.pdf\" target=\"_blank\" rel=\"noreferrer noopener\">Contrat fromages de brebis &#8211; 2025-2026 (1)<\/a><a href=\"https:\/\/www.amapbrax31.org\/wp-content\/uploads\/2026\/02\/Contrat-fromages-de-brebis-2025-2026-1.pdf\" class=\"wp-block-file__button wp-element-button\" download aria-describedby=\"wp-block-file--media-04395d36-eb1e-484c-b07d-528ad1d20598\">T\u00e9l\u00e9charger<\/a><\/div>\n\n\n\n<p class=\"has-ast-global-color-4-color has-text-color has-link-color wp-elements-417cb46247855afef66853953d1c474e\">gfsdfs<\/p>\n\n\n\n<div class=\"wp-block-media-text is-stacked-on-mobile is-image-fill-element has-border-color\" style=\"border-color:var(--ast-global-color-4);grid-template-columns:25% auto\"><figure class=\"wp-block-media-text__media\"><img loading=\"lazy\" decoding=\"async\" width=\"576\" height=\"1024\" src=\"https:\/\/www.amapbrax31.org\/wp-content\/uploads\/2026\/02\/anais-576x1024.jpg\" alt=\"\" class=\"wp-image-124 size-full\" style=\"object-position:93% 75%\" srcset=\"https:\/\/www.amapbrax31.org\/wp-content\/uploads\/2026\/02\/anais-576x1024.jpg 576w, https:\/\/www.amapbrax31.org\/wp-content\/uploads\/2026\/02\/anais-169x300.jpg 169w, https:\/\/www.amapbrax31.org\/wp-content\/uploads\/2026\/02\/anais-768x1365.jpg 768w, https:\/\/www.amapbrax31.org\/wp-content\/uploads\/2026\/02\/anais-864x1536.jpg 864w, https:\/\/www.amapbrax31.org\/wp-content\/uploads\/2026\/02\/anais.jpg 900w\" sizes=\"auto, (max-width: 576px) 100vw, 576px\" \/><\/figure><div class=\"wp-block-media-text__content\">\n<p class=\"has-text-align-center has-text-color has-link-color wp-elements-648dcead92bcd24cbe85fe31d6b3e305\" style=\"color:#52b788;font-size:30px\"><strong>LA PRODUCTRICE<\/strong><\/p>\n\n\n\n<p class=\"has-text-align-left has-text-color has-link-color has-medium-font-size wp-elements-72b57c9cac273fe15df83bf32cbbdf07\" style=\"color:#333333\"><strong>Au Pr\u00e9 des Brebis<\/strong><\/p>\n\n\n\n<p class=\"has-text-color has-link-color has-medium-font-size wp-elements-82a5b764302bbb84b43bf0aa89710eeb\" style=\"color:#333333\">Ana\u00efs JeanJean s\u2019est install\u00e9e dans la ferme familiale de son compagnon, \u00e0 Fontenilles, en 2022 et a rejoint notre AMAP en 2024.<\/p>\n\n\n\n<p class=\"has-text-color has-link-color has-medium-font-size wp-elements-16254e7d7ae12b17b266b8ebdb9a45d3\" style=\"color:#333333\">Convertie en BIO depuis 2025, elle nous propose des yaourts et fromages d\u2019une grande qualit\u00e9, faits avec amour et dans le plus grand respect de ses brebis et de leur rythme.<\/p>\n\n\n\n<p class=\"has-text-color has-link-color has-medium-font-size wp-elements-c2d8631e28882266546c72d599ad7fd6\" style=\"color:#333333\">Le troupeau est compos\u00e9 de 80 brebis Manech t\u00eate rousse (originaires du Pays Basque). Les brebis sont traites tous les matins et le lait est transform\u00e9 sur place dans la fromagerie. Les brebis mangent le foin, la paille et les c\u00e9r\u00e9ales produits sur la ferme.<\/p>\n\n\n\n<p class=\"has-text-color has-link-color has-medium-font-size wp-elements-e6c7dab3774ff8a954238dc87e105856\" style=\"color:#333333\">De fabrication artisanale, Ana\u00efs nous propose des yaourts, de la f\u00e9ta, de la tomme, des petits palais, du camembert ou encore de l\u2019\u00e9poisses.<\/p>\n<\/div><\/div>\n\n\n\n<p><\/p>\n\n\n\n<p class=\"has-ast-global-color-4-color has-text-color has-link-color wp-elements-94851b42f60151c3de279c1e59a1c11f\">sdqsd<\/p>\n\n\n\n<div class=\"wp-block-group has-background is-horizontal is-content-justification-center is-nowrap is-layout-flex wp-container-core-group-is-layout-d989b447 wp-block-group-is-layout-flex\" style=\"border-top-left-radius:20px;border-top-right-radius:20px;border-bottom-left-radius:20px;border-bottom-right-radius:20px;background-color:#e9c46a\">\n<p class=\"has-text-color has-link-color wp-elements-3f63c0dc6a658e1162fd1f1255a6b97e\" style=\"color:#386641;font-size:30px\">En savoir plus sur le Pr\u00e9 des Brebis : <\/p>\n\n\n\n<figure class=\"wp-block-image size-full\"><a href=\"https:\/\/aupredesbrebis.com\/\" target=\"_blank\" rel=\" noreferrer noopener\"><img loading=\"lazy\" decoding=\"async\" width=\"64\" height=\"64\" src=\"https:\/\/www.amapbrax31.org\/wp-content\/uploads\/2026\/03\/globe.png\" alt=\"\" class=\"wp-image-377\"\/><\/a><\/figure>\n\n\n\n<figure class=\"wp-block-image size-full\"><a href=\"https:\/\/www.facebook.com\/aupredesbrebis?rdid=FWzsWbFtodOWBAMz&amp;share_url=https%3A%2F%2Fwww.facebook.com%2Fshare%2F17R63EMBu8%2F\" target=\"_blank\" rel=\" noreferrer noopener\"><img loading=\"lazy\" decoding=\"async\" width=\"64\" height=\"64\" src=\"https:\/\/www.amapbrax31.org\/wp-content\/uploads\/2026\/03\/facebook2.png\" alt=\"\" class=\"wp-image-334\"\/><\/a><\/figure>\n\n\n\n<figure class=\"wp-block-image size-full\"><a href=\"https:\/\/www.instagram.com\/aupredesbrebis?igsh=MW5rM25rb3FxcGR0cQ%3D%3D\" target=\"_blank\" rel=\" noreferrer noopener\"><img loading=\"lazy\" decoding=\"async\" width=\"64\" height=\"64\" src=\"https:\/\/www.amapbrax31.org\/wp-content\/uploads\/2026\/03\/instagram-circle.png\" alt=\"\" class=\"wp-image-378\"\/><\/a><\/figure>\n\n\n\n<figure class=\"wp-block-image size-full\"><a href=\"https:\/\/www.google.com\/maps\/place\/Au+pr%C3%A9+des+brebis\/@43.5563845,1.2390758,17z\/data=!3m1!4b1!4m6!3m5!1s0x12aeb30028de5e25:0x790dbf723f4bfe85!8m2!3d43.5563845!4d1.2416507!16s%2Fg%2F11vs8b0hnv?entry=ttu&amp;g_ep=EgoyMDI2MDIwMS4wIKXMDSoASAFQAw%3D%3D\" target=\"_blank\" rel=\" noreferrer noopener\"><img loading=\"lazy\" decoding=\"async\" width=\"64\" height=\"64\" src=\"https:\/\/www.amapbrax31.org\/wp-content\/uploads\/2026\/03\/emplacement-de-la-couche-terrestre1.png\" alt=\"\" class=\"wp-image-379\"\/><\/a><\/figure>\n<\/div>\n\n\n\n<p><\/p>\n\n\n\n<p><\/p>\n\n\n\n<p><\/p>\n","protected":false},"excerpt":{"rendered":"<p>LE CONTRAT PRODUITS LAITIERS DE BREBIS Vous souhaitez vous inscrire \u00e0 l&rsquo;AMAP Brebis ? Contactez la r\u00e9f\u00e9rente Elodie Bertin lesgourmetsdebrax@gmail.com [&hellip;]<\/p>\n","protected":false},"author":2,"featured_media":0,"parent":0,"menu_order":0,"comment_status":"closed","ping_status":"closed","template":"","meta":{"site-sidebar-layout":"default","site-content-layout":"","ast-site-content-layout":"default","site-content-style":"default","site-sidebar-style":"default","ast-global-header-display":"","ast-banner-title-visibility":"","ast-main-header-display":"","ast-hfb-above-header-display":"","ast-hfb-below-header-display":"","ast-hfb-mobile-header-display":"","site-post-title":"disabled","ast-breadcrumbs-content":"","ast-featured-img":"","footer-sml-layout":"","ast-disable-related-posts":"","theme-transparent-header-meta":"","adv-header-id-meta":"","stick-header-meta":"","header-above-stick-meta":"","header-main-stick-meta":"","header-below-stick-meta":"","astra-migrate-meta-layouts":"default","ast-page-background-enabled":"default","ast-page-background-meta":{"desktop":{"background-color":"var(--ast-global-color-5)","background-image":"","background-repeat":"repeat","background-position":"center center","background-size":"auto","background-attachment":"scroll","background-type":"","background-media":"","overlay-type":"","overlay-color":"","overlay-opacity":"","overlay-gradient":""},"tablet":{"background-color":"","background-image":"","background-repeat":"repeat","background-position":"center center","background-size":"auto","background-attachment":"scroll","background-type":"","background-media":"","overlay-type":"","overlay-color":"","overlay-opacity":"","overlay-gradient":""},"mobile":{"background-color":"","background-image":"","background-repeat":"repeat","background-position":"center center","background-size":"auto","background-attachment":"scroll","background-type":"","background-media":"","overlay-type":"","overlay-color":"","overlay-opacity":"","overlay-gradient":""}},"ast-content-background-meta":{"desktop":{"background-color":"var(--ast-global-color-4)","background-image":"","background-repeat":"repeat","background-position":"center center","background-size":"auto","background-attachment":"scroll","background-type":"","background-media":"","overlay-type":"","overlay-color":"","overlay-opacity":"","overlay-gradient":""},"tablet":{"background-color":"var(--ast-global-color-4)","background-image":"","background-repeat":"repeat","background-position":"center center","background-size":"auto","background-attachment":"scroll","background-type":"","background-media":"","overlay-type":"","overlay-color":"","overlay-opacity":"","overlay-gradient":""},"mobile":{"background-color":"var(--ast-global-color-4)","background-image":"","background-repeat":"repeat","background-position":"center center","background-size":"auto","background-attachment":"scroll","background-type":"","background-media":"","overlay-type":"","overlay-color":"","overlay-opacity":"","overlay-gradient":""}},"footnotes":""},"class_list":["post-350","page","type-page","status-publish","hentry"],"_links":{"self":[{"href":"https:\/\/www.amapbrax31.org\/index.php?rest_route=\/wp\/v2\/pages\/350","targetHints":{"allow":["GET"]}}],"collection":[{"href":"https:\/\/www.amapbrax31.org\/index.php?rest_route=\/wp\/v2\/pages"}],"about":[{"href":"https:\/\/www.amapbrax31.org\/index.php?rest_route=\/wp\/v2\/types\/page"}],"author":[{"embeddable":true,"href":"https:\/\/www.amapbrax31.org\/index.php?rest_route=\/wp\/v2\/users\/2"}],"replies":[{"embeddable":true,"href":"https:\/\/www.amapbrax31.org\/index.php?rest_route=%2Fwp%2Fv2%2Fcomments&post=350"}],"version-history":[{"count":47,"href":"https:\/\/www.amapbrax31.org\/index.php?rest_route=\/wp\/v2\/pages\/350\/revisions"}],"predecessor-version":[{"id":1360,"href":"https:\/\/www.amapbrax31.org\/index.php?rest_route=\/wp\/v2\/pages\/350\/revisions\/1360"}],"wp:attachment":[{"href":"https:\/\/www.amapbrax31.org\/index.php?rest_route=%2Fwp%2Fv2%2Fmedia&parent=350"}],"curies":[{"name":"wp","href":"https:\/\/api.w.org\/{rel}","templated":true}]}}