{"id":408,"date":"2026-03-15T12:40:56","date_gmt":"2026-03-15T11:40:56","guid":{"rendered":"https:\/\/www.amapbrax31.org\/?page_id=408"},"modified":"2026-04-09T21:24:50","modified_gmt":"2026-04-09T19:24:50","slug":"le-contrat-farines-legumineuses-pates-et-huiles","status":"publish","type":"page","link":"https:\/\/www.amapbrax31.org\/?page_id=408","title":{"rendered":"Le contrat Farines, L\u00e9gumineuses, p\u00e2tes et huiles"},"content":{"rendered":"\n<div class=\"wp-block-columns alignfull are-vertically-aligned-center has-background is-layout-flex wp-container-core-columns-is-layout-28f84493 wp-block-columns-is-layout-flex\" style=\"background-color:#f4f1de\">\n<div class=\"wp-block-column is-vertically-aligned-center is-layout-flow wp-block-column-is-layout-flow\" style=\"flex-basis:25%\">\n<figure class=\"wp-block-image aligncenter size-large is-resized has-custom-border\"><img loading=\"lazy\" decoding=\"async\" width=\"820\" height=\"1024\" src=\"https:\/\/www.amapbrax31.org\/wp-content\/uploads\/2026\/04\/WhatsApp-Image-2026-04-09-at-20.06.00-820x1024.jpeg\" alt=\"\" class=\"wp-image-1272\" style=\"border-top-left-radius:20px;border-top-right-radius:20px;border-bottom-left-radius:20px;border-bottom-right-radius:20px;aspect-ratio:0.8007836717505464;width:296px;height:auto\" srcset=\"https:\/\/www.amapbrax31.org\/wp-content\/uploads\/2026\/04\/WhatsApp-Image-2026-04-09-at-20.06.00-820x1024.jpeg 820w, https:\/\/www.amapbrax31.org\/wp-content\/uploads\/2026\/04\/WhatsApp-Image-2026-04-09-at-20.06.00-240x300.jpeg 240w, https:\/\/www.amapbrax31.org\/wp-content\/uploads\/2026\/04\/WhatsApp-Image-2026-04-09-at-20.06.00-768x959.jpeg 768w, https:\/\/www.amapbrax31.org\/wp-content\/uploads\/2026\/04\/WhatsApp-Image-2026-04-09-at-20.06.00-1230x1536.jpeg 1230w, https:\/\/www.amapbrax31.org\/wp-content\/uploads\/2026\/04\/WhatsApp-Image-2026-04-09-at-20.06.00.jpeg 1260w\" sizes=\"auto, (max-width: 820px) 100vw, 820px\" \/><\/figure>\n<\/div>\n\n\n\n<div class=\"wp-block-column is-vertically-aligned-center is-layout-flow wp-block-column-is-layout-flow\" style=\"flex-basis:50%\">\n<h2 class=\"wp-block-heading has-text-align-center has-x-large-font-size\"><strong>LE CONTRAT FARINES, L\u00c9GUMINEUSES, P\u00c2TES ET HUILES<\/strong><\/h2>\n<\/div>\n\n\n\n<div class=\"wp-block-column is-vertically-aligned-center has-background is-layout-flow wp-block-column-is-layout-flow\" style=\"border-top-left-radius:20px;border-top-right-radius:20px;border-bottom-left-radius:20px;border-bottom-right-radius:20px;background-color:#e9c46a;flex-basis:25%\">\n<p><\/p>\n\n\n\n<p class=\"has-text-align-center has-text-color has-link-color wp-elements-4bd36440713b48cd32ab9b4248e3beb1\" style=\"color:#333333;font-size:17px\">Vous souhaitez vous inscrire \u00e0 l\u2019AMAP Farines ?<\/p>\n\n\n\n<p class=\"has-text-align-center has-text-color has-link-color wp-elements-d8784efa409f747d0522559f58421fa3\" style=\"color:#333333;font-size:30px\">Contactez la r\u00e9f\u00e9rente<\/p>\n\n\n\n<p class=\"has-text-align-center has-text-color has-link-color has-large-font-size wp-elements-0754ffbdbcef024d9db560097cc3b95b\" style=\"color:#386641;line-height:0\"><strong>Annie Bresolin<\/strong><\/p>\n\n\n\n<p class=\"has-text-align-center has-text-color has-link-color has-medium-font-size wp-elements-8c2226b375f75d1c4327130cd3876e1c\" style=\"color:#386641;line-height:1.5\"><strong><a href=\"mailto:lesgourmetsdebrax@gmail.com\">lesgourmetsdebrax@gmail.com<\/a><\/strong><\/p>\n\n\n\n<p><\/p>\n<\/div>\n<\/div>\n\n\n\n<p><\/p>\n\n\n\n<p class=\"has-text-align-center has-text-color has-link-color wp-elements-fc5c4ff7aa82950f8096fdf4871a972f\" style=\"color:#52b788;font-size:30px\"><strong>FONCTIONNEMENT<\/strong><\/p>\n\n\n\n<figure class=\"wp-block-table has-medium-font-size\"><table class=\"has-border-color has-fixed-layout\" style=\"border-color:#386641;border-width:3px\"><tbody><tr><td>FR\u00c9QUENCE<\/td><td>5 distributions par an<\/td><\/tr><tr><td>P\u00c9RIODE \/ SAISON<\/td><td>De F\u00e9vrier \u00e0 D\u00e9cembre<\/td><\/tr><tr><td>CONDITIONS D\u2019INSCRIPTION<\/td><td>Pas de condition particuli\u00e8re : inscription aux livraisons souhait\u00e9es et contenu des colis au choix<br><br><em>Possibilit\u00e9 de s\u2019inscrire en cours de saison<\/em><\/td><\/tr><\/tbody><\/table><\/figure>\n\n\n\n<p><\/p>\n\n\n\n<p class=\"has-text-align-center has-text-color has-link-color wp-elements-2b6ae73ae8734de259210dc77aba95dc\" style=\"color:#52b788;font-size:30px\"><strong>PRODUITS et TARIFS<\/strong>*<\/p>\n\n\n\n<figure class=\"wp-block-table has-medium-font-size\"><table class=\"has-border-color has-fixed-layout\" style=\"border-color:#386641;border-width:3px\"><tbody><tr><td><strong>P\u00e2tes, paquet de 250g \u00e0 1kg<\/strong><br>Casarecce 100% bl\u00e9 poulard, Mafaldine 100% sarrasin, Campanelle 100% petit \u00e9peautre, Cornette 100% bl\u00e9 du, Spirale 100% bl\u00e9 dur, Pagode 100% petit \u00e9peautre, Rizette 100% Bl\u00e9 dur, Rizette 100% sarrasin&#8230;<\/td><td class=\"has-text-align-center\" data-align=\"center\">de 3\u20ac \u00e0 13\u20ac<\/td><\/tr><tr><td><strong>Huiles, bouteille de 25cl \u00e0 75cl<\/strong><br>Cameline, Tournesol, Colza, Lin<\/td><td class=\"has-text-align-center\" data-align=\"center\">de 4,50\u20ac \u00e0 7,20\u20ac<\/td><\/tr><tr><td><strong>Graines, paquet de 300g \u00e0 1kg<\/strong><br>Graines de lin, Pois chiches, Lentilles vertes, Lentilles roses, Pois cass\u00e9s, Graines de petit \u00e9peautre<\/td><td class=\"has-text-align-center\" data-align=\"center\">de 2,20\u20ac \u00e0 6\u20ac<\/td><\/tr><tr><td><strong>Farines, paquet de 500g \u00e0 5kg<\/strong><br>Bl\u00e9 T65 (p\u00e2tisserie), Semoule de bl\u00e9 dur, Petit \u00e9peautre, Bl\u00e9 T80, Bl\u00e9 T110, Seigle, Sarrasin<\/td><td class=\"has-text-align-center\" data-align=\"center\">de 2\u20ac \u00e0 20\u20ac<\/td><\/tr><tr><td><strong>Divers<\/strong><br>Aliments pour poules, Son poules, Paillages (Son de bl\u00e9, Cosses sarrasin, Balle de petit \u00e9peautre)<\/td><td class=\"has-text-align-center\" data-align=\"center\">de 13\u20ac \u00e0 24\u20ac<\/td><\/tr><\/tbody><\/table><figcaption class=\"wp-element-caption\">* Tarifs applicables en 2026<\/figcaption><\/figure>\n\n\n\n<p><\/p>\n\n\n\n<p class=\"has-text-align-center has-text-color has-link-color wp-elements-2cae6e01617beec6b1c61bb18e5ce670\" style=\"color:#52b788;font-size:30px\"><strong>CONTRAT<\/strong><\/p>\n\n\n\n<div data-wp-interactive=\"core\/file\" class=\"wp-block-file\"><object data-wp-bind--hidden=\"!state.hasPdfPreview\" hidden class=\"wp-block-file__embed\" data=\"https:\/\/www.amapbrax31.org\/wp-content\/uploads\/2026\/04\/engagement-vierge-Farines_Legumineuses_2026.pdf\" type=\"application\/pdf\" style=\"width:100%;height:600px\" aria-label=\"Contenu embarqu\u00e9 engagement-vierge-Farines_L\u00e9gumineuses_2026.\"><\/object><a id=\"wp-block-file--media-c686c9ac-3f45-40c2-a79a-a69ecce2a177\" href=\"https:\/\/www.amapbrax31.org\/wp-content\/uploads\/2026\/04\/engagement-vierge-Farines_Legumineuses_2026.pdf\">engagement-vierge-Farines_L\u00e9gumineuses_2026<\/a><a href=\"https:\/\/www.amapbrax31.org\/wp-content\/uploads\/2026\/04\/engagement-vierge-Farines_Legumineuses_2026.pdf\" class=\"wp-block-file__button wp-element-button\" download aria-describedby=\"wp-block-file--media-c686c9ac-3f45-40c2-a79a-a69ecce2a177\">T\u00e9l\u00e9charger<\/a><\/div>\n\n\n\n<p><\/p>\n\n\n\n<div class=\"wp-block-media-text is-stacked-on-mobile\"><figure class=\"wp-block-media-text__media\"><img loading=\"lazy\" decoding=\"async\" width=\"1024\" height=\"1024\" src=\"https:\/\/www.amapbrax31.org\/wp-content\/uploads\/2026\/04\/WhatsApp-Image-2026-04-09-at-20.03.03-1024x1024.jpeg\" alt=\"\" class=\"wp-image-1271 size-full\" srcset=\"https:\/\/www.amapbrax31.org\/wp-content\/uploads\/2026\/04\/WhatsApp-Image-2026-04-09-at-20.03.03-1024x1024.jpeg 1024w, https:\/\/www.amapbrax31.org\/wp-content\/uploads\/2026\/04\/WhatsApp-Image-2026-04-09-at-20.03.03-300x300.jpeg 300w, https:\/\/www.amapbrax31.org\/wp-content\/uploads\/2026\/04\/WhatsApp-Image-2026-04-09-at-20.03.03-150x150.jpeg 150w, https:\/\/www.amapbrax31.org\/wp-content\/uploads\/2026\/04\/WhatsApp-Image-2026-04-09-at-20.03.03-768x768.jpeg 768w, https:\/\/www.amapbrax31.org\/wp-content\/uploads\/2026\/04\/WhatsApp-Image-2026-04-09-at-20.03.03-1536x1536.jpeg 1536w, https:\/\/www.amapbrax31.org\/wp-content\/uploads\/2026\/04\/WhatsApp-Image-2026-04-09-at-20.03.03.jpeg 1600w\" sizes=\"auto, (max-width: 1024px) 100vw, 1024px\" \/><\/figure><div class=\"wp-block-media-text__content\">\n<p class=\"has-text-align-center has-text-color has-link-color wp-elements-295b03c8bcbcf888c27c9407791b0df1\" style=\"color:#52b788;font-size:30px\"><strong>LES PRODUCTEURS<\/strong><\/p>\n\n\n\n<p class=\"has-medium-font-size\"><strong>Biograneta<\/strong><\/p>\n\n\n\n<p class=\"has-medium-font-size\">Originaires d\u2019Issus et de Roquette, Fr\u00e9d\u00e9ric et St\u00e9phanie ont choisi de s\u2019installer \u00e0 Montbrun-Lauragais avec leur 5 filles apr\u00e8s avoir exerc\u00e9 divers m\u00e9tiers apr\u00e8s leurs \u00e9tudes sup\u00e9rieures.<\/p>\n\n\n\n<p class=\"has-medium-font-size\">Ils ont fait le choix de l\u2019agriculture biologique par opposition \u00e0 la chimie de synth\u00e8se et par conviction vis \u00e0 vis du respect de la nature.<\/p>\n\n\n\n<p class=\"has-medium-font-size\">Ils transforment leurs c\u00e9r\u00e9ales, de mani\u00e8re artisanale, en farine, en p\u00e2tes, en huile et les vendent sur l\u2019exploitation et dans les circuits courts (march\u00e9s de producteurs comme celui de Montbrun Lauragais, paniers paysans&#8230;)<\/p>\n<\/div><\/div>\n\n\n\n<p><\/p>\n\n\n\n<div class=\"wp-block-group has-background is-content-justification-center is-nowrap is-layout-flex wp-container-core-group-is-layout-35891901 wp-block-group-is-layout-flex\" style=\"border-top-left-radius:20px;border-top-right-radius:20px;border-bottom-left-radius:20px;border-bottom-right-radius:20px;background-color:#e9c46a\">\n<p style=\"font-size:30px\">En savoir plus sur Biograneta : <\/p>\n\n\n\n<figure class=\"wp-block-image size-full\"><a href=\"https:\/\/www.biograneta.fr\/\" target=\"_blank\" rel=\" noreferrer noopener\"><img loading=\"lazy\" decoding=\"async\" width=\"64\" height=\"64\" src=\"https:\/\/www.amapbrax31.org\/wp-content\/uploads\/2026\/03\/globe.png\" alt=\"\" class=\"wp-image-377\"\/><\/a><\/figure>\n\n\n\n<figure class=\"wp-block-image size-full\"><a href=\"https:\/\/www.facebook.com\/biograneta\/\" target=\"_blank\" rel=\" noreferrer noopener\"><img loading=\"lazy\" decoding=\"async\" width=\"64\" height=\"64\" src=\"https:\/\/www.amapbrax31.org\/wp-content\/uploads\/2026\/03\/facebook2.png\" alt=\"\" class=\"wp-image-334\"\/><\/a><\/figure>\n\n\n\n<figure class=\"wp-block-image size-full\"><a href=\"https:\/\/www.instagram.com\/biograneta\/\" target=\"_blank\" rel=\" noreferrer noopener\"><img loading=\"lazy\" decoding=\"async\" width=\"64\" height=\"64\" src=\"https:\/\/www.amapbrax31.org\/wp-content\/uploads\/2026\/03\/instagram-circle.png\" alt=\"\" class=\"wp-image-378\"\/><\/a><\/figure>\n\n\n\n<figure class=\"wp-block-image size-full\"><a href=\"https:\/\/www.google.com\/maps\/place\/BIOGRANETA+(Earl+Chiaroscuro)\/@43.4544827,1.4968917,17z\/data=!3m1!4b1!4m6!3m5!1s0x12aec04029b851f9:0x729133d9f73b2d79!8m2!3d43.4544827!4d1.499472!16s%2Fg%2F11g6px4j2j?entry=ttu&amp;g_ep=EgoyMDI2MDQwNy4wIKXMDSoASAFQAw%3D%3D\" target=\"_blank\" rel=\" noreferrer noopener\"><img loading=\"lazy\" decoding=\"async\" width=\"64\" height=\"64\" src=\"https:\/\/www.amapbrax31.org\/wp-content\/uploads\/2026\/03\/emplacement-de-la-couche-terrestre1.png\" alt=\"\" class=\"wp-image-379\"\/><\/a><\/figure>\n<\/div>\n\n\n\n<p><\/p>\n\n\n\n<p><\/p>\n\n\n\n<p><\/p>\n","protected":false},"excerpt":{"rendered":"<p>LE CONTRAT FARINES, L\u00c9GUMINEUSES, P\u00c2TES ET HUILES Vous souhaitez vous inscrire \u00e0 l\u2019AMAP Farines ? Contactez la r\u00e9f\u00e9rente Annie Bresolin [&hellip;]<\/p>\n","protected":false},"author":2,"featured_media":0,"parent":0,"menu_order":0,"comment_status":"closed","ping_status":"closed","template":"","meta":{"site-sidebar-layout":"default","site-content-layout":"","ast-site-content-layout":"default","site-content-style":"default","site-sidebar-style":"default","ast-global-header-display":"","ast-banner-title-visibility":"","ast-main-header-display":"","ast-hfb-above-header-display":"","ast-hfb-below-header-display":"","ast-hfb-mobile-header-display":"","site-post-title":"disabled","ast-breadcrumbs-content":"","ast-featured-img":"","footer-sml-layout":"","ast-disable-related-posts":"","theme-transparent-header-meta":"","adv-header-id-meta":"","stick-header-meta":"","header-above-stick-meta":"","header-main-stick-meta":"","header-below-stick-meta":"","astra-migrate-meta-layouts":"default","ast-page-background-enabled":"default","ast-page-background-meta":{"desktop":{"background-color":"var(--ast-global-color-5)","background-image":"","background-repeat":"repeat","background-position":"center center","background-size":"auto","background-attachment":"scroll","background-type":"","background-media":"","overlay-type":"","overlay-color":"","overlay-opacity":"","overlay-gradient":""},"tablet":{"background-color":"","background-image":"","background-repeat":"repeat","background-position":"center center","background-size":"auto","background-attachment":"scroll","background-type":"","background-media":"","overlay-type":"","overlay-color":"","overlay-opacity":"","overlay-gradient":""},"mobile":{"background-color":"","background-image":"","background-repeat":"repeat","background-position":"center center","background-size":"auto","background-attachment":"scroll","background-type":"","background-media":"","overlay-type":"","overlay-color":"","overlay-opacity":"","overlay-gradient":""}},"ast-content-background-meta":{"desktop":{"background-color":"var(--ast-global-color-4)","background-image":"","background-repeat":"repeat","background-position":"center center","background-size":"auto","background-attachment":"scroll","background-type":"","background-media":"","overlay-type":"","overlay-color":"","overlay-opacity":"","overlay-gradient":""},"tablet":{"background-color":"var(--ast-global-color-4)","background-image":"","background-repeat":"repeat","background-position":"center center","background-size":"auto","background-attachment":"scroll","background-type":"","background-media":"","overlay-type":"","overlay-color":"","overlay-opacity":"","overlay-gradient":""},"mobile":{"background-color":"var(--ast-global-color-4)","background-image":"","background-repeat":"repeat","background-position":"center center","background-size":"auto","background-attachment":"scroll","background-type":"","background-media":"","overlay-type":"","overlay-color":"","overlay-opacity":"","overlay-gradient":""}},"footnotes":""},"class_list":["post-408","page","type-page","status-publish","hentry"],"_links":{"self":[{"href":"https:\/\/www.amapbrax31.org\/index.php?rest_route=\/wp\/v2\/pages\/408","targetHints":{"allow":["GET"]}}],"collection":[{"href":"https:\/\/www.amapbrax31.org\/index.php?rest_route=\/wp\/v2\/pages"}],"about":[{"href":"https:\/\/www.amapbrax31.org\/index.php?rest_route=\/wp\/v2\/types\/page"}],"author":[{"embeddable":true,"href":"https:\/\/www.amapbrax31.org\/index.php?rest_route=\/wp\/v2\/users\/2"}],"replies":[{"embeddable":true,"href":"https:\/\/www.amapbrax31.org\/index.php?rest_route=%2Fwp%2Fv2%2Fcomments&post=408"}],"version-history":[{"count":13,"href":"https:\/\/www.amapbrax31.org\/index.php?rest_route=\/wp\/v2\/pages\/408\/revisions"}],"predecessor-version":[{"id":1289,"href":"https:\/\/www.amapbrax31.org\/index.php?rest_route=\/wp\/v2\/pages\/408\/revisions\/1289"}],"wp:attachment":[{"href":"https:\/\/www.amapbrax31.org\/index.php?rest_route=%2Fwp%2Fv2%2Fmedia&parent=408"}],"curies":[{"name":"wp","href":"https:\/\/api.w.org\/{rel}","templated":true}]}}