{"id":435,"date":"2026-03-14T12:36:28","date_gmt":"2026-03-14T11:36:28","guid":{"rendered":"https:\/\/www.amapbrax31.org\/?page_id=435"},"modified":"2026-03-17T01:02:43","modified_gmt":"2026-03-17T00:02:43","slug":"legumes-ou-fruits","status":"publish","type":"page","link":"https:\/\/www.amapbrax31.org\/?page_id=435","title":{"rendered":"L\u00e9gumes ou Fruits"},"content":{"rendered":"\n<div class=\"wp-block-columns are-vertically-aligned-center has-background is-layout-flex wp-container-core-columns-is-layout-28f84493 wp-block-columns-is-layout-flex\" style=\"background-color:#f4f1de\">\n<div class=\"wp-block-column is-vertically-aligned-center is-layout-flow wp-block-column-is-layout-flow\" style=\"flex-basis:66.66%\">\n<h2 class=\"wp-block-heading has-text-align-right has-x-large-font-size\"><strong>LES CONTRATS L\u00c9GUMES OU FRUITS<\/strong><\/h2>\n<\/div>\n\n\n\n<div class=\"wp-block-column is-vertically-aligned-center is-layout-flow wp-block-column-is-layout-flow\" style=\"flex-basis:33.33%\">\n<figure class=\"wp-block-image size-full has-custom-border\"><img loading=\"lazy\" decoding=\"async\" width=\"64\" height=\"64\" src=\"https:\/\/www.amapbrax31.org\/wp-content\/uploads\/2026\/03\/carotte3.png\" alt=\"\" class=\"wp-image-711\" style=\"border-style:none;border-width:0px\"\/><\/figure>\n<\/div>\n<\/div>\n\n\n\n<div class=\"wp-block-group is-layout-constrained wp-block-group-is-layout-constrained\">\n<p class=\"has-text-color has-link-color has-medium-font-size wp-elements-23dbba5f16974709c358616391c353f5\" style=\"color:#333333\">L&rsquo;association propose : <\/p>\n\n\n\n<ul class=\"wp-block-list\">\n<li class=\"has-text-color has-link-color has-medium-font-size wp-elements-db1b8525d4441b14a2943012927cc408\" style=\"color:#333333\">Un contrat<strong> L\u00e9gumes<\/strong> avec Lo\u00efc Dellarossa, mara\u00eecher \u00e0 L\u00e9guevin,<\/li>\n\n\n\n<li class=\"has-text-color has-link-color has-medium-font-size wp-elements-5dd37f42e549455c63e499e195d820cc\" style=\"color:#333333\">Un contrat <strong>Fruits, Pain et Produits Transform\u00e9s<\/strong> avec Vincent Potier, arboriculteur dans le Lot et Garonne.<\/li>\n<\/ul>\n<\/div>\n\n\n\n<p class=\"has-text-align-center has-text-color has-link-color wp-elements-fcb4ce3e3c10d2581cccb5712cbfef3b\" style=\"color:#52b788;font-size:30px\"><strong>D\u00e9couvrez ces deux contrats ainsi qu&rsquo;une pr\u00e9sentation des producteurs<\/strong><\/p>\n\n\n\n<div class=\"wp-block-columns is-layout-flex wp-container-core-columns-is-layout-28f84493 wp-block-columns-is-layout-flex\">\n<div class=\"wp-block-column is-layout-flow wp-block-column-is-layout-flow\">\n<div class=\"wp-block-cover is-light\" style=\"border-top-left-radius:20px;border-top-right-radius:20px;border-bottom-left-radius:20px;border-bottom-right-radius:20px\"><img loading=\"lazy\" decoding=\"async\" width=\"1024\" height=\"1024\" class=\"wp-block-cover__image-background wp-image-535 size-large\" alt=\"\" src=\"https:\/\/www.amapbrax31.org\/wp-content\/uploads\/2026\/03\/FB_IMG_17698797818202-1-1024x1024.jpg\" data-object-fit=\"cover\" srcset=\"https:\/\/www.amapbrax31.org\/wp-content\/uploads\/2026\/03\/FB_IMG_17698797818202-1-1024x1024.jpg 1024w, https:\/\/www.amapbrax31.org\/wp-content\/uploads\/2026\/03\/FB_IMG_17698797818202-1-300x300.jpg 300w, https:\/\/www.amapbrax31.org\/wp-content\/uploads\/2026\/03\/FB_IMG_17698797818202-1-150x150.jpg 150w, https:\/\/www.amapbrax31.org\/wp-content\/uploads\/2026\/03\/FB_IMG_17698797818202-1-768x768.jpg 768w, https:\/\/www.amapbrax31.org\/wp-content\/uploads\/2026\/03\/FB_IMG_17698797818202-1.jpg 1080w\" sizes=\"auto, (max-width: 1024px) 100vw, 1024px\" \/><span aria-hidden=\"true\" class=\"wp-block-cover__background has-background-dim\" style=\"background-color:#9b7a66\"><\/span><div class=\"wp-block-cover__inner-container is-layout-constrained wp-block-cover-is-layout-constrained\">\n<p class=\"has-text-align-center has-text-color has-link-color has-large-font-size wp-elements-810659c4ec75975cf45c00568051479a\" style=\"color:#f4f1de\"><a href=\"https:\/\/www.amapbrax31.org\/?page_id=136\" data-type=\"page\" data-id=\"136\"><strong>Le contrat L\u00e9gumes<\/strong><\/a><\/p>\n<\/div><\/div>\n<\/div>\n\n\n\n<div class=\"wp-block-column is-layout-flow wp-block-column-is-layout-flow\">\n<div class=\"wp-block-cover\" style=\"border-top-left-radius:20px;border-top-right-radius:20px;border-bottom-left-radius:20px;border-bottom-right-radius:20px\"><img loading=\"lazy\" decoding=\"async\" width=\"600\" height=\"900\" class=\"wp-block-cover__image-background wp-image-536 size-full\" alt=\"\" src=\"https:\/\/www.amapbrax31.org\/wp-content\/uploads\/2026\/03\/marek-studzinski-3D6yReT06p0-unsplash-redimensionne-taille-moyenne.jpeg\" data-object-fit=\"cover\" srcset=\"https:\/\/www.amapbrax31.org\/wp-content\/uploads\/2026\/03\/marek-studzinski-3D6yReT06p0-unsplash-redimensionne-taille-moyenne.jpeg 600w, https:\/\/www.amapbrax31.org\/wp-content\/uploads\/2026\/03\/marek-studzinski-3D6yReT06p0-unsplash-redimensionne-taille-moyenne-200x300.jpeg 200w\" sizes=\"auto, (max-width: 600px) 100vw, 600px\" \/><span aria-hidden=\"true\" class=\"wp-block-cover__background has-background-dim\" style=\"background-color:#92735b\"><\/span><div class=\"wp-block-cover__inner-container is-layout-constrained wp-block-cover-is-layout-constrained\">\n<p class=\"has-text-align-center has-text-color has-link-color has-large-font-size wp-elements-225819f6d9d69b58a3ac820a7ed8a668\" style=\"color:#f4f1de\"><strong><a href=\"https:\/\/www.amapbrax31.org\/?page_id=141\" data-type=\"page\" data-id=\"141\">Le contrat Fruits, Pain et Produits Transform\u00e9s<\/a><\/strong><\/p>\n<\/div><\/div>\n<\/div>\n<\/div>\n\n\n\n<p><\/p>\n","protected":false},"excerpt":{"rendered":"<p>LES CONTRATS L\u00c9GUMES OU FRUITS L&rsquo;association propose : D\u00e9couvrez ces deux contrats ainsi qu&rsquo;une pr\u00e9sentation des producteurs<\/p>\n","protected":false},"author":2,"featured_media":0,"parent":0,"menu_order":0,"comment_status":"closed","ping_status":"closed","template":"","meta":{"site-sidebar-layout":"no-sidebar","site-content-layout":"","ast-site-content-layout":"full-width-container","site-content-style":"default","site-sidebar-style":"default","ast-global-header-display":"","ast-banner-title-visibility":"","ast-main-header-display":"","ast-hfb-above-header-display":"","ast-hfb-below-header-display":"","ast-hfb-mobile-header-display":"","site-post-title":"disabled","ast-breadcrumbs-content":"","ast-featured-img":"disabled","footer-sml-layout":"","ast-disable-related-posts":"","theme-transparent-header-meta":"","adv-header-id-meta":"","stick-header-meta":"","header-above-stick-meta":"","header-main-stick-meta":"","header-below-stick-meta":"","astra-migrate-meta-layouts":"default","ast-page-background-enabled":"default","ast-page-background-meta":{"desktop":{"background-color":"var(--ast-global-color-5)","background-image":"","background-repeat":"repeat","background-position":"center center","background-size":"auto","background-attachment":"scroll","background-type":"","background-media":"","overlay-type":"","overlay-color":"","overlay-opacity":"","overlay-gradient":""},"tablet":{"background-color":"","background-image":"","background-repeat":"repeat","background-position":"center center","background-size":"auto","background-attachment":"scroll","background-type":"","background-media":"","overlay-type":"","overlay-color":"","overlay-opacity":"","overlay-gradient":""},"mobile":{"background-color":"","background-image":"","background-repeat":"repeat","background-position":"center center","background-size":"auto","background-attachment":"scroll","background-type":"","background-media":"","overlay-type":"","overlay-color":"","overlay-opacity":"","overlay-gradient":""}},"ast-content-background-meta":{"desktop":{"background-color":"var(--ast-global-color-4)","background-image":"","background-repeat":"repeat","background-position":"center center","background-size":"auto","background-attachment":"scroll","background-type":"","background-media":"","overlay-type":"","overlay-color":"","overlay-opacity":"","overlay-gradient":""},"tablet":{"background-color":"var(--ast-global-color-4)","background-image":"","background-repeat":"repeat","background-position":"center center","background-size":"auto","background-attachment":"scroll","background-type":"","background-media":"","overlay-type":"","overlay-color":"","overlay-opacity":"","overlay-gradient":""},"mobile":{"background-color":"var(--ast-global-color-4)","background-image":"","background-repeat":"repeat","background-position":"center center","background-size":"auto","background-attachment":"scroll","background-type":"","background-media":"","overlay-type":"","overlay-color":"","overlay-opacity":"","overlay-gradient":""}},"footnotes":""},"class_list":["post-435","page","type-page","status-publish","hentry"],"_links":{"self":[{"href":"https:\/\/www.amapbrax31.org\/index.php?rest_route=\/wp\/v2\/pages\/435","targetHints":{"allow":["GET"]}}],"collection":[{"href":"https:\/\/www.amapbrax31.org\/index.php?rest_route=\/wp\/v2\/pages"}],"about":[{"href":"https:\/\/www.amapbrax31.org\/index.php?rest_route=\/wp\/v2\/types\/page"}],"author":[{"embeddable":true,"href":"https:\/\/www.amapbrax31.org\/index.php?rest_route=\/wp\/v2\/users\/2"}],"replies":[{"embeddable":true,"href":"https:\/\/www.amapbrax31.org\/index.php?rest_route=%2Fwp%2Fv2%2Fcomments&post=435"}],"version-history":[{"count":17,"href":"https:\/\/www.amapbrax31.org\/index.php?rest_route=\/wp\/v2\/pages\/435\/revisions"}],"predecessor-version":[{"id":747,"href":"https:\/\/www.amapbrax31.org\/index.php?rest_route=\/wp\/v2\/pages\/435\/revisions\/747"}],"wp:attachment":[{"href":"https:\/\/www.amapbrax31.org\/index.php?rest_route=%2Fwp%2Fv2%2Fmedia&parent=435"}],"curies":[{"name":"wp","href":"https:\/\/api.w.org\/{rel}","templated":true}]}}