{"id":439,"date":"2026-03-14T12:52:34","date_gmt":"2026-03-14T11:52:34","guid":{"rendered":"https:\/\/www.amapbrax31.org\/?page_id=439"},"modified":"2026-03-17T01:05:10","modified_gmt":"2026-03-17T00:05:10","slug":"produits-laitiers","status":"publish","type":"page","link":"https:\/\/www.amapbrax31.org\/?page_id=439","title":{"rendered":"Produits Laitiers"},"content":{"rendered":"\n<div class=\"wp-block-columns alignfull are-vertically-aligned-center has-background is-layout-flex wp-container-core-columns-is-layout-28f84493 wp-block-columns-is-layout-flex\" style=\"background-color:#f4f1de\">\n<div class=\"wp-block-column is-vertically-aligned-center is-layout-flow wp-block-column-is-layout-flow\" style=\"flex-basis:66.66%\">\n<h2 class=\"wp-block-heading alignfull has-text-align-right has-x-large-font-size\"><strong>LES CONTRATS PRODUITS LAITIERS<\/strong><\/h2>\n<\/div>\n\n\n\n<div class=\"wp-block-column is-vertically-aligned-center is-layout-flow wp-block-column-is-layout-flow\" style=\"flex-basis:33.33%\">\n<figure class=\"wp-block-image size-full\"><img loading=\"lazy\" decoding=\"async\" width=\"64\" height=\"64\" src=\"https:\/\/www.amapbrax31.org\/wp-content\/uploads\/2026\/03\/lait-alternatif.png\" alt=\"\" class=\"wp-image-720\"\/><\/figure>\n<\/div>\n<\/div>\n\n\n\n<p><\/p>\n\n\n\n<p class=\"has-text-color has-link-color has-medium-font-size wp-elements-79620734a72e6a036a232d26051ebe68\" style=\"color:#333333\">L&rsquo;association propose :<\/p>\n\n\n\n<ul class=\"wp-block-list\">\n<li class=\"has-text-color has-link-color has-medium-font-size wp-elements-684d8e937209756c69b8b5bb0e905669\" style=\"color:#333333\">Un contrat <strong>Fromages de Ch\u00e8vre<\/strong> avec Christel Le Luhandre et Fabrice Tonelli, \u00e9leveurs en Ari\u00e8ges,<\/li>\n\n\n\n<li class=\"has-text-color has-link-color has-medium-font-size wp-elements-5ca9f6d34291382cefefbcaae9cf7dcf\" style=\"color:#333333\">Un contrat <strong>Produits Laitiers de Brebis<\/strong> avec Ana\u00efs Jeanjean, \u00e9leveuse \u00e0 Fontenilles,<\/li>\n<\/ul>\n\n\n\n<p><\/p>\n\n\n\n<p><\/p>\n\n\n\n<p class=\"has-text-align-center has-text-color has-link-color wp-elements-fcb4ce3e3c10d2581cccb5712cbfef3b\" style=\"color:#52b788;font-size:30px\"><strong>D\u00e9couvrez ces deux contrats ainsi qu&rsquo;une pr\u00e9sentation des producteurs<\/strong><\/p>\n\n\n\n<div class=\"wp-block-columns alignfull is-layout-flex wp-container-core-columns-is-layout-28f84493 wp-block-columns-is-layout-flex\">\n<div class=\"wp-block-column is-layout-flow wp-block-column-is-layout-flow\">\n<div class=\"wp-block-cover\" style=\"border-top-left-radius:20px;border-top-right-radius:20px;border-bottom-left-radius:20px;border-bottom-right-radius:20px\"><img loading=\"lazy\" decoding=\"async\" width=\"600\" height=\"400\" class=\"wp-block-cover__image-background wp-image-723 size-full\" alt=\"\" src=\"https:\/\/www.amapbrax31.org\/wp-content\/uploads\/2026\/03\/bret-lama-UK7DwfsC8MQ-unsplash-redimensionne-taille-moyenne.jpeg\" data-object-fit=\"cover\" srcset=\"https:\/\/www.amapbrax31.org\/wp-content\/uploads\/2026\/03\/bret-lama-UK7DwfsC8MQ-unsplash-redimensionne-taille-moyenne.jpeg 600w, https:\/\/www.amapbrax31.org\/wp-content\/uploads\/2026\/03\/bret-lama-UK7DwfsC8MQ-unsplash-redimensionne-taille-moyenne-300x200.jpeg 300w\" sizes=\"auto, (max-width: 600px) 100vw, 600px\" \/><span aria-hidden=\"true\" class=\"wp-block-cover__background has-background-dim\" style=\"background-color:#6e7363\"><\/span><div class=\"wp-block-cover__inner-container is-layout-constrained wp-block-cover-is-layout-constrained\">\n<p class=\"has-text-align-center has-text-color has-link-color has-large-font-size wp-elements-3eb22368b128d3a89915ecb728945ba7\" style=\"color:#f4f1de\"><strong><a href=\"https:\/\/www.amapbrax31.org\/?page_id=269\" data-type=\"page\" data-id=\"269\">Le contrat Fromages de Ch\u00e8vre<\/a><\/strong><\/p>\n<\/div><\/div>\n<\/div>\n\n\n\n<div class=\"wp-block-column is-layout-flow wp-block-column-is-layout-flow\">\n<div class=\"wp-block-cover\" style=\"border-top-left-radius:20px;border-top-right-radius:20px;border-bottom-left-radius:20px;border-bottom-right-radius:20px\"><img loading=\"lazy\" decoding=\"async\" width=\"600\" height=\"363\" class=\"wp-block-cover__image-background wp-image-724 size-full\" alt=\"\" src=\"https:\/\/www.amapbrax31.org\/wp-content\/uploads\/2026\/03\/lena-kudryavtseva-Zrc_NGb3eAA-unsplash-redimensionne-taille-moyenne.jpeg\" data-object-fit=\"cover\" srcset=\"https:\/\/www.amapbrax31.org\/wp-content\/uploads\/2026\/03\/lena-kudryavtseva-Zrc_NGb3eAA-unsplash-redimensionne-taille-moyenne.jpeg 600w, https:\/\/www.amapbrax31.org\/wp-content\/uploads\/2026\/03\/lena-kudryavtseva-Zrc_NGb3eAA-unsplash-redimensionne-taille-moyenne-300x182.jpeg 300w\" sizes=\"auto, (max-width: 600px) 100vw, 600px\" \/><span aria-hidden=\"true\" class=\"wp-block-cover__background has-background-dim\" style=\"background-color:#847368\"><\/span><div class=\"wp-block-cover__inner-container is-layout-constrained wp-block-cover-is-layout-constrained\">\n<p class=\"has-text-align-center has-text-color has-link-color has-large-font-size wp-elements-2d288b6d707e53e1cf6c5c43452ccf93\" style=\"color:#f4f1de\"><a href=\"https:\/\/www.amapbrax31.org\/?page_id=350\" data-type=\"page\" data-id=\"350\">Le contrat Produits Laitiers de Brebis<\/a><\/p>\n<\/div><\/div>\n<\/div>\n<\/div>\n\n\n\n<p><\/p>\n\n\n\n<p><\/p>\n\n\n\n<p><\/p>\n","protected":false},"excerpt":{"rendered":"<p>LES CONTRATS PRODUITS LAITIERS L&rsquo;association propose : D\u00e9couvrez ces deux contrats ainsi qu&rsquo;une pr\u00e9sentation des producteurs<\/p>\n","protected":false},"author":2,"featured_media":0,"parent":0,"menu_order":0,"comment_status":"closed","ping_status":"closed","template":"","meta":{"site-sidebar-layout":"default","site-content-layout":"","ast-site-content-layout":"default","site-content-style":"default","site-sidebar-style":"default","ast-global-header-display":"","ast-banner-title-visibility":"","ast-main-header-display":"","ast-hfb-above-header-display":"","ast-hfb-below-header-display":"","ast-hfb-mobile-header-display":"","site-post-title":"disabled","ast-breadcrumbs-content":"","ast-featured-img":"","footer-sml-layout":"","ast-disable-related-posts":"","theme-transparent-header-meta":"","adv-header-id-meta":"","stick-header-meta":"","header-above-stick-meta":"","header-main-stick-meta":"","header-below-stick-meta":"","astra-migrate-meta-layouts":"default","ast-page-background-enabled":"default","ast-page-background-meta":{"desktop":{"background-color":"var(--ast-global-color-5)","background-image":"","background-repeat":"repeat","background-position":"center center","background-size":"auto","background-attachment":"scroll","background-type":"","background-media":"","overlay-type":"","overlay-color":"","overlay-opacity":"","overlay-gradient":""},"tablet":{"background-color":"","background-image":"","background-repeat":"repeat","background-position":"center center","background-size":"auto","background-attachment":"scroll","background-type":"","background-media":"","overlay-type":"","overlay-color":"","overlay-opacity":"","overlay-gradient":""},"mobile":{"background-color":"","background-image":"","background-repeat":"repeat","background-position":"center center","background-size":"auto","background-attachment":"scroll","background-type":"","background-media":"","overlay-type":"","overlay-color":"","overlay-opacity":"","overlay-gradient":""}},"ast-content-background-meta":{"desktop":{"background-color":"var(--ast-global-color-4)","background-image":"","background-repeat":"repeat","background-position":"center center","background-size":"auto","background-attachment":"scroll","background-type":"","background-media":"","overlay-type":"","overlay-color":"","overlay-opacity":"","overlay-gradient":""},"tablet":{"background-color":"var(--ast-global-color-4)","background-image":"","background-repeat":"repeat","background-position":"center center","background-size":"auto","background-attachment":"scroll","background-type":"","background-media":"","overlay-type":"","overlay-color":"","overlay-opacity":"","overlay-gradient":""},"mobile":{"background-color":"var(--ast-global-color-4)","background-image":"","background-repeat":"repeat","background-position":"center center","background-size":"auto","background-attachment":"scroll","background-type":"","background-media":"","overlay-type":"","overlay-color":"","overlay-opacity":"","overlay-gradient":""}},"footnotes":""},"class_list":["post-439","page","type-page","status-publish","hentry"],"_links":{"self":[{"href":"https:\/\/www.amapbrax31.org\/index.php?rest_route=\/wp\/v2\/pages\/439","targetHints":{"allow":["GET"]}}],"collection":[{"href":"https:\/\/www.amapbrax31.org\/index.php?rest_route=\/wp\/v2\/pages"}],"about":[{"href":"https:\/\/www.amapbrax31.org\/index.php?rest_route=\/wp\/v2\/types\/page"}],"author":[{"embeddable":true,"href":"https:\/\/www.amapbrax31.org\/index.php?rest_route=\/wp\/v2\/users\/2"}],"replies":[{"embeddable":true,"href":"https:\/\/www.amapbrax31.org\/index.php?rest_route=%2Fwp%2Fv2%2Fcomments&post=439"}],"version-history":[{"count":5,"href":"https:\/\/www.amapbrax31.org\/index.php?rest_route=\/wp\/v2\/pages\/439\/revisions"}],"predecessor-version":[{"id":750,"href":"https:\/\/www.amapbrax31.org\/index.php?rest_route=\/wp\/v2\/pages\/439\/revisions\/750"}],"wp:attachment":[{"href":"https:\/\/www.amapbrax31.org\/index.php?rest_route=%2Fwp%2Fv2%2Fmedia&parent=439"}],"curies":[{"name":"wp","href":"https:\/\/api.w.org\/{rel}","templated":true}]}}