{"id":441,"date":"2026-03-14T12:35:45","date_gmt":"2026-03-14T11:35:45","guid":{"rendered":"https:\/\/www.amapbrax31.org\/?page_id=441"},"modified":"2026-04-10T23:07:02","modified_gmt":"2026-04-10T21:07:02","slug":"epicerie","status":"publish","type":"page","link":"https:\/\/www.amapbrax31.org\/?page_id=441","title":{"rendered":"\u00c9picerie diverse"},"content":{"rendered":"\n<div class=\"wp-block-columns alignfull are-vertically-aligned-center has-background is-layout-flex wp-container-core-columns-is-layout-28f84493 wp-block-columns-is-layout-flex\" style=\"background-color:#f4f1de\">\n<div class=\"wp-block-column is-vertically-aligned-center is-layout-flow wp-block-column-is-layout-flow\" style=\"flex-basis:66.66%\">\n<h2 class=\"wp-block-heading has-text-align-right has-x-large-font-size\"><strong>LES CONTRATS \u00c9PICERIE DIVERSE<\/strong><\/h2>\n<\/div>\n\n\n\n<div class=\"wp-block-column is-vertically-aligned-center is-layout-flow wp-block-column-is-layout-flow\" style=\"flex-basis:33.33%\">\n<figure class=\"wp-block-image size-full\"><img loading=\"lazy\" decoding=\"async\" width=\"64\" height=\"64\" src=\"https:\/\/www.amapbrax31.org\/wp-content\/uploads\/2026\/03\/panier-depicerie.png\" alt=\"\" class=\"wp-image-735\"\/><\/figure>\n<\/div>\n<\/div>\n\n\n\n<p><\/p>\n\n\n\n<p class=\"has-text-color has-link-color has-medium-font-size wp-elements-79620734a72e6a036a232d26051ebe68\" style=\"color:#333333\">L&rsquo;association propose :<\/p>\n\n\n\n<ul class=\"wp-block-list\">\n<li class=\"has-text-color has-link-color has-medium-font-size wp-elements-e71b7338bdb76f752332acce768e0e1c\" style=\"color:#333333\">Un contrat <strong>Farines, L\u00e9gumineuses, P\u00e2tes et Huile<\/strong>s avec Biograneta, producteurs \u00e0 Montbrun Lauragais,<\/li>\n\n\n\n<li class=\"has-text-color has-link-color has-medium-font-size wp-elements-dd0cc45ac8a583b97b3e72fa404d46f9\" style=\"color:#333333\">Un contrat <strong>Miel<\/strong> avec Lucie Hotier, apicultrice en Ari\u00e8ge,<\/li>\n\n\n\n<li class=\"has-medium-font-size\">Un contrat <strong>Muesli et Granola<\/strong> avec Anne-Lise et Arnaud Bayssac, producteurs au Le Burgaud,<\/li>\n\n\n\n<li class=\"has-medium-font-size\">Un contrat <strong>Produits Transform\u00e9s (sirop, chutney, ketchup&#8230;)<\/strong> avec Isabelle Wintersdorff, productrice \u00e0 Fontenilles,<\/li>\n\n\n\n<li class=\"has-medium-font-size\">Un contrat <strong>Tisanes<\/strong> avec Sol\u00e8ne Le Hinchet, herboriste \u00e0 Pr\u00e9guilhan.<\/li>\n<\/ul>\n\n\n\n<p><\/p>\n\n\n\n<p class=\"has-text-align-center has-text-color has-link-color wp-elements-722c20c9a426c8d5f2b908200a77d71a\" style=\"color:#52b788;font-size:30px\"><strong>D\u00e9couvrez ces cinq contrats ainsi qu&rsquo;une pr\u00e9sentation des producteurs<\/strong><\/p>\n\n\n\n<div class=\"wp-block-columns alignfull is-layout-flex wp-container-core-columns-is-layout-28f84493 wp-block-columns-is-layout-flex\">\n<div class=\"wp-block-column is-layout-flow wp-block-column-is-layout-flow\">\n<div class=\"wp-block-cover is-light\" style=\"border-top-left-radius:20px;border-top-right-radius:20px;border-bottom-left-radius:20px;border-bottom-right-radius:20px\"><img loading=\"lazy\" decoding=\"async\" width=\"1536\" height=\"1536\" class=\"wp-block-cover__image-background wp-image-1273 size-full\" alt=\"\" src=\"https:\/\/www.amapbrax31.org\/wp-content\/uploads\/2026\/04\/WhatsApp-Image-2026-04-09-at-20.11.07.jpeg\" data-object-fit=\"cover\" srcset=\"https:\/\/www.amapbrax31.org\/wp-content\/uploads\/2026\/04\/WhatsApp-Image-2026-04-09-at-20.11.07.jpeg 1536w, https:\/\/www.amapbrax31.org\/wp-content\/uploads\/2026\/04\/WhatsApp-Image-2026-04-09-at-20.11.07-300x300.jpeg 300w, https:\/\/www.amapbrax31.org\/wp-content\/uploads\/2026\/04\/WhatsApp-Image-2026-04-09-at-20.11.07-1024x1024.jpeg 1024w, https:\/\/www.amapbrax31.org\/wp-content\/uploads\/2026\/04\/WhatsApp-Image-2026-04-09-at-20.11.07-150x150.jpeg 150w, https:\/\/www.amapbrax31.org\/wp-content\/uploads\/2026\/04\/WhatsApp-Image-2026-04-09-at-20.11.07-768x768.jpeg 768w\" sizes=\"auto, (max-width: 1536px) 100vw, 1536px\" \/><span aria-hidden=\"true\" class=\"wp-block-cover__background has-background-dim\" style=\"background-color:#bc947e\"><\/span><div class=\"wp-block-cover__inner-container is-layout-constrained wp-block-cover-is-layout-constrained\">\n<p class=\"has-text-align-center has-text-color has-link-color has-large-font-size wp-elements-b263635d0fece3453f33832a576cd051\" style=\"color:#f4f1de\"><strong><a href=\"https:\/\/www.amapbrax31.org\/?page_id=408\" data-type=\"page\" data-id=\"408\">Le contrat Farines, L\u00e9gumineuses, P\u00e2tes et Huiles<\/a><\/strong><\/p>\n<\/div><\/div>\n<\/div>\n\n\n\n<div class=\"wp-block-column is-layout-flow wp-block-column-is-layout-flow\">\n<div class=\"wp-block-cover\" style=\"border-top-left-radius:20px;border-top-right-radius:20px;border-bottom-left-radius:20px;border-bottom-right-radius:20px\"><img loading=\"lazy\" decoding=\"async\" width=\"600\" height=\"400\" class=\"wp-block-cover__image-background wp-image-743 size-full\" alt=\"\" src=\"https:\/\/www.amapbrax31.org\/wp-content\/uploads\/2026\/03\/arwin-neil-baichoo-yQzrDgU-KAI-unsplash-redimensionne-taille-moyenne.jpeg\" data-object-fit=\"cover\" srcset=\"https:\/\/www.amapbrax31.org\/wp-content\/uploads\/2026\/03\/arwin-neil-baichoo-yQzrDgU-KAI-unsplash-redimensionne-taille-moyenne.jpeg 600w, https:\/\/www.amapbrax31.org\/wp-content\/uploads\/2026\/03\/arwin-neil-baichoo-yQzrDgU-KAI-unsplash-redimensionne-taille-moyenne-300x200.jpeg 300w\" sizes=\"auto, (max-width: 600px) 100vw, 600px\" \/><span aria-hidden=\"true\" class=\"wp-block-cover__background has-background-dim\" style=\"background-color:#77645b\"><\/span><div class=\"wp-block-cover__inner-container is-layout-constrained wp-block-cover-is-layout-constrained\">\n<p class=\"has-text-align-center has-text-color has-link-color has-large-font-size wp-elements-d0725fc556c7a0b81b10df1888ab1e3e\" style=\"color:#f4f1de\"><strong><a href=\"https:\/\/www.amapbrax31.org\/?page_id=282\" data-type=\"page\" data-id=\"282\">Le contrat Miel<\/a><\/strong><\/p>\n<\/div><\/div>\n<\/div>\n<\/div>\n\n\n\n<div class=\"wp-block-columns alignfull is-layout-flex wp-container-core-columns-is-layout-28f84493 wp-block-columns-is-layout-flex\">\n<div class=\"wp-block-column is-layout-flow wp-block-column-is-layout-flow\">\n<div class=\"wp-block-cover is-light\" style=\"border-top-left-radius:20px;border-top-right-radius:20px;border-bottom-left-radius:20px;border-bottom-right-radius:20px\"><img loading=\"lazy\" decoding=\"async\" width=\"600\" height=\"800\" class=\"wp-block-cover__image-background wp-image-295 size-full\" alt=\"\" src=\"https:\/\/www.amapbrax31.org\/wp-content\/uploads\/2026\/03\/IMG_9409-redimensionne-taille-moyenne.jpeg\" data-object-fit=\"cover\" srcset=\"https:\/\/www.amapbrax31.org\/wp-content\/uploads\/2026\/03\/IMG_9409-redimensionne-taille-moyenne.jpeg 600w, https:\/\/www.amapbrax31.org\/wp-content\/uploads\/2026\/03\/IMG_9409-redimensionne-taille-moyenne-225x300.jpeg 225w\" sizes=\"auto, (max-width: 600px) 100vw, 600px\" \/><span aria-hidden=\"true\" class=\"wp-block-cover__background has-background-dim\" style=\"background-color:#9e988c\"><\/span><div class=\"wp-block-cover__inner-container is-layout-constrained wp-block-cover-is-layout-constrained\">\n<p class=\"has-text-align-center has-text-color has-link-color has-large-font-size wp-elements-887e7321581e902dff174d75b54fe296\" style=\"color:#f4f1de\"><strong><a href=\"https:\/\/www.amapbrax31.org\/?page_id=290\" data-type=\"page\" data-id=\"290\">Le contrat Muesli et Granola<\/a><\/strong><\/p>\n<\/div><\/div>\n<\/div>\n\n\n\n<div class=\"wp-block-column is-layout-flow wp-block-column-is-layout-flow\">\n<div class=\"wp-block-cover\" style=\"border-top-left-radius:20px;border-top-right-radius:20px;border-bottom-left-radius:20px;border-bottom-right-radius:20px\"><img loading=\"lazy\" decoding=\"async\" width=\"432\" height=\"592\" class=\"wp-block-cover__image-background wp-image-302 size-full\" alt=\"\" src=\"https:\/\/www.amapbrax31.org\/wp-content\/uploads\/2026\/03\/Chutney-figue.jpg\" data-object-fit=\"cover\" srcset=\"https:\/\/www.amapbrax31.org\/wp-content\/uploads\/2026\/03\/Chutney-figue.jpg 432w, https:\/\/www.amapbrax31.org\/wp-content\/uploads\/2026\/03\/Chutney-figue-219x300.jpg 219w\" sizes=\"auto, (max-width: 432px) 100vw, 432px\" \/><span aria-hidden=\"true\" class=\"wp-block-cover__background has-background-dim\" style=\"background-color:#8e6c56\"><\/span><div class=\"wp-block-cover__inner-container is-layout-constrained wp-block-cover-is-layout-constrained\">\n<p class=\"has-text-align-center has-text-color has-link-color has-large-font-size wp-elements-e8f24698227bc657bd519d2c3bb6a4e0\" style=\"color:#f4f1de\"><strong><a href=\"https:\/\/www.amapbrax31.org\/?page_id=299\" data-type=\"page\" data-id=\"299\">Le contrat Produits Transform\u00e9s<\/a><\/strong><\/p>\n<\/div><\/div>\n<\/div>\n\n\n\n<div class=\"wp-block-column is-layout-flow wp-block-column-is-layout-flow\">\n<div class=\"wp-block-cover\" style=\"border-top-left-radius:20px;border-top-right-radius:20px;border-bottom-left-radius:20px;border-bottom-right-radius:20px\"><img loading=\"lazy\" decoding=\"async\" width=\"600\" height=\"401\" class=\"wp-block-cover__image-background wp-image-744 size-full\" alt=\"\" src=\"https:\/\/www.amapbrax31.org\/wp-content\/uploads\/2026\/03\/kris-sevinc-IoujmtYQ64A-unsplash-redimensionne-taille-moyenne.jpeg\" data-object-fit=\"cover\" srcset=\"https:\/\/www.amapbrax31.org\/wp-content\/uploads\/2026\/03\/kris-sevinc-IoujmtYQ64A-unsplash-redimensionne-taille-moyenne.jpeg 600w, https:\/\/www.amapbrax31.org\/wp-content\/uploads\/2026\/03\/kris-sevinc-IoujmtYQ64A-unsplash-redimensionne-taille-moyenne-300x201.jpeg 300w\" sizes=\"auto, (max-width: 600px) 100vw, 600px\" \/><span aria-hidden=\"true\" class=\"wp-block-cover__background has-background-dim\" style=\"background-color:#7a7859\"><\/span><div class=\"wp-block-cover__inner-container is-layout-constrained wp-block-cover-is-layout-constrained\">\n<p class=\"has-text-align-center has-text-color has-link-color has-large-font-size wp-elements-245bd37e61af8c6dce4be70a90079eac\" style=\"color:#f4f1de\"><strong><a href=\"https:\/\/www.amapbrax31.org\/?page_id=73\" data-type=\"page\" data-id=\"73\">Le contrat Tisanes<\/a><\/strong><\/p>\n<\/div><\/div>\n<\/div>\n<\/div>\n\n\n\n<p><\/p>\n","protected":false},"excerpt":{"rendered":"<p>LES CONTRATS \u00c9PICERIE DIVERSE L&rsquo;association propose : D\u00e9couvrez ces cinq contrats ainsi qu&rsquo;une pr\u00e9sentation des producteurs<\/p>\n","protected":false},"author":2,"featured_media":0,"parent":0,"menu_order":0,"comment_status":"closed","ping_status":"closed","template":"","meta":{"site-sidebar-layout":"default","site-content-layout":"","ast-site-content-layout":"default","site-content-style":"default","site-sidebar-style":"default","ast-global-header-display":"","ast-banner-title-visibility":"","ast-main-header-display":"","ast-hfb-above-header-display":"","ast-hfb-below-header-display":"","ast-hfb-mobile-header-display":"","site-post-title":"disabled","ast-breadcrumbs-content":"","ast-featured-img":"","footer-sml-layout":"","ast-disable-related-posts":"","theme-transparent-header-meta":"","adv-header-id-meta":"","stick-header-meta":"","header-above-stick-meta":"","header-main-stick-meta":"","header-below-stick-meta":"","astra-migrate-meta-layouts":"default","ast-page-background-enabled":"default","ast-page-background-meta":{"desktop":{"background-color":"var(--ast-global-color-5)","background-image":"","background-repeat":"repeat","background-position":"center center","background-size":"auto","background-attachment":"scroll","background-type":"","background-media":"","overlay-type":"","overlay-color":"","overlay-opacity":"","overlay-gradient":""},"tablet":{"background-color":"","background-image":"","background-repeat":"repeat","background-position":"center center","background-size":"auto","background-attachment":"scroll","background-type":"","background-media":"","overlay-type":"","overlay-color":"","overlay-opacity":"","overlay-gradient":""},"mobile":{"background-color":"","background-image":"","background-repeat":"repeat","background-position":"center center","background-size":"auto","background-attachment":"scroll","background-type":"","background-media":"","overlay-type":"","overlay-color":"","overlay-opacity":"","overlay-gradient":""}},"ast-content-background-meta":{"desktop":{"background-color":"var(--ast-global-color-4)","background-image":"","background-repeat":"repeat","background-position":"center center","background-size":"auto","background-attachment":"scroll","background-type":"","background-media":"","overlay-type":"","overlay-color":"","overlay-opacity":"","overlay-gradient":""},"tablet":{"background-color":"var(--ast-global-color-4)","background-image":"","background-repeat":"repeat","background-position":"center center","background-size":"auto","background-attachment":"scroll","background-type":"","background-media":"","overlay-type":"","overlay-color":"","overlay-opacity":"","overlay-gradient":""},"mobile":{"background-color":"var(--ast-global-color-4)","background-image":"","background-repeat":"repeat","background-position":"center center","background-size":"auto","background-attachment":"scroll","background-type":"","background-media":"","overlay-type":"","overlay-color":"","overlay-opacity":"","overlay-gradient":""}},"footnotes":""},"class_list":["post-441","page","type-page","status-publish","hentry"],"_links":{"self":[{"href":"https:\/\/www.amapbrax31.org\/index.php?rest_route=\/wp\/v2\/pages\/441","targetHints":{"allow":["GET"]}}],"collection":[{"href":"https:\/\/www.amapbrax31.org\/index.php?rest_route=\/wp\/v2\/pages"}],"about":[{"href":"https:\/\/www.amapbrax31.org\/index.php?rest_route=\/wp\/v2\/types\/page"}],"author":[{"embeddable":true,"href":"https:\/\/www.amapbrax31.org\/index.php?rest_route=\/wp\/v2\/users\/2"}],"replies":[{"embeddable":true,"href":"https:\/\/www.amapbrax31.org\/index.php?rest_route=%2Fwp%2Fv2%2Fcomments&post=441"}],"version-history":[{"count":11,"href":"https:\/\/www.amapbrax31.org\/index.php?rest_route=\/wp\/v2\/pages\/441\/revisions"}],"predecessor-version":[{"id":1363,"href":"https:\/\/www.amapbrax31.org\/index.php?rest_route=\/wp\/v2\/pages\/441\/revisions\/1363"}],"wp:attachment":[{"href":"https:\/\/www.amapbrax31.org\/index.php?rest_route=%2Fwp%2Fv2%2Fmedia&parent=441"}],"curies":[{"name":"wp","href":"https:\/\/api.w.org\/{rel}","templated":true}]}}