{"id":444,"date":"2026-03-14T12:36:40","date_gmt":"2026-03-14T11:36:40","guid":{"rendered":"https:\/\/www.amapbrax31.org\/?page_id=444"},"modified":"2026-04-10T21:21:41","modified_gmt":"2026-04-10T19:21:41","slug":"liens-utiles","status":"publish","type":"page","link":"https:\/\/www.amapbrax31.org\/?page_id=444","title":{"rendered":"Liens utiles"},"content":{"rendered":"\n<div class=\"wp-block-columns alignfull are-vertically-aligned-center has-background is-layout-flex wp-container-core-columns-is-layout-28f84493 wp-block-columns-is-layout-flex\" style=\"background-color:#f4f1de\">\n<div class=\"wp-block-column is-vertically-aligned-center is-layout-flow wp-block-column-is-layout-flow\" style=\"flex-basis:66.66%\">\n<h2 class=\"wp-block-heading has-text-align-right has-x-large-font-size\"><strong>LIENS UTILES<\/strong><\/h2>\n<\/div>\n\n\n\n<div class=\"wp-block-column is-vertically-aligned-center is-layout-flow wp-block-column-is-layout-flow\" style=\"flex-basis:33.33%\">\n<figure class=\"wp-block-image size-full\"><img loading=\"lazy\" decoding=\"async\" width=\"64\" height=\"64\" src=\"https:\/\/www.amapbrax31.org\/wp-content\/uploads\/2026\/04\/lien.png\" alt=\"\" class=\"wp-image-1264\"\/><\/figure>\n<\/div>\n<\/div>\n\n\n\n<p><\/p>\n\n\n\n<p class=\"has-text-align-center has-text-color has-link-color wp-elements-363191c2529e610d5d1cafc4e122770c\" style=\"color:#52b788;font-size:30px\">\ud83c\udf10<strong> Comprendre les AMAP<\/strong><\/p>\n\n\n\n<p class=\"has-medium-font-size\"><strong>MIRAMAP : <\/strong><a href=\"https:\/\/miramap.org\/amap\/\">https:\/\/miramap.org\/amap\/<\/a><\/p>\n\n\n\n<ul class=\"wp-block-list\">\n<li>Charte des AMAP : <a href=\"https:\/\/miramap.org\/charte-des-amap\/\">https:\/\/miramap.org\/charte-des-amap\/<\/a><em>Le document de r\u00e9f\u00e9rence qui d\u00e9finit les valeurs et principes fondamentaux des AMAP<\/em><\/li>\n\n\n\n<li>Trouver une AMAP (carte interactive) : <a href=\"https:\/\/miramap.org\/amap\/\">https:\/\/miramap.org\/amap\/<\/a><em>Pour localiser les AMAP proches de chez soi<\/em><\/li>\n<\/ul>\n\n\n\n<p><\/p>\n\n\n\n<p class=\"has-medium-font-size\"><strong>R\u00e9seau des AMAP Midi-Pyr\u00e9n\u00e9es :<\/strong> <a href=\"https:\/\/amapreseau-mp.org\/\">https:\/\/amapreseau-mp.org\/<\/a><\/p>\n\n\n\n<p><\/p>\n\n\n\n<hr class=\"wp-block-separator has-alpha-channel-opacity\"\/>\n\n\n\n<p><\/p>\n\n\n\n<p class=\"has-text-align-center has-text-color has-link-color wp-elements-88ea270e89a4dec46e69da0d1572bbfe\" style=\"color:#52b788;font-size:30px\">\ud83d\udee0\ufe0f <strong>Outils pratiques<\/strong><\/p>\n\n\n\n<p class=\"has-medium-font-size\"><strong>AMAPartage<\/strong> : <a href=\"https:\/\/amapartage.fr\/\">https:\/\/amapartage.fr\/<\/a>  <em>M\u00e9diath\u00e8que num\u00e9rique avec plein de ressources, guides et outils pour les AMAP<\/em><\/p>\n\n\n\n<p class=\"has-medium-font-size\"><\/p>\n\n\n\n<hr class=\"wp-block-separator has-alpha-channel-opacity\"\/>\n\n\n\n<p><\/p>\n\n\n\n<p class=\"has-text-align-center has-text-color has-link-color wp-elements-d56ee3441715def8d7fc8b60d9edc4ee\" style=\"color:#52b788;font-size:30px\">\ud83c\udf31<strong>Agriculture &amp; Alimentation<\/strong><\/p>\n\n\n\n<p class=\"has-medium-font-size\"><strong>Agriculture Biologique \u2014 Agence Bio<\/strong> : <a href=\"https:\/\/www.agencebio.org\/\">https:\/\/www.agencebio.org\/<\/a><em>Informations sur l&rsquo;agriculture biologique en France<\/em><\/p>\n\n\n\n<p class=\"has-medium-font-size\"><strong>Bienvenue \u00e0 la Ferme<\/strong> : <a href=\"https:\/\/www.bienvenue-a-la-ferme.com\/\">https:\/\/www.bienvenue-a-la-ferme.com\/<\/a><em>R\u00e9seau de fermes ouvertes au public, vente directe<\/em><\/p>\n\n\n\n<p><\/p>\n\n\n\n<hr class=\"wp-block-separator has-alpha-channel-opacity\"\/>\n\n\n\n<p><\/p>\n\n\n\n<p class=\"has-text-align-center has-text-color has-link-color wp-elements-a9b33c7b6fe17f06c2ed265eb69930c4\" style=\"color:#52b788;font-size:30px\">\ud83d\udcd6 <strong>Pour aller plus loin<\/strong><\/p>\n\n\n\n<p class=\"has-medium-font-size\"><strong>Kit \u00ab\u00a0Gestion des al\u00e9as climatiques\u00a0\u00bb<\/strong> : <a href=\"https:\/\/amap-aura.org\/app\/uploads\/2022\/12\/Kit-aleas-climatique.pdf\">https:\/\/amap-aura.org\/app\/uploads\/2022\/12\/Kit-aleas-climatique.pdf<\/a><em>Tr\u00e8s utile pour expliquer aux amapiens comment fonctionnent les al\u00e9as !<\/em><\/p>\n\n\n\n<p><\/p>\n\n\n\n<p><\/p>\n","protected":false},"excerpt":{"rendered":"<p>LIENS UTILES \ud83c\udf10 Comprendre les AMAP MIRAMAP : https:\/\/miramap.org\/amap\/ R\u00e9seau des AMAP Midi-Pyr\u00e9n\u00e9es : https:\/\/amapreseau-mp.org\/ \ud83d\udee0\ufe0f Outils pratiques AMAPartage : [&hellip;]<\/p>\n","protected":false},"author":2,"featured_media":0,"parent":0,"menu_order":0,"comment_status":"closed","ping_status":"closed","template":"","meta":{"site-sidebar-layout":"default","site-content-layout":"","ast-site-content-layout":"default","site-content-style":"default","site-sidebar-style":"default","ast-global-header-display":"","ast-banner-title-visibility":"","ast-main-header-display":"","ast-hfb-above-header-display":"","ast-hfb-below-header-display":"","ast-hfb-mobile-header-display":"","site-post-title":"disabled","ast-breadcrumbs-content":"","ast-featured-img":"","footer-sml-layout":"","ast-disable-related-posts":"","theme-transparent-header-meta":"","adv-header-id-meta":"","stick-header-meta":"","header-above-stick-meta":"","header-main-stick-meta":"","header-below-stick-meta":"","astra-migrate-meta-layouts":"default","ast-page-background-enabled":"default","ast-page-background-meta":{"desktop":{"background-color":"var(--ast-global-color-5)","background-image":"","background-repeat":"repeat","background-position":"center center","background-size":"auto","background-attachment":"scroll","background-type":"","background-media":"","overlay-type":"","overlay-color":"","overlay-opacity":"","overlay-gradient":""},"tablet":{"background-color":"","background-image":"","background-repeat":"repeat","background-position":"center center","background-size":"auto","background-attachment":"scroll","background-type":"","background-media":"","overlay-type":"","overlay-color":"","overlay-opacity":"","overlay-gradient":""},"mobile":{"background-color":"","background-image":"","background-repeat":"repeat","background-position":"center center","background-size":"auto","background-attachment":"scroll","background-type":"","background-media":"","overlay-type":"","overlay-color":"","overlay-opacity":"","overlay-gradient":""}},"ast-content-background-meta":{"desktop":{"background-color":"var(--ast-global-color-4)","background-image":"","background-repeat":"repeat","background-position":"center center","background-size":"auto","background-attachment":"scroll","background-type":"","background-media":"","overlay-type":"","overlay-color":"","overlay-opacity":"","overlay-gradient":""},"tablet":{"background-color":"var(--ast-global-color-4)","background-image":"","background-repeat":"repeat","background-position":"center center","background-size":"auto","background-attachment":"scroll","background-type":"","background-media":"","overlay-type":"","overlay-color":"","overlay-opacity":"","overlay-gradient":""},"mobile":{"background-color":"var(--ast-global-color-4)","background-image":"","background-repeat":"repeat","background-position":"center center","background-size":"auto","background-attachment":"scroll","background-type":"","background-media":"","overlay-type":"","overlay-color":"","overlay-opacity":"","overlay-gradient":""}},"footnotes":""},"class_list":["post-444","page","type-page","status-publish","hentry"],"_links":{"self":[{"href":"https:\/\/www.amapbrax31.org\/index.php?rest_route=\/wp\/v2\/pages\/444","targetHints":{"allow":["GET"]}}],"collection":[{"href":"https:\/\/www.amapbrax31.org\/index.php?rest_route=\/wp\/v2\/pages"}],"about":[{"href":"https:\/\/www.amapbrax31.org\/index.php?rest_route=\/wp\/v2\/types\/page"}],"author":[{"embeddable":true,"href":"https:\/\/www.amapbrax31.org\/index.php?rest_route=\/wp\/v2\/users\/2"}],"replies":[{"embeddable":true,"href":"https:\/\/www.amapbrax31.org\/index.php?rest_route=%2Fwp%2Fv2%2Fcomments&post=444"}],"version-history":[{"count":9,"href":"https:\/\/www.amapbrax31.org\/index.php?rest_route=\/wp\/v2\/pages\/444\/revisions"}],"predecessor-version":[{"id":1322,"href":"https:\/\/www.amapbrax31.org\/index.php?rest_route=\/wp\/v2\/pages\/444\/revisions\/1322"}],"wp:attachment":[{"href":"https:\/\/www.amapbrax31.org\/index.php?rest_route=%2Fwp%2Fv2%2Fmedia&parent=444"}],"curies":[{"name":"wp","href":"https:\/\/api.w.org\/{rel}","templated":true}]}}