{"id":446,"date":"2026-03-14T12:35:54","date_gmt":"2026-03-14T11:35:54","guid":{"rendered":"https:\/\/www.amapbrax31.org\/?page_id=446"},"modified":"2026-04-11T01:13:31","modified_gmt":"2026-04-10T23:13:31","slug":"evenements","status":"publish","type":"page","link":"https:\/\/www.amapbrax31.org\/?page_id=446","title":{"rendered":"\u00c9v\u00e8nements"},"content":{"rendered":"\n<div class=\"wp-block-columns alignfull are-vertically-aligned-center has-background is-layout-flex wp-container-core-columns-is-layout-28f84493 wp-block-columns-is-layout-flex\" style=\"background-color:#f4f1de\">\n<div class=\"wp-block-column is-vertically-aligned-center is-layout-flow wp-block-column-is-layout-flow\" style=\"flex-basis:66.66%\">\n<h2 class=\"wp-block-heading has-text-align-right has-x-large-font-size\"><strong>\u00c9V\u00c8NEMENTS<\/strong> <\/h2>\n<\/div>\n\n\n\n<div class=\"wp-block-column is-vertically-aligned-center is-layout-flow wp-block-column-is-layout-flow\" style=\"flex-basis:33.33%\">\n<figure class=\"wp-block-image size-full\"><img loading=\"lazy\" decoding=\"async\" width=\"64\" height=\"64\" src=\"https:\/\/www.amapbrax31.org\/wp-content\/uploads\/2026\/04\/rappel-de-rendez-vous.png\" alt=\"\" class=\"wp-image-1213\"\/><\/figure>\n<\/div>\n<\/div>\n\n\n\n<p><\/p>\n\n\n\n<p><\/p>\n\n\n\n<div class=\"wp-block-columns alignwide is-layout-flex wp-container-core-columns-is-layout-28f84493 wp-block-columns-is-layout-flex\">\n<div class=\"wp-block-column is-vertically-aligned-center has-border-color is-layout-flow wp-block-column-is-layout-flow\" style=\"border-color:#386641;border-width:3px;border-top-left-radius:20px;border-top-right-radius:20px;border-bottom-left-radius:20px;border-bottom-right-radius:20px\">\n<p class=\"has-text-align-center has-text-color has-link-color wp-elements-b1d572ce70e1071be536ca55e20845d0\" style=\"color:#52b788;font-size:30px\"><strong>Les 6 et 7 Juin 2026<\/strong><\/p>\n\n\n\n<p class=\"has-text-align-center\" style=\"font-size:30px\"><strong>Portes Ouvertes \u00e0 la ferme des cochons Bio<\/strong><\/p>\n\n\n\n<figure class=\"wp-block-image aligncenter size-full is-resized has-custom-border\"><img loading=\"lazy\" decoding=\"async\" width=\"600\" height=\"900\" src=\"https:\/\/www.amapbrax31.org\/wp-content\/uploads\/2026\/03\/DSCF3126-redimensionne-taille-moyenne.jpeg\" alt=\"\" class=\"wp-image-239\" style=\"border-top-left-radius:20px;border-top-right-radius:20px;border-bottom-left-radius:20px;border-bottom-right-radius:20px;width:340px;height:auto\" srcset=\"https:\/\/www.amapbrax31.org\/wp-content\/uploads\/2026\/03\/DSCF3126-redimensionne-taille-moyenne.jpeg 600w, https:\/\/www.amapbrax31.org\/wp-content\/uploads\/2026\/03\/DSCF3126-redimensionne-taille-moyenne-200x300.jpeg 200w\" sizes=\"auto, (max-width: 600px) 100vw, 600px\" \/><\/figure>\n\n\n\n<p><\/p>\n<\/div>\n\n\n\n<div class=\"wp-block-column has-border-color is-layout-flow wp-block-column-is-layout-flow\" style=\"border-color:#386641;border-width:3px;border-top-left-radius:20px;border-top-right-radius:20px;border-bottom-left-radius:20px;border-bottom-right-radius:20px\">\n<p class=\"has-text-align-center has-text-color has-link-color wp-elements-659324dd2476842a2bc7a08c4adcb36a\" style=\"color:#52b788;font-size:30px\"><strong>Samedi 13 Juin 2026<\/strong><\/p>\n\n\n\n<p class=\"has-text-align-center\" style=\"font-size:30px\"><strong>Balade en v\u00e9lo de ferme en ferme<\/strong><\/p>\n\n\n\n<figure class=\"wp-block-image aligncenter size-full is-resized has-custom-border is-style-default\"><img loading=\"lazy\" decoding=\"async\" width=\"600\" height=\"900\" src=\"https:\/\/www.amapbrax31.org\/wp-content\/uploads\/2026\/04\/heather-gill-9eZF8ejX_sE-unsplash-redimensionne-taille-moyenne.jpeg\" alt=\"\" class=\"wp-image-1393\" style=\"border-top-left-radius:20px;border-top-right-radius:20px;border-bottom-left-radius:20px;border-bottom-right-radius:20px;width:378px;height:auto\" srcset=\"https:\/\/www.amapbrax31.org\/wp-content\/uploads\/2026\/04\/heather-gill-9eZF8ejX_sE-unsplash-redimensionne-taille-moyenne.jpeg 600w, https:\/\/www.amapbrax31.org\/wp-content\/uploads\/2026\/04\/heather-gill-9eZF8ejX_sE-unsplash-redimensionne-taille-moyenne-200x300.jpeg 200w\" sizes=\"auto, (max-width: 600px) 100vw, 600px\" \/><\/figure>\n<\/div>\n<\/div>\n\n\n\n<div class=\"wp-block-media-text has-media-on-the-right is-stacked-on-mobile has-border-color\" style=\"border-color:#386641;border-width:3px;border-top-left-radius:20px;border-top-right-radius:20px;border-bottom-left-radius:20px;border-bottom-right-radius:20px;grid-template-columns:auto 38%\"><div class=\"wp-block-media-text__content\">\n<p class=\"has-text-align-center has-text-color has-link-color wp-elements-9a7c341f7a5d98782dc5a54d486a062b\" style=\"color:#52b788;font-size:30px\"><strong>Vendredi 18 Septembre 2026<\/strong><\/p>\n\n\n\n<p class=\"has-text-align-center\" style=\"font-size:30px\"><strong>SOIR\u00c9E CIN\u00c9CYCLO<\/strong><\/p>\n\n\n\n<p><\/p>\n\n\n\n<p class=\"has-text-align-center has-medium-font-size\">REPAS BURGER* (sur inscription)<\/p>\n\n\n\n<p class=\"has-text-align-center\"><em>*Uniquement avec des produits de l&rsquo;AMAP<\/em><\/p>\n\n\n\n<p><\/p>\n\n\n\n<p class=\"has-text-align-center has-medium-font-size\">Projection de court-m\u00e9trages<\/p>\n\n\n\n<p><\/p>\n\n\n\n<p><\/p>\n<\/div><figure class=\"wp-block-media-text__media\"><img loading=\"lazy\" decoding=\"async\" width=\"768\" height=\"1024\" src=\"https:\/\/www.amapbrax31.org\/wp-content\/uploads\/2026\/04\/WhatsApp-Image-2026-03-29-at-15.07.55-768x1024.jpeg\" alt=\"\" class=\"wp-image-1217 size-full\" srcset=\"https:\/\/www.amapbrax31.org\/wp-content\/uploads\/2026\/04\/WhatsApp-Image-2026-03-29-at-15.07.55-768x1024.jpeg 768w, https:\/\/www.amapbrax31.org\/wp-content\/uploads\/2026\/04\/WhatsApp-Image-2026-03-29-at-15.07.55-225x300.jpeg 225w, https:\/\/www.amapbrax31.org\/wp-content\/uploads\/2026\/04\/WhatsApp-Image-2026-03-29-at-15.07.55-1152x1536.jpeg 1152w, https:\/\/www.amapbrax31.org\/wp-content\/uploads\/2026\/04\/WhatsApp-Image-2026-03-29-at-15.07.55.jpeg 1512w\" sizes=\"auto, (max-width: 768px) 100vw, 768px\" \/><\/figure><\/div>\n\n\n\n<p><\/p>\n\n\n\n<p><\/p>\n\n\n\n<figure class=\"wp-block-image aligncenter size-full\"><img loading=\"lazy\" decoding=\"async\" width=\"470\" height=\"499\" src=\"https:\/\/www.amapbrax31.org\/wp-content\/uploads\/2026\/03\/Giemsi_velo-sur-le-dos2.jpg\" alt=\"\" class=\"wp-image-1014\" srcset=\"https:\/\/www.amapbrax31.org\/wp-content\/uploads\/2026\/03\/Giemsi_velo-sur-le-dos2.jpg 470w, https:\/\/www.amapbrax31.org\/wp-content\/uploads\/2026\/03\/Giemsi_velo-sur-le-dos2-283x300.jpg 283w\" sizes=\"auto, (max-width: 470px) 100vw, 470px\" \/><\/figure>\n\n\n\n<p><\/p>\n\n\n\n<p><\/p>\n\n\n\n<p><\/p>\n","protected":false},"excerpt":{"rendered":"<p>\u00c9V\u00c8NEMENTS Les 6 et 7 Juin 2026 Portes Ouvertes \u00e0 la ferme des cochons Bio Samedi 13 Juin 2026 Balade [&hellip;]<\/p>\n","protected":false},"author":2,"featured_media":0,"parent":0,"menu_order":0,"comment_status":"closed","ping_status":"closed","template":"","meta":{"site-sidebar-layout":"default","site-content-layout":"","ast-site-content-layout":"default","site-content-style":"default","site-sidebar-style":"default","ast-global-header-display":"","ast-banner-title-visibility":"","ast-main-header-display":"","ast-hfb-above-header-display":"","ast-hfb-below-header-display":"","ast-hfb-mobile-header-display":"","site-post-title":"disabled","ast-breadcrumbs-content":"","ast-featured-img":"","footer-sml-layout":"","ast-disable-related-posts":"","theme-transparent-header-meta":"","adv-header-id-meta":"","stick-header-meta":"","header-above-stick-meta":"","header-main-stick-meta":"","header-below-stick-meta":"","astra-migrate-meta-layouts":"default","ast-page-background-enabled":"default","ast-page-background-meta":{"desktop":{"background-color":"var(--ast-global-color-5)","background-image":"","background-repeat":"repeat","background-position":"center center","background-size":"auto","background-attachment":"scroll","background-type":"","background-media":"","overlay-type":"","overlay-color":"","overlay-opacity":"","overlay-gradient":""},"tablet":{"background-color":"","background-image":"","background-repeat":"repeat","background-position":"center center","background-size":"auto","background-attachment":"scroll","background-type":"","background-media":"","overlay-type":"","overlay-color":"","overlay-opacity":"","overlay-gradient":""},"mobile":{"background-color":"","background-image":"","background-repeat":"repeat","background-position":"center center","background-size":"auto","background-attachment":"scroll","background-type":"","background-media":"","overlay-type":"","overlay-color":"","overlay-opacity":"","overlay-gradient":""}},"ast-content-background-meta":{"desktop":{"background-color":"var(--ast-global-color-4)","background-image":"","background-repeat":"repeat","background-position":"center center","background-size":"auto","background-attachment":"scroll","background-type":"","background-media":"","overlay-type":"","overlay-color":"","overlay-opacity":"","overlay-gradient":""},"tablet":{"background-color":"var(--ast-global-color-4)","background-image":"","background-repeat":"repeat","background-position":"center center","background-size":"auto","background-attachment":"scroll","background-type":"","background-media":"","overlay-type":"","overlay-color":"","overlay-opacity":"","overlay-gradient":""},"mobile":{"background-color":"var(--ast-global-color-4)","background-image":"","background-repeat":"repeat","background-position":"center center","background-size":"auto","background-attachment":"scroll","background-type":"","background-media":"","overlay-type":"","overlay-color":"","overlay-opacity":"","overlay-gradient":""}},"footnotes":""},"class_list":["post-446","page","type-page","status-publish","hentry"],"_links":{"self":[{"href":"https:\/\/www.amapbrax31.org\/index.php?rest_route=\/wp\/v2\/pages\/446","targetHints":{"allow":["GET"]}}],"collection":[{"href":"https:\/\/www.amapbrax31.org\/index.php?rest_route=\/wp\/v2\/pages"}],"about":[{"href":"https:\/\/www.amapbrax31.org\/index.php?rest_route=\/wp\/v2\/types\/page"}],"author":[{"embeddable":true,"href":"https:\/\/www.amapbrax31.org\/index.php?rest_route=\/wp\/v2\/users\/2"}],"replies":[{"embeddable":true,"href":"https:\/\/www.amapbrax31.org\/index.php?rest_route=%2Fwp%2Fv2%2Fcomments&post=446"}],"version-history":[{"count":16,"href":"https:\/\/www.amapbrax31.org\/index.php?rest_route=\/wp\/v2\/pages\/446\/revisions"}],"predecessor-version":[{"id":1398,"href":"https:\/\/www.amapbrax31.org\/index.php?rest_route=\/wp\/v2\/pages\/446\/revisions\/1398"}],"wp:attachment":[{"href":"https:\/\/www.amapbrax31.org\/index.php?rest_route=%2Fwp%2Fv2%2Fmedia&parent=446"}],"curies":[{"name":"wp","href":"https:\/\/api.w.org\/{rel}","templated":true}]}}