{"id":479,"date":"2026-03-14T12:53:57","date_gmt":"2026-03-14T11:53:57","guid":{"rendered":"https:\/\/www.amapbrax31.org\/?page_id=479"},"modified":"2026-03-31T22:56:38","modified_gmt":"2026-03-31T20:56:38","slug":"commandes-exceptionnelles","status":"publish","type":"page","link":"https:\/\/www.amapbrax31.org\/?page_id=479","title":{"rendered":"Commandes Sp\u00e9ciales"},"content":{"rendered":"\n<div class=\"wp-block-columns alignfull are-vertically-aligned-center has-background is-layout-flex wp-container-core-columns-is-layout-28f84493 wp-block-columns-is-layout-flex\" style=\"background-color:#f4f1de\">\n<div class=\"wp-block-column is-vertically-aligned-center is-layout-flow wp-block-column-is-layout-flow\" style=\"flex-basis:66.66%\">\n<h2 class=\"wp-block-heading has-text-align-right has-x-large-font-size\"><strong>COMMANDES SP\u00c9CIALES<\/strong><\/h2>\n<\/div>\n\n\n\n<div class=\"wp-block-column is-vertically-aligned-center is-layout-flow wp-block-column-is-layout-flow\" style=\"flex-basis:33.33%\">\n<figure class=\"wp-block-image size-full\"><img loading=\"lazy\" decoding=\"async\" width=\"64\" height=\"64\" src=\"https:\/\/www.amapbrax31.org\/wp-content\/uploads\/2026\/03\/commander-de-la-nourriture-en-ligne.png\" alt=\"\" class=\"wp-image-1104\"\/><\/figure>\n<\/div>\n<\/div>\n\n\n\n<p class=\"has-text-align-center has-text-color has-link-color wp-elements-e965c3f8fc38c6488788aacca1fe846e\" style=\"color:#52b788;font-size:30px\"><em><strong>Commandes r\u00e9serv\u00e9es aux adh\u00e9rents de l&rsquo;association ayant souscrits au moins \u00e0 un contrat<\/strong><\/em> <strong><em>sur la saison<\/em><\/strong><\/p>\n\n\n\n<p class=\"has-medium-font-size\"><\/p>\n\n\n\n<p class=\"has-text-align-center has-medium-font-size\">L&rsquo;Association propose \u00e0 ses adh\u00e9rents des commandes sp\u00e9ciales, et hors contrat, aupr\u00e8s de producteurs de la r\u00e9gion.<\/p>\n\n\n\n<p><\/p>\n\n\n\n<div class=\"wp-block-columns alignfull is-layout-flex wp-container-core-columns-is-layout-28f84493 wp-block-columns-is-layout-flex\">\n<div class=\"wp-block-column is-layout-flow wp-block-column-is-layout-flow\">\n<div class=\"wp-block-cover is-light\" style=\"border-top-left-radius:20px;border-top-right-radius:20px;border-bottom-left-radius:20px;border-bottom-right-radius:20px\"><img loading=\"lazy\" decoding=\"async\" width=\"1024\" height=\"806\" class=\"wp-block-cover__image-background wp-image-1113 size-large\" alt=\"\" src=\"https:\/\/www.amapbrax31.org\/wp-content\/uploads\/2026\/03\/WhatsApp-Image-2026-03-29-at-20.15.23-1024x806.jpeg\" data-object-fit=\"cover\" srcset=\"https:\/\/www.amapbrax31.org\/wp-content\/uploads\/2026\/03\/WhatsApp-Image-2026-03-29-at-20.15.23-1024x806.jpeg 1024w, https:\/\/www.amapbrax31.org\/wp-content\/uploads\/2026\/03\/WhatsApp-Image-2026-03-29-at-20.15.23-300x236.jpeg 300w, https:\/\/www.amapbrax31.org\/wp-content\/uploads\/2026\/03\/WhatsApp-Image-2026-03-29-at-20.15.23-768x604.jpeg 768w, https:\/\/www.amapbrax31.org\/wp-content\/uploads\/2026\/03\/WhatsApp-Image-2026-03-29-at-20.15.23-1536x1209.jpeg 1536w, https:\/\/www.amapbrax31.org\/wp-content\/uploads\/2026\/03\/WhatsApp-Image-2026-03-29-at-20.15.23.jpeg 1600w\" sizes=\"auto, (max-width: 1024px) 100vw, 1024px\" \/><span aria-hidden=\"true\" class=\"wp-block-cover__background has-background-dim\" style=\"background-color:#97887e\"><\/span><div class=\"wp-block-cover__inner-container is-layout-constrained wp-block-cover-is-layout-constrained\">\n<p class=\"has-text-align-center has-text-color has-link-color has-large-font-size wp-elements-d5a1d4c4c14eab042e9241de73c55d4e\" style=\"color:#f4f1de\"><strong><a href=\"https:\/\/www.amapbrax31.org\/?page_id=875\" data-type=\"page\" data-id=\"875\">Le Pain de Karine<\/a><\/strong><\/p>\n<\/div><\/div>\n<\/div>\n\n\n\n<div class=\"wp-block-column is-layout-flow wp-block-column-is-layout-flow\">\n<div class=\"wp-block-cover\" style=\"border-top-left-radius:20px;border-top-right-radius:20px;border-bottom-left-radius:20px;border-bottom-right-radius:20px\"><img loading=\"lazy\" decoding=\"async\" width=\"1024\" height=\"1024\" class=\"wp-block-cover__image-background wp-image-1124 size-large\" alt=\"\" src=\"https:\/\/www.amapbrax31.org\/wp-content\/uploads\/2026\/03\/WhatsApp-Image-2026-03-31-at-22.42.25-1024x1024.jpeg\" data-object-fit=\"cover\" srcset=\"https:\/\/www.amapbrax31.org\/wp-content\/uploads\/2026\/03\/WhatsApp-Image-2026-03-31-at-22.42.25-1024x1024.jpeg 1024w, https:\/\/www.amapbrax31.org\/wp-content\/uploads\/2026\/03\/WhatsApp-Image-2026-03-31-at-22.42.25-300x300.jpeg 300w, https:\/\/www.amapbrax31.org\/wp-content\/uploads\/2026\/03\/WhatsApp-Image-2026-03-31-at-22.42.25-150x150.jpeg 150w, https:\/\/www.amapbrax31.org\/wp-content\/uploads\/2026\/03\/WhatsApp-Image-2026-03-31-at-22.42.25-768x768.jpeg 768w, https:\/\/www.amapbrax31.org\/wp-content\/uploads\/2026\/03\/WhatsApp-Image-2026-03-31-at-22.42.25.jpeg 1080w\" sizes=\"auto, (max-width: 1024px) 100vw, 1024px\" \/><span aria-hidden=\"true\" class=\"wp-block-cover__background has-background-dim\" style=\"background-color:#8d726b\"><\/span><div class=\"wp-block-cover__inner-container is-layout-constrained wp-block-cover-is-layout-constrained\">\n<p class=\"has-text-align-center has-text-color has-link-color has-large-font-size wp-elements-56085b4dbd32c0f82d47b72a40c790ce\" style=\"color:#f4f1de\"><strong><a href=\"https:\/\/www.amapbrax31.org\/?page_id=878\" data-type=\"page\" data-id=\"878\">Ice Pops de Gemma<\/a><\/strong><\/p>\n<\/div><\/div>\n<\/div>\n<\/div>\n\n\n\n<div class=\"wp-block-columns alignfull is-layout-flex wp-container-core-columns-is-layout-28f84493 wp-block-columns-is-layout-flex\">\n<div class=\"wp-block-column is-layout-flow wp-block-column-is-layout-flow\">\n<div class=\"wp-block-cover is-light\" style=\"border-top-left-radius:20px;border-top-right-radius:20px;border-bottom-left-radius:20px;border-bottom-right-radius:20px\"><img loading=\"lazy\" decoding=\"async\" width=\"857\" height=\"555\" class=\"wp-block-cover__image-background wp-image-867 size-full\" alt=\"\" src=\"https:\/\/www.amapbrax31.org\/wp-content\/uploads\/2026\/03\/Capture-decran-2026-03-19-210829.png\" data-object-fit=\"cover\" srcset=\"https:\/\/www.amapbrax31.org\/wp-content\/uploads\/2026\/03\/Capture-decran-2026-03-19-210829.png 857w, https:\/\/www.amapbrax31.org\/wp-content\/uploads\/2026\/03\/Capture-decran-2026-03-19-210829-300x194.png 300w, https:\/\/www.amapbrax31.org\/wp-content\/uploads\/2026\/03\/Capture-decran-2026-03-19-210829-768x497.png 768w\" sizes=\"auto, (max-width: 857px) 100vw, 857px\" \/><span aria-hidden=\"true\" class=\"wp-block-cover__background has-background-dim\" style=\"background-color:#a8947e\"><\/span><div class=\"wp-block-cover__inner-container is-layout-constrained wp-block-cover-is-layout-constrained\">\n<p class=\"has-text-align-center has-text-color has-link-color has-large-font-size wp-elements-c5d3b58a52bc871f46425b20b58ca753\" style=\"color:#f4f1de\"><strong><a href=\"https:\/\/www.amapbrax31.org\/?page_id=882\" data-type=\"page\" data-id=\"882\">B\u00fbches Glac\u00e9es de Fanny<\/a><\/strong><\/p>\n<\/div><\/div>\n<\/div>\n\n\n\n<div class=\"wp-block-column is-layout-flow wp-block-column-is-layout-flow\">\n<div class=\"wp-block-cover\" style=\"border-top-left-radius:20px;border-top-right-radius:20px;border-bottom-left-radius:20px;border-bottom-right-radius:20px\"><img loading=\"lazy\" decoding=\"async\" width=\"600\" height=\"486\" class=\"wp-block-cover__image-background wp-image-1126 size-full\" alt=\"\" src=\"https:\/\/www.amapbrax31.org\/wp-content\/uploads\/2026\/03\/denis-sousa-PzZnixZv12U-unsplash-redimensionne-taille-moyenne.jpeg\" data-object-fit=\"cover\" srcset=\"https:\/\/www.amapbrax31.org\/wp-content\/uploads\/2026\/03\/denis-sousa-PzZnixZv12U-unsplash-redimensionne-taille-moyenne.jpeg 600w, https:\/\/www.amapbrax31.org\/wp-content\/uploads\/2026\/03\/denis-sousa-PzZnixZv12U-unsplash-redimensionne-taille-moyenne-300x243.jpeg 300w\" sizes=\"auto, (max-width: 600px) 100vw, 600px\" \/><span aria-hidden=\"true\" class=\"wp-block-cover__background has-background-dim\" style=\"background-color:#535150\"><\/span><div class=\"wp-block-cover__inner-container is-layout-constrained wp-block-cover-is-layout-constrained\">\n<p class=\"has-text-align-center has-text-color has-link-color has-large-font-size wp-elements-cca67e65ff785079b35aa95750636dd3\" style=\"color:#f4f1de\"><strong><a href=\"https:\/\/www.amapbrax31.org\/?page_id=885\" data-type=\"page\" data-id=\"885\">Domaine Rotier<\/a><\/strong><\/p>\n<\/div><\/div>\n<\/div>\n<\/div>\n","protected":false},"excerpt":{"rendered":"<p>COMMANDES SP\u00c9CIALES Commandes r\u00e9serv\u00e9es aux adh\u00e9rents de l&rsquo;association ayant souscrits au moins \u00e0 un contrat sur la saison L&rsquo;Association propose [&hellip;]<\/p>\n","protected":false},"author":2,"featured_media":0,"parent":0,"menu_order":0,"comment_status":"closed","ping_status":"closed","template":"","meta":{"site-sidebar-layout":"default","site-content-layout":"","ast-site-content-layout":"default","site-content-style":"default","site-sidebar-style":"default","ast-global-header-display":"","ast-banner-title-visibility":"","ast-main-header-display":"","ast-hfb-above-header-display":"","ast-hfb-below-header-display":"","ast-hfb-mobile-header-display":"","site-post-title":"disabled","ast-breadcrumbs-content":"","ast-featured-img":"","footer-sml-layout":"","ast-disable-related-posts":"","theme-transparent-header-meta":"","adv-header-id-meta":"","stick-header-meta":"","header-above-stick-meta":"","header-main-stick-meta":"","header-below-stick-meta":"","astra-migrate-meta-layouts":"default","ast-page-background-enabled":"default","ast-page-background-meta":{"desktop":{"background-color":"var(--ast-global-color-5)","background-image":"","background-repeat":"repeat","background-position":"center center","background-size":"auto","background-attachment":"scroll","background-type":"","background-media":"","overlay-type":"","overlay-color":"","overlay-opacity":"","overlay-gradient":""},"tablet":{"background-color":"","background-image":"","background-repeat":"repeat","background-position":"center center","background-size":"auto","background-attachment":"scroll","background-type":"","background-media":"","overlay-type":"","overlay-color":"","overlay-opacity":"","overlay-gradient":""},"mobile":{"background-color":"","background-image":"","background-repeat":"repeat","background-position":"center center","background-size":"auto","background-attachment":"scroll","background-type":"","background-media":"","overlay-type":"","overlay-color":"","overlay-opacity":"","overlay-gradient":""}},"ast-content-background-meta":{"desktop":{"background-color":"var(--ast-global-color-4)","background-image":"","background-repeat":"repeat","background-position":"center center","background-size":"auto","background-attachment":"scroll","background-type":"","background-media":"","overlay-type":"","overlay-color":"","overlay-opacity":"","overlay-gradient":""},"tablet":{"background-color":"var(--ast-global-color-4)","background-image":"","background-repeat":"repeat","background-position":"center center","background-size":"auto","background-attachment":"scroll","background-type":"","background-media":"","overlay-type":"","overlay-color":"","overlay-opacity":"","overlay-gradient":""},"mobile":{"background-color":"var(--ast-global-color-4)","background-image":"","background-repeat":"repeat","background-position":"center center","background-size":"auto","background-attachment":"scroll","background-type":"","background-media":"","overlay-type":"","overlay-color":"","overlay-opacity":"","overlay-gradient":""}},"footnotes":""},"class_list":["post-479","page","type-page","status-publish","hentry"],"_links":{"self":[{"href":"https:\/\/www.amapbrax31.org\/index.php?rest_route=\/wp\/v2\/pages\/479","targetHints":{"allow":["GET"]}}],"collection":[{"href":"https:\/\/www.amapbrax31.org\/index.php?rest_route=\/wp\/v2\/pages"}],"about":[{"href":"https:\/\/www.amapbrax31.org\/index.php?rest_route=\/wp\/v2\/types\/page"}],"author":[{"embeddable":true,"href":"https:\/\/www.amapbrax31.org\/index.php?rest_route=\/wp\/v2\/users\/2"}],"replies":[{"embeddable":true,"href":"https:\/\/www.amapbrax31.org\/index.php?rest_route=%2Fwp%2Fv2%2Fcomments&post=479"}],"version-history":[{"count":13,"href":"https:\/\/www.amapbrax31.org\/index.php?rest_route=\/wp\/v2\/pages\/479\/revisions"}],"predecessor-version":[{"id":1128,"href":"https:\/\/www.amapbrax31.org\/index.php?rest_route=\/wp\/v2\/pages\/479\/revisions\/1128"}],"wp:attachment":[{"href":"https:\/\/www.amapbrax31.org\/index.php?rest_route=%2Fwp%2Fv2%2Fmedia&parent=479"}],"curies":[{"name":"wp","href":"https:\/\/api.w.org\/{rel}","templated":true}]}}