{"id":591,"date":"2026-03-15T12:08:12","date_gmt":"2026-03-15T11:08:12","guid":{"rendered":"https:\/\/www.amapbrax31.org\/?page_id=591"},"modified":"2026-04-10T22:55:03","modified_gmt":"2026-04-10T20:55:03","slug":"les-gourmets-de-brax-et-ses-membres","status":"publish","type":"page","link":"https:\/\/www.amapbrax31.org\/?page_id=591","title":{"rendered":"L&rsquo;Association et ses membres"},"content":{"rendered":"\n<div class=\"wp-block-columns alignfull are-vertically-aligned-center has-background is-layout-flex wp-container-core-columns-is-layout-28f84493 wp-block-columns-is-layout-flex\" style=\"background-color:#f4f1de\">\n<div class=\"wp-block-column is-vertically-aligned-center is-layout-flow wp-block-column-is-layout-flow\" style=\"flex-basis:66.66%\">\n<h2 class=\"wp-block-heading has-text-align-right has-x-large-font-size\"><strong>L&rsquo;ASSOCIATION ET SES MEMBRES<\/strong><\/h2>\n<\/div>\n\n\n\n<div class=\"wp-block-column is-vertically-aligned-center is-layout-flow wp-block-column-is-layout-flow\" style=\"flex-basis:33.33%\">\n<figure class=\"wp-block-image size-full\"><img loading=\"lazy\" decoding=\"async\" width=\"64\" height=\"64\" src=\"https:\/\/www.amapbrax31.org\/wp-content\/uploads\/2026\/03\/groupe-de-personnes.png\" alt=\"\" class=\"wp-image-941\"\/><\/figure>\n<\/div>\n<\/div>\n\n\n\n<div class=\"wp-block-columns alignfull are-vertically-aligned-center is-layout-flex wp-container-core-columns-is-layout-28f84493 wp-block-columns-is-layout-flex\">\n<div class=\"wp-block-column is-vertically-aligned-center is-layout-flow wp-block-column-is-layout-flow\" style=\"flex-basis:66.66%\">\n<p class=\"has-medium-font-size\">L&rsquo;Association les Gourmets de Brax existe depuis 2015, fond\u00e9e par un petit groupe de mangeurs d\u00e9sireux d&rsquo;aider un couple de mara\u00eechers tout juste install\u00e9s pr\u00e8s de L\u00e9guevin.<\/p>\n\n\n\n<p class=\"has-medium-font-size\">Mais tr\u00e8s vite l&rsquo;AMAP s&rsquo;est diversifi\u00e9e et aujourd&rsquo;hui l&rsquo;association regroupe <a href=\"https:\/\/www.amapbrax31.org\/?page_id=187\" data-type=\"page\" data-id=\"187\">13 contrats diff\u00e9rents<\/a>, une moyenne de 60 familles originaires de Brax mais \u00e9galement des communes alentours, ainsi qu&rsquo;un grand nombre de b\u00e9n\u00e9voles soucieux de faire perdurer ce lien social entre les paysans et les mangeurs.<\/p>\n\n\n\n<p class=\"has-medium-font-size\">Les distributions ont lieu sous la Grange Gailhaguet devant l&rsquo;\u00e9cole de Brax.<\/p>\n\n\n\n<p class=\"has-medium-font-size\">L&rsquo;association organise \u00e9galement des <a href=\"https:\/\/www.amapbrax31.org\/?page_id=446\" data-type=\"page\" data-id=\"446\">\u00e9v\u00e8nements<\/a> comme la traditionnelle Soir\u00e9e Cin\u00e9cyclo chaque ann\u00e9e en Septembre, qui rassemble de plus en plus de participants.<\/p>\n\n\n\n<p class=\"has-medium-font-size\">Depuis quelques ann\u00e9es l&rsquo;association utilise l&rsquo;application <a href=\"https:\/\/www.amapbrax31.org\/?page_id=841\" data-type=\"page\" data-id=\"841\">AMAPJ<\/a> pour la gestion de ses contrats et de ses adh\u00e9rents. Et plus r\u00e9cemment elle a mis en place une <a href=\"https:\/\/www.amapbrax31.org\/?page_id=1298\" data-type=\"page\" data-id=\"1298\">messagerie Signal<\/a> comme canal de communication.<\/p>\n\n\n\n<p><\/p>\n<\/div>\n\n\n\n<div class=\"wp-block-column is-vertically-aligned-center is-layout-flow wp-block-column-is-layout-flow\" style=\"flex-basis:33.33%\">\n<figure class=\"wp-block-gallery has-nested-images columns-default is-cropped wp-block-gallery-1 is-layout-flex wp-block-gallery-is-layout-flex\">\n<figure class=\"wp-block-image size-large has-custom-border\"><img loading=\"lazy\" decoding=\"async\" width=\"683\" height=\"1024\" data-id=\"956\" src=\"https:\/\/www.amapbrax31.org\/wp-content\/uploads\/2026\/03\/IMG_1490-683x1024.jpg\" alt=\"\" class=\"wp-image-956\" style=\"border-top-left-radius:20px;border-top-right-radius:20px;border-bottom-left-radius:20px;border-bottom-right-radius:20px\" srcset=\"https:\/\/www.amapbrax31.org\/wp-content\/uploads\/2026\/03\/IMG_1490-683x1024.jpg 683w, https:\/\/www.amapbrax31.org\/wp-content\/uploads\/2026\/03\/IMG_1490-200x300.jpg 200w, https:\/\/www.amapbrax31.org\/wp-content\/uploads\/2026\/03\/IMG_1490-768x1152.jpg 768w, https:\/\/www.amapbrax31.org\/wp-content\/uploads\/2026\/03\/IMG_1490.jpg 800w\" sizes=\"auto, (max-width: 683px) 100vw, 683px\" \/><\/figure>\n\n\n\n<figure class=\"wp-block-image size-large has-custom-border\"><img loading=\"lazy\" decoding=\"async\" width=\"480\" height=\"640\" data-id=\"954\" src=\"https:\/\/www.amapbrax31.org\/wp-content\/uploads\/2026\/03\/Sophie-Gillaux-2.jpg\" alt=\"\" class=\"wp-image-954\" style=\"border-top-left-radius:20px;border-top-right-radius:20px;border-bottom-left-radius:20px;border-bottom-right-radius:20px\" srcset=\"https:\/\/www.amapbrax31.org\/wp-content\/uploads\/2026\/03\/Sophie-Gillaux-2.jpg 480w, https:\/\/www.amapbrax31.org\/wp-content\/uploads\/2026\/03\/Sophie-Gillaux-2-225x300.jpg 225w\" sizes=\"auto, (max-width: 480px) 100vw, 480px\" \/><\/figure>\n<\/figure>\n\n\n\n<figure class=\"wp-block-image size-large has-custom-border\"><img loading=\"lazy\" decoding=\"async\" width=\"1024\" height=\"683\" src=\"https:\/\/www.amapbrax31.org\/wp-content\/uploads\/2026\/03\/IMG_1320-1024x683.jpg\" alt=\"\" class=\"wp-image-957\" style=\"border-top-left-radius:20px;border-top-right-radius:20px;border-bottom-left-radius:20px;border-bottom-right-radius:20px\" srcset=\"https:\/\/www.amapbrax31.org\/wp-content\/uploads\/2026\/03\/IMG_1320-1024x683.jpg 1024w, https:\/\/www.amapbrax31.org\/wp-content\/uploads\/2026\/03\/IMG_1320-300x200.jpg 300w, https:\/\/www.amapbrax31.org\/wp-content\/uploads\/2026\/03\/IMG_1320-768x512.jpg 768w, https:\/\/www.amapbrax31.org\/wp-content\/uploads\/2026\/03\/IMG_1320.jpg 1500w\" sizes=\"auto, (max-width: 1024px) 100vw, 1024px\" \/><\/figure>\n<\/div>\n<\/div>\n\n\n\n<div class=\"wp-block-columns are-vertically-aligned-center has-background is-layout-flex wp-container-core-columns-is-layout-65eef5bf wp-block-columns-is-layout-flex\" style=\"border-style:none;border-width:0px;border-top-left-radius:20px;border-top-right-radius:20px;border-bottom-left-radius:20px;border-bottom-right-radius:20px;background-color:#e9c46a\">\n<div class=\"wp-block-column is-vertically-aligned-center is-layout-flow wp-block-column-is-layout-flow\" style=\"flex-basis:50%\">\n<figure class=\"wp-block-gallery has-nested-images columns-default is-cropped wp-block-gallery-2 is-layout-flex wp-block-gallery-is-layout-flex\">\n<figure class=\"wp-block-image size-large has-custom-border is-style-default\" style=\"margin-top:0;margin-right:0;margin-bottom:0;margin-left:0\"><img loading=\"lazy\" decoding=\"async\" width=\"576\" height=\"1024\" data-id=\"958\" src=\"https:\/\/www.amapbrax31.org\/wp-content\/uploads\/2026\/03\/WhatsApp-Image-2026-03-29-at-13.12.54-576x1024.jpeg\" alt=\"\" class=\"wp-image-958\" style=\"border-top-left-radius:20px;border-top-right-radius:20px;border-bottom-left-radius:20px;border-bottom-right-radius:20px\" srcset=\"https:\/\/www.amapbrax31.org\/wp-content\/uploads\/2026\/03\/WhatsApp-Image-2026-03-29-at-13.12.54-576x1024.jpeg 576w, https:\/\/www.amapbrax31.org\/wp-content\/uploads\/2026\/03\/WhatsApp-Image-2026-03-29-at-13.12.54-169x300.jpeg 169w, https:\/\/www.amapbrax31.org\/wp-content\/uploads\/2026\/03\/WhatsApp-Image-2026-03-29-at-13.12.54-768x1365.jpeg 768w, https:\/\/www.amapbrax31.org\/wp-content\/uploads\/2026\/03\/WhatsApp-Image-2026-03-29-at-13.12.54-864x1536.jpeg 864w, https:\/\/www.amapbrax31.org\/wp-content\/uploads\/2026\/03\/WhatsApp-Image-2026-03-29-at-13.12.54.jpeg 900w\" sizes=\"auto, (max-width: 576px) 100vw, 576px\" \/><figcaption class=\"wp-element-caption\">Raymond Dorkel, fondateur de l&rsquo;AMAP et Vincent Billiard actuel Pr\u00e9sident de l&rsquo;Association<\/figcaption><\/figure>\n\n\n\n<figure class=\"wp-block-image size-large has-custom-border\"><img loading=\"lazy\" decoding=\"async\" width=\"576\" height=\"1024\" data-id=\"959\" src=\"https:\/\/www.amapbrax31.org\/wp-content\/uploads\/2026\/03\/WhatsApp-Image-2026-03-29-at-13.12.25-576x1024.jpeg\" alt=\"\" class=\"wp-image-959\" style=\"border-top-left-radius:20px;border-top-right-radius:20px;border-bottom-left-radius:20px;border-bottom-right-radius:20px\" srcset=\"https:\/\/www.amapbrax31.org\/wp-content\/uploads\/2026\/03\/WhatsApp-Image-2026-03-29-at-13.12.25-576x1024.jpeg 576w, https:\/\/www.amapbrax31.org\/wp-content\/uploads\/2026\/03\/WhatsApp-Image-2026-03-29-at-13.12.25-169x300.jpeg 169w, https:\/\/www.amapbrax31.org\/wp-content\/uploads\/2026\/03\/WhatsApp-Image-2026-03-29-at-13.12.25-768x1365.jpeg 768w, https:\/\/www.amapbrax31.org\/wp-content\/uploads\/2026\/03\/WhatsApp-Image-2026-03-29-at-13.12.25-864x1536.jpeg 864w, https:\/\/www.amapbrax31.org\/wp-content\/uploads\/2026\/03\/WhatsApp-Image-2026-03-29-at-13.12.25.jpeg 900w\" sizes=\"auto, (max-width: 576px) 100vw, 576px\" \/><\/figure>\n<\/figure>\n<\/div>\n\n\n\n<div class=\"wp-block-column is-vertically-aligned-center is-layout-flow wp-block-column-is-layout-flow\" style=\"flex-basis:50%\">\n<p class=\"has-text-align-center has-text-color has-link-color has-large-font-size wp-elements-d9f0951bcd0ff2947cd9ae97cd488183\" style=\"color:#386641\"><strong>L&rsquo;Association a f\u00eat\u00e9 ses 10 ans en 2025 !<\/strong><\/p>\n\n\n\n<p class=\"has-medium-font-size\">A cette occasion, et lors des V\u0153ux du Maire, elle a re\u00e7u un tr\u00e8s beau troph\u00e9e pour honorer cette long\u00e9vit\u00e9, ainsi que sa participation \u00e0 l&rsquo;enrichissement de la vie locale.<\/p>\n<\/div>\n<\/div>\n\n\n\n<p><\/p>\n\n\n\n<hr class=\"wp-block-separator has-alpha-channel-opacity\"\/>\n\n\n\n<p><\/p>\n\n\n\n<p class=\"has-text-align-center has-text-color has-link-color wp-elements-d45388e3447f20a2745c858305cf569d\" style=\"color:#52b788;font-size:30px\"><strong>LE BUREAU<\/strong><\/p>\n\n\n\n<figure class=\"wp-block-table has-medium-font-size\"><table class=\"has-border-color has-fixed-layout\" style=\"border-color:#386641;border-width:3px\"><tbody><tr><td>PR\u00c9SIDENT<\/td><td>Vincent Billiard<\/td><\/tr><tr><td>VIS-PR\u00c9SIDENTE<\/td><td>Marjorie Lalanne<\/td><\/tr><tr><td>SECR\u00c9TAIRE<\/td><td>Sylvie Ducos<\/td><\/tr><tr><td>TR\u00c9SORIER<\/td><td>Olivier Adam<\/td><\/tr><tr><td>TR\u00c9SORI\u00c8RE ADJOINTE<\/td><td>Sabrina Pauly<\/td><\/tr><\/tbody><\/table><\/figure>\n\n\n\n<p><\/p>\n\n\n\n<p class=\"has-text-align-center has-text-color has-link-color wp-elements-41f2c05179c1a9cbdc12e8cb9f23a00b\" style=\"color:#52b788;font-size:30px\"><strong>LES R\u00c9F\u00c9RENTS PAR CONTRAT<\/strong><\/p>\n\n\n\n<figure class=\"wp-block-table has-medium-font-size\"><table class=\"has-border-color has-fixed-layout\" style=\"border-color:#386641;border-width:3px\"><tbody><tr><td><a href=\"https:\/\/www.amapbrax31.org\/?page_id=136\" data-type=\"page\" data-id=\"136\">L\u00c9GUMES<\/a><\/td><td>Laurie Volebele<\/td><\/tr><tr><td><a href=\"https:\/\/www.amapbrax31.org\/?page_id=141\" data-type=\"page\" data-id=\"141\">FRUITS, PAIN, PRODUITS TRANSFORM\u00c9S<\/a><\/td><td>Vincent Billiard<\/td><\/tr><tr><td><a href=\"https:\/\/www.amapbrax31.org\/?page_id=318\" data-type=\"page\" data-id=\"318\">VOLAILLES ET \u0152UFS<\/a><\/td><td>Aur\u00e9lie Nakache<\/td><\/tr><tr><td><a href=\"https:\/\/www.amapbrax31.org\/?page_id=225\" data-type=\"page\" data-id=\"225\">AGNEAU ET MOUTON<\/a><\/td><td>Julien Billette<\/td><\/tr><tr><td><a href=\"https:\/\/www.amapbrax31.org\/?page_id=309\" data-type=\"page\" data-id=\"309\">VEAU ET B\u0152UF<\/a><\/td><td>Sophie Sa\u00fcc<\/td><\/tr><tr><td><a href=\"https:\/\/www.amapbrax31.org\/?page_id=233\" data-type=\"page\" data-id=\"233\">COCHON<\/a><\/td><td>Alain Ducos<\/td><\/tr><tr><td><a href=\"https:\/\/www.amapbrax31.org\/?page_id=269\" data-type=\"page\" data-id=\"269\">FROMAGES DE CH\u00c8VRE<\/a><\/td><td>Sylvie Ducos<\/td><\/tr><tr><td><a href=\"https:\/\/www.amapbrax31.org\/?page_id=350\" data-type=\"page\" data-id=\"350\">FROMAGES DE BREBIS<\/a><\/td><td>\u00c9lodie Bertin<\/td><\/tr><tr><td><a href=\"https:\/\/www.amapbrax31.org\/?page_id=282\" data-type=\"page\" data-id=\"282\">MIEL<\/a><\/td><td>Fabrice Boudy<\/td><\/tr><tr><td><a href=\"https:\/\/www.amapbrax31.org\/?page_id=73\" data-type=\"page\" data-id=\"73\">TISANES<\/a><\/td><td>Mathilde Clauss<\/td><\/tr><tr><td><a href=\"https:\/\/www.amapbrax31.org\/?page_id=408\" data-type=\"page\" data-id=\"408\">FARINES, L\u00c9GUMINEUSES, P\u00c2TES, HUILES<\/a><\/td><td>Annie Bresolin<\/td><\/tr><tr><td><a href=\"https:\/\/www.amapbrax31.org\/?page_id=290\" data-type=\"page\" data-id=\"290\">MUESLI ET GRANOLA<\/a><\/td><td>Sylvie Leguay<\/td><\/tr><tr><td><a href=\"https:\/\/www.amapbrax31.org\/?page_id=299\" data-type=\"page\" data-id=\"299\">PRODUITS TRANSFORM\u00c9S<\/a><\/td><td>Aur\u00e9lie Belveze<\/td><\/tr><\/tbody><\/table><\/figure>\n\n\n\n<p><\/p>\n\n\n\n<p class=\"has-text-align-center has-text-color has-link-color wp-elements-62096eda865778e914d3b461a0f555dc\" style=\"color:#52b788;font-size:30px\"><strong>RESPONSABLES DE LA COMMUNICATION<\/strong><\/p>\n\n\n\n<figure class=\"wp-block-table has-medium-font-size\"><table class=\"has-border-color has-fixed-layout\" style=\"border-color:#386641;border-width:3px\"><tbody><tr><td>Site Internet<\/td><td>Elodie Bertin<\/td><\/tr><tr><td>R\u00e9seau Sociaux : <a href=\"https:\/\/www.facebook.com\/AMAPBRAX\/\" target=\"_blank\" rel=\"noreferrer noopener\">Facebook<\/a> et <a href=\"https:\/\/www.instagram.com\/amapdebrax\/\" target=\"_blank\" rel=\"noreferrer noopener\">Instagram<\/a><\/td><td>Laurie Volebele<\/td><\/tr><tr><td><a href=\"https:\/\/www.amapbrax31.org\/?page_id=1298\" data-type=\"page\" data-id=\"1298\">Messagerie Signal<\/a><\/td><td>Membres du bureau<\/td><\/tr><\/tbody><\/table><\/figure>\n\n\n\n<p><\/p>\n\n\n\n<hr class=\"wp-block-separator has-alpha-channel-opacity\"\/>\n\n\n\n<p><\/p>\n\n\n\n<div class=\"wp-block-media-text is-stacked-on-mobile\" style=\"grid-template-columns:36% auto\"><figure class=\"wp-block-media-text__media\"><img loading=\"lazy\" decoding=\"async\" width=\"522\" height=\"474\" src=\"https:\/\/www.amapbrax31.org\/wp-content\/uploads\/2026\/03\/Giemsi-S02D1copil-conseil-cuisine-reduit.jpg\" alt=\"\" class=\"wp-image-991 size-full\" srcset=\"https:\/\/www.amapbrax31.org\/wp-content\/uploads\/2026\/03\/Giemsi-S02D1copil-conseil-cuisine-reduit.jpg 522w, https:\/\/www.amapbrax31.org\/wp-content\/uploads\/2026\/03\/Giemsi-S02D1copil-conseil-cuisine-reduit-300x272.jpg 300w\" sizes=\"auto, (max-width: 522px) 100vw, 522px\" \/><\/figure><div class=\"wp-block-media-text__content\">\n<p class=\"has-text-align-left has-text-color has-link-color wp-elements-2ae84888f36d0621810f883fb211719c\" style=\"color:#52b788;font-size:30px\"><strong>COMPTE-RENDUS DES AG<\/strong><\/p>\n<\/div><\/div>\n\n\n\n<p><\/p>\n\n\n\n<div class=\"wp-block-columns has-background is-layout-flex wp-container-core-columns-is-layout-28f84493 wp-block-columns-is-layout-flex\" style=\"border-top-left-radius:20px;border-top-right-radius:20px;border-bottom-left-radius:20px;border-bottom-right-radius:20px;background-color:#f4f1de\">\n<div class=\"wp-block-column is-layout-flow wp-block-column-is-layout-flow\">\n<p class=\"has-text-align-center has-text-color has-link-color wp-elements-477161ae8e106fc5b57c2fe392fd1110\" style=\"color:#52b788;font-size:30px\"><strong>2025<\/strong><\/p>\n<\/div>\n\n\n\n<div class=\"wp-block-column is-layout-flow wp-block-column-is-layout-flow\">\n<div class=\"wp-block-buttons is-layout-flex wp-block-buttons-is-layout-flex\">\n<div class=\"wp-block-button\"><a class=\"wp-block-button__link has-text-color has-link-color wp-element-button\" href=\"https:\/\/www.amapbrax31.org\/wp-content\/uploads\/2026\/03\/AG_Les_Gourmets_de_Brax_Saison_2025.pdf\" style=\"color:#386641\" target=\"_blank\" rel=\"noreferrer noopener\">Assembl\u00e9e G\u00e9n\u00e9rale<\/a><\/div>\n<\/div>\n<\/div>\n\n\n\n<div class=\"wp-block-column is-layout-flow wp-block-column-is-layout-flow\">\n<div class=\"wp-block-buttons is-layout-flex wp-block-buttons-is-layout-flex\">\n<div class=\"wp-block-button\"><a class=\"wp-block-button__link has-text-color has-link-color wp-element-button\" href=\"https:\/\/www.amapbrax31.org\/wp-content\/uploads\/2026\/03\/Diaporama-AG-2026.pdf\" style=\"color:#386641\" target=\"_blank\" rel=\"noreferrer noopener\">Diaporama<\/a><\/div>\n<\/div>\n<\/div>\n<\/div>\n\n\n\n<p><\/p>\n\n\n\n<div class=\"wp-block-columns has-background is-layout-flex wp-container-core-columns-is-layout-28f84493 wp-block-columns-is-layout-flex\" style=\"border-top-left-radius:20px;border-top-right-radius:20px;border-bottom-left-radius:20px;border-bottom-right-radius:20px;background-color:#f4f1de\">\n<div class=\"wp-block-column is-layout-flow wp-block-column-is-layout-flow\">\n<p class=\"has-text-align-center has-text-color has-link-color wp-elements-9c8de92b94a1cffa2d6c1a0f78f32964\" style=\"color:#52b788;font-size:30px\"><strong>2024<\/strong><\/p>\n<\/div>\n\n\n\n<div class=\"wp-block-column is-layout-flow wp-block-column-is-layout-flow\">\n<div class=\"wp-block-buttons is-layout-flex wp-block-buttons-is-layout-flex\">\n<div class=\"wp-block-button\"><a class=\"wp-block-button__link has-text-color has-link-color wp-element-button\" href=\"https:\/\/www.amapbrax31.org\/wp-content\/uploads\/2026\/03\/AG_Les_Gourmets_de_Brax_Saison_2024.pdf\" style=\"color:#386641\" target=\"_blank\" rel=\"noreferrer noopener\">Assembl\u00e9e G\u00e9n\u00e9rale<\/a><\/div>\n<\/div>\n<\/div>\n\n\n\n<div class=\"wp-block-column is-layout-flow wp-block-column-is-layout-flow\">\n<div class=\"wp-block-buttons is-layout-flex wp-block-buttons-is-layout-flex\">\n<div class=\"wp-block-button\"><a class=\"wp-block-button__link has-text-color has-link-color wp-element-button\" href=\"https:\/\/www.amapbrax31.org\/wp-content\/uploads\/2026\/03\/Diaporama-AG-2025.pdf\" style=\"color:#386641\" target=\"_blank\" rel=\"noreferrer noopener\">Diaporama<\/a><\/div>\n<\/div>\n<\/div>\n<\/div>\n\n\n\n<p><\/p>\n\n\n\n<div class=\"wp-block-columns has-background is-layout-flex wp-container-core-columns-is-layout-28f84493 wp-block-columns-is-layout-flex\" style=\"border-top-left-radius:20px;border-top-right-radius:20px;border-bottom-left-radius:20px;border-bottom-right-radius:20px;background-color:#f4f1de\">\n<div class=\"wp-block-column is-layout-flow wp-block-column-is-layout-flow\">\n<p class=\"has-text-align-center has-text-color has-link-color wp-elements-7ee95005ffb338d9e0da623e5d86f554\" style=\"color:#52b788;font-size:30px\"><strong>2023<\/strong><\/p>\n<\/div>\n\n\n\n<div class=\"wp-block-column is-layout-flow wp-block-column-is-layout-flow\">\n<div class=\"wp-block-buttons is-layout-flex wp-block-buttons-is-layout-flex\">\n<div class=\"wp-block-button\"><a class=\"wp-block-button__link has-text-color has-link-color wp-element-button\" href=\"https:\/\/www.amapbrax31.org\/wp-content\/uploads\/2026\/03\/CR-AG-Amap-Brax-26-1-2024.pdf\" style=\"color:#386641\" target=\"_blank\" rel=\"noreferrer noopener\">Assembl\u00e9e G\u00e9n\u00e9rale<\/a><\/div>\n<\/div>\n<\/div>\n\n\n\n<div class=\"wp-block-column is-layout-flow wp-block-column-is-layout-flow\">\n<div class=\"wp-block-buttons is-layout-flex wp-block-buttons-is-layout-flex\">\n<div class=\"wp-block-button\"><a class=\"wp-block-button__link has-text-color has-link-color wp-element-button\" href=\"https:\/\/www.amapbrax31.org\/wp-content\/uploads\/2026\/03\/CR-AG-AMAP-Brax-annexe-diaporama-PDF-1.pdf\" style=\"color:#386641\" target=\"_blank\" rel=\"noreferrer noopener\">Diaporama<\/a><\/div>\n<\/div>\n<\/div>\n<\/div>\n\n\n\n<p><\/p>\n\n\n\n<div class=\"wp-block-columns has-background is-layout-flex wp-container-core-columns-is-layout-28f84493 wp-block-columns-is-layout-flex\" style=\"border-top-left-radius:20px;border-top-right-radius:20px;border-bottom-left-radius:20px;border-bottom-right-radius:20px;background-color:#f4f1de\">\n<div class=\"wp-block-column is-layout-flow wp-block-column-is-layout-flow\">\n<p class=\"has-text-align-center has-text-color has-link-color wp-elements-73d2b1520969efac05a65010ef90ed1e\" style=\"color:#52b788;font-size:30px\"><strong>2022<\/strong><\/p>\n<\/div>\n\n\n\n<div class=\"wp-block-column is-layout-flow wp-block-column-is-layout-flow\">\n<div class=\"wp-block-buttons is-layout-flex wp-block-buttons-is-layout-flex\">\n<div class=\"wp-block-button\"><a class=\"wp-block-button__link has-text-color has-link-color wp-element-button\" href=\"https:\/\/www.amapbrax31.org\/wp-content\/uploads\/2026\/03\/AG-2023-Gourmets-de-Brax.pdf\" style=\"color:#386641\" target=\"_blank\" rel=\"noreferrer noopener\">Diaporama<\/a><\/div>\n<\/div>\n<\/div>\n<\/div>\n\n\n\n<p><\/p>\n\n\n\n<div class=\"wp-block-columns has-background is-layout-flex wp-container-core-columns-is-layout-28f84493 wp-block-columns-is-layout-flex\" style=\"border-top-left-radius:20px;border-top-right-radius:20px;border-bottom-left-radius:20px;border-bottom-right-radius:20px;background-color:#f4f1de\">\n<div class=\"wp-block-column is-layout-flow wp-block-column-is-layout-flow\">\n<p class=\"has-text-align-center has-text-color has-link-color wp-elements-6e1e4345c1d4c6be1e7e93ebfbfd8027\" style=\"color:#52b788;font-size:30px\"><strong>2021<\/strong><\/p>\n<\/div>\n\n\n\n<div class=\"wp-block-column is-layout-flow wp-block-column-is-layout-flow\">\n<div class=\"wp-block-buttons is-layout-flex wp-block-buttons-is-layout-flex\">\n<div class=\"wp-block-button\"><a class=\"wp-block-button__link has-text-color has-link-color wp-element-button\" href=\"https:\/\/www.amapbrax31.org\/wp-content\/uploads\/2026\/03\/AMAP_AG-2021-Gourmets-de-Brax-V2.pptx.pdf\" style=\"color:#386641\" target=\"_blank\" rel=\"noreferrer noopener\">Diaporama<\/a><\/div>\n<\/div>\n<\/div>\n<\/div>\n\n\n\n<p><\/p>\n\n\n\n<div class=\"wp-block-columns has-background is-layout-flex wp-container-core-columns-is-layout-28f84493 wp-block-columns-is-layout-flex\" style=\"border-top-left-radius:20px;border-top-right-radius:20px;border-bottom-left-radius:20px;border-bottom-right-radius:20px;background-color:#f4f1de\">\n<div class=\"wp-block-column is-layout-flow wp-block-column-is-layout-flow\">\n<p class=\"has-text-align-center has-text-color has-link-color wp-elements-7a3f4f1869a4d8778cd9c3bec0ceb06f\" style=\"color:#52b788;font-size:30px\"><strong>2020<\/strong><\/p>\n<\/div>\n\n\n\n<div class=\"wp-block-column is-layout-flow wp-block-column-is-layout-flow\">\n<div class=\"wp-block-buttons is-layout-flex wp-block-buttons-is-layout-flex\">\n<div class=\"wp-block-button\"><a class=\"wp-block-button__link has-text-color has-link-color wp-element-button\" href=\"https:\/\/www.amapbrax31.org\/wp-content\/uploads\/2026\/03\/AG-2020-Gourmets-de-Brax.pdf\" style=\"color:#386641\" target=\"_blank\" rel=\"noreferrer noopener\">Diaporama<\/a><\/div>\n<\/div>\n<\/div>\n<\/div>\n\n\n\n<p><\/p>\n\n\n\n<p><\/p>\n","protected":false},"excerpt":{"rendered":"<p>L&rsquo;ASSOCIATION ET SES MEMBRES L&rsquo;Association les Gourmets de Brax existe depuis 2015, fond\u00e9e par un petit groupe de mangeurs d\u00e9sireux [&hellip;]<\/p>\n","protected":false},"author":2,"featured_media":0,"parent":0,"menu_order":0,"comment_status":"closed","ping_status":"closed","template":"","meta":{"site-sidebar-layout":"default","site-content-layout":"","ast-site-content-layout":"default","site-content-style":"default","site-sidebar-style":"default","ast-global-header-display":"","ast-banner-title-visibility":"","ast-main-header-display":"","ast-hfb-above-header-display":"","ast-hfb-below-header-display":"","ast-hfb-mobile-header-display":"","site-post-title":"disabled","ast-breadcrumbs-content":"","ast-featured-img":"","footer-sml-layout":"","ast-disable-related-posts":"","theme-transparent-header-meta":"","adv-header-id-meta":"","stick-header-meta":"","header-above-stick-meta":"","header-main-stick-meta":"","header-below-stick-meta":"","astra-migrate-meta-layouts":"default","ast-page-background-enabled":"default","ast-page-background-meta":{"desktop":{"background-color":"var(--ast-global-color-5)","background-image":"","background-repeat":"repeat","background-position":"center center","background-size":"auto","background-attachment":"scroll","background-type":"","background-media":"","overlay-type":"","overlay-color":"","overlay-opacity":"","overlay-gradient":""},"tablet":{"background-color":"","background-image":"","background-repeat":"repeat","background-position":"center center","background-size":"auto","background-attachment":"scroll","background-type":"","background-media":"","overlay-type":"","overlay-color":"","overlay-opacity":"","overlay-gradient":""},"mobile":{"background-color":"","background-image":"","background-repeat":"repeat","background-position":"center center","background-size":"auto","background-attachment":"scroll","background-type":"","background-media":"","overlay-type":"","overlay-color":"","overlay-opacity":"","overlay-gradient":""}},"ast-content-background-meta":{"desktop":{"background-color":"var(--ast-global-color-4)","background-image":"","background-repeat":"repeat","background-position":"center center","background-size":"auto","background-attachment":"scroll","background-type":"","background-media":"","overlay-type":"","overlay-color":"","overlay-opacity":"","overlay-gradient":""},"tablet":{"background-color":"var(--ast-global-color-4)","background-image":"","background-repeat":"repeat","background-position":"center center","background-size":"auto","background-attachment":"scroll","background-type":"","background-media":"","overlay-type":"","overlay-color":"","overlay-opacity":"","overlay-gradient":""},"mobile":{"background-color":"var(--ast-global-color-4)","background-image":"","background-repeat":"repeat","background-position":"center center","background-size":"auto","background-attachment":"scroll","background-type":"","background-media":"","overlay-type":"","overlay-color":"","overlay-opacity":"","overlay-gradient":""}},"footnotes":""},"class_list":["post-591","page","type-page","status-publish","hentry"],"_links":{"self":[{"href":"https:\/\/www.amapbrax31.org\/index.php?rest_route=\/wp\/v2\/pages\/591","targetHints":{"allow":["GET"]}}],"collection":[{"href":"https:\/\/www.amapbrax31.org\/index.php?rest_route=\/wp\/v2\/pages"}],"about":[{"href":"https:\/\/www.amapbrax31.org\/index.php?rest_route=\/wp\/v2\/types\/page"}],"author":[{"embeddable":true,"href":"https:\/\/www.amapbrax31.org\/index.php?rest_route=\/wp\/v2\/users\/2"}],"replies":[{"embeddable":true,"href":"https:\/\/www.amapbrax31.org\/index.php?rest_route=%2Fwp%2Fv2%2Fcomments&post=591"}],"version-history":[{"count":48,"href":"https:\/\/www.amapbrax31.org\/index.php?rest_route=\/wp\/v2\/pages\/591\/revisions"}],"predecessor-version":[{"id":1352,"href":"https:\/\/www.amapbrax31.org\/index.php?rest_route=\/wp\/v2\/pages\/591\/revisions\/1352"}],"wp:attachment":[{"href":"https:\/\/www.amapbrax31.org\/index.php?rest_route=%2Fwp%2Fv2%2Fmedia&parent=591"}],"curies":[{"name":"wp","href":"https:\/\/api.w.org\/{rel}","templated":true}]}}