{"id":73,"date":"2026-03-15T12:41:59","date_gmt":"2026-03-15T11:41:59","guid":{"rendered":"https:\/\/www.amapbrax31.org\/?page_id=73"},"modified":"2026-04-01T00:09:44","modified_gmt":"2026-03-31T22:09:44","slug":"le-contrat-tisanes","status":"publish","type":"page","link":"https:\/\/www.amapbrax31.org\/?page_id=73","title":{"rendered":"Le contrat Tisanes"},"content":{"rendered":"\n<div class=\"wp-block-columns alignfull are-vertically-aligned-center has-background is-layout-flex wp-container-core-columns-is-layout-28232c24 wp-block-columns-is-layout-flex\" style=\"background-color:#f4f1de\">\n<div class=\"wp-block-column is-vertically-aligned-center is-layout-flow wp-block-column-is-layout-flow\" style=\"flex-basis:25%\">\n<figure class=\"wp-block-image alignright size-full is-resized has-custom-border\"><img loading=\"lazy\" decoding=\"async\" width=\"596\" height=\"818\" src=\"https:\/\/www.amapbrax31.org\/wp-content\/uploads\/2026\/02\/tisanes-1.png\" alt=\"\" class=\"wp-image-120\" style=\"border-top-left-radius:20px;border-top-right-radius:20px;border-bottom-left-radius:20px;border-bottom-right-radius:20px;aspect-ratio:0.7286140358438185;width:358px;height:auto\" srcset=\"https:\/\/www.amapbrax31.org\/wp-content\/uploads\/2026\/02\/tisanes-1.png 596w, https:\/\/www.amapbrax31.org\/wp-content\/uploads\/2026\/02\/tisanes-1-219x300.png 219w\" sizes=\"auto, (max-width: 596px) 100vw, 596px\" \/><\/figure>\n<\/div>\n\n\n\n<div class=\"wp-block-column is-vertically-aligned-center is-layout-flow wp-block-column-is-layout-flow\" style=\"flex-basis:50%\">\n<h2 class=\"wp-block-heading has-text-align-center has-x-large-font-size\"><strong>LE CONTRAT TISANES<\/strong><\/h2>\n<\/div>\n\n\n\n<div class=\"wp-block-column is-vertically-aligned-center has-background is-layout-flow wp-block-column-is-layout-flow\" style=\"border-top-left-radius:20px;border-top-right-radius:20px;border-bottom-left-radius:20px;border-bottom-right-radius:20px;background-color:#e9c46a;flex-basis:25%\">\n<p><\/p>\n\n\n\n<p class=\"has-text-align-center has-text-color has-link-color wp-elements-7cbc17f5cef9544d3a8360942810f3de\" style=\"color:#333333;font-size:17px\">Vous souhaitez vous inscrire \u00e0 l\u2019AMAP Tisanes ?<\/p>\n\n\n\n<p class=\"has-text-align-center has-text-color has-link-color wp-elements-d8784efa409f747d0522559f58421fa3\" style=\"color:#333333;font-size:30px\">Contactez la r\u00e9f\u00e9rente<\/p>\n\n\n\n<p class=\"has-text-align-center has-text-color has-link-color has-large-font-size wp-elements-187c7d383a6221827dec7dde25566df5\" style=\"color:#386641;line-height:0\"><strong>Mathilde Clauss<\/strong><\/p>\n\n\n\n<p class=\"has-text-align-center has-text-color has-link-color has-medium-font-size wp-elements-8c2226b375f75d1c4327130cd3876e1c\" style=\"color:#386641;line-height:1.5\"><strong><a href=\"mailto:lesgourmetsdebrax@gmail.com\">lesgourmetsdebrax@gmail.com<\/a><\/strong><\/p>\n\n\n\n<p><\/p>\n<\/div>\n<\/div>\n\n\n\n<p><\/p>\n\n\n\n<p class=\"has-text-align-center has-text-color has-link-color wp-elements-fc5c4ff7aa82950f8096fdf4871a972f\" style=\"color:#52b788;font-size:30px\"><strong>FONCTIONNEMENT<\/strong><\/p>\n\n\n\n<figure class=\"wp-block-table alignwide has-medium-font-size\"><table class=\"has-border-color has-fixed-layout\" style=\"border-color:#386641;border-width:3px\"><tbody><tr><td>FR\u00c9QUENCE<\/td><td>4 livraisons par an<\/td><\/tr><tr><td>P\u00c9RIODE \/ SAISON<\/td><td>de F\u00e9vrier \u00e0 D\u00e9cembre<\/td><\/tr><tr><td>CONDITIONS D&rsquo;INSCRIPTION<\/td><td>S&rsquo;inscrire aux 4 livraisons Prendre minimum 2 sachets par livraison.<br>Pr\u00e9voir un ch\u00e8que par livraison<br><br><em>Possibilit\u00e9 de s&rsquo;inscrire en cours de saison<\/em><\/td><\/tr><\/tbody><\/table><\/figure>\n\n\n\n<p><\/p>\n\n\n\n<h2 class=\"wp-block-heading has-text-align-center has-text-color has-link-color wp-elements-e08af58aa06dd549bdc4ff4564c4799a\" style=\"color:#52b788;font-size:30px\"><strong>PRODUITS et TARIFS*<\/strong><\/h2>\n\n\n\n<figure class=\"wp-block-table alignwide has-medium-font-size\"><table class=\"has-border-color has-fixed-layout\" style=\"border-color:#386641;border-width:3px\"><tbody><tr><td><strong>R\u00eaverie Florale :<\/strong><br>Menthe, bergamote, agastache, tournesol, bleuet, calendule, tilleul &#8211; Sachet 20g<\/td><td class=\"has-text-align-center\" data-align=\"center\">5\u20ac<\/td><\/tr><tr><td><strong>Le Go\u00fbt de la Libert\u00e9 :<\/strong><br>Menthe poivr\u00e9e, lavande, basilic sacr\u00e9, monarde, rose, reine des pr\u00e9s &#8211; Sachet 20g<\/td><td class=\"has-text-align-center\" data-align=\"center\">5\u20ac<\/td><\/tr><tr><td><strong>D\u00e9part pour l&rsquo;Aventure :<\/strong><br>Menthe douce et poivr\u00e9e, basilic cannelle, shiso &#8211; Sachet 20g<\/td><td class=\"has-text-align-center\" data-align=\"center\">5\u20ac<\/td><\/tr><tr><td><strong>La Magie de la Vie :<\/strong><br>Basilic sacr\u00e9, rose, aub\u00e9pine, achill\u00e9e, m\u00e9lisse, bleuet, mauve &#8211; Sachet 20g<\/td><td class=\"has-text-align-center\" data-align=\"center\">5\u20ac<\/td><\/tr><tr><td><strong>Pr\u00e9sence et Pers\u00e9v\u00e9rance :<\/strong><br>Ortie, basilic sacr\u00e9, m\u00e9lisse, achill\u00e9e, romarin &#8211; Sachet 20g<\/td><td class=\"has-text-align-center\" data-align=\"center\">5\u20ac<\/td><\/tr><tr><td><strong>Promenade au Jardin : <\/strong><br>Cassis, ortie, monarde, shiso, romarin, bleuet, fr\u00eane &#8211; Sachet 20g<\/td><td class=\"has-text-align-center\" data-align=\"center\">5\u20ac<\/td><\/tr><tr><td><strong>Sous les \u00c9toiles :<\/strong><br>Tilleul, m\u00e9lisse, camomille, aub\u00e9pine, sureau, scutellaire &#8211; Sachet 20g<\/td><td class=\"has-text-align-center\" data-align=\"center\">5\u20ac<\/td><\/tr><tr><td><strong>\u00c9loge de la Gourmandise :<\/strong><br>Origan, fenouil, fr\u00eane, ronce, shiso, \u00e9glantier, cataire, monarde, sarriette &#8211; Sachet 20g<\/td><td class=\"has-text-align-center\" data-align=\"center\">5\u20ac<\/td><\/tr><\/tbody><\/table><figcaption class=\"wp-element-caption\">* Tarifs applicables pour la saison 2026<\/figcaption><\/figure>\n\n\n\n<p><\/p>\n\n\n\n<h2 class=\"wp-block-heading has-text-align-center has-text-color has-link-color wp-elements-98de63769e9926f5f3ab04750d9dc653\" style=\"color:#52b788;font-size:30px\"><strong>CONTRAT<\/strong><\/h2>\n\n\n\n<div data-wp-interactive=\"core\/file\" class=\"wp-block-file\"><object data-wp-bind--hidden=\"!state.hasPdfPreview\" hidden class=\"wp-block-file__embed\" data=\"https:\/\/www.amapbrax31.org\/wp-content\/uploads\/2026\/02\/engagement-vierge-Tisane-2026.pdf\" type=\"application\/pdf\" style=\"width:100%;height:600px\" aria-label=\"Contenu embarqu\u00e9 engagement-vierge-Tisane 2026.\"><\/object><a id=\"wp-block-file--media-1d0f1049-617a-4c38-804c-993031ccdc89\" href=\"https:\/\/www.amapbrax31.org\/wp-content\/uploads\/2026\/02\/engagement-vierge-Tisane-2026.pdf\">engagement-vierge-Tisane 2026<\/a><a href=\"https:\/\/www.amapbrax31.org\/wp-content\/uploads\/2026\/02\/engagement-vierge-Tisane-2026.pdf\" class=\"wp-block-file__button wp-element-button\" download aria-describedby=\"wp-block-file--media-1d0f1049-617a-4c38-804c-993031ccdc89\">T\u00e9l\u00e9charger<\/a><\/div>\n\n\n\n<p><\/p>\n\n\n\n<p><\/p>\n\n\n\n<div class=\"wp-block-columns alignwide has-medium-font-size is-layout-flex wp-container-core-columns-is-layout-28f84493 wp-block-columns-is-layout-flex\">\n<div class=\"wp-block-column is-vertically-aligned-center is-layout-flow wp-block-column-is-layout-flow\">\n<figure class=\"wp-block-image aligncenter size-full is-resized\"><img loading=\"lazy\" decoding=\"async\" width=\"610\" height=\"915\" src=\"https:\/\/www.amapbrax31.org\/wp-content\/uploads\/2026\/02\/Solene-3.jpg\" alt=\"\" class=\"wp-image-111\" style=\"width:350px;height:auto\" srcset=\"https:\/\/www.amapbrax31.org\/wp-content\/uploads\/2026\/02\/Solene-3.jpg 610w, https:\/\/www.amapbrax31.org\/wp-content\/uploads\/2026\/02\/Solene-3-200x300.jpg 200w\" sizes=\"auto, (max-width: 610px) 100vw, 610px\" \/><\/figure>\n<\/div>\n\n\n\n<div class=\"wp-block-column is-vertically-aligned-center is-layout-flow wp-block-column-is-layout-flow\">\n<h2 class=\"wp-block-heading has-text-align-center has-text-color has-link-color wp-elements-6c2c04fe1320f791b6b55146eeee0d53\" style=\"color:#52b788;font-size:30px\"><strong>LA PRODUCTRICE<\/strong><\/h2>\n\n\n\n<p><strong>Artemisia Infusions<\/strong><\/p>\n\n\n\n<p> Sol\u00e8ne Le Hinchet, paysanne-cueilleuse.<\/p>\n\n\n\n<p>Elle cultive des plantes m\u00e9dicinales et aromatiques depuis 2016 \u00e0 la ferme de Bihouent \u00e0 P\u00e9guilhan en Haute-Garonne.<\/p>\n\n\n\n<p>Dipl\u00f4m\u00e9e d\u2019herboristerie \u00e0 l\u2019Herboth\u00e8que en 2013. Elle a \u00e0 c\u0153ur de transmettre ses connaissances et partager ses exp\u00e9riences avec les plantes m\u00e9dicinales.<\/p>\n\n\n\n<p>Toutes les plantes sont cultiv\u00e9es et cueillies \u00e0 la main.<\/p>\n<\/div>\n<\/div>\n\n\n\n<div class=\"wp-block-group has-background is-content-justification-center is-nowrap is-layout-flex wp-container-core-group-is-layout-35891901 wp-block-group-is-layout-flex\" style=\"border-top-left-radius:20px;border-top-right-radius:20px;border-bottom-left-radius:20px;border-bottom-right-radius:20px;background-color:#e9c46a\">\n<p class=\"has-text-color has-link-color wp-elements-93c679d40470296b41ff2268974b90be\" style=\"color:#386641;font-size:30px\">En savoir plus sur Artemisia Infusions : <\/p>\n\n\n\n<figure class=\"wp-block-image size-full\"><a href=\"https:\/\/artemisiainfusions.fr\/\" target=\"_blank\" rel=\" noreferrer noopener\"><img loading=\"lazy\" decoding=\"async\" width=\"64\" height=\"64\" src=\"https:\/\/www.amapbrax31.org\/wp-content\/uploads\/2026\/03\/globe.png\" alt=\"\" class=\"wp-image-377\"\/><\/a><\/figure>\n\n\n\n<figure class=\"wp-block-image size-full\"><a href=\"https:\/\/www.instagram.com\/artemisia.infusions\/\" target=\"_blank\" rel=\" noreferrer noopener\"><img loading=\"lazy\" decoding=\"async\" width=\"64\" height=\"64\" src=\"https:\/\/www.amapbrax31.org\/wp-content\/uploads\/2026\/03\/instagram-circle.png\" alt=\"\" class=\"wp-image-378\"\/><\/a><\/figure>\n\n\n\n<figure class=\"wp-block-image size-full\"><a href=\"https:\/\/www.google.com\/maps\/place\/Ferme+de+Bihouent\/@43.3269132,0.7410939,17z\/data=!3m1!4b1!4m6!3m5!1s0x12a905588117e9ff:0x485934ceb10c37c0!8m2!3d43.3269132!4d0.7410939!16s%2Fg%2F1tj3n31g?entry=ttu&amp;g_ep=EgoyMDI2MDMxNS4wIKXMDSoASAFQAw%3D%3D\" target=\"_blank\" rel=\" noreferrer noopener\"><img loading=\"lazy\" decoding=\"async\" width=\"64\" height=\"64\" src=\"https:\/\/www.amapbrax31.org\/wp-content\/uploads\/2026\/03\/emplacement-de-la-couche-terrestre1.png\" alt=\"\" class=\"wp-image-379\"\/><\/a><\/figure>\n<\/div>\n\n\n\n<p><\/p>\n\n\n\n<p><\/p>\n\n\n\n<p><\/p>\n","protected":false},"excerpt":{"rendered":"<p>LE CONTRAT TISANES Vous souhaitez vous inscrire \u00e0 l\u2019AMAP Tisanes ? Contactez la r\u00e9f\u00e9rente Mathilde Clauss lesgourmetsdebrax@gmail.com FONCTIONNEMENT FR\u00c9QUENCE 4 [&hellip;]<\/p>\n","protected":false},"author":2,"featured_media":0,"parent":0,"menu_order":0,"comment_status":"closed","ping_status":"closed","template":"","meta":{"site-sidebar-layout":"default","site-content-layout":"","ast-site-content-layout":"default","site-content-style":"default","site-sidebar-style":"default","ast-global-header-display":"","ast-banner-title-visibility":"","ast-main-header-display":"","ast-hfb-above-header-display":"","ast-hfb-below-header-display":"","ast-hfb-mobile-header-display":"","site-post-title":"disabled","ast-breadcrumbs-content":"","ast-featured-img":"","footer-sml-layout":"","ast-disable-related-posts":"","theme-transparent-header-meta":"","adv-header-id-meta":"","stick-header-meta":"","header-above-stick-meta":"","header-main-stick-meta":"","header-below-stick-meta":"","astra-migrate-meta-layouts":"default","ast-page-background-enabled":"default","ast-page-background-meta":{"desktop":{"background-color":"var(--ast-global-color-5)","background-image":"","background-repeat":"repeat","background-position":"center center","background-size":"auto","background-attachment":"scroll","background-type":"","background-media":"","overlay-type":"","overlay-color":"","overlay-opacity":"","overlay-gradient":""},"tablet":{"background-color":"","background-image":"","background-repeat":"repeat","background-position":"center center","background-size":"auto","background-attachment":"scroll","background-type":"","background-media":"","overlay-type":"","overlay-color":"","overlay-opacity":"","overlay-gradient":""},"mobile":{"background-color":"","background-image":"","background-repeat":"repeat","background-position":"center center","background-size":"auto","background-attachment":"scroll","background-type":"","background-media":"","overlay-type":"","overlay-color":"","overlay-opacity":"","overlay-gradient":""}},"ast-content-background-meta":{"desktop":{"background-color":"var(--ast-global-color-4)","background-image":"","background-repeat":"repeat","background-position":"center center","background-size":"auto","background-attachment":"scroll","background-type":"","background-media":"","overlay-type":"","overlay-color":"","overlay-opacity":"","overlay-gradient":""},"tablet":{"background-color":"var(--ast-global-color-4)","background-image":"","background-repeat":"repeat","background-position":"center center","background-size":"auto","background-attachment":"scroll","background-type":"","background-media":"","overlay-type":"","overlay-color":"","overlay-opacity":"","overlay-gradient":""},"mobile":{"background-color":"var(--ast-global-color-4)","background-image":"","background-repeat":"repeat","background-position":"center center","background-size":"auto","background-attachment":"scroll","background-type":"","background-media":"","overlay-type":"","overlay-color":"","overlay-opacity":"","overlay-gradient":""}},"footnotes":""},"class_list":["post-73","page","type-page","status-publish","hentry"],"_links":{"self":[{"href":"https:\/\/www.amapbrax31.org\/index.php?rest_route=\/wp\/v2\/pages\/73","targetHints":{"allow":["GET"]}}],"collection":[{"href":"https:\/\/www.amapbrax31.org\/index.php?rest_route=\/wp\/v2\/pages"}],"about":[{"href":"https:\/\/www.amapbrax31.org\/index.php?rest_route=\/wp\/v2\/types\/page"}],"author":[{"embeddable":true,"href":"https:\/\/www.amapbrax31.org\/index.php?rest_route=\/wp\/v2\/users\/2"}],"replies":[{"embeddable":true,"href":"https:\/\/www.amapbrax31.org\/index.php?rest_route=%2Fwp%2Fv2%2Fcomments&post=73"}],"version-history":[{"count":25,"href":"https:\/\/www.amapbrax31.org\/index.php?rest_route=\/wp\/v2\/pages\/73\/revisions"}],"predecessor-version":[{"id":1164,"href":"https:\/\/www.amapbrax31.org\/index.php?rest_route=\/wp\/v2\/pages\/73\/revisions\/1164"}],"wp:attachment":[{"href":"https:\/\/www.amapbrax31.org\/index.php?rest_route=%2Fwp%2Fv2%2Fmedia&parent=73"}],"curies":[{"name":"wp","href":"https:\/\/api.w.org\/{rel}","templated":true}]}}