{"id":759,"date":"2026-03-18T19:34:10","date_gmt":"2026-03-18T18:34:10","guid":{"rendered":"https:\/\/www.amapbrax31.org\/?page_id=759"},"modified":"2026-04-11T01:47:31","modified_gmt":"2026-04-10T23:47:31","slug":"agenda-des-distributions","status":"publish","type":"page","link":"https:\/\/www.amapbrax31.org\/?page_id=759","title":{"rendered":"Agenda des distributions"},"content":{"rendered":"\n<div class=\"wp-block-columns alignfull are-vertically-aligned-center has-background is-layout-flex wp-container-core-columns-is-layout-28f84493 wp-block-columns-is-layout-flex\" style=\"background-color:#f4f1de\">\n<div class=\"wp-block-column is-vertically-aligned-center is-layout-flow wp-block-column-is-layout-flow\" style=\"flex-basis:66.66%\">\n<h2 class=\"wp-block-heading has-text-align-right has-x-large-font-size\"><strong>AGENDA DES DISTRIBUTIONS<\/strong><\/h2>\n<\/div>\n\n\n\n<div class=\"wp-block-column is-vertically-aligned-center is-layout-flow wp-block-column-is-layout-flow\" style=\"flex-basis:33.33%\">\n<figure class=\"wp-block-image size-full\"><img loading=\"lazy\" decoding=\"async\" width=\"64\" height=\"64\" src=\"https:\/\/www.amapbrax31.org\/wp-content\/uploads\/2026\/03\/calendrier.png\" alt=\"\" class=\"wp-image-646\"\/><\/figure>\n<\/div>\n<\/div>\n\n\n\n<p><\/p>\n\n\n\n<p class=\"has-text-align-center has-medium-font-size\">Les dates sont susceptibles d&rsquo;\u00e9voluer en fonction des al\u00e9as.<\/p>\n\n\n\n<p class=\"has-text-align-center has-medium-font-size\">Attention aux jours f\u00e9ri\u00e9s ou aux ponts de Mai par exemple. Certains contrats ne sont pas forc\u00e9ment \u00e9dit\u00e9s donc les nouvelles dates arriveront ult\u00e9rieurement.<\/p>\n\n\n\n<p class=\"has-text-align-center has-medium-font-size\"><strong>Consultez r\u00e9guli\u00e8rement l&rsquo;agenda qui sera remis \u00e0 jour. <\/strong><\/p>\n\n\n\n<p class=\"has-text-align-center has-medium-font-size\">Dans le cas de modifications de dates, l&rsquo;association en informera ses adh\u00e9rents par mail et par <a href=\"https:\/\/www.amapbrax31.org\/?page_id=1298\" data-type=\"page\" data-id=\"1298\">Signal<\/a>.<\/p>\n\n\n\n<p><\/p>\n\n\n\n<div class=\"wp-block-columns is-layout-flex wp-container-core-columns-is-layout-28f84493 wp-block-columns-is-layout-flex\">\n<div class=\"wp-block-column is-layout-flow wp-block-column-is-layout-flow\">\n<p class=\"has-text-align-right has-text-color has-link-color wp-elements-73cf14cf6e163fe93be2d61cf3104db9\" style=\"color:#52b788;font-size:30px\"><strong>T\u00e9l\u00e9chargez le PDF :<\/strong><\/p>\n<\/div>\n\n\n\n<div class=\"wp-block-column is-layout-flow wp-block-column-is-layout-flow\">\n<div class=\"wp-block-buttons is-layout-flex wp-block-buttons-is-layout-flex\">\n<div class=\"wp-block-button\"><a class=\"wp-block-button__link has-text-color has-link-color has-medium-font-size has-custom-font-size wp-element-button\" href=\"https:\/\/www.amapbrax31.org\/wp-content\/uploads\/2026\/04\/AMAP_Brax_Agenda_2026-4.pdf\" style=\"color:#386641\" target=\"_blank\" rel=\"noreferrer noopener\"><strong>Agenda 2026<\/strong><\/a><\/div>\n<\/div>\n<\/div>\n<\/div>\n\n\n\n<figure class=\"wp-block-image alignwide size-large\"><img loading=\"lazy\" decoding=\"async\" width=\"1024\" height=\"487\" src=\"https:\/\/www.amapbrax31.org\/wp-content\/uploads\/2026\/04\/AMAP_Brax_Agenda_2026_T1-1024x487.jpg\" alt=\"\" class=\"wp-image-1407\" srcset=\"https:\/\/www.amapbrax31.org\/wp-content\/uploads\/2026\/04\/AMAP_Brax_Agenda_2026_T1-1024x487.jpg 1024w, https:\/\/www.amapbrax31.org\/wp-content\/uploads\/2026\/04\/AMAP_Brax_Agenda_2026_T1-300x143.jpg 300w, https:\/\/www.amapbrax31.org\/wp-content\/uploads\/2026\/04\/AMAP_Brax_Agenda_2026_T1-768x365.jpg 768w, https:\/\/www.amapbrax31.org\/wp-content\/uploads\/2026\/04\/AMAP_Brax_Agenda_2026_T1-1536x730.jpg 1536w, https:\/\/www.amapbrax31.org\/wp-content\/uploads\/2026\/04\/AMAP_Brax_Agenda_2026_T1-2048x974.jpg 2048w\" sizes=\"auto, (max-width: 1024px) 100vw, 1024px\" \/><\/figure>\n\n\n\n<figure class=\"wp-block-image alignwide size-large\"><img loading=\"lazy\" decoding=\"async\" width=\"1024\" height=\"566\" src=\"https:\/\/www.amapbrax31.org\/wp-content\/uploads\/2026\/04\/AMAP_Brax_Agenda_2026_T2-1024x566.jpg\" alt=\"\" class=\"wp-image-1408\" srcset=\"https:\/\/www.amapbrax31.org\/wp-content\/uploads\/2026\/04\/AMAP_Brax_Agenda_2026_T2-1024x566.jpg 1024w, https:\/\/www.amapbrax31.org\/wp-content\/uploads\/2026\/04\/AMAP_Brax_Agenda_2026_T2-300x166.jpg 300w, https:\/\/www.amapbrax31.org\/wp-content\/uploads\/2026\/04\/AMAP_Brax_Agenda_2026_T2-768x425.jpg 768w, https:\/\/www.amapbrax31.org\/wp-content\/uploads\/2026\/04\/AMAP_Brax_Agenda_2026_T2-1536x850.jpg 1536w, https:\/\/www.amapbrax31.org\/wp-content\/uploads\/2026\/04\/AMAP_Brax_Agenda_2026_T2-2048x1133.jpg 2048w\" sizes=\"auto, (max-width: 1024px) 100vw, 1024px\" \/><\/figure>\n\n\n\n<figure class=\"wp-block-image alignwide size-large\"><img loading=\"lazy\" decoding=\"async\" width=\"1024\" height=\"513\" src=\"https:\/\/www.amapbrax31.org\/wp-content\/uploads\/2026\/04\/AMAP_Brax_Agenda_2026_T3-1024x513.jpg\" alt=\"\" class=\"wp-image-1409\" srcset=\"https:\/\/www.amapbrax31.org\/wp-content\/uploads\/2026\/04\/AMAP_Brax_Agenda_2026_T3-1024x513.jpg 1024w, https:\/\/www.amapbrax31.org\/wp-content\/uploads\/2026\/04\/AMAP_Brax_Agenda_2026_T3-300x150.jpg 300w, https:\/\/www.amapbrax31.org\/wp-content\/uploads\/2026\/04\/AMAP_Brax_Agenda_2026_T3-768x385.jpg 768w, https:\/\/www.amapbrax31.org\/wp-content\/uploads\/2026\/04\/AMAP_Brax_Agenda_2026_T3-1536x770.jpg 1536w, https:\/\/www.amapbrax31.org\/wp-content\/uploads\/2026\/04\/AMAP_Brax_Agenda_2026_T3-2048x1027.jpg 2048w\" sizes=\"auto, (max-width: 1024px) 100vw, 1024px\" \/><\/figure>\n\n\n\n<figure class=\"wp-block-image alignwide size-large\"><img loading=\"lazy\" decoding=\"async\" width=\"1024\" height=\"540\" src=\"https:\/\/www.amapbrax31.org\/wp-content\/uploads\/2026\/04\/AMAP_Brax_Agenda_2026_T4-1024x540.jpg\" alt=\"\" class=\"wp-image-1410\" srcset=\"https:\/\/www.amapbrax31.org\/wp-content\/uploads\/2026\/04\/AMAP_Brax_Agenda_2026_T4-1024x540.jpg 1024w, https:\/\/www.amapbrax31.org\/wp-content\/uploads\/2026\/04\/AMAP_Brax_Agenda_2026_T4-300x158.jpg 300w, https:\/\/www.amapbrax31.org\/wp-content\/uploads\/2026\/04\/AMAP_Brax_Agenda_2026_T4-768x405.jpg 768w, https:\/\/www.amapbrax31.org\/wp-content\/uploads\/2026\/04\/AMAP_Brax_Agenda_2026_T4-1536x810.jpg 1536w, https:\/\/www.amapbrax31.org\/wp-content\/uploads\/2026\/04\/AMAP_Brax_Agenda_2026_T4-2048x1080.jpg 2048w\" sizes=\"auto, (max-width: 1024px) 100vw, 1024px\" \/><\/figure>\n\n\n\n<p><\/p>\n\n\n\n<p><\/p>\n\n\n\n<p><\/p>\n\n\n\n<p><\/p>\n\n\n\n<p><\/p>\n","protected":false},"excerpt":{"rendered":"<p>AGENDA DES DISTRIBUTIONS Les dates sont susceptibles d&rsquo;\u00e9voluer en fonction des al\u00e9as. Attention aux jours f\u00e9ri\u00e9s ou aux ponts de [&hellip;]<\/p>\n","protected":false},"author":2,"featured_media":0,"parent":0,"menu_order":0,"comment_status":"closed","ping_status":"closed","template":"","meta":{"site-sidebar-layout":"default","site-content-layout":"","ast-site-content-layout":"default","site-content-style":"default","site-sidebar-style":"default","ast-global-header-display":"","ast-banner-title-visibility":"","ast-main-header-display":"","ast-hfb-above-header-display":"","ast-hfb-below-header-display":"","ast-hfb-mobile-header-display":"","site-post-title":"disabled","ast-breadcrumbs-content":"","ast-featured-img":"","footer-sml-layout":"","ast-disable-related-posts":"","theme-transparent-header-meta":"","adv-header-id-meta":"","stick-header-meta":"","header-above-stick-meta":"","header-main-stick-meta":"","header-below-stick-meta":"","astra-migrate-meta-layouts":"default","ast-page-background-enabled":"default","ast-page-background-meta":{"desktop":{"background-color":"var(--ast-global-color-5)","background-image":"","background-repeat":"repeat","background-position":"center center","background-size":"auto","background-attachment":"scroll","background-type":"","background-media":"","overlay-type":"","overlay-color":"","overlay-opacity":"","overlay-gradient":""},"tablet":{"background-color":"","background-image":"","background-repeat":"repeat","background-position":"center center","background-size":"auto","background-attachment":"scroll","background-type":"","background-media":"","overlay-type":"","overlay-color":"","overlay-opacity":"","overlay-gradient":""},"mobile":{"background-color":"","background-image":"","background-repeat":"repeat","background-position":"center center","background-size":"auto","background-attachment":"scroll","background-type":"","background-media":"","overlay-type":"","overlay-color":"","overlay-opacity":"","overlay-gradient":""}},"ast-content-background-meta":{"desktop":{"background-color":"var(--ast-global-color-4)","background-image":"","background-repeat":"repeat","background-position":"center center","background-size":"auto","background-attachment":"scroll","background-type":"","background-media":"","overlay-type":"","overlay-color":"","overlay-opacity":"","overlay-gradient":""},"tablet":{"background-color":"var(--ast-global-color-4)","background-image":"","background-repeat":"repeat","background-position":"center center","background-size":"auto","background-attachment":"scroll","background-type":"","background-media":"","overlay-type":"","overlay-color":"","overlay-opacity":"","overlay-gradient":""},"mobile":{"background-color":"var(--ast-global-color-4)","background-image":"","background-repeat":"repeat","background-position":"center center","background-size":"auto","background-attachment":"scroll","background-type":"","background-media":"","overlay-type":"","overlay-color":"","overlay-opacity":"","overlay-gradient":""}},"footnotes":""},"class_list":["post-759","page","type-page","status-publish","hentry"],"_links":{"self":[{"href":"https:\/\/www.amapbrax31.org\/index.php?rest_route=\/wp\/v2\/pages\/759","targetHints":{"allow":["GET"]}}],"collection":[{"href":"https:\/\/www.amapbrax31.org\/index.php?rest_route=\/wp\/v2\/pages"}],"about":[{"href":"https:\/\/www.amapbrax31.org\/index.php?rest_route=\/wp\/v2\/types\/page"}],"author":[{"embeddable":true,"href":"https:\/\/www.amapbrax31.org\/index.php?rest_route=\/wp\/v2\/users\/2"}],"replies":[{"embeddable":true,"href":"https:\/\/www.amapbrax31.org\/index.php?rest_route=%2Fwp%2Fv2%2Fcomments&post=759"}],"version-history":[{"count":19,"href":"https:\/\/www.amapbrax31.org\/index.php?rest_route=\/wp\/v2\/pages\/759\/revisions"}],"predecessor-version":[{"id":1416,"href":"https:\/\/www.amapbrax31.org\/index.php?rest_route=\/wp\/v2\/pages\/759\/revisions\/1416"}],"wp:attachment":[{"href":"https:\/\/www.amapbrax31.org\/index.php?rest_route=%2Fwp%2Fv2%2Fmedia&parent=759"}],"curies":[{"name":"wp","href":"https:\/\/api.w.org\/{rel}","templated":true}]}}