{"id":841,"date":"2026-03-19T00:56:49","date_gmt":"2026-03-18T23:56:49","guid":{"rendered":"https:\/\/www.amapbrax31.org\/?page_id=841"},"modified":"2026-04-10T21:09:35","modified_gmt":"2026-04-10T19:09:35","slug":"amapj","status":"publish","type":"page","link":"https:\/\/www.amapbrax31.org\/?page_id=841","title":{"rendered":"AMAPJ"},"content":{"rendered":"\n<div class=\"wp-block-columns alignfull are-vertically-aligned-center has-background is-layout-flex wp-container-core-columns-is-layout-28f84493 wp-block-columns-is-layout-flex\" style=\"background-color:#f4f1de\">\n<div class=\"wp-block-column is-vertically-aligned-center is-layout-flow wp-block-column-is-layout-flow\">\n<h2 class=\"wp-block-heading has-text-align-right has-x-large-font-size\"><strong>AMAPJ<\/strong><\/h2>\n<\/div>\n\n\n\n<div class=\"wp-block-column is-vertically-aligned-center is-layout-flow wp-block-column-is-layout-flow\">\n<figure class=\"wp-block-image size-full\"><img loading=\"lazy\" decoding=\"async\" width=\"64\" height=\"64\" src=\"https:\/\/www.amapbrax31.org\/wp-content\/uploads\/2026\/03\/developpement-de-logiciels.png\" alt=\"\" class=\"wp-image-1074\"\/><\/figure>\n<\/div>\n<\/div>\n\n\n\n<p><\/p>\n\n\n\n<figure class=\"wp-block-image aligncenter size-full is-resized has-custom-border\"><a href=\"https:\/\/s1.amapj.fr\/p\/brax\" target=\"_blank\" rel=\" noreferrer noopener\"><img loading=\"lazy\" decoding=\"async\" width=\"425\" height=\"279\" src=\"https:\/\/www.amapbrax31.org\/wp-content\/uploads\/2026\/03\/2018_03_18_amapj.jpg\" alt=\"\" class=\"wp-image-1076\" style=\"border-top-left-radius:20px;border-top-right-radius:20px;border-bottom-left-radius:20px;border-bottom-right-radius:20px;width:235px;height:auto\" srcset=\"https:\/\/www.amapbrax31.org\/wp-content\/uploads\/2026\/03\/2018_03_18_amapj.jpg 425w, https:\/\/www.amapbrax31.org\/wp-content\/uploads\/2026\/03\/2018_03_18_amapj-300x197.jpg 300w\" sizes=\"auto, (max-width: 425px) 100vw, 425px\" \/><\/a><\/figure>\n\n\n\n<p><\/p>\n\n\n\n<p class=\"has-text-color has-link-color has-medium-font-size wp-elements-eea38b242df02ab83c5773bbcec45c37\" style=\"color:#52b788\"><strong>AMAPJ est un logiciel de gestion gratuit, libre et open source d\u00e9di\u00e9 aux AMAP :<\/strong><\/p>\n\n\n\n<ul class=\"wp-block-list\">\n<li class=\"has-medium-font-size\">Il simplifie la gestion des paniers et des contrats, et r\u00e9duit le temps pass\u00e9 aux t\u00e2ches administratives.<\/li>\n\n\n\n<li class=\"has-medium-font-size\">Il permet aux adh\u00e9rents de saisir leurs contrats en ligne, de g\u00e9rer les paiements, de suivre les livraisons, etc.<\/li>\n\n\n\n<li class=\"has-medium-font-size\">Il a \u00e9t\u00e9 d\u00e9velopp\u00e9 initialement pour les besoins d&rsquo;une AMAP de la Dr\u00f4me, par un amapien lui-m\u00eame professionnel de l&rsquo;informatique.<\/li>\n\n\n\n<li class=\"has-medium-font-size\">Il est actuellement utilis\u00e9 par 485 AMAPs en France.<\/li>\n<\/ul>\n\n\n\n<p><\/p>\n\n\n\n<p class=\"has-text-color has-link-color has-medium-font-size wp-elements-212d409efb035fc8f52702b8a7f3e364\" style=\"color:#52b788\"><strong>Quand vous adh\u00e9rez \u00e0 l&rsquo;AMAP de Brax :<\/strong><\/p>\n\n\n\n<ul class=\"wp-block-list\">\n<li class=\"has-medium-font-size\">l&rsquo;Association vous cr\u00e9e un compte dans l&rsquo;application<\/li>\n\n\n\n<li class=\"has-medium-font-size\">Vous recevez un mail de confirmation avec votre login et votre mot de passe provisoire<\/li>\n\n\n\n<li class=\"has-medium-font-size\">Vous pouvez ensuite r\u00e9initialiser votre mot de passe<\/li>\n<\/ul>\n\n\n\n<p><\/p>\n\n\n\n<p class=\"has-text-align-center has-text-color has-link-color wp-elements-89853a0ea8ac7db3e7c41963003f855c\" style=\"color:#52b788;font-size:30px\"><strong><strong>COMMENT \u00c7A MARCHE ?<\/strong><\/strong><\/p>\n\n\n\n<div class=\"wp-block-buttons is-layout-flex wp-block-buttons-is-layout-flex\">\n<div class=\"wp-block-button\"><a class=\"wp-block-button__link has-text-color has-link-color has-medium-font-size has-custom-font-size wp-element-button\" href=\"https:\/\/s1.amapj.fr\/p\/brax\" style=\"color:#386641\" target=\"_blank\" rel=\"noreferrer noopener\"><strong>Connexion<\/strong><\/a><\/div>\n<\/div>\n\n\n\n<p class=\"has-medium-font-size\">Connectez vous \u00e0 l&rsquo;URL : <a href=\"https:\/\/s1.amapj.fr\/p\/brax\">https:\/\/s1.amapj.fr\/p\/brax<\/a><\/p>\n\n\n\n<p class=\"has-medium-font-size\">Entrez votre Adresse Email et Mot de Passe.<\/p>\n\n\n\n<figure class=\"wp-block-image aligncenter size-large is-resized\"><img loading=\"lazy\" decoding=\"async\" width=\"1024\" height=\"690\" src=\"https:\/\/www.amapbrax31.org\/wp-content\/uploads\/2026\/03\/adh00-1024x690.png\" alt=\"\" class=\"wp-image-1089\" style=\"aspect-ratio:1.484071966607673;object-fit:cover;width:630px\" srcset=\"https:\/\/www.amapbrax31.org\/wp-content\/uploads\/2026\/03\/adh00-1024x690.png 1024w, https:\/\/www.amapbrax31.org\/wp-content\/uploads\/2026\/03\/adh00-300x202.png 300w, https:\/\/www.amapbrax31.org\/wp-content\/uploads\/2026\/03\/adh00-768x517.png 768w, https:\/\/www.amapbrax31.org\/wp-content\/uploads\/2026\/03\/adh00.png 1140w\" sizes=\"auto, (max-width: 1024px) 100vw, 1024px\" \/><\/figure>\n\n\n\n<p><\/p>\n\n\n\n<p class=\"has-medium-font-size\">Quand vous \u00eates connect\u00e9s \u00e0 l&rsquo;application, vous pouvez acc\u00e9der au menu \u00e0 gauche.<\/p>\n\n\n\n<p><\/p>\n\n\n\n<div class=\"wp-block-buttons is-layout-flex wp-block-buttons-is-layout-flex\">\n<div class=\"wp-block-button\"><a class=\"wp-block-button__link has-text-color has-link-color has-medium-font-size has-custom-font-size wp-element-button\" href=\"https:\/\/s1.amapj.fr\/p\/brax\" style=\"color:#386641\" target=\"_blank\" rel=\"noreferrer noopener\"><strong>Mes contrats<\/strong><\/a><\/div>\n<\/div>\n\n\n\n<p class=\"has-text-color has-link-color has-medium-font-size wp-elements-4c577af818c09694952162caf31ddb3e\" style=\"color:#333333\"><strong>Les nouveaux contrats disponibles :<\/strong> D\u00e8s qu&rsquo;un nouveau contrat est mis en ligne vous pouvez le trouver dans cette section. Le r\u00e9f\u00e9rent aura pr\u00e9alablement envoy\u00e9 un mail aux adh\u00e9rents de l&rsquo;association pour les pr\u00e9venir.<\/p>\n\n\n\n<p class=\"has-medium-font-size\"><strong>Mes contrats existants : <\/strong>Contrats auxquels pour avez adh\u00e9r\u00e9 et qui sont toujours en cours. Si c&rsquo;est toujours la p\u00e9riode d&rsquo;inscription, vous pouvez le modifier. Si la p\u00e9riode d&rsquo;inscription est termin\u00e9e, vous pouvez le consulter.<\/p>\n\n\n\n<p><\/p>\n\n\n\n<figure class=\"wp-block-image aligncenter size-large is-resized\"><img loading=\"lazy\" decoding=\"async\" width=\"1024\" height=\"682\" src=\"https:\/\/www.amapbrax31.org\/wp-content\/uploads\/2026\/03\/adh01-1024x682.png\" alt=\"\" class=\"wp-image-1087\" style=\"width:630px\" srcset=\"https:\/\/www.amapbrax31.org\/wp-content\/uploads\/2026\/03\/adh01-1024x682.png 1024w, https:\/\/www.amapbrax31.org\/wp-content\/uploads\/2026\/03\/adh01-300x200.png 300w, https:\/\/www.amapbrax31.org\/wp-content\/uploads\/2026\/03\/adh01-768x512.png 768w, https:\/\/www.amapbrax31.org\/wp-content\/uploads\/2026\/03\/adh01.png 1142w\" sizes=\"auto, (max-width: 1024px) 100vw, 1024px\" \/><\/figure>\n\n\n\n<p><\/p>\n\n\n\n<p class=\"has-medium-font-size\">Pour vous inscrire \u00e0 un nouveau contrat, cliquez sur <strong>S\u2019inscrire<\/strong>. Le contrat s&rsquo;ouvre. Vous pourrez alors choisir votre type de panier ou m\u00eame son contenu par date (en fonction des AMAP).<\/p>\n\n\n\n<div class=\"wp-block-columns are-vertically-aligned-center is-layout-flex wp-container-core-columns-is-layout-28f84493 wp-block-columns-is-layout-flex\">\n<div class=\"wp-block-column is-vertically-aligned-center is-layout-flow wp-block-column-is-layout-flow\">\n<figure class=\"wp-block-image size-large\"><img loading=\"lazy\" decoding=\"async\" width=\"1024\" height=\"682\" src=\"https:\/\/www.amapbrax31.org\/wp-content\/uploads\/2026\/03\/adh02-1024x682.png\" alt=\"\" class=\"wp-image-1086\" srcset=\"https:\/\/www.amapbrax31.org\/wp-content\/uploads\/2026\/03\/adh02-1024x682.png 1024w, https:\/\/www.amapbrax31.org\/wp-content\/uploads\/2026\/03\/adh02-300x200.png 300w, https:\/\/www.amapbrax31.org\/wp-content\/uploads\/2026\/03\/adh02-768x512.png 768w, https:\/\/www.amapbrax31.org\/wp-content\/uploads\/2026\/03\/adh02.png 1142w\" sizes=\"auto, (max-width: 1024px) 100vw, 1024px\" \/><\/figure>\n<\/div>\n\n\n\n<div class=\"wp-block-column is-vertically-aligned-center is-layout-flow wp-block-column-is-layout-flow\">\n<figure class=\"wp-block-image size-large\"><img loading=\"lazy\" decoding=\"async\" width=\"1024\" height=\"682\" src=\"https:\/\/www.amapbrax31.org\/wp-content\/uploads\/2026\/03\/adh04-1024x682.png\" alt=\"\" class=\"wp-image-1084\" srcset=\"https:\/\/www.amapbrax31.org\/wp-content\/uploads\/2026\/03\/adh04-1024x682.png 1024w, https:\/\/www.amapbrax31.org\/wp-content\/uploads\/2026\/03\/adh04-300x200.png 300w, https:\/\/www.amapbrax31.org\/wp-content\/uploads\/2026\/03\/adh04-768x512.png 768w, https:\/\/www.amapbrax31.org\/wp-content\/uploads\/2026\/03\/adh04.png 1142w\" sizes=\"auto, (max-width: 1024px) 100vw, 1024px\" \/><\/figure>\n<\/div>\n<\/div>\n\n\n\n<p class=\"has-medium-font-size\">En cliquant sur <strong>Continuer<\/strong>, vous pouvez ensuite d\u00e9finir le montant des ch\u00e8ques et les dates auxquelles vous souhaitez qu&rsquo;ils soient d\u00e9bit\u00e9s.<\/p>\n\n\n\n<figure class=\"wp-block-image aligncenter size-large is-resized\"><img loading=\"lazy\" decoding=\"async\" width=\"1024\" height=\"682\" src=\"https:\/\/www.amapbrax31.org\/wp-content\/uploads\/2026\/03\/adh03-1024x682.png\" alt=\"\" class=\"wp-image-1085\" style=\"width:630px\" srcset=\"https:\/\/www.amapbrax31.org\/wp-content\/uploads\/2026\/03\/adh03-1024x682.png 1024w, https:\/\/www.amapbrax31.org\/wp-content\/uploads\/2026\/03\/adh03-300x200.png 300w, https:\/\/www.amapbrax31.org\/wp-content\/uploads\/2026\/03\/adh03-768x512.png 768w, https:\/\/www.amapbrax31.org\/wp-content\/uploads\/2026\/03\/adh03.png 1142w\" sizes=\"auto, (max-width: 1024px) 100vw, 1024px\" \/><\/figure>\n\n\n\n<p class=\"has-medium-font-size\">Pensez bien \u00e0 <strong>Sauvegarder <\/strong>! Vous aurez encore la possibilit\u00e9 de le modifier avant la date limite d&rsquo;inscription.<\/p>\n\n\n\n<p><\/p>\n\n\n\n<div class=\"wp-block-buttons is-layout-flex wp-block-buttons-is-layout-flex\">\n<div class=\"wp-block-button\"><a class=\"wp-block-button__link has-text-color has-link-color has-medium-font-size has-custom-font-size wp-element-button\" href=\"https:\/\/s1.amapj.fr\/p\/brax\" style=\"color:#386641\" target=\"_blank\" rel=\"noreferrer noopener\"><strong>Mes livraisons<\/strong><\/a><\/div>\n<\/div>\n\n\n\n<p class=\"has-medium-font-size\">Consultez vos livraisons et le contenu de vos paniers par semaine. Vous pouvez les faire d\u00e9filer en cliquant sur <strong>Semaine Pr\u00e9c\u00e9dente<\/strong> ou <strong>Semaine Suivante<\/strong>.<\/p>\n\n\n\n<figure class=\"wp-block-image aligncenter size-large is-resized\"><img loading=\"lazy\" decoding=\"async\" width=\"1024\" height=\"682\" src=\"https:\/\/www.amapbrax31.org\/wp-content\/uploads\/2026\/03\/adh05-1024x682.png\" alt=\"\" class=\"wp-image-1083\" style=\"width:630px\" srcset=\"https:\/\/www.amapbrax31.org\/wp-content\/uploads\/2026\/03\/adh05-1024x682.png 1024w, https:\/\/www.amapbrax31.org\/wp-content\/uploads\/2026\/03\/adh05-300x200.png 300w, https:\/\/www.amapbrax31.org\/wp-content\/uploads\/2026\/03\/adh05-768x512.png 768w, https:\/\/www.amapbrax31.org\/wp-content\/uploads\/2026\/03\/adh05.png 1142w\" sizes=\"auto, (max-width: 1024px) 100vw, 1024px\" \/><\/figure>\n\n\n\n<p><\/p>\n\n\n\n<div class=\"wp-block-buttons is-layout-flex wp-block-buttons-is-layout-flex\">\n<div class=\"wp-block-button\"><a class=\"wp-block-button__link has-text-color has-link-color has-medium-font-size has-custom-font-size wp-element-button\" href=\"https:\/\/s1.amapj.fr\/p\/brax\" style=\"color:#386641\" target=\"_blank\" rel=\"noreferrer noopener\"><strong>Mes paiements<\/strong><\/a><\/div>\n<\/div>\n\n\n\n<p class=\"has-medium-font-size\">Consultez le d\u00e9tail de vos paiements, les ch\u00e8ques que vous devez \u00e0 l&rsquo;AMAP, les dates auxquelles ils seront d\u00e9bit\u00e9s&#8230;<\/p>\n\n\n\n<figure class=\"wp-block-image aligncenter size-large is-resized\"><img loading=\"lazy\" decoding=\"async\" width=\"1024\" height=\"682\" src=\"https:\/\/www.amapbrax31.org\/wp-content\/uploads\/2026\/03\/adh06-1024x682.png\" alt=\"\" class=\"wp-image-1082\" style=\"width:630px\" srcset=\"https:\/\/www.amapbrax31.org\/wp-content\/uploads\/2026\/03\/adh06-1024x682.png 1024w, https:\/\/www.amapbrax31.org\/wp-content\/uploads\/2026\/03\/adh06-300x200.png 300w, https:\/\/www.amapbrax31.org\/wp-content\/uploads\/2026\/03\/adh06-768x512.png 768w, https:\/\/www.amapbrax31.org\/wp-content\/uploads\/2026\/03\/adh06.png 1142w\" sizes=\"auto, (max-width: 1024px) 100vw, 1024px\" \/><\/figure>\n\n\n\n<p><\/p>\n\n\n\n<div class=\"wp-block-buttons is-layout-flex wp-block-buttons-is-layout-flex\">\n<div class=\"wp-block-button\"><a class=\"wp-block-button__link has-text-color has-link-color has-medium-font-size has-custom-font-size wp-element-button\" href=\"https:\/\/s1.amapj.fr\/p\/brax\" style=\"color:#386641\" target=\"_blank\" rel=\"noreferrer noopener\"><strong>Mes adh\u00e9sions<\/strong><\/a><\/div>\n<\/div>\n\n\n\n<p class=\"has-medium-font-size\">Adh\u00e9rez num\u00e9riquement \u00e0 l&rsquo;Association les Gourmets de Brax ainsi qu&rsquo;au R\u00e9seau des AMAP Midi-Pyr\u00e9n\u00e9es (sans avoir besoin de fournir les versions papiers). Les paiements se font soit en liquide, ch\u00e8que ou virement bancaire aupr\u00e8s du Tr\u00e9sorier de l&rsquo;association.<\/p>\n\n\n\n<figure class=\"wp-block-image aligncenter size-large is-resized\"><img loading=\"lazy\" decoding=\"async\" width=\"1024\" height=\"682\" src=\"https:\/\/www.amapbrax31.org\/wp-content\/uploads\/2026\/03\/adh07-1024x682.png\" alt=\"\" class=\"wp-image-1081\" style=\"width:630px\" srcset=\"https:\/\/www.amapbrax31.org\/wp-content\/uploads\/2026\/03\/adh07-1024x682.png 1024w, https:\/\/www.amapbrax31.org\/wp-content\/uploads\/2026\/03\/adh07-300x200.png 300w, https:\/\/www.amapbrax31.org\/wp-content\/uploads\/2026\/03\/adh07-768x512.png 768w, https:\/\/www.amapbrax31.org\/wp-content\/uploads\/2026\/03\/adh07.png 1142w\" sizes=\"auto, (max-width: 1024px) 100vw, 1024px\" \/><\/figure>\n\n\n\n<p><\/p>\n\n\n\n<div class=\"wp-block-buttons is-layout-flex wp-block-buttons-is-layout-flex\">\n<div class=\"wp-block-button\"><a class=\"wp-block-button__link has-text-color has-link-color has-medium-font-size has-custom-font-size wp-element-button\" href=\"https:\/\/s1.amapj.fr\/p\/brax\" style=\"color:#386641\" target=\"_blank\" rel=\"noreferrer noopener\"><strong>Mon compte<\/strong><\/a><\/div>\n<\/div>\n\n\n\n<p class=\"has-medium-font-size\">Vous pouvez v\u00e9rifier, modifier ou compl\u00e9ter les informations relatives \u00e0 votre compte.<\/p>\n\n\n\n<figure class=\"wp-block-image aligncenter size-large is-resized\"><img loading=\"lazy\" decoding=\"async\" width=\"1024\" height=\"682\" src=\"https:\/\/www.amapbrax31.org\/wp-content\/uploads\/2026\/03\/adh08-1024x682.png\" alt=\"\" class=\"wp-image-1080\" style=\"width:630px\" srcset=\"https:\/\/www.amapbrax31.org\/wp-content\/uploads\/2026\/03\/adh08-1024x682.png 1024w, https:\/\/www.amapbrax31.org\/wp-content\/uploads\/2026\/03\/adh08-300x200.png 300w, https:\/\/www.amapbrax31.org\/wp-content\/uploads\/2026\/03\/adh08-768x512.png 768w, https:\/\/www.amapbrax31.org\/wp-content\/uploads\/2026\/03\/adh08.png 1142w\" sizes=\"auto, (max-width: 1024px) 100vw, 1024px\" \/><\/figure>\n\n\n\n<p><\/p>\n\n\n\n<div class=\"wp-block-buttons is-layout-flex wp-block-buttons-is-layout-flex\">\n<div class=\"wp-block-button\"><a class=\"wp-block-button__link has-text-color has-link-color has-medium-font-size has-custom-font-size wp-element-button\" href=\"https:\/\/s1.amapj.fr\/p\/brax\" style=\"color:#386641\" target=\"_blank\" rel=\"noreferrer noopener\"><strong>Mes permanences<\/strong><\/a><\/div>\n<\/div>\n\n\n\n<p class=\"has-medium-font-size\">Chaque Amapien s&rsquo;engage \u00e0 assurer au moins une permanence dans l&rsquo;ann\u00e9e.<\/p>\n\n\n\n<p class=\"has-medium-font-size\">Chaque trimestre un nouveau planning des permanences est mis en ligne, le bureau de l&rsquo;Association informe les adh\u00e9rents par mail. Les adh\u00e9rents s\u00e9lectionnent la ou les dates auxquelles ils souhaitent s&rsquo;inscrire.<\/p>\n\n\n\n<figure class=\"wp-block-image aligncenter size-large is-resized\"><img loading=\"lazy\" decoding=\"async\" width=\"1024\" height=\"257\" src=\"https:\/\/www.amapbrax31.org\/wp-content\/uploads\/2026\/03\/permanences-1024x257.png\" alt=\"\" class=\"wp-image-1088\" style=\"aspect-ratio:3.984399653591556;width:893px;height:auto\" srcset=\"https:\/\/www.amapbrax31.org\/wp-content\/uploads\/2026\/03\/permanences-1024x257.png 1024w, https:\/\/www.amapbrax31.org\/wp-content\/uploads\/2026\/03\/permanences-300x75.png 300w, https:\/\/www.amapbrax31.org\/wp-content\/uploads\/2026\/03\/permanences-768x193.png 768w, https:\/\/www.amapbrax31.org\/wp-content\/uploads\/2026\/03\/permanences-1536x385.png 1536w, https:\/\/www.amapbrax31.org\/wp-content\/uploads\/2026\/03\/permanences.png 1853w\" sizes=\"auto, (max-width: 1024px) 100vw, 1024px\" \/><\/figure>\n\n\n\n<p><\/p>\n\n\n\n<p><\/p>\n\n\n\n<p><\/p>\n","protected":false},"excerpt":{"rendered":"<p>AMAPJ AMAPJ est un logiciel de gestion gratuit, libre et open source d\u00e9di\u00e9 aux AMAP : Quand vous adh\u00e9rez \u00e0 [&hellip;]<\/p>\n","protected":false},"author":2,"featured_media":0,"parent":0,"menu_order":0,"comment_status":"closed","ping_status":"closed","template":"","meta":{"site-sidebar-layout":"default","site-content-layout":"","ast-site-content-layout":"default","site-content-style":"default","site-sidebar-style":"default","ast-global-header-display":"","ast-banner-title-visibility":"","ast-main-header-display":"","ast-hfb-above-header-display":"","ast-hfb-below-header-display":"","ast-hfb-mobile-header-display":"","site-post-title":"disabled","ast-breadcrumbs-content":"","ast-featured-img":"","footer-sml-layout":"","ast-disable-related-posts":"","theme-transparent-header-meta":"","adv-header-id-meta":"","stick-header-meta":"","header-above-stick-meta":"","header-main-stick-meta":"","header-below-stick-meta":"","astra-migrate-meta-layouts":"default","ast-page-background-enabled":"default","ast-page-background-meta":{"desktop":{"background-color":"var(--ast-global-color-5)","background-image":"","background-repeat":"repeat","background-position":"center center","background-size":"auto","background-attachment":"scroll","background-type":"","background-media":"","overlay-type":"","overlay-color":"","overlay-opacity":"","overlay-gradient":""},"tablet":{"background-color":"","background-image":"","background-repeat":"repeat","background-position":"center center","background-size":"auto","background-attachment":"scroll","background-type":"","background-media":"","overlay-type":"","overlay-color":"","overlay-opacity":"","overlay-gradient":""},"mobile":{"background-color":"","background-image":"","background-repeat":"repeat","background-position":"center center","background-size":"auto","background-attachment":"scroll","background-type":"","background-media":"","overlay-type":"","overlay-color":"","overlay-opacity":"","overlay-gradient":""}},"ast-content-background-meta":{"desktop":{"background-color":"var(--ast-global-color-4)","background-image":"","background-repeat":"repeat","background-position":"center center","background-size":"auto","background-attachment":"scroll","background-type":"","background-media":"","overlay-type":"","overlay-color":"","overlay-opacity":"","overlay-gradient":""},"tablet":{"background-color":"var(--ast-global-color-4)","background-image":"","background-repeat":"repeat","background-position":"center center","background-size":"auto","background-attachment":"scroll","background-type":"","background-media":"","overlay-type":"","overlay-color":"","overlay-opacity":"","overlay-gradient":""},"mobile":{"background-color":"var(--ast-global-color-4)","background-image":"","background-repeat":"repeat","background-position":"center center","background-size":"auto","background-attachment":"scroll","background-type":"","background-media":"","overlay-type":"","overlay-color":"","overlay-opacity":"","overlay-gradient":""}},"footnotes":""},"class_list":["post-841","page","type-page","status-publish","hentry"],"_links":{"self":[{"href":"https:\/\/www.amapbrax31.org\/index.php?rest_route=\/wp\/v2\/pages\/841","targetHints":{"allow":["GET"]}}],"collection":[{"href":"https:\/\/www.amapbrax31.org\/index.php?rest_route=\/wp\/v2\/pages"}],"about":[{"href":"https:\/\/www.amapbrax31.org\/index.php?rest_route=\/wp\/v2\/types\/page"}],"author":[{"embeddable":true,"href":"https:\/\/www.amapbrax31.org\/index.php?rest_route=\/wp\/v2\/users\/2"}],"replies":[{"embeddable":true,"href":"https:\/\/www.amapbrax31.org\/index.php?rest_route=%2Fwp%2Fv2%2Fcomments&post=841"}],"version-history":[{"count":22,"href":"https:\/\/www.amapbrax31.org\/index.php?rest_route=\/wp\/v2\/pages\/841\/revisions"}],"predecessor-version":[{"id":1312,"href":"https:\/\/www.amapbrax31.org\/index.php?rest_route=\/wp\/v2\/pages\/841\/revisions\/1312"}],"wp:attachment":[{"href":"https:\/\/www.amapbrax31.org\/index.php?rest_route=%2Fwp%2Fv2%2Fmedia&parent=841"}],"curies":[{"name":"wp","href":"https:\/\/api.w.org\/{rel}","templated":true}]}}