{"id":878,"date":"2026-03-19T21:56:24","date_gmt":"2026-03-19T20:56:24","guid":{"rendered":"https:\/\/www.amapbrax31.org\/?page_id=878"},"modified":"2026-04-08T22:47:27","modified_gmt":"2026-04-08T20:47:27","slug":"glaces-ice-pops","status":"publish","type":"page","link":"https:\/\/www.amapbrax31.org\/?page_id=878","title":{"rendered":"Glaces Ice Pops"},"content":{"rendered":"\n<div class=\"wp-block-columns alignfull are-vertically-aligned-center has-background is-layout-flex wp-container-core-columns-is-layout-28f84493 wp-block-columns-is-layout-flex\" style=\"background-color:#f4f1de\">\n<div class=\"wp-block-column is-vertically-aligned-center is-layout-flow wp-block-column-is-layout-flow\">\n<figure class=\"wp-block-image aligncenter size-large is-resized has-custom-border\"><img loading=\"lazy\" decoding=\"async\" width=\"1024\" height=\"1024\" src=\"https:\/\/www.amapbrax31.org\/wp-content\/uploads\/2026\/03\/79206632_1423586797821156_2973031943462977536_n-1024x1024.jpg\" alt=\"\" class=\"wp-image-857\" style=\"border-top-left-radius:20px;border-top-right-radius:20px;border-bottom-left-radius:20px;border-bottom-right-radius:20px;width:372px;height:auto\" srcset=\"https:\/\/www.amapbrax31.org\/wp-content\/uploads\/2026\/03\/79206632_1423586797821156_2973031943462977536_n-1024x1024.jpg 1024w, https:\/\/www.amapbrax31.org\/wp-content\/uploads\/2026\/03\/79206632_1423586797821156_2973031943462977536_n-300x300.jpg 300w, https:\/\/www.amapbrax31.org\/wp-content\/uploads\/2026\/03\/79206632_1423586797821156_2973031943462977536_n-150x150.jpg 150w, https:\/\/www.amapbrax31.org\/wp-content\/uploads\/2026\/03\/79206632_1423586797821156_2973031943462977536_n-768x768.jpg 768w, https:\/\/www.amapbrax31.org\/wp-content\/uploads\/2026\/03\/79206632_1423586797821156_2973031943462977536_n.jpg 1440w\" sizes=\"auto, (max-width: 1024px) 100vw, 1024px\" \/><\/figure>\n<\/div>\n\n\n\n<div class=\"wp-block-column is-vertically-aligned-center is-layout-flow wp-block-column-is-layout-flow\">\n<h2 class=\"wp-block-heading has-x-large-font-size\"><strong>GLACES ICE POPS DE GEMMA<\/strong><\/h2>\n\n\n\n<p class=\"has-text-color has-link-color has-medium-font-size wp-elements-84a12e78f9bafaf56eddb55c54697041\" style=\"color:#386641\"><strong><em>R\u00e9serv\u00e9 aux adh\u00e9rents de l\u2019association<\/em><\/strong><\/p>\n<\/div>\n<\/div>\n\n\n\n<p><\/p>\n\n\n\n<p class=\"has-text-align-center has-text-color has-link-color wp-elements-fc5c4ff7aa82950f8096fdf4871a972f\" style=\"color:#52b788;font-size:30px\"><strong>FONCTIONNEMENT<\/strong><\/p>\n\n\n\n<figure class=\"wp-block-table has-medium-font-size\"><table class=\"has-border-color has-fixed-layout\" style=\"border-color:#386641;border-width:3px\"><tbody><tr><td>R\u00c9F\u00c9RENTE<\/td><td>Carole Trouillon<\/td><\/tr><tr><td>FR\u00c9QUENCE<\/td><td>3 \u00e0 4 fois pendant la saison estivale<\/td><\/tr><tr><td>P\u00c9RIODE \/ SAISON<\/td><td>De Juin \u00e0 Septembre<\/td><\/tr><tr><td>CONDITION D\u2019INSCRIPTION<\/td><td>Commande hors contrat et libre, r\u00e9serv\u00e9e aux adh\u00e9rents de l\u2019association<br>Uniquement sur commande via un formulaire transmis par mail<\/td><\/tr><\/tbody><\/table><\/figure>\n\n\n\n<p><\/p>\n\n\n\n<p class=\"has-text-align-center has-text-color has-link-color wp-elements-2af9da575df6db7154856de4459d10cb\" style=\"color:#52b788;font-size:30px\"><strong>TARIFS<\/strong>*<\/p>\n\n\n\n<figure class=\"wp-block-table has-medium-font-size\"><table class=\"has-border-color has-fixed-layout\" style=\"border-color:#386641;border-width:3px\"><tbody><tr><td>Colis de 10 glaces<\/td><td class=\"has-text-align-center\" data-align=\"center\">20\u20ac<\/td><\/tr><tr><td>Colis de 30 glaces<\/td><td class=\"has-text-align-center\" data-align=\"center\">50\u20ac<\/td><\/tr><\/tbody><\/table><figcaption class=\"wp-element-caption\">* Tarifs applicables en 2025<\/figcaption><\/figure>\n\n\n\n<p><\/p>\n\n\n\n<div class=\"wp-block-media-text is-stacked-on-mobile\" style=\"grid-template-columns:42% auto\"><figure class=\"wp-block-media-text__media\"><img loading=\"lazy\" decoding=\"async\" width=\"371\" height=\"378\" src=\"https:\/\/www.amapbrax31.org\/wp-content\/uploads\/2026\/04\/Capture-decran-2026-04-08-223032.png\" alt=\"\" class=\"wp-image-1207 size-full\" srcset=\"https:\/\/www.amapbrax31.org\/wp-content\/uploads\/2026\/04\/Capture-decran-2026-04-08-223032.png 371w, https:\/\/www.amapbrax31.org\/wp-content\/uploads\/2026\/04\/Capture-decran-2026-04-08-223032-294x300.png 294w\" sizes=\"auto, (max-width: 371px) 100vw, 371px\" \/><\/figure><div class=\"wp-block-media-text__content\">\n<p class=\"has-text-align-center has-text-color has-link-color wp-elements-93ce48a69472dcff06fd0153ae7e37fb\" style=\"color:#52b788;font-size:30px\"><strong>LA PRODUCTRICE<\/strong><\/p>\n\n\n\n<p class=\"has-medium-font-size\"><strong>Les Jardins D&rsquo;En Bordis<\/strong><\/p>\n\n\n\n<p class=\"has-medium-font-size\">Pour r\u00e9aliser ses  ices pops Gemma White-Peeters n&rsquo;utilise que des fruits et des aromates qu&rsquo;elle <strong>c<\/strong>ultive elle-m\u00eame sur sa ferme biologique (sauf les citrons, citrons vert et le gingembre; il fait trop froid ici!\u00a0 Dommage!). Les ices pops\u00a0sont certifi\u00e9s issus de l&rsquo;agriculture biologique, par Ecocert.<\/p>\n\n\n\n<p class=\"has-medium-font-size\">Elle laisse la qualit\u00e9 des ingr\u00e9dients parler pour eux m\u00eames. Il y a des fruits, un peu du sucre de canne et des aromates, c&rsquo;est tout ! Elle ne rajoute pas d\u2019\u0153ufs, de stabilisants ou des colorants.<\/p>\n\n\n\n<p class=\"has-medium-font-size\">les <strong>ICE POPs<\/strong> sont <strong>100% Bio,100% VEGAN<\/strong>, <strong>0% GLUTEN<\/strong>, <strong>0% LACTOSE, 100% COOL<\/strong><\/p>\n<\/div><\/div>\n\n\n\n<p><\/p>\n\n\n\n<div class=\"wp-block-group has-background is-content-justification-center is-nowrap is-layout-flex wp-container-core-group-is-layout-35891901 wp-block-group-is-layout-flex\" style=\"border-top-left-radius:20px;border-top-right-radius:20px;border-bottom-left-radius:20px;border-bottom-right-radius:20px;background-color:#e9c46a\">\n<p class=\"has-text-color has-link-color wp-elements-51a40691a43affbd10b14535b07e1526\" style=\"color:#386641;font-size:30px\">En savoir plus sur les Jardins D&rsquo;En Bordis : <\/p>\n\n\n\n<figure class=\"wp-block-image size-full\"><a href=\"https:\/\/www.gracealeau.com\/\" target=\"_blank\" rel=\" noreferrer noopener\"><img loading=\"lazy\" decoding=\"async\" width=\"64\" height=\"64\" src=\"https:\/\/www.amapbrax31.org\/wp-content\/uploads\/2026\/03\/globe.png\" alt=\"\" class=\"wp-image-377\"\/><\/a><\/figure>\n\n\n\n<figure class=\"wp-block-image size-full\"><a href=\"https:\/\/www.facebook.com\/gracealeau\" target=\"_blank\" rel=\" noreferrer noopener\"><img loading=\"lazy\" decoding=\"async\" width=\"64\" height=\"64\" src=\"https:\/\/www.amapbrax31.org\/wp-content\/uploads\/2026\/03\/facebook2.png\" alt=\"\" class=\"wp-image-334\"\/><\/a><\/figure>\n\n\n\n<figure class=\"wp-block-image size-full\"><a href=\"https:\/\/www.instagram.com\/gracealeau\/\" target=\"_blank\" rel=\" noreferrer noopener\"><img loading=\"lazy\" decoding=\"async\" width=\"64\" height=\"64\" src=\"https:\/\/www.amapbrax31.org\/wp-content\/uploads\/2026\/03\/instagram-circle.png\" alt=\"\" class=\"wp-image-378\"\/><\/a><\/figure>\n\n\n\n<figure class=\"wp-block-image size-full\"><a href=\"https:\/\/www.google.com\/maps\/place\/1+Enbordis,+31460+Maureville\/@43.5467,1.7070921,17z\/data=!3m1!4b1!4m6!3m5!1s0x12ae8dd6732462e1:0xc38e5f09e6530c2!8m2!3d43.5467!4d1.709667!16s%2Fg%2F11rnck_182?entry=ttu&amp;g_ep=EgoyMDI2MDQwNS4wIKXMDSoASAFQAw%3D%3D\" target=\"_blank\" rel=\" noreferrer noopener\"><img loading=\"lazy\" decoding=\"async\" width=\"64\" height=\"64\" src=\"https:\/\/www.amapbrax31.org\/wp-content\/uploads\/2026\/03\/emplacement-de-la-couche-terrestre1.png\" alt=\"\" class=\"wp-image-379\"\/><\/a><\/figure>\n<\/div>\n\n\n\n<p><\/p>\n\n\n\n<p><\/p>\n\n\n\n<p><\/p>\n","protected":false},"excerpt":{"rendered":"<p>GLACES ICE POPS DE GEMMA R\u00e9serv\u00e9 aux adh\u00e9rents de l\u2019association FONCTIONNEMENT R\u00c9F\u00c9RENTE Carole Trouillon FR\u00c9QUENCE 3 \u00e0 4 fois pendant [&hellip;]<\/p>\n","protected":false},"author":2,"featured_media":0,"parent":0,"menu_order":0,"comment_status":"closed","ping_status":"closed","template":"","meta":{"site-sidebar-layout":"default","site-content-layout":"","ast-site-content-layout":"default","site-content-style":"default","site-sidebar-style":"default","ast-global-header-display":"","ast-banner-title-visibility":"","ast-main-header-display":"","ast-hfb-above-header-display":"","ast-hfb-below-header-display":"","ast-hfb-mobile-header-display":"","site-post-title":"disabled","ast-breadcrumbs-content":"","ast-featured-img":"","footer-sml-layout":"","ast-disable-related-posts":"","theme-transparent-header-meta":"","adv-header-id-meta":"","stick-header-meta":"","header-above-stick-meta":"","header-main-stick-meta":"","header-below-stick-meta":"","astra-migrate-meta-layouts":"default","ast-page-background-enabled":"default","ast-page-background-meta":{"desktop":{"background-color":"var(--ast-global-color-5)","background-image":"","background-repeat":"repeat","background-position":"center center","background-size":"auto","background-attachment":"scroll","background-type":"","background-media":"","overlay-type":"","overlay-color":"","overlay-opacity":"","overlay-gradient":""},"tablet":{"background-color":"","background-image":"","background-repeat":"repeat","background-position":"center center","background-size":"auto","background-attachment":"scroll","background-type":"","background-media":"","overlay-type":"","overlay-color":"","overlay-opacity":"","overlay-gradient":""},"mobile":{"background-color":"","background-image":"","background-repeat":"repeat","background-position":"center center","background-size":"auto","background-attachment":"scroll","background-type":"","background-media":"","overlay-type":"","overlay-color":"","overlay-opacity":"","overlay-gradient":""}},"ast-content-background-meta":{"desktop":{"background-color":"var(--ast-global-color-4)","background-image":"","background-repeat":"repeat","background-position":"center center","background-size":"auto","background-attachment":"scroll","background-type":"","background-media":"","overlay-type":"","overlay-color":"","overlay-opacity":"","overlay-gradient":""},"tablet":{"background-color":"var(--ast-global-color-4)","background-image":"","background-repeat":"repeat","background-position":"center center","background-size":"auto","background-attachment":"scroll","background-type":"","background-media":"","overlay-type":"","overlay-color":"","overlay-opacity":"","overlay-gradient":""},"mobile":{"background-color":"var(--ast-global-color-4)","background-image":"","background-repeat":"repeat","background-position":"center center","background-size":"auto","background-attachment":"scroll","background-type":"","background-media":"","overlay-type":"","overlay-color":"","overlay-opacity":"","overlay-gradient":""}},"footnotes":""},"class_list":["post-878","page","type-page","status-publish","hentry"],"_links":{"self":[{"href":"https:\/\/www.amapbrax31.org\/index.php?rest_route=\/wp\/v2\/pages\/878","targetHints":{"allow":["GET"]}}],"collection":[{"href":"https:\/\/www.amapbrax31.org\/index.php?rest_route=\/wp\/v2\/pages"}],"about":[{"href":"https:\/\/www.amapbrax31.org\/index.php?rest_route=\/wp\/v2\/types\/page"}],"author":[{"embeddable":true,"href":"https:\/\/www.amapbrax31.org\/index.php?rest_route=\/wp\/v2\/users\/2"}],"replies":[{"embeddable":true,"href":"https:\/\/www.amapbrax31.org\/index.php?rest_route=%2Fwp%2Fv2%2Fcomments&post=878"}],"version-history":[{"count":8,"href":"https:\/\/www.amapbrax31.org\/index.php?rest_route=\/wp\/v2\/pages\/878\/revisions"}],"predecessor-version":[{"id":1209,"href":"https:\/\/www.amapbrax31.org\/index.php?rest_route=\/wp\/v2\/pages\/878\/revisions\/1209"}],"wp:attachment":[{"href":"https:\/\/www.amapbrax31.org\/index.php?rest_route=%2Fwp%2Fv2%2Fmedia&parent=878"}],"curies":[{"name":"wp","href":"https:\/\/api.w.org\/{rel}","templated":true}]}}