{"id":885,"date":"2026-03-19T21:58:34","date_gmt":"2026-03-19T20:58:34","guid":{"rendered":"https:\/\/www.amapbrax31.org\/?page_id=885"},"modified":"2026-04-08T22:49:06","modified_gmt":"2026-04-08T20:49:06","slug":"vin-rotier","status":"publish","type":"page","link":"https:\/\/www.amapbrax31.org\/?page_id=885","title":{"rendered":"Vin Rotier"},"content":{"rendered":"\n<div class=\"wp-block-columns alignfull are-vertically-aligned-center has-background is-layout-flex wp-container-core-columns-is-layout-28f84493 wp-block-columns-is-layout-flex\" style=\"background-color:#f4f1de\">\n<div class=\"wp-block-column is-vertically-aligned-center is-layout-flow wp-block-column-is-layout-flow\">\n<figure class=\"wp-block-image aligncenter size-full is-resized has-custom-border\"><img loading=\"lazy\" decoding=\"async\" width=\"1706\" height=\"2560\" src=\"https:\/\/www.amapbrax31.org\/wp-content\/uploads\/2026\/04\/DSCF1514-scaled.jpg\" alt=\"\" class=\"wp-image-1173\" style=\"border-top-left-radius:20px;border-top-right-radius:20px;border-bottom-left-radius:20px;border-bottom-right-radius:20px;aspect-ratio:0.6664061509037055;width:262px;height:auto\" srcset=\"https:\/\/www.amapbrax31.org\/wp-content\/uploads\/2026\/04\/DSCF1514-scaled.jpg 1706w, https:\/\/www.amapbrax31.org\/wp-content\/uploads\/2026\/04\/DSCF1514-200x300.jpg 200w\" sizes=\"auto, (max-width: 1706px) 100vw, 1706px\" \/><\/figure>\n<\/div>\n\n\n\n<div class=\"wp-block-column is-vertically-aligned-center is-layout-flow wp-block-column-is-layout-flow\">\n<h2 class=\"wp-block-heading has-x-large-font-size\"><strong>DOMAINE ROTIER<\/strong><\/h2>\n\n\n\n<p class=\"has-text-align-left has-text-color has-link-color has-medium-font-size wp-elements-4e7603b82eb88483158823450b0f752f\" style=\"color:#386641\"><strong><em>R\u00e9serv\u00e9 aux adh\u00e9rents de l&rsquo;association<\/em><\/strong><\/p>\n<\/div>\n<\/div>\n\n\n\n<p><\/p>\n\n\n\n<p class=\"has-text-align-center has-text-color has-link-color wp-elements-fc5c4ff7aa82950f8096fdf4871a972f\" style=\"color:#52b788;font-size:30px\"><strong>FONCTIONNEMENT<\/strong><\/p>\n\n\n\n<figure class=\"wp-block-table has-medium-font-size\"><table class=\"has-border-color has-fixed-layout\" style=\"border-color:#386641;border-width:3px\"><tbody><tr><td>R\u00c9F\u00c9RENT<\/td><td>Alain Ducos<\/td><\/tr><tr><td>FR\u00c9QUENCE<\/td><td>1 \u00e0 2 fois dans l&rsquo;ann\u00e9e en commande group\u00e9e<\/td><\/tr><tr><td>P\u00c9RIODE \/ SAISON<\/td><td>Printemps \/ Automne<\/td><\/tr><tr><td>CONDITION D\u2019INSCRIPTION<\/td><td>Commande hors contrat et libre, r\u00e9serv\u00e9e aux adh\u00e9rents de l\u2019association<br>Uniquement sur commande via un formulaire envoy\u00e9 par mail<\/td><\/tr><\/tbody><\/table><\/figure>\n\n\n\n<p><\/p>\n\n\n\n<p class=\"has-text-align-center has-text-color has-link-color wp-elements-2af9da575df6db7154856de4459d10cb\" style=\"color:#52b788;font-size:30px\"><strong>TARIFS<\/strong>*<\/p>\n\n\n\n<figure class=\"wp-block-table has-medium-font-size\"><table class=\"has-border-color has-fixed-layout\" style=\"border-color:#386641;border-width:3px\"><tbody><tr><td>Gaillac Rouge (5 mill\u00e9simes au choix)<\/td><td class=\"has-text-align-center\" data-align=\"center\">de 7,90\u20ac \u00e0 25,50\u20ac<\/td><\/tr><tr><td>Gaillac Rouge Magnum (3 mill\u00e9simes au choix)<\/td><td class=\"has-text-align-center\" data-align=\"center\">de 20,40\u20ac \u00e0 55,90\u20ac<\/td><\/tr><tr><td>Gaillac Ros\u00e9 (3 mill\u00e9simes au choix)<\/td><td class=\"has-text-align-center\" data-align=\"center\">de 8,80\u20ac \u00e0 11,50\u20ac<\/td><\/tr><tr><td>Gaillac Blanc (3 mill\u00e9simes au choix)<\/td><td class=\"has-text-align-center\" data-align=\"center\">de 8,80\u20ac \u00e0 14,50\u20ac<\/td><\/tr><tr><td>Gaillac blanc doux et vendanges tardives (2 mill\u00e9simes au choix)<\/td><td class=\"has-text-align-center\" data-align=\"center\">de 12,20\u20ac \u00e0 16,70\u20ac<\/td><\/tr><tr><td>Coffrets 3 ou 6 bouteilles<\/td><td class=\"has-text-align-center\" data-align=\"center\">de 39,50\u20ac \u00e0 57\u20ac<\/td><\/tr><\/tbody><\/table><figcaption class=\"wp-element-caption\">* Tarifs applicables en 2025<\/figcaption><\/figure>\n\n\n\n<p><\/p>\n\n\n\n<div class=\"wp-block-media-text is-stacked-on-mobile\" style=\"grid-template-columns:34% auto\"><figure class=\"wp-block-media-text__media\"><img loading=\"lazy\" decoding=\"async\" width=\"1706\" height=\"2560\" src=\"https:\/\/www.amapbrax31.org\/wp-content\/uploads\/2026\/04\/DSCF15091-scaled.jpg\" alt=\"\" class=\"wp-image-1174 size-full\" srcset=\"https:\/\/www.amapbrax31.org\/wp-content\/uploads\/2026\/04\/DSCF15091-scaled.jpg 1706w, https:\/\/www.amapbrax31.org\/wp-content\/uploads\/2026\/04\/DSCF15091-200x300.jpg 200w\" sizes=\"auto, (max-width: 1706px) 100vw, 1706px\" \/><\/figure><div class=\"wp-block-media-text__content\">\n<p class=\"has-text-align-center has-text-color has-link-color wp-elements-295b03c8bcbcf888c27c9407791b0df1\" style=\"color:#52b788;font-size:30px\"><strong>LES PRODUCTEURS<\/strong><\/p>\n\n\n\n<p><\/p>\n\n\n\n<p class=\"has-medium-font-size\"><strong>Domaine Rotier<\/strong><\/p>\n\n\n\n<p class=\"has-medium-font-size\">Sur ce domaine familial, situ\u00e9 entre Gaillac et Albi, sur les sols de graves des terrasses du Tarn, la viticulture biologique est devenue au fil du temps une \u00e9vidence. Il en va de m\u00eame pour l\u2019utilisation des c\u00e9pages locaux, Duras (rouge) et Len de l\u2019El (blanc), originaux et uniques.<\/p>\n\n\n\n<p class=\"has-medium-font-size\">Avec humilit\u00e9 et exigence, Francis Marre et Alain Rotier s&rsquo;attachent \u00e0 faire na\u00eetre des vins AOC Gaillac d\u2019excellence, reflets de l\u2019alliance mill\u00e9naire de l\u2019Homme avec son terroir.<\/p>\n<\/div><\/div>\n\n\n\n<p><\/p>\n\n\n\n<p class=\"has-text-align-center has-text-color has-link-color has-medium-font-size wp-elements-a791d14ef21aff6ab800badec093ada8\" style=\"color:#e9c46a\"><em><strong>L&rsquo;abus d&rsquo;alcool est dangereux pour la sant\u00e9, \u00e0 consommer avec mod\u00e9ration<\/strong><\/em><\/p>\n\n\n\n<p><\/p>\n\n\n\n<div class=\"wp-block-group has-background is-content-justification-center is-nowrap is-layout-flex wp-container-core-group-is-layout-84af8579 wp-block-group-is-layout-flex\" style=\"border-top-left-radius:20px;border-top-right-radius:20px;border-bottom-left-radius:20px;border-bottom-right-radius:20px;background-color:#e9c46a\">\n<p class=\"has-text-color has-link-color wp-elements-69e626b11ec90d9606a1700458567a15\" style=\"color:#386641;font-size:30px\">En savoir plus sur le Domaine Rotier :<\/p>\n\n\n\n<figure class=\"wp-block-image size-full\"><a href=\"https:\/\/domaine-rotier.com\/\" target=\"_blank\" rel=\" noreferrer noopener\"><img loading=\"lazy\" decoding=\"async\" width=\"64\" height=\"64\" src=\"https:\/\/www.amapbrax31.org\/wp-content\/uploads\/2026\/03\/globe.png\" alt=\"\" class=\"wp-image-377\"\/><\/a><\/figure>\n\n\n\n<figure class=\"wp-block-image size-full\"><a href=\"https:\/\/www.google.com\/maps\/place\/Domaine+Rotier\/@43.8734053,1.9814486,17z\/data=!4m15!1m8!3m7!1s0x12add09ebb289d5f:0xd092d695b4bef4b2!2s2833+Rte+de+Lagrave,+81600+Cadalen!3b1!8m2!3d43.8734053!4d1.9840235!16s%2Fg%2F11c4hc87sw!3m5!1s0x12add09ebd68cef3:0x8c12e87b446ecf5b!8m2!3d43.8740605!4d1.98438!16s%2Fg%2F1tcy_pmj?entry=ttu&amp;g_ep=EgoyMDI2MDQwNS4wIKXMDSoASAFQAw%3D%3D\" target=\"_blank\" rel=\" noreferrer noopener\"><img loading=\"lazy\" decoding=\"async\" width=\"64\" height=\"64\" src=\"https:\/\/www.amapbrax31.org\/wp-content\/uploads\/2026\/03\/emplacement-de-la-couche-terrestre1.png\" alt=\"\" class=\"wp-image-379\"\/><\/a><\/figure>\n<\/div>\n\n\n\n<p><\/p>\n\n\n\n<p><\/p>\n\n\n\n<p><\/p>\n","protected":false},"excerpt":{"rendered":"<p>DOMAINE ROTIER R\u00e9serv\u00e9 aux adh\u00e9rents de l&rsquo;association FONCTIONNEMENT R\u00c9F\u00c9RENT Alain Ducos FR\u00c9QUENCE 1 \u00e0 2 fois dans l&rsquo;ann\u00e9e en commande [&hellip;]<\/p>\n","protected":false},"author":2,"featured_media":0,"parent":0,"menu_order":0,"comment_status":"closed","ping_status":"closed","template":"","meta":{"site-sidebar-layout":"default","site-content-layout":"","ast-site-content-layout":"default","site-content-style":"default","site-sidebar-style":"default","ast-global-header-display":"","ast-banner-title-visibility":"","ast-main-header-display":"","ast-hfb-above-header-display":"","ast-hfb-below-header-display":"","ast-hfb-mobile-header-display":"","site-post-title":"disabled","ast-breadcrumbs-content":"","ast-featured-img":"","footer-sml-layout":"","ast-disable-related-posts":"","theme-transparent-header-meta":"","adv-header-id-meta":"","stick-header-meta":"","header-above-stick-meta":"","header-main-stick-meta":"","header-below-stick-meta":"","astra-migrate-meta-layouts":"default","ast-page-background-enabled":"default","ast-page-background-meta":{"desktop":{"background-color":"var(--ast-global-color-5)","background-image":"","background-repeat":"repeat","background-position":"center center","background-size":"auto","background-attachment":"scroll","background-type":"","background-media":"","overlay-type":"","overlay-color":"","overlay-opacity":"","overlay-gradient":""},"tablet":{"background-color":"","background-image":"","background-repeat":"repeat","background-position":"center center","background-size":"auto","background-attachment":"scroll","background-type":"","background-media":"","overlay-type":"","overlay-color":"","overlay-opacity":"","overlay-gradient":""},"mobile":{"background-color":"","background-image":"","background-repeat":"repeat","background-position":"center center","background-size":"auto","background-attachment":"scroll","background-type":"","background-media":"","overlay-type":"","overlay-color":"","overlay-opacity":"","overlay-gradient":""}},"ast-content-background-meta":{"desktop":{"background-color":"var(--ast-global-color-4)","background-image":"","background-repeat":"repeat","background-position":"center center","background-size":"auto","background-attachment":"scroll","background-type":"","background-media":"","overlay-type":"","overlay-color":"","overlay-opacity":"","overlay-gradient":""},"tablet":{"background-color":"var(--ast-global-color-4)","background-image":"","background-repeat":"repeat","background-position":"center center","background-size":"auto","background-attachment":"scroll","background-type":"","background-media":"","overlay-type":"","overlay-color":"","overlay-opacity":"","overlay-gradient":""},"mobile":{"background-color":"var(--ast-global-color-4)","background-image":"","background-repeat":"repeat","background-position":"center center","background-size":"auto","background-attachment":"scroll","background-type":"","background-media":"","overlay-type":"","overlay-color":"","overlay-opacity":"","overlay-gradient":""}},"footnotes":""},"class_list":["post-885","page","type-page","status-publish","hentry"],"_links":{"self":[{"href":"https:\/\/www.amapbrax31.org\/index.php?rest_route=\/wp\/v2\/pages\/885","targetHints":{"allow":["GET"]}}],"collection":[{"href":"https:\/\/www.amapbrax31.org\/index.php?rest_route=\/wp\/v2\/pages"}],"about":[{"href":"https:\/\/www.amapbrax31.org\/index.php?rest_route=\/wp\/v2\/types\/page"}],"author":[{"embeddable":true,"href":"https:\/\/www.amapbrax31.org\/index.php?rest_route=\/wp\/v2\/users\/2"}],"replies":[{"embeddable":true,"href":"https:\/\/www.amapbrax31.org\/index.php?rest_route=%2Fwp%2Fv2%2Fcomments&post=885"}],"version-history":[{"count":19,"href":"https:\/\/www.amapbrax31.org\/index.php?rest_route=\/wp\/v2\/pages\/885\/revisions"}],"predecessor-version":[{"id":1212,"href":"https:\/\/www.amapbrax31.org\/index.php?rest_route=\/wp\/v2\/pages\/885\/revisions\/1212"}],"wp:attachment":[{"href":"https:\/\/www.amapbrax31.org\/index.php?rest_route=%2Fwp%2Fv2%2Fmedia&parent=885"}],"curies":[{"name":"wp","href":"https:\/\/api.w.org\/{rel}","templated":true}]}}